{"id":3545,"date":"2025-04-05T09:29:14","date_gmt":"2025-04-05T06:29:14","guid":{"rendered":"https:\/\/arcticboats.eu\/caracteristiques\/hmwpe-vs-aluminium\/"},"modified":"2025-08-05T09:20:32","modified_gmt":"2025-08-05T06:20:32","slug":"hmwpe-vs-aluminium","status":"publish","type":"page","link":"https:\/\/arcticboats.eu\/fr\/caracteristiques\/hmwpe-vs-aluminium\/","title":{"rendered":"HMWPE vs. Aluminium"},"content":{"rendered":"\t\t<div data-elementor-type=\"wp-page\" data-elementor-id=\"3545\" class=\"elementor elementor-3545 elementor-2501\">\n\t\t\t\t<div class=\"elementor-element elementor-element-a24daa5 e-flex e-con-boxed e-con e-parent\" data-id=\"a24daa5\" data-element_type=\"container\" data-e-type=\"container\">\n\t\t\t\t\t<div class=\"e-con-inner\">\n\t\t\t\t<div class=\"elementor-element elementor-element-a3c9703 elementor-widget elementor-widget-heading\" data-id=\"a3c9703\" data-element_type=\"widget\" data-e-type=\"widget\" data-widget_type=\"heading.default\">\n\t\t\t\t\t<h1 class=\"elementor-heading-title elementor-size-default\">PE-HMW : le mat\u00e9riau id\u00e9al pour les bateaux de recherche et de sauvetage ?<\/h1>\t\t\t\t<\/div>\n\t\t\t\t<div class=\"elementor-element elementor-element-79e2383 elementor-widget elementor-widget-text-editor\" data-id=\"79e2383\" data-element_type=\"widget\" data-e-type=\"widget\" data-widget_type=\"text-editor.default\">\n\t\t\t\t\t\t\t\t\t<p>Lorsque des vies humaines sont en jeu, les sauveteurs doivent pouvoir compter \u00e0 100 % sur leur bateau, m\u00eame dans les pires conditions marines et arctiques. La robustesse et la r\u00e9sistance aux dommages sont donc les exigences les plus importantes pour les mat\u00e9riaux utilis\u00e9s dans la construction des bateaux de recherche et de sauvetage, et d&rsquo;autres bateaux utilis\u00e9s dans des environnements difficiles et des conditions \u00e9prouvantes, tels que les bateaux militaires ou les bateaux de r\u00e9cup\u00e9ration de p\u00e9trole. Le PE-HMW (Poly\u00e9thyl\u00e8ne \u00e0 Poids Mol\u00e9culaire) est non seulement tr\u00e8s r\u00e9sistant \u00e0 l&rsquo;abrasion, \u00e0 la perforation et \u00e0 la d\u00e9chirure, et ne subit pratiquement aucune d\u00e9formation permanente, mais il poss\u00e8de \u00e9galement d&rsquo;autres propri\u00e9t\u00e9s tr\u00e8s utiles, expliqu\u00e9es dans la comparaison suivante entre le PE-HMW et d&rsquo;autres mat\u00e9riaux de construction navale courants.<\/p>\t\t\t\t\t\t\t\t<\/div>\n\t\t\t\t\t<\/div>\n\t\t\t\t<\/div>\n\t\t<div class=\"elementor-element elementor-element-3940d86 e-flex e-con-boxed e-con e-parent\" data-id=\"3940d86\" data-element_type=\"container\" data-e-type=\"container\">\n\t\t\t\t\t<div class=\"e-con-inner\">\n\t\t\t\t<div class=\"elementor-element elementor-element-9e7e25f elementor-widget elementor-widget-heading\" data-id=\"9e7e25f\" data-element_type=\"widget\" data-e-type=\"widget\" data-widget_type=\"heading.default\">\n\t\t\t\t\t<h2 class=\"elementor-heading-title elementor-size-default\">Les mat\u00e9riaux<\/h2>\t\t\t\t<\/div>\n\t\t\t\t\t<\/div>\n\t\t\t\t<\/div>\n\t\t<div class=\"elementor-element elementor-element-6aa5860 e-flex e-con-boxed e-con e-parent\" data-id=\"6aa5860\" data-element_type=\"container\" data-e-type=\"container\">\n\t\t\t\t\t<div class=\"e-con-inner\">\n\t\t\t\t<div class=\"elementor-element elementor-element-cf53f6c elementor-widget elementor-widget-heading\" data-id=\"cf53f6c\" data-element_type=\"widget\" data-e-type=\"widget\" id=\"hmwpe\" data-widget_type=\"heading.default\">\n\t\t\t\t\t<h3 class=\"elementor-heading-title elementor-size-default\">PE-HMW<\/h3>\t\t\t\t<\/div>\n\t\t\t\t<div class=\"elementor-element elementor-element-6ab7755 elementor-widget elementor-widget-text-editor\" data-id=\"6ab7755\" data-element_type=\"widget\" data-e-type=\"widget\" data-widget_type=\"text-editor.default\">\n\t\t\t\t\t\t\t\t\t<p><strong>PE-HMW<\/strong> = Poly\u00e9thyl\u00e8ne \u00e0 Poids Mol\u00e9culaire \u00e9lev\u00e9, \u00e9galement appel\u00e9 \u00ab\u00a0grade PE500\u00a0\u00bb. Il est tr\u00e8s r\u00e9sistant \u00e0 l&rsquo;abrasion et est donc souvent utilis\u00e9 dans les bandes transporteuses ou les planches \u00e0 d\u00e9couper de cuisine. Tr\u00e8s souvent, il est \u00e9galement appel\u00e9 (pas tout \u00e0 fait correctement) PEHD.<\/p>\n<p>En tant que mat\u00e9riau en feuille uniforme sans fibres, le <strong>PE-HMW<\/strong> est isotrope (= il transmet les forces de mani\u00e8re \u00e9gale dans toutes les directions), ce qui signifie qu&rsquo;aucune consid\u00e9ration particuli\u00e8re de conception concernant la direction des fibres n&rsquo;est n\u00e9cessaire.<\/p>\t\t\t\t\t\t\t\t<\/div>\n\t\t\t\t\t<\/div>\n\t\t\t\t<\/div>\n\t\t<div class=\"elementor-element elementor-element-57b71b9 e-flex e-con-boxed e-con e-parent\" data-id=\"57b71b9\" data-element_type=\"container\" data-e-type=\"container\">\n\t\t\t\t\t<div class=\"e-con-inner\">\n\t\t<div class=\"elementor-element elementor-element-68e4ca8 e-con-full e-flex e-con e-child\" data-id=\"68e4ca8\" data-element_type=\"container\" data-e-type=\"container\" data-settings=\"{&quot;background_background&quot;:&quot;classic&quot;}\">\n\t\t\t\t<div class=\"elementor-element elementor-element-9cf022f elementor-widget elementor-widget-heading\" data-id=\"9cf022f\" data-element_type=\"widget\" data-e-type=\"widget\" data-widget_type=\"heading.default\">\n\t\t\t\t\t<h4 class=\"elementor-heading-title elementor-size-default\">Avantages<\/h4>\t\t\t\t<\/div>\n\t\t\t\t<div class=\"elementor-element elementor-element-45177c9 elementor-widget elementor-widget-text-editor\" data-id=\"45177c9\" data-element_type=\"widget\" data-e-type=\"widget\" data-widget_type=\"text-editor.default\">\n\t\t\t\t\t\t\t\t\t<p>\u25ba Flottant de lui-m\u00eame, flotte dans l&rsquo;eau.<br>\u25ba Tr\u00e8s haute r\u00e9sistance \u00e0 l&rsquo;abrasion.<br>\u25ba Tr\u00e8s haute r\u00e9sistance \u00e0 la perforation.<br>\u25ba Faible frottement (sur la plage, la glace, etc.).<br>\u25ba Pratiquement aucune d\u00e9formation permanente.<br>\u25ba Facile \u00e0 r\u00e9parer (soudable).<br>\u25ba Facile \u00e0 r\u00e9parer sur place.<br>\u25ba Les bateaux en PE sont silencieux. Le PE att\u00e9nue le bruit du moteur.<br>\u25ba Les bateaux en PE de plus de 6 m\u00e8tres sont plus l\u00e9gers que les autres bateaux. <\/p>\t\t\t\t\t\t\t\t<\/div>\n\t\t\t\t<\/div>\n\t\t<div class=\"elementor-element elementor-element-d4d5dbd e-con-full e-flex e-con e-child\" data-id=\"d4d5dbd\" data-element_type=\"container\" data-e-type=\"container\" data-settings=\"{&quot;background_background&quot;:&quot;classic&quot;}\">\n\t\t\t\t<div class=\"elementor-element elementor-element-a08d41c elementor-widget elementor-widget-heading\" data-id=\"a08d41c\" data-element_type=\"widget\" data-e-type=\"widget\" data-widget_type=\"heading.default\">\n\t\t\t\t\t<h4 class=\"elementor-heading-title elementor-size-default\">Inconv\u00e9nients<\/h4>\t\t\t\t<\/div>\n\t\t\t\t<div class=\"elementor-element elementor-element-2378255 elementor-widget elementor-widget-text-editor\" data-id=\"2378255\" data-element_type=\"widget\" data-e-type=\"widget\" data-widget_type=\"text-editor.default\">\n\t\t\t\t\t\t\t\t\t<p>\u25ba Le soudage du PE est un processus lent, qui entra\u00eene des efforts et des co\u00fbts suppl\u00e9mentaires.<br>\u25ba Facteur de dilatation thermique important, assemblage des bateaux difficile.<br>\u25ba Seul le PE noir est stabilis\u00e9 aux ultraviolets.<\/p>\t\t\t\t\t\t\t\t<\/div>\n\t\t\t\t<\/div>\n\t\t\t\t\t<\/div>\n\t\t\t\t<\/div>\n\t\t<div class=\"elementor-element elementor-element-a3e551f e-flex e-con-boxed e-con e-parent\" data-id=\"a3e551f\" data-element_type=\"container\" data-e-type=\"container\">\n\t\t\t\t\t<div class=\"e-con-inner\">\n\t\t\t\t<div class=\"elementor-element elementor-element-5f3ea70 elementor-widget elementor-widget-heading\" data-id=\"5f3ea70\" data-element_type=\"widget\" data-e-type=\"widget\" id=\"aluminium\" data-widget_type=\"heading.default\">\n\t\t\t\t\t<h3 class=\"elementor-heading-title elementor-size-default\">Aluminium<\/h3>\t\t\t\t<\/div>\n\t\t\t\t<div class=\"elementor-element elementor-element-88de7ee elementor-widget elementor-widget-text-editor\" data-id=\"88de7ee\" data-element_type=\"widget\" data-e-type=\"widget\" data-widget_type=\"text-editor.default\">\n\t\t\t\t\t\t\t\t\t<p>Les t\u00f4les d&rsquo;aluminium destin\u00e9es \u00e0 la construction de bateaux sont g\u00e9n\u00e9ralement des alliages d&rsquo;aluminium et de magn\u00e9sium. En tant que m\u00e9tal uniforme, l&rsquo;aluminium est \u00e9galement isotrope.<\/p>\t\t\t\t\t\t\t\t<\/div>\n\t\t\t\t\t<\/div>\n\t\t\t\t<\/div>\n\t\t<div class=\"elementor-element elementor-element-e9c7444 e-flex e-con-boxed e-con e-parent\" data-id=\"e9c7444\" data-element_type=\"container\" data-e-type=\"container\">\n\t\t\t\t\t<div class=\"e-con-inner\">\n\t\t<div class=\"elementor-element elementor-element-2e788cc e-con-full e-flex e-con e-child\" data-id=\"2e788cc\" data-element_type=\"container\" data-e-type=\"container\" data-settings=\"{&quot;background_background&quot;:&quot;classic&quot;}\">\n\t\t\t\t<div class=\"elementor-element elementor-element-15433fa elementor-widget elementor-widget-heading\" data-id=\"15433fa\" data-element_type=\"widget\" data-e-type=\"widget\" data-widget_type=\"heading.default\">\n\t\t\t\t\t<h4 class=\"elementor-heading-title elementor-size-default\">Avantages<\/h4>\t\t\t\t<\/div>\n\t\t\t\t<div class=\"elementor-element elementor-element-ea70d7a elementor-widget elementor-widget-text-editor\" data-id=\"ea70d7a\" data-element_type=\"widget\" data-e-type=\"widget\" data-widget_type=\"text-editor.default\">\n\t\t\t\t\t\t\t\t\t<p>\u25ba L\u00e9ger<br>\u25ba Grande stabilit\u00e9 structurelle dans les bateaux de plus grande taille<\/p>\t\t\t\t\t\t\t\t<\/div>\n\t\t\t\t<\/div>\n\t\t<div class=\"elementor-element elementor-element-058249f e-con-full e-flex e-con e-child\" data-id=\"058249f\" data-element_type=\"container\" data-e-type=\"container\" data-settings=\"{&quot;background_background&quot;:&quot;classic&quot;}\">\n\t\t\t\t<div class=\"elementor-element elementor-element-de21ec6 elementor-widget elementor-widget-heading\" data-id=\"de21ec6\" data-element_type=\"widget\" data-e-type=\"widget\" data-widget_type=\"heading.default\">\n\t\t\t\t\t<h4 class=\"elementor-heading-title elementor-size-default\">Inconv\u00e9nients<\/h4>\t\t\t\t<\/div>\n\t\t\t\t<div class=\"elementor-element elementor-element-fe7db24 elementor-widget elementor-widget-text-editor\" data-id=\"fe7db24\" data-element_type=\"widget\" data-e-type=\"widget\" data-widget_type=\"text-editor.default\">\n\t\t\t\t\t\t\t\t\t<p>\u25ba Non flottant par lui-m\u00eame, coule dans l&rsquo;eau.<br>\u25ba Se d\u00e9forme rapidement et de mani\u00e8re permanente lorsqu&rsquo;il heurte des obstacles (rochers, &#8230;), ce qui fragilise le mat\u00e9riau. Une fois d\u00e9form\u00e9, l&rsquo;aluminium ne peut pas \u00eatre facilement \u00ab redress\u00e9 \u00bb sans risquer d&rsquo;endommager davantage le mat\u00e9riau.<br>\u25ba Risque de d\u00e9chirure, en particulier en cas de contact avec des obstacles pointus tels que des rochers ou des structures sous-marines.<br>\u25ba Risque de corrosion galvanique\/\u00e9lectrique\/bim\u00e9tallique en milieu marin (eau sal\u00e9e), selon l&rsquo;alliage d&rsquo;aluminium utilis\u00e9.<br>\u25ba Excellent conducteur de chaleur, surfaces tr\u00e8s froides dans des conditions arctiques.<br>\u25ba Friction plus \u00e9lev\u00e9e que le PE.<br>\u25ba Les bateaux en aluminium sont tr\u00e8s bruyants.<\/p>\t\t\t\t\t\t\t\t<\/div>\n\t\t\t\t<\/div>\n\t\t\t\t\t<\/div>\n\t\t\t\t<\/div>\n\t\t<div class=\"elementor-element elementor-element-4c92e0d e-flex e-con-boxed e-con e-parent\" data-id=\"4c92e0d\" data-element_type=\"container\" data-e-type=\"container\">\n\t\t\t\t\t<div class=\"e-con-inner\">\n\t\t\t\t<div class=\"elementor-element elementor-element-d39eb2d elementor-widget elementor-widget-heading\" data-id=\"d39eb2d\" data-element_type=\"widget\" data-e-type=\"widget\" id=\"grp\" data-widget_type=\"heading.default\">\n\t\t\t\t\t<h3 class=\"elementor-heading-title elementor-size-default\">PRV<\/h3>\t\t\t\t<\/div>\n\t\t\t\t<div class=\"elementor-element elementor-element-7ca293c elementor-widget elementor-widget-text-editor\" data-id=\"7ca293c\" data-element_type=\"widget\" data-e-type=\"widget\" data-widget_type=\"text-editor.default\">\n\t\t\t\t\t\t\t\t\t<p>Le <strong>GRP<\/strong> (plastique renforc\u00e9 de fibres de verre, \u00ab fibre de verre \u00bb) est utilis\u00e9 pour les RHIB (bateaux pneumatiques \u00e0 coque rigide).<br>Le GRP est anisotrope, ce qui signifie que, comme le bois, il pr\u00e9sente des propri\u00e9t\u00e9s diff\u00e9rentes selon l&rsquo;orientation des fibres. Bien que cela puisse \u00eatre consid\u00e9r\u00e9 comme un inconv\u00e9nient pour un mat\u00e9riau plat, cela permet d&rsquo;optimiser les conceptions, en renfor\u00e7ant les structures \u00ab\u00a0le long des chemins de charge\u00a0\u00bb, ce qui en fait un mat\u00e9riau tr\u00e8s int\u00e9ressant pour la conception des yachts, o\u00f9 il permet d&rsquo;obtenir de bons rapports poids\/r\u00e9sistance, alors que la r\u00e9sistance \u00e0 l&rsquo;usure et \u00e0 la d\u00e9chirure est moins importante dans ce cas.<\/p>\t\t\t\t\t\t\t\t<\/div>\n\t\t\t\t\t<\/div>\n\t\t\t\t<\/div>\n\t\t<div class=\"elementor-element elementor-element-9d4fde5 e-flex e-con-boxed e-con e-parent\" data-id=\"9d4fde5\" data-element_type=\"container\" data-e-type=\"container\">\n\t\t\t\t\t<div class=\"e-con-inner\">\n\t\t<div class=\"elementor-element elementor-element-e8816fb e-con-full e-flex e-con e-child\" data-id=\"e8816fb\" data-element_type=\"container\" data-e-type=\"container\" data-settings=\"{&quot;background_background&quot;:&quot;classic&quot;}\">\n\t\t\t\t<div class=\"elementor-element elementor-element-a7ab45a elementor-widget elementor-widget-heading\" data-id=\"a7ab45a\" data-element_type=\"widget\" data-e-type=\"widget\" data-widget_type=\"heading.default\">\n\t\t\t\t\t<h4 class=\"elementor-heading-title elementor-size-default\">Avantages<\/h4>\t\t\t\t<\/div>\n\t\t\t\t<div class=\"elementor-element elementor-element-80241b9 elementor-widget elementor-widget-text-editor\" data-id=\"80241b9\" data-element_type=\"widget\" data-e-type=\"widget\" data-widget_type=\"text-editor.default\">\n\t\t\t\t\t\t\t\t\t<p>\u25ba L\u00e9ger. Bon rapport poids\/r\u00e9sistance (s&rsquo;il est trait\u00e9 correctement)<\/p>\t\t\t\t\t\t\t\t<\/div>\n\t\t\t\t<\/div>\n\t\t<div class=\"elementor-element elementor-element-8a17e15 e-con-full e-flex e-con e-child\" data-id=\"8a17e15\" data-element_type=\"container\" data-e-type=\"container\" data-settings=\"{&quot;background_background&quot;:&quot;classic&quot;}\">\n\t\t\t\t<div class=\"elementor-element elementor-element-731286f elementor-widget elementor-widget-heading\" data-id=\"731286f\" data-element_type=\"widget\" data-e-type=\"widget\" data-widget_type=\"heading.default\">\n\t\t\t\t\t<h4 class=\"elementor-heading-title elementor-size-default\">Inconv\u00e9nients<\/h4>\t\t\t\t<\/div>\n\t\t\t\t<div class=\"elementor-element elementor-element-2fc013a elementor-widget elementor-widget-text-editor\" data-id=\"2fc013a\" data-element_type=\"widget\" data-e-type=\"widget\" data-widget_type=\"text-editor.default\">\n\t\t\t\t\t\t\t\t\t<p>\u25ba Les bateaux plus petits ont besoin de tubes remplis d&rsquo;air pour assurer leur stabilit\u00e9 et leur flottabilit\u00e9 (risque de d\u00e9faillance catastrophique).<br>\u25ba Moins r\u00e9sistants \u00e0 l&rsquo;abrasion (rochers, glace)<br>\u25ba Moins r\u00e9sistants aux perforations<\/p>\t\t\t\t\t\t\t\t<\/div>\n\t\t\t\t<\/div>\n\t\t\t\t\t<\/div>\n\t\t\t\t<\/div>\n\t\t<div class=\"elementor-element elementor-element-ddcf4c8 e-flex e-con-boxed e-con e-parent\" data-id=\"ddcf4c8\" data-element_type=\"container\" data-e-type=\"container\">\n\t\t\t\t\t<div class=\"e-con-inner\">\n\t\t\t\t<div class=\"elementor-element elementor-element-4754613 elementor-widget elementor-widget-heading\" data-id=\"4754613\" data-element_type=\"widget\" data-e-type=\"widget\" id=\"comparison\" data-widget_type=\"heading.default\">\n\t\t\t\t\t<h2 class=\"elementor-heading-title elementor-size-default\">La comparaison<\/h2>\t\t\t\t<\/div>\n\t\t\t\t\t<\/div>\n\t\t\t\t<\/div>\n\t\t<div class=\"elementor-element elementor-element-8a2280b e-flex e-con-boxed e-con e-parent\" data-id=\"8a2280b\" data-element_type=\"container\" data-e-type=\"container\">\n\t\t\t\t\t<div class=\"e-con-inner\">\n\t\t\t\t<div class=\"elementor-element elementor-element-6b722cd elementor-widget elementor-widget-heading\" data-id=\"6b722cd\" data-element_type=\"widget\" data-e-type=\"widget\" id=\"hmwpealu\" data-widget_type=\"heading.default\">\n\t\t\t\t\t<h3 class=\"elementor-heading-title elementor-size-default\">Bateau en PE-HMW ou bateau en aluminium ?<\/h3>\t\t\t\t<\/div>\n\t\t\t\t<div class=\"elementor-element elementor-element-0b136bf elementor-widget elementor-widget-text-editor\" data-id=\"0b136bf\" data-element_type=\"widget\" data-e-type=\"widget\" data-widget_type=\"text-editor.default\">\n\t\t\t\t\t\t\t\t\t<p>L&rsquo;aluminium a sa place en tant que mat\u00e9riau de construction navale lorsque les conditions sont moins difficiles et qu&rsquo;il est possible d&rsquo;accorder plus d&rsquo;attention au \u00ab\u00a0bon traitement du bateau\u00a0\u00bb, par exemple pour les bateaux de p\u00eache ou de plaisance priv\u00e9s. En raison de sa grande stabilit\u00e9 structurelle, l&rsquo;aluminium convient \u00e9galement aux bateaux de plus grande taille.<\/p>\n<p>Lorsque le bateau doit fonctionner sans faille, m\u00eame dans des conditions tr\u00e8s difficiles, le PE-HMW est un mat\u00e9riau beaucoup plus fiable. Les op\u00e9rateurs doivent pouvoir se concentrer sur la t\u00e2che \u00e0 accomplir, par exemple sauver des vies humaines, sans avoir \u00e0 craindre que leur navire soit endommag\u00e9, voire qu&rsquo;il leur fasse d\u00e9faut. Quel que soit le \u00ab\u00a0traitement\u00a0\u00bb auquel vous soumettez votre bateau en PE-HMW, il s&rsquo;en sortira. La r\u00e9sistance sup\u00e9rieure \u00e0 la perforation, \u00e0 la d\u00e9chirure, \u00e0 l&rsquo;abrasion (qui rend certains bateaux en aluminium vuln\u00e9rables \u00e0 la corrosion galvanique) et \u00e0 la d\u00e9formation permanente (\u00e0 laquelle l&rsquo;aluminium est \u00e9galement tr\u00e8s sensible) permet aux \u00e9quipes de recherche et de sauvetage d&rsquo;oublier l&rsquo;int\u00e9grit\u00e9 et les performances de leurs bateaux lorsqu&rsquo;elles ont des choses plus importantes \u00e0 l&rsquo;esprit.<\/p>\t\t\t\t\t\t\t\t<\/div>\n\t\t\t\t\t<\/div>\n\t\t\t\t<\/div>\n\t\t<div class=\"elementor-element elementor-element-5cdff79 e-flex e-con-boxed e-con e-parent\" data-id=\"5cdff79\" data-element_type=\"container\" data-e-type=\"container\">\n\t\t\t\t\t<div class=\"e-con-inner\">\n\t\t\t\t<div class=\"elementor-element elementor-element-b40ff2e elementor-widget elementor-widget-heading\" data-id=\"b40ff2e\" data-element_type=\"widget\" data-e-type=\"widget\" data-widget_type=\"heading.default\">\n\t\t\t\t\t<h3 class=\"elementor-heading-title elementor-size-default\">Bateaux en PE-HMW ou en PRV ?<\/h3>\t\t\t\t<\/div>\n\t\t\t\t<div class=\"elementor-element elementor-element-5d55f36 elementor-widget elementor-widget-text-editor\" data-id=\"5d55f36\" data-element_type=\"widget\" data-e-type=\"widget\" data-widget_type=\"text-editor.default\">\n\t\t\t\t\t\t\t\t\t<p>La comparaison entre les bateaux en PE-HMW (parfois \u00e9galement appel\u00e9s bateaux en PEHD ou bateaux en PE) et les bateaux en PRV est plus complexe, car ce n&rsquo;est pas seulement le mat\u00e9riau qui diff\u00e8re, mais l&rsquo;ensemble de la construction :<\/p>\n<p>Les bateaux \u00e0 base de PRV sont construits comme des \u00ab\u00a0bateaux gonflables \u00e0 coque rigide\u00a0\u00bb (RHIB). Ils sont similaires aux bateaux pneumatiques traditionnels dont ils sont d\u00e9riv\u00e9s, dans la mesure o\u00f9 les bateaux pneumatiques \u00e0 coque rigide tirent une partie de leur stabilit\u00e9 structurelle de leurs tubes pressuris\u00e9s, renforc\u00e9s par un fond\/une coque rigide.<\/p>\n<p>Les bateaux en PE-HMW, quant \u00e0 eux, sont con\u00e7us comme des \u00ab\u00a0bateaux \u00e0 flottabilit\u00e9 rigide\u00a0\u00bb (RBB). Bien qu&rsquo;ils se ressemblent ext\u00e9rieurement, ils suivent un principe de conception fondamentalement diff\u00e9rent. L&rsquo;ensemble du bateau est construit de mani\u00e8re structurellement stable, la flottabilit\u00e9 \u00e9tant assur\u00e9e \u00e0 la fois par la coque elle-m\u00eame et par les pontons rigides en forme de D du bateau.<\/p>\t\t\t\t\t\t\t\t<\/div>\n\t\t\t\t\t<\/div>\n\t\t\t\t<\/div>\n\t\t<div class=\"elementor-element elementor-element-d3f5c45 e-flex e-con-boxed e-con e-parent\" data-id=\"d3f5c45\" data-element_type=\"container\" data-e-type=\"container\">\n\t\t\t\t\t<div class=\"e-con-inner\">\n\t\t\t\t<div class=\"elementor-element elementor-element-cdfc437 elementor-widget elementor-widget-heading\" data-id=\"cdfc437\" data-element_type=\"widget\" data-e-type=\"widget\" data-widget_type=\"heading.default\">\n\t\t\t\t\t<h2 class=\"elementor-heading-title elementor-size-default\">Le r\u00e9sum\u00e9<\/h2>\t\t\t\t<\/div>\n\t\t\t\t\t<\/div>\n\t\t\t\t<\/div>\n\t\t<div class=\"elementor-element elementor-element-e082eed e-flex e-con-boxed e-con e-parent\" data-id=\"e082eed\" data-element_type=\"container\" data-e-type=\"container\">\n\t\t\t\t\t<div class=\"e-con-inner\">\n\t\t\t\t<div class=\"elementor-element elementor-element-a231a33 elementor-widget elementor-widget-text-editor\" data-id=\"a231a33\" data-element_type=\"widget\" data-e-type=\"widget\" data-widget_type=\"text-editor.default\">\n\t\t\t\t\t\t\t\t\t<p>Ces trois mat\u00e9riaux ont chacun leurs points forts et leur place dans la construction d&rsquo;un bateau.<\/p>\n<p>\u25ba Les bateaux <strong>en aluminium<\/strong> peuvent briller dans des \u00ab\u00a0conditions de beau temps\u00a0\u00bb, par exemple en tant que bateaux priv\u00e9s bien trait\u00e9s, en particulier les grands bateaux ou les yachts, car ils sont suffisamment robustes pour r\u00e9pondre aux faibles exigences dans ce domaine.<\/p>\n<p>\u25ba Le <strong>PRV<\/strong> est un mat\u00e9riau int\u00e9ressant pour la construction de yachts, car il permet des conceptions optimis\u00e9es, un large \u00e9ventail de formes et un excellent rapport poids\/stabilit\u00e9. Lorsqu&rsquo;il est utilis\u00e9 comme coque\/fond rigide (pour compenser les probl\u00e8mes inh\u00e9rents aux bateaux pneumatiques), le PRV ne joue pas pleinement son r\u00f4le.<\/p>\n<p>\u25ba Compar\u00e9 \u00e0 l&rsquo;aluminium et au PRV, le <strong>PE-HMW<\/strong> est le plus performant dans les conditions les plus difficiles. Les canots \u00e0 bou\u00e9es rigides fabriqu\u00e9s en PE-HMW peuvent supporter toutes sortes d&rsquo;abus avant m\u00eame de se d\u00e9former, et encore moins de se perforer ou de se d\u00e9chirer. S&rsquo;ils sont endommag\u00e9s\/perfor\u00e9s, ils conservent leur stabilit\u00e9 et leur flottabilit\u00e9, sans jamais mettre en p\u00e9ril la mission, tout en \u00e9tant facilement r\u00e9parables par la suite.<\/p>\n<p>Dans les conditions les plus difficiles, les d\u00e9fis les plus ardus et les exigences les plus strictes, les bateaux Rigid Buoyancy fabriqu\u00e9s en HMWPE permettent aux \u00e9quipages de se concentrer pleinement sur leurs missions, tout en ayant la certitude que, quelle que soit la situation \u00e0 laquelle ils sont confront\u00e9s, leur bateau sera \u00e0 la hauteur.<br>En r\u00e9sum\u00e9 : <strong>les enjeux importants dans des conditions impitoyables exigent des bateaux en PE-HMW.<\/strong><\/p>\n<p> <\/p>\t\t\t\t\t\t\t\t<\/div>\n\t\t\t\t\t<\/div>\n\t\t\t\t<\/div>\n\t\t<div class=\"elementor-element elementor-element-3e4b039 e-flex e-con-boxed e-con e-parent\" data-id=\"3e4b039\" data-element_type=\"container\" data-e-type=\"container\">\n\t\t\t\t\t<div class=\"e-con-inner\">\n\t\t\t\t<div class=\"elementor-element elementor-element-55024e0 elementor-widget elementor-widget-spacer\" data-id=\"55024e0\" data-element_type=\"widget\" data-e-type=\"widget\" data-widget_type=\"spacer.default\">\n\t\t\t\t\t\t\t<div class=\"elementor-spacer\">\n\t\t\t<div class=\"elementor-spacer-inner\"><\/div>\n\t\t<\/div>\n\t\t\t\t\t\t<\/div>\n\t\t\t\t\t<\/div>\n\t\t\t\t<\/div>\n\t\t\t\t<\/div>\n\t\t","protected":false},"excerpt":{"rendered":"<p>PE-HMW : le mat\u00e9riau id\u00e9al pour les bateaux de recherche et de sauvetage ? Lorsque des vies humaines sont en jeu, les sauveteurs doivent pouvoir compter \u00e0 100 % sur leur bateau, m\u00eame dans les pires conditions marines et arctiques. La robustesse et la r\u00e9sistance aux dommages sont donc les exigences les plus importantes pour [&hellip;]<\/p>\n","protected":false},"author":7,"featured_media":0,"parent":3527,"menu_order":0,"comment_status":"closed","ping_status":"closed","template":"","meta":{"_seopress_robots_primary_cat":"","_seopress_titles_title":"HMWPE vs. Aluminium - Arctic Boats Oy","_seopress_titles_desc":"Lorsque des vies humaines sont en jeu, les sauveteurs doivent pouvoir compter \u00e0 100 % sur leur bateau, m\u00eame dans les pires conditions marines et arctiques.","_seopress_robots_index":"","footnotes":""},"class_list":["post-3545","page","type-page","status-publish","hentry"],"_links":{"self":[{"href":"https:\/\/arcticboats.eu\/fr\/wp-json\/wp\/v2\/pages\/3545","targetHints":{"allow":["GET"]}}],"collection":[{"href":"https:\/\/arcticboats.eu\/fr\/wp-json\/wp\/v2\/pages"}],"about":[{"href":"https:\/\/arcticboats.eu\/fr\/wp-json\/wp\/v2\/types\/page"}],"author":[{"embeddable":true,"href":"https:\/\/arcticboats.eu\/fr\/wp-json\/wp\/v2\/users\/7"}],"replies":[{"embeddable":true,"href":"https:\/\/arcticboats.eu\/fr\/wp-json\/wp\/v2\/comments?post=3545"}],"version-history":[{"count":2,"href":"https:\/\/arcticboats.eu\/fr\/wp-json\/wp\/v2\/pages\/3545\/revisions"}],"predecessor-version":[{"id":14174,"href":"https:\/\/arcticboats.eu\/fr\/wp-json\/wp\/v2\/pages\/3545\/revisions\/14174"}],"up":[{"embeddable":true,"href":"https:\/\/arcticboats.eu\/fr\/wp-json\/wp\/v2\/pages\/3527"}],"wp:attachment":[{"href":"https:\/\/arcticboats.eu\/fr\/wp-json\/wp\/v2\/media?parent=3545"}],"curies":[{"name":"wp","href":"https:\/\/api.w.org\/{rel}","templated":true}]}}