{"id":3535,"date":"2023-12-01T14:41:13","date_gmt":"2023-12-01T11:41:13","guid":{"rendered":"https:\/\/arcticboats.eu\/telecharger-le-fichier\/"},"modified":"2025-09-23T11:39:48","modified_gmt":"2025-09-23T08:39:48","slug":"telecharger-le-fichier","status":"publish","type":"page","link":"https:\/\/arcticboats.eu\/fr\/telecharger-le-fichier\/","title":{"rendered":"T\u00e9l\u00e9charger le fichier"},"content":{"rendered":"\t\t<div data-elementor-type=\"wp-page\" data-elementor-id=\"3535\" class=\"elementor elementor-3535 elementor-2356\">\n\t\t\t\t<div class=\"elementor-element elementor-element-32bff78 e-flex e-con-boxed e-con e-parent\" data-id=\"32bff78\" data-element_type=\"container\" data-e-type=\"container\">\n\t\t\t\t\t<div class=\"e-con-inner\">\n\t\t\t\t<div class=\"elementor-element elementor-element-d28a7ba elementor-widget elementor-widget-heading\" data-id=\"d28a7ba\" data-element_type=\"widget\" data-e-type=\"widget\" data-widget_type=\"heading.default\">\n\t\t\t\t\t<h2 class=\"elementor-heading-title elementor-size-default\">T\u00e9l\u00e9chargez notre d\u00e9pliant d'information !\n<\/h2>\t\t\t\t<\/div>\n\t\t\t\t<div class=\"elementor-element elementor-element-4e080e7 elementor-widget elementor-widget-text-editor\" data-id=\"4e080e7\" data-element_type=\"widget\" data-e-type=\"widget\" data-widget_type=\"text-editor.default\">\n\t\t\t\t\t\t\t\t\t<p>Obtenez tous les d\u00e9tails cl\u00e9s dans un format PDF pratique. Il suffit de cliquer sur le bouton pour commencer le t\u00e9l\u00e9chargement.<\/p><p>Vous avez des questions ou souhaitez une offre personnalis\u00e9e ? N&rsquo;h\u00e9sitez pas \u00e0 utiliser notre formulaire de contact &#8211; nous nous r\u00e9jouissons d&rsquo;avoir de vos nouvelles !<\/p><p>Merci de votre attention !  <br>\u2013 Arcticboats.eu<\/p>\t\t\t\t\t\t\t\t<\/div>\n\t\t\t\t\t<\/div>\n\t\t\t\t<\/div>\n\t\t<div class=\"elementor-element elementor-element-f3f64a0 e-flex e-con-boxed e-con e-parent\" data-id=\"f3f64a0\" data-element_type=\"container\" data-e-type=\"container\">\n\t\t\t\t\t<div class=\"e-con-inner\">\n\t\t\t\t<div class=\"elementor-element elementor-element-9c1c160 elementor-widget elementor-widget-heading\" data-id=\"9c1c160\" data-element_type=\"widget\" data-e-type=\"widget\" data-widget_type=\"heading.default\">\n\t\t\t\t\t<h3 class=\"elementor-heading-title elementor-size-default\">Veuillez nous laisser vos coordonn\u00e9es et nous vous contacterons !<\/h3>\t\t\t\t<\/div>\n\t\t\t\t\t<\/div>\n\t\t\t\t<\/div>\n\t\t<div class=\"elementor-element elementor-element-6129a68 e-flex e-con-boxed e-con e-parent\" data-id=\"6129a68\" data-element_type=\"container\" data-e-type=\"container\">\n\t\t\t\t\t<div class=\"e-con-inner\">\n\t\t<div class=\"elementor-element elementor-element-7611c10 e-con-full e-flex e-con e-child\" data-id=\"7611c10\" data-element_type=\"container\" data-e-type=\"container\">\n\t\t\t\t<div class=\"elementor-element elementor-element-0655d9f elementor-widget elementor-widget-shortcode\" data-id=\"0655d9f\" data-element_type=\"widget\" data-e-type=\"widget\" data-widget_type=\"shortcode.default\">\n\t\t\t\t\t\t\t<div class=\"elementor-shortcode\">\n<div class=\"wpcf7 no-js\" id=\"wpcf7-f14135-o1\" lang=\"fr-FR\" dir=\"ltr\" data-wpcf7-id=\"14135\">\n<div class=\"screen-reader-response\"><p role=\"status\" aria-live=\"polite\" aria-atomic=\"true\"><\/p> <ul><\/ul><\/div>\n<form action=\"\/fr\/wp-json\/wp\/v2\/pages\/3535#wpcf7-f14135-o1\" method=\"post\" class=\"wpcf7-form init\" aria-label=\"Formulaire de contact\" novalidate=\"novalidate\" data-status=\"init\">\n<fieldset class=\"hidden-fields-container\"><input type=\"hidden\" name=\"_wpcf7\" value=\"14135\" \/><input type=\"hidden\" name=\"_wpcf7_version\" value=\"6.1.5\" \/><input type=\"hidden\" name=\"_wpcf7_locale\" value=\"fr_FR\" \/><input type=\"hidden\" name=\"_wpcf7_unit_tag\" value=\"wpcf7-f14135-o1\" \/><input type=\"hidden\" name=\"_wpcf7_container_post\" value=\"0\" \/><input type=\"hidden\" name=\"_wpcf7_posted_data_hash\" value=\"\" \/>\n<\/fieldset>\n<p><label> Nom *<br \/>\n<span class=\"wpcf7-form-control-wrap\" data-name=\"your-name\"><input size=\"40\" maxlength=\"400\" class=\"wpcf7-form-control wpcf7-text wpcf7-validates-as-required\" autocomplete=\"name\" aria-required=\"true\" aria-invalid=\"false\" value=\"\" type=\"text\" name=\"your-name\" \/><\/span> <\/label>\n<\/p>\n<p><label> E-mail *<br \/>\n<span class=\"wpcf7-form-control-wrap\" data-name=\"your-email\"><input size=\"40\" maxlength=\"400\" class=\"wpcf7-form-control wpcf7-email wpcf7-validates-as-required wpcf7-text wpcf7-validates-as-email\" autocomplete=\"email\" aria-required=\"true\" aria-invalid=\"false\" value=\"\" type=\"email\" name=\"your-email\" \/><\/span> <\/label>\n<\/p>\n<p><span class=\"wpcf7-form-control-wrap\" data-name=\"acceptance-323\"><span class=\"wpcf7-form-control wpcf7-acceptance\"><span class=\"wpcf7-list-item\"><label><input type=\"checkbox\" name=\"acceptance-323\" value=\"1\" aria-invalid=\"false\" \/><span class=\"wpcf7-list-item-label\">* Je consens par la pr\u00e9sente au traitement de mes donn\u00e9es sp\u00e9cifi\u00e9es dans le but de traiter ma demande. Vous trouverez plus de d\u00e9tails dans notre politique de confidentialit\u00e9 des donn\u00e9es.<\/span><\/label><\/span><\/span><\/span>\n<\/p>\n<p><input class=\"wpcf7-form-control wpcf7-submit has-spinner\" type=\"submit\" value=\"Soumettre\" \/>\n<\/p><div class=\"frc-captcha \" data-sitekey=\"FCMM3DSPV5CU8NSA\" data-lang=\"fr\" ><\/div>\n\t\t<noscript>You need to enable Javascript for the anti-spam check.<\/noscript><div class=\"wpcf7-response-output\" aria-hidden=\"true\"><\/div>\n<\/form>\n<\/div>\n<\/div>\n\t\t\t\t\t\t<\/div>\n\t\t\t\t<\/div>\n\t\t<div class=\"elementor-element elementor-element-aeeeed7 e-con-full e-flex e-con e-child\" data-id=\"aeeeed7\" data-element_type=\"container\" data-e-type=\"container\" data-settings=\"{&quot;background_background&quot;:&quot;classic&quot;}\">\n\t\t\t\t<div class=\"elementor-element elementor-element-1e30728 elementor-widget elementor-widget-shortcode\" data-id=\"1e30728\" data-element_type=\"widget\" data-e-type=\"widget\" data-widget_type=\"shortcode.default\">\n\t\t\t\t\t\t\t<div class=\"elementor-shortcode\">No matching PDF found for the given identifier.<\/div>\n\t\t\t\t\t\t<\/div>\n\t\t\t\t<\/div>\n\t\t\t\t\t<\/div>\n\t\t\t\t<\/div>\n\t\t\t\t<\/div>\n\t\t","protected":false},"excerpt":{"rendered":"<p>T\u00e9l\u00e9chargez notre d\u00e9pliant d&rsquo;information ! Obtenez tous les d\u00e9tails cl\u00e9s dans un format PDF pratique. Il suffit de cliquer sur le bouton pour commencer le t\u00e9l\u00e9chargement. Vous avez des questions ou souhaitez une offre personnalis\u00e9e ? N&rsquo;h\u00e9sitez pas \u00e0 utiliser notre formulaire de contact &#8211; nous nous r\u00e9jouissons d&rsquo;avoir de vos nouvelles ! Merci de [&hellip;]<\/p>\n","protected":false},"author":3,"featured_media":0,"parent":0,"menu_order":4050,"comment_status":"closed","ping_status":"closed","template":"","meta":{"_seopress_robots_primary_cat":"","_seopress_titles_title":"T\u00e9l\u00e9chargement de fichiers - Arctic Boats Oy","_seopress_titles_desc":"","_seopress_robots_index":"oui","footnotes":""},"class_list":["post-3535","page","type-page","status-publish","hentry"],"_links":{"self":[{"href":"https:\/\/arcticboats.eu\/fr\/wp-json\/wp\/v2\/pages\/3535","targetHints":{"allow":["GET"]}}],"collection":[{"href":"https:\/\/arcticboats.eu\/fr\/wp-json\/wp\/v2\/pages"}],"about":[{"href":"https:\/\/arcticboats.eu\/fr\/wp-json\/wp\/v2\/types\/page"}],"author":[{"embeddable":true,"href":"https:\/\/arcticboats.eu\/fr\/wp-json\/wp\/v2\/users\/3"}],"replies":[{"embeddable":true,"href":"https:\/\/arcticboats.eu\/fr\/wp-json\/wp\/v2\/comments?post=3535"}],"version-history":[{"count":5,"href":"https:\/\/arcticboats.eu\/fr\/wp-json\/wp\/v2\/pages\/3535\/revisions"}],"predecessor-version":[{"id":14541,"href":"https:\/\/arcticboats.eu\/fr\/wp-json\/wp\/v2\/pages\/3535\/revisions\/14541"}],"wp:attachment":[{"href":"https:\/\/arcticboats.eu\/fr\/wp-json\/wp\/v2\/media?parent=3535"}],"curies":[{"name":"wp","href":"https:\/\/api.w.org\/{rel}","templated":true}]}}