{"id":3520,"date":"2025-05-05T10:16:51","date_gmt":"2025-05-05T07:16:51","guid":{"rendered":"https:\/\/arcticboats.eu\/rbbs-vs-rhibs\/"},"modified":"2025-08-05T09:17:27","modified_gmt":"2025-08-05T06:17:27","slug":"rbbs-vs-rhibs","status":"publish","type":"page","link":"https:\/\/arcticboats.eu\/fr\/caracteristiques\/rbbs-vs-rhibs\/","title":{"rendered":"RBBs vs. RHIBs"},"content":{"rendered":"\t\t<div data-elementor-type=\"wp-page\" data-elementor-id=\"3520\" class=\"elementor elementor-3520 elementor-2518\">\n\t\t\t\t<div class=\"elementor-element elementor-element-a52a3d7 e-flex e-con-boxed e-con e-parent\" data-id=\"a52a3d7\" data-element_type=\"container\" data-e-type=\"container\">\n\t\t\t\t\t<div class=\"e-con-inner\">\n\t\t\t\t<div class=\"elementor-element elementor-element-85cd170 elementor-widget elementor-widget-heading\" data-id=\"85cd170\" data-element_type=\"widget\" data-e-type=\"widget\" data-widget_type=\"heading.default\">\n\t\t\t\t\t<h1 class=\"elementor-heading-title elementor-size-default\">Les RBB peuvent sembler gonflables, mais ils ne le sont pas !<\/h1>\t\t\t\t<\/div>\n\t\t\t\t<div class=\"elementor-element elementor-element-2e64478 elementor-widget elementor-widget-text-editor\" data-id=\"2e64478\" data-element_type=\"widget\" data-e-type=\"widget\" data-widget_type=\"text-editor.default\">\n\t\t\t\t\t\t\t\t\t<p>\u00c0 premi\u00e8re vue, les RBB (\u00ab\u00a0Rigid Buoyancy Boats\u00a0\u00bb) pr\u00e9sentent plusieurs similitudes avec les RHIB (\u00ab\u00a0Rigid Hull Inflatable Boats\u00a0\u00bb), notamment leur coque incurv\u00e9e compos\u00e9e de pontons qui ressemblent beaucoup aux tubes pressuris\u00e9s des RHIB ou des bateaux pneumatiques. Mais ces similitudes ne concernent que la forme ext\u00e9rieure de la coque. Les principes de conception de la BAR sont tr\u00e8s diff\u00e9rents de ceux de la RHIB.<\/p>\t\t\t\t\t\t\t\t<\/div>\n\t\t\t\t\t<\/div>\n\t\t\t\t<\/div>\n\t\t<div class=\"elementor-element elementor-element-09a4775 e-flex e-con-boxed e-con e-parent\" data-id=\"09a4775\" data-element_type=\"container\" data-e-type=\"container\">\n\t\t\t\t\t<div class=\"e-con-inner\">\n\t\t\t\t<div class=\"elementor-element elementor-element-46f9818 elementor-widget elementor-widget-heading\" data-id=\"46f9818\" data-element_type=\"widget\" data-e-type=\"widget\" data-widget_type=\"heading.default\">\n\t\t\t\t\t<h2 class=\"elementor-heading-title elementor-size-default\">La diff\u00e9rence g\u00e9n\u00e9rale<\/h2>\t\t\t\t<\/div>\n\t\t\t\t<div class=\"elementor-element elementor-element-36db295 elementor-widget elementor-widget-heading\" data-id=\"36db295\" data-element_type=\"widget\" data-e-type=\"widget\" data-widget_type=\"heading.default\">\n\t\t\t\t\t<h3 class=\"elementor-heading-title elementor-size-default\">RHIBs - Bateaux pneumatiques \u00e0 coque rigide<\/h3>\t\t\t\t<\/div>\n\t\t\t\t\t<\/div>\n\t\t\t\t<\/div>\n\t\t<div class=\"elementor-element elementor-element-a5373b8 e-flex e-con-boxed e-con e-parent\" data-id=\"a5373b8\" data-element_type=\"container\" data-e-type=\"container\">\n\t\t\t\t\t<div class=\"e-con-inner\">\n\t\t<div class=\"elementor-element elementor-element-f6d4d6c e-con-full e-flex e-con e-child\" data-id=\"f6d4d6c\" data-element_type=\"container\" data-e-type=\"container\">\n\t\t\t\t<div class=\"elementor-element elementor-element-a30c634 elementor-widget elementor-widget-image\" data-id=\"a30c634\" data-element_type=\"widget\" data-e-type=\"widget\" data-widget_type=\"image.default\">\n\t\t\t\t\t\t\t\t\t\t\t\t\t\t\t<img fetchpriority=\"high\" decoding=\"async\" width=\"600\" height=\"386\" src=\"https:\/\/arcticboats.eu\/wp-content\/uploads\/2024\/01\/rhibs-rigid-hull-inflatable-boats.jpg\" class=\"attachment-large size-large wp-image-3525\" alt=\"\" srcset=\"https:\/\/arcticboats.eu\/wp-content\/uploads\/2024\/01\/rhibs-rigid-hull-inflatable-boats.jpg 600w, https:\/\/arcticboats.eu\/wp-content\/uploads\/2024\/01\/rhibs-rigid-hull-inflatable-boats-300x193.jpg 300w\" sizes=\"(max-width: 600px) 100vw, 600px\" \/>\t\t\t\t\t\t\t\t\t\t\t\t\t\t\t<\/div>\n\t\t\t\t<\/div>\n\t\t<div class=\"elementor-element elementor-element-a4c541e e-con-full e-flex e-con e-child\" data-id=\"a4c541e\" data-element_type=\"container\" data-e-type=\"container\">\n\t\t\t\t<div class=\"elementor-element elementor-element-78df6c2 elementor-widget elementor-widget-text-editor\" data-id=\"78df6c2\" data-element_type=\"widget\" data-e-type=\"widget\" data-widget_type=\"text-editor.default\">\n\t\t\t\t\t\t\t\t\t<p>Les \u00ab\u00a0Bateaux pneumatiques semi-rigides\u00a0\u00bb (RHIB) sont souvent construits en <a href=\"https:\/\/arcticboats.eu\/fr\/caracteristiques\/hmwpe-vs-aluminium\/#grp\" target=\"_blank\" rel=\"noopener\">GRP (\u00ab\u00a0Glass Reinforced Polyester\u00a0\u00bb).<\/a><\/p><p>Les bateaux gonflables traditionnels dont ils sont d\u00e9riv\u00e9s tirent leur stabilit\u00e9 structurelle de leurs tubes pressuris\u00e9s. Si ces tubes perdent leur pression interne, le bateau perd sa forme et sa navigabilit\u00e9, il s&rsquo;effondre.<\/p><p>Dans le cadre d&rsquo;une \u00e9volution visant \u00e0 surmonter les d\u00e9fauts typiques des bateaux pneumatiques (\u00e0 savoir un manque g\u00e9n\u00e9ral de stabilit\u00e9 structurelle et de navigabilit\u00e9 et le risque permanent de d\u00e9faillance catastrophique due \u00e0 des tubes endommag\u00e9s), les RHIB ont \u00e9t\u00e9 \u00e9quip\u00e9s d&rsquo;un fond\/coque rigide suppl\u00e9mentaire, afin de renforcer et de prot\u00e9ger les tubes gonfl\u00e9s et le fond du bateau. La flottabilit\u00e9 et la stabilit\u00e9 structurelle des RHIB sont donc en partie assur\u00e9es par la coque renforc\u00e9e du bateau.<\/p><p>Mais leurs tubes pressuris\u00e9s restent un moyen de flottabilit\u00e9 et de stabilit\u00e9, tout comme les bateaux gonflables dont ils s&rsquo;inspirent.<\/p>\t\t\t\t\t\t\t\t<\/div>\n\t\t\t\t<\/div>\n\t\t\t\t\t<\/div>\n\t\t\t\t<\/div>\n\t\t<div class=\"elementor-element elementor-element-60d40b9 e-flex e-con-boxed e-con e-parent\" data-id=\"60d40b9\" data-element_type=\"container\" data-e-type=\"container\">\n\t\t\t\t\t<div class=\"e-con-inner\">\n\t\t\t\t<div class=\"elementor-element elementor-element-b617f8b elementor-widget elementor-widget-heading\" data-id=\"b617f8b\" data-element_type=\"widget\" data-e-type=\"widget\" data-widget_type=\"heading.default\">\n\t\t\t\t\t<h3 class=\"elementor-heading-title elementor-size-default\">RBB - Bateaux \u00e0 flottabilit\u00e9 rigide<\/h3>\t\t\t\t<\/div>\n\t\t\t\t\t<\/div>\n\t\t\t\t<\/div>\n\t\t<div class=\"elementor-element elementor-element-4d494ac e-flex e-con-boxed e-con e-parent\" data-id=\"4d494ac\" data-element_type=\"container\" data-e-type=\"container\">\n\t\t\t\t\t<div class=\"e-con-inner\">\n\t\t<div class=\"elementor-element elementor-element-341433c e-con-full e-flex e-con e-child\" data-id=\"341433c\" data-element_type=\"container\" data-e-type=\"container\">\n\t\t\t\t<div class=\"elementor-element elementor-element-12055cd elementor-widget elementor-widget-image\" data-id=\"12055cd\" data-element_type=\"widget\" data-e-type=\"widget\" data-widget_type=\"image.default\">\n\t\t\t\t\t\t\t\t\t\t\t\t\t\t\t<img decoding=\"async\" width=\"400\" height=\"267\" src=\"https:\/\/arcticboats.eu\/wp-content\/uploads\/2023\/12\/RBB-tied-up.jpg\" class=\"attachment-large size-large wp-image-3522\" alt=\"\" srcset=\"https:\/\/arcticboats.eu\/wp-content\/uploads\/2023\/12\/RBB-tied-up.jpg 400w, https:\/\/arcticboats.eu\/wp-content\/uploads\/2023\/12\/RBB-tied-up-300x200.jpg 300w\" sizes=\"(max-width: 400px) 100vw, 400px\" \/>\t\t\t\t\t\t\t\t\t\t\t\t\t\t\t<\/div>\n\t\t\t\t<\/div>\n\t\t<div class=\"elementor-element elementor-element-25579c0 e-con-full e-flex e-con e-child\" data-id=\"25579c0\" data-element_type=\"container\" data-e-type=\"container\">\n\t\t\t\t<div class=\"elementor-element elementor-element-f98b0d9 elementor-widget elementor-widget-text-editor\" data-id=\"f98b0d9\" data-element_type=\"widget\" data-e-type=\"widget\" data-widget_type=\"text-editor.default\">\n\t\t\t\t\t\t\t\t\t<p>Les bateaux \u00e0 flottabilit\u00e9 rigide (\u00ab\u00a0RBB\u00a0\u00bb), quant \u00e0 eux, sont con\u00e7us pour \u00eatre autoportants et ne sont pas fabriqu\u00e9s \u00e0 partir de mat\u00e9riaux souples, semblables au caoutchouc, mais \u00e0 partir de mat\u00e9riaux en feuilles plus rigides comme le PE-HD ou le PE-HMW (\u00ab\u00a0<a href=\"https:\/\/arcticboats.eu\/fr\/caracteristiques\/hmwpe-vs-aluminium\/#hmwpealu\" target=\"_blank\" rel=\"noopener\">Poly\u00e9thyl\u00e8ne \u00e0 Haut Poids Mol\u00e9culaire<\/a>\u00ab\u00a0, \u00e9galement connu sous le nom de PE500).<\/p><p>L&rsquo;ensemble du bateau est structurellement stable et flottant, la flottabilit\u00e9 \u00e9tant assur\u00e9e \u00e0 la fois par la coque elle-m\u00eame et par les pontons rigides du bateau. Contrairement aux tubes des RHIB, ces pontons (\u00e9galement fabriqu\u00e9s en <a href=\"https:\/\/arcticboats.eu\/features\/hmwpe-vs-aluminium\/hmwpe\" target=\"_blank\" rel=\"noopener\">PE-HMW<\/a>, tout comme l&rsquo;ensemble de la coque du bateau) n&rsquo;ont pas besoin d&rsquo;\u00eatre pressuris\u00e9s pour conserver leur forme et apporter une flottabilit\u00e9 et une stabilit\u00e9 structurelle suppl\u00e9mentaires au bateau. En outre, leur stabilit\u00e9 et le fait qu&rsquo;ils ne soient pas gonfl\u00e9s permettent aux pontons d&rsquo;\u00eatre con\u00e7us avec une section transversale en forme de \u00ab\u00a0D\u00a0\u00bb, la partie incurv\u00e9e du \u00ab\u00a0D\u00a0\u00bb \u00e9tant orient\u00e9e vers l&rsquo;ext\u00e9rieur et la partie plate vers l&rsquo;int\u00e9rieur du bateau, ce qui permet d&rsquo;augmenter l&rsquo;espace au sol \u00e0 l&rsquo;int\u00e9rieur de l&#8217;embarcation.<\/p>\t\t\t\t\t\t\t\t<\/div>\n\t\t\t\t<\/div>\n\t\t\t\t\t<\/div>\n\t\t\t\t<\/div>\n\t\t<div class=\"elementor-element elementor-element-44e72fc e-flex e-con-boxed e-con e-parent\" data-id=\"44e72fc\" data-element_type=\"container\" data-e-type=\"container\">\n\t\t\t\t\t<div class=\"e-con-inner\">\n\t\t\t\t<div class=\"elementor-element elementor-element-bf2b808 elementor-widget elementor-widget-heading\" data-id=\"bf2b808\" data-element_type=\"widget\" data-e-type=\"widget\" data-widget_type=\"heading.default\">\n\t\t\t\t\t<h3 class=\"elementor-heading-title elementor-size-default\">Bateaux conventionnels \u00e0 coque en aluminium<\/h3>\t\t\t\t<\/div>\n\t\t\t\t\t<\/div>\n\t\t\t\t<\/div>\n\t\t<div class=\"elementor-element elementor-element-3c4fe79 e-flex e-con-boxed e-con e-parent\" data-id=\"3c4fe79\" data-element_type=\"container\" data-e-type=\"container\">\n\t\t\t\t\t<div class=\"e-con-inner\">\n\t\t<div class=\"elementor-element elementor-element-e938e64 e-con-full e-flex e-con e-child\" data-id=\"e938e64\" data-element_type=\"container\" data-e-type=\"container\">\n\t\t\t\t<div class=\"elementor-element elementor-element-1afb0c7 elementor-widget elementor-widget-text-editor\" data-id=\"1afb0c7\" data-element_type=\"widget\" data-e-type=\"widget\" data-widget_type=\"text-editor.default\">\n\t\t\t\t\t\t\t\t\t<p>Si l&rsquo;aluminium a sa place dans la construction navale (en particulier lorsque des alliages d&rsquo;aluminium et de magn\u00e9sium plus r\u00e9sistants \u00e0 la corrosion galvanique sont utilis\u00e9s), il est g\u00e9n\u00e9ralement mieux adapt\u00e9 \u00e0 la construction navale conventionnelle et \u00e0 la \u00ab\u00a0navigation de plaisance\u00a0\u00bb, o\u00f9 l&rsquo;on peut accorder plus d&rsquo;attention au \u00ab\u00a0bon traitement du bateau\u00a0\u00bb.<\/p><p>Pour plus d&rsquo;informations sur les applications adapt\u00e9es aux diff\u00e9rents mat\u00e9riaux, tels que le PE-HMW, le PRV ou l&rsquo;aluminium, veuillez consulter notre <a href=\"https:\/\/arcticboats.eu\/fr\/caracteristiques\/hmwpe-vs-aluminium\/#comparison\" target=\"_blank\" rel=\"noopener\">comparaison d\u00e9taill\u00e9e<\/a>.<\/p>\t\t\t\t\t\t\t\t<\/div>\n\t\t\t\t<\/div>\n\t\t\t\t\t<\/div>\n\t\t\t\t<\/div>\n\t\t<div class=\"elementor-element elementor-element-73f278c e-flex e-con-boxed e-con e-parent\" data-id=\"73f278c\" data-element_type=\"container\" data-e-type=\"container\">\n\t\t\t\t\t<div class=\"e-con-inner\">\n\t\t\t\t<div class=\"elementor-element elementor-element-69435e3 elementor-widget elementor-widget-heading\" data-id=\"69435e3\" data-element_type=\"widget\" data-e-type=\"widget\" data-widget_type=\"heading.default\">\n\t\t\t\t\t<h3 class=\"elementor-heading-title elementor-size-default\">Un examen plus approfondi des avantages des RBB par rapport aux RHIB<\/h3>\t\t\t\t<\/div>\n\t\t\t\t\t<\/div>\n\t\t\t\t<\/div>\n\t\t<div class=\"elementor-element elementor-element-bb12fdf e-flex e-con-boxed e-con e-parent\" data-id=\"bb12fdf\" data-element_type=\"container\" data-e-type=\"container\">\n\t\t\t\t\t<div class=\"e-con-inner\">\n\t\t<div class=\"elementor-element elementor-element-e49f10e e-con-full e-flex e-con e-child\" data-id=\"e49f10e\" data-element_type=\"container\" data-e-type=\"container\">\n\t\t\t\t<div class=\"elementor-element elementor-element-459dfe3 elementor-widget elementor-widget-image\" data-id=\"459dfe3\" data-element_type=\"widget\" data-e-type=\"widget\" data-widget_type=\"image.default\">\n\t\t\t\t\t\t\t\t\t\t\t\t\t\t\t<img decoding=\"async\" width=\"400\" height=\"235\" src=\"https:\/\/arcticboats.eu\/wp-content\/uploads\/2023\/12\/A4-render-web.png\" class=\"attachment-large size-large wp-image-3510\" alt=\"\" srcset=\"https:\/\/arcticboats.eu\/wp-content\/uploads\/2023\/12\/A4-render-web.png 400w, https:\/\/arcticboats.eu\/wp-content\/uploads\/2023\/12\/A4-render-web-300x176.png 300w\" sizes=\"(max-width: 400px) 100vw, 400px\" \/>\t\t\t\t\t\t\t\t\t\t\t\t\t\t\t<\/div>\n\t\t\t\t<\/div>\n\t\t<div class=\"elementor-element elementor-element-0321694 e-con-full e-flex e-con e-child\" data-id=\"0321694\" data-element_type=\"container\" data-e-type=\"container\">\n\t\t\t\t<div class=\"elementor-element elementor-element-f55d796 elementor-widget elementor-widget-text-editor\" data-id=\"f55d796\" data-element_type=\"widget\" data-e-type=\"widget\" data-widget_type=\"text-editor.default\">\n\t\t\t\t\t\t\t\t\t<p>Ainsi, m\u00eame s&rsquo;ils se ressemblent superficiellement, les diff\u00e9rences fondamentales de conception entre les RBB et les RHIB ont des cons\u00e9quences importantes dans des conditions r\u00e9elles.<\/p>\n<p>L&rsquo;un des avantages des RBB par rapport aux RHIB, qui peut s&rsquo;av\u00e9rer tr\u00e8s pertinent dans les op\u00e9rations quotidiennes, n&rsquo;est pas imm\u00e9diatement visible lorsque l&rsquo;on regarde le bateau de l&rsquo;ext\u00e9rieur, mais il devient \u00e9vident d\u00e8s que l&rsquo;on monte \u00e0 bord : <strong>les RBB offrent un espace de pont beaucoup plus utilisable que les RHIB de m\u00eames dimensions ext\u00e9rieures<\/strong>.<br>Les pontons d&rsquo;un RBB n&rsquo;ont pas besoin d&rsquo;\u00eatre gonfl\u00e9s pour conserver leur forme. Leur face interne peut donc \u00eatre construite \u00e0 plat, ce qui donne une section transversale en forme de \u00ab D \u00bb.  C&rsquo;est pourquoi l&rsquo;espace de pont d&rsquo;un RBB est g\u00e9n\u00e9ralement plus large de 50 \u00e0 60 cm que celui d&rsquo;un RHIB aux dimensions ext\u00e9rieures similaires, ce qui lib\u00e8re plusieurs m\u00e8tres carr\u00e9s d&rsquo;espace de pont suppl\u00e9mentaire, m\u00eame sur les plus petits types de RBB.<\/p>\t\t\t\t\t\t\t\t<\/div>\n\t\t\t\t<\/div>\n\t\t\t\t\t<\/div>\n\t\t\t\t<\/div>\n\t\t<div class=\"elementor-element elementor-element-31d037d e-flex e-con-boxed e-con e-parent\" data-id=\"31d037d\" data-element_type=\"container\" data-e-type=\"container\">\n\t\t\t\t\t<div class=\"e-con-inner\">\n\t\t<div class=\"elementor-element elementor-element-6803731 e-con-full e-flex e-con e-child\" data-id=\"6803731\" data-element_type=\"container\" data-e-type=\"container\">\n\t\t\t\t<div class=\"elementor-element elementor-element-a004607 elementor-widget elementor-widget-text-editor\" data-id=\"a004607\" data-element_type=\"widget\" data-e-type=\"widget\" data-widget_type=\"text-editor.default\">\n\t\t\t\t\t\t\t\t\t<p>En outre, les coques gonflables des RHIB risquent constamment d&rsquo;\u00eatre <strong>perc\u00e9es ou rompues en cas d&rsquo;impact<\/strong>, quelle que soit la r\u00e9sistance du mat\u00e9riau dont elles sont faites. Lorsqu&rsquo;ils sont endommag\u00e9s, ils perdent rapidement de la pression et le bateau perd sa stabilit\u00e9, sa flottabilit\u00e9 et sa navigabilit\u00e9.<\/p>\n<p>Par rapport aux RHIB, les RBB \u00e9liminent pratiquement tout risque de d\u00e9faillance catastrophique, en raison de leur principe de conception. Non seulement leurs coques et leurs pontons sont beaucoup plus r\u00e9sistants aux chocs que les tubes gonflables d&rsquo;un RHIB (en particulier lorsqu&rsquo;ils sont fabriqu\u00e9s en PE-HMW, <strong>qui est beaucoup plus r\u00e9sistant que m\u00eame le mat\u00e9riau le plus robuste utilis\u00e9 pour les tubes<\/strong>), mais m\u00eame si les pontons d&rsquo;un RBB venaient \u00e0 \u00eatre endommag\u00e9s, ils ne s&rsquo;affaisseraient pas comme des tubes d\u00e9gonfl\u00e9s, mais conserveraient leur forme et leur flottabilit\u00e9, tout comme le RBB conserverait sa stabilit\u00e9 et sa flottabilit\u00e9 globales. Les bateaux peuvent donc \u00eatre construits de telle sorte qu&rsquo;ils ne couleront pas m\u00eame si on leur tire dessus \u00e0 la carabine.<\/p>\t\t\t\t\t\t\t\t<\/div>\n\t\t\t\t<\/div>\n\t\t<div class=\"elementor-element elementor-element-1319a06 e-con-full e-flex e-con e-child\" data-id=\"1319a06\" data-element_type=\"container\" data-e-type=\"container\">\n\t\t\t\t<div class=\"elementor-element elementor-element-f3950da elementor-widget elementor-widget-image\" data-id=\"f3950da\" data-element_type=\"widget\" data-e-type=\"widget\" data-widget_type=\"image.default\">\n\t\t\t\t\t\t\t\t\t\t\t\t\t\t\t<img loading=\"lazy\" decoding=\"async\" width=\"600\" height=\"375\" src=\"https:\/\/arcticboats.eu\/wp-content\/uploads\/2023\/12\/Yleisjarjestely.jpg\" class=\"attachment-large size-large wp-image-3523\" alt=\"\" srcset=\"https:\/\/arcticboats.eu\/wp-content\/uploads\/2023\/12\/Yleisjarjestely.jpg 600w, https:\/\/arcticboats.eu\/wp-content\/uploads\/2023\/12\/Yleisjarjestely-300x188.jpg 300w\" sizes=\"(max-width: 600px) 100vw, 600px\" \/>\t\t\t\t\t\t\t\t\t\t\t\t\t\t\t<\/div>\n\t\t\t\t<\/div>\n\t\t\t\t\t<\/div>\n\t\t\t\t<\/div>\n\t\t<div class=\"elementor-element elementor-element-0ca1584 e-flex e-con-boxed e-con e-parent\" data-id=\"0ca1584\" data-element_type=\"container\" data-e-type=\"container\">\n\t\t\t\t\t<div class=\"e-con-inner\">\n\t\t\t\t<div class=\"elementor-element elementor-element-943eec0 elementor-widget elementor-widget-heading\" data-id=\"943eec0\" data-element_type=\"widget\" data-e-type=\"widget\" data-widget_type=\"heading.default\">\n\t\t\t\t\t<h2 class=\"elementor-heading-title elementor-size-default\">R\u00e9sum\u00e9<\/h2>\t\t\t\t<\/div>\n\t\t\t\t\t<\/div>\n\t\t\t\t<\/div>\n\t\t<div class=\"elementor-element elementor-element-1d13fc5 e-flex e-con-boxed e-con e-parent\" data-id=\"1d13fc5\" data-element_type=\"container\" data-e-type=\"container\">\n\t\t\t\t\t<div class=\"e-con-inner\">\n\t\t<div class=\"elementor-element elementor-element-d9b20cc e-con-full e-flex e-con e-child\" data-id=\"d9b20cc\" data-element_type=\"container\" data-e-type=\"container\">\n\t\t\t\t<div class=\"elementor-element elementor-element-f7d7c26 elementor-widget elementor-widget-image\" data-id=\"f7d7c26\" data-element_type=\"widget\" data-e-type=\"widget\" data-widget_type=\"image.default\">\n\t\t\t\t\t\t\t\t\t\t\t\t\t\t\t<img loading=\"lazy\" decoding=\"async\" width=\"500\" height=\"333\" src=\"https:\/\/arcticboats.eu\/wp-content\/uploads\/2023\/12\/a23-main-picture.jpg\" class=\"attachment-large size-large wp-image-3524\" alt=\"\" srcset=\"https:\/\/arcticboats.eu\/wp-content\/uploads\/2023\/12\/a23-main-picture.jpg 500w, https:\/\/arcticboats.eu\/wp-content\/uploads\/2023\/12\/a23-main-picture-300x200.jpg 300w\" sizes=\"(max-width: 500px) 100vw, 500px\" \/>\t\t\t\t\t\t\t\t\t\t\t\t\t\t\t<\/div>\n\t\t\t\t<\/div>\n\t\t<div class=\"elementor-element elementor-element-28b1000 e-con-full e-flex e-con e-child\" data-id=\"28b1000\" data-element_type=\"container\" data-e-type=\"container\">\n\t\t\t\t<div class=\"elementor-element elementor-element-e97ab06 elementor-widget elementor-widget-text-editor\" data-id=\"e97ab06\" data-element_type=\"widget\" data-e-type=\"widget\" data-widget_type=\"text-editor.default\">\n\t\t\t\t\t\t\t\t\t<p>Pour les environnements difficiles, les conditions arctiques, les contacts fr\u00e9quents avec les rochers et, en g\u00e9n\u00e9ral, pour les d\u00e9ploiements critiques o\u00f9 la mission est plus importante que le risque d&rsquo;endommager le bateau (missions de sauvetage ou militaires, travail de police,&#8230;), les RBB sont mieux adapt\u00e9s \u00e0 la t\u00e2che que les RHIB.<\/p>\n<p>Alors que les bateaux pneumatiques \u00e0 coque rigide (RHIB) sont toujours expos\u00e9s \u00e0 un risque tr\u00e8s r\u00e9el de d\u00e9faillance catastrophique due \u00e0 l&rsquo;endommagement des tubes, <strong>les bateaux pneumatiques \u00e0 coque rigide (RBB) fabriqu\u00e9s en <a href=\"https:\/\/arcticboats.eu\/fr\/caracteristiques\/hmwpe-vs-aluminium\/\" target=\"_blank\" rel=\"noopener\">PE-HMW<\/a> combinent une conception beaucoup plus r\u00e9sistante, pratiquement \u00ab insubmersible \u00bb<\/strong>, avec un mat\u00e9riau quasi indestructible, ce qui en fait un choix id\u00e9al pour les bateaux lourds destin\u00e9s \u00e0 des situations difficiles et \u00e0 des missions o\u00f9 il y va de la vie ou de la mort, o\u00f9 ils n&rsquo;ont pas besoin d&rsquo;\u00eatre manipul\u00e9s avec autant de pr\u00e9caution que les bateaux en aluminium classiques.<\/p>\t\t\t\t\t\t\t\t<\/div>\n\t\t\t\t<\/div>\n\t\t\t\t\t<\/div>\n\t\t\t\t<\/div>\n\t\t<div class=\"elementor-element elementor-element-fa5d757 e-flex e-con-boxed e-con e-parent\" data-id=\"fa5d757\" data-element_type=\"container\" data-e-type=\"container\">\n\t\t\t\t\t<div class=\"e-con-inner\">\n\t\t\t\t<div class=\"elementor-element elementor-element-5712cbf elementor-widget elementor-widget-spacer\" data-id=\"5712cbf\" data-element_type=\"widget\" data-e-type=\"widget\" data-widget_type=\"spacer.default\">\n\t\t\t\t\t\t\t<div class=\"elementor-spacer\">\n\t\t\t<div class=\"elementor-spacer-inner\"><\/div>\n\t\t<\/div>\n\t\t\t\t\t\t<\/div>\n\t\t\t\t\t<\/div>\n\t\t\t\t<\/div>\n\t\t\t\t<\/div>\n\t\t","protected":false},"excerpt":{"rendered":"<p>Les RBB peuvent sembler gonflables, mais ils ne le sont pas ! \u00c0 premi\u00e8re vue, les RBB (\u00ab\u00a0Rigid Buoyancy Boats\u00a0\u00bb) pr\u00e9sentent plusieurs similitudes avec les RHIB (\u00ab\u00a0Rigid Hull Inflatable Boats\u00a0\u00bb), notamment leur coque incurv\u00e9e compos\u00e9e de pontons qui ressemblent beaucoup aux tubes pressuris\u00e9s des RHIB ou des bateaux pneumatiques. Mais ces similitudes ne concernent que [&hellip;]<\/p>\n","protected":false},"author":7,"featured_media":0,"parent":3527,"menu_order":0,"comment_status":"closed","ping_status":"closed","template":"","meta":{"_seopress_robots_primary_cat":"","_seopress_titles_title":"RBBs contre RHIBs - Arctic Airboats Oy","_seopress_titles_desc":"Les RHIB et les RBB fabriqu\u00e9s en HMWPE combinent une conception beaucoup plus r\u00e9sistante, pratiquement \u00ab insubmersible \u00bb, avec un mat\u00e9riau quasi indestructible.","_seopress_robots_index":"","footnotes":""},"class_list":["post-3520","page","type-page","status-publish","hentry"],"_links":{"self":[{"href":"https:\/\/arcticboats.eu\/fr\/wp-json\/wp\/v2\/pages\/3520","targetHints":{"allow":["GET"]}}],"collection":[{"href":"https:\/\/arcticboats.eu\/fr\/wp-json\/wp\/v2\/pages"}],"about":[{"href":"https:\/\/arcticboats.eu\/fr\/wp-json\/wp\/v2\/types\/page"}],"author":[{"embeddable":true,"href":"https:\/\/arcticboats.eu\/fr\/wp-json\/wp\/v2\/users\/7"}],"replies":[{"embeddable":true,"href":"https:\/\/arcticboats.eu\/fr\/wp-json\/wp\/v2\/comments?post=3520"}],"version-history":[{"count":2,"href":"https:\/\/arcticboats.eu\/fr\/wp-json\/wp\/v2\/pages\/3520\/revisions"}],"predecessor-version":[{"id":14170,"href":"https:\/\/arcticboats.eu\/fr\/wp-json\/wp\/v2\/pages\/3520\/revisions\/14170"}],"up":[{"embeddable":true,"href":"https:\/\/arcticboats.eu\/fr\/wp-json\/wp\/v2\/pages\/3527"}],"wp:attachment":[{"href":"https:\/\/arcticboats.eu\/fr\/wp-json\/wp\/v2\/media?parent=3520"}],"curies":[{"name":"wp","href":"https:\/\/api.w.org\/{rel}","templated":true}]}}