{"id":3509,"date":"2023-12-05T13:40:17","date_gmt":"2023-12-05T10:40:17","guid":{"rendered":"https:\/\/arcticboats.eu\/arctic-4\/"},"modified":"2025-07-29T11:02:09","modified_gmt":"2025-07-29T08:02:09","slug":"arctic-4","status":"publish","type":"page","link":"https:\/\/arcticboats.eu\/fr\/bateaux\/arctic-4\/","title":{"rendered":"Arctic 4"},"content":{"rendered":"\t\t<div data-elementor-type=\"wp-page\" data-elementor-id=\"3509\" class=\"elementor elementor-3509 elementor-2540\">\n\t\t\t\t<div class=\"elementor-element elementor-element-d19d367 e-con-full e-flex e-con e-parent\" data-id=\"d19d367\" data-element_type=\"container\" data-e-type=\"container\">\n\t\t\t\t<div class=\"elementor-element elementor-element-64dc3e6 elementor-widget elementor-widget-shortcode\" data-id=\"64dc3e6\" data-element_type=\"widget\" data-e-type=\"widget\" data-widget_type=\"shortcode.default\">\n\t\t\t\t\t\t\t<div class=\"elementor-shortcode\"><\/div>\n\t\t\t\t\t\t<\/div>\n\t\t\t\t<\/div>\n\t\t<div class=\"elementor-element elementor-element-679d9da e-flex e-con-boxed e-con e-parent\" data-id=\"679d9da\" data-element_type=\"container\" data-e-type=\"container\">\n\t\t\t\t\t<div class=\"e-con-inner\">\n\t\t\t\t<div class=\"elementor-element elementor-element-7819abaa elementor-widget elementor-widget-heading\" data-id=\"7819abaa\" data-element_type=\"widget\" data-e-type=\"widget\" data-widget_type=\"heading.default\">\n\t\t\t\t\t<h1 class=\"elementor-heading-title elementor-size-default\">Arctic 4 light HDPE<\/h1>\t\t\t\t<\/div>\n\t\t\t\t\t<\/div>\n\t\t\t\t<\/div>\n\t\t<div class=\"elementor-element elementor-element-235cff95 e-flex e-con-boxed e-con e-parent\" data-id=\"235cff95\" data-element_type=\"container\" data-e-type=\"container\">\n\t\t\t\t\t<div class=\"e-con-inner\">\n\t\t<div class=\"elementor-element elementor-element-cefdf54 e-con-full e-flex e-con e-child\" data-id=\"cefdf54\" data-element_type=\"container\" data-e-type=\"container\">\n\t\t\t\t<div class=\"elementor-element elementor-element-47909afd elementor-widget elementor-widget-image\" data-id=\"47909afd\" data-element_type=\"widget\" data-e-type=\"widget\" data-widget_type=\"image.default\">\n\t\t\t\t\t\t\t\t\t\t\t\t\t\t\t<img fetchpriority=\"high\" decoding=\"async\" width=\"600\" height=\"310\" src=\"https:\/\/arcticboats.eu\/wp-content\/uploads\/2023\/12\/A4-RLU8082.jpg\" class=\"attachment-large size-large wp-image-3514\" alt=\"\" srcset=\"https:\/\/arcticboats.eu\/wp-content\/uploads\/2023\/12\/A4-RLU8082.jpg 600w, https:\/\/arcticboats.eu\/wp-content\/uploads\/2023\/12\/A4-RLU8082-300x155.jpg 300w\" sizes=\"(max-width: 600px) 100vw, 600px\" \/>\t\t\t\t\t\t\t\t\t\t\t\t\t\t\t<\/div>\n\t\t\t\t<\/div>\n\t\t<div class=\"elementor-element elementor-element-5e87a7b9 e-con-full e-flex e-con e-child\" data-id=\"5e87a7b9\" data-element_type=\"container\" data-e-type=\"container\">\n\t\t\t\t<div class=\"elementor-element elementor-element-390d17d8 elementor-widget elementor-widget-text-editor\" data-id=\"390d17d8\" data-element_type=\"widget\" data-e-type=\"widget\" data-widget_type=\"text-editor.default\">\n\t\t\t\t\t\t\t\t\t<p>L&#8217;embarcation l\u00e9g\u00e8re A4 en PEHD pour la recherche et le sauvetage en cas de d\u00e9versement d&rsquo;hydrocarbures. Il s&rsquo;agit d&rsquo;un nouveau mod\u00e8le d&rsquo;Arctic Boats sp\u00e9cialement d\u00e9velopp\u00e9 pour les brigades de sauvetage des pompiers finlandais. Le bateau de 4 m\u00e8tres est si l\u00e9ger qu&rsquo;il peut \u00eatre transport\u00e9 par 4 personnes. Il est \u00e9quip\u00e9 d&rsquo;un moteur de 20 CV et d&rsquo;un si\u00e8ge central amovible qui peut servir de mallette de transport d&rsquo;\u00e9quipement.<\/p><p>Ce petit bateau \u00e9tait \u00e0 l&rsquo;origine pr\u00e9vu pour 3 personnes. Toutefois, lors du test de certification CE, nous avons constat\u00e9 que le bateau pouvait transporter 6 \u00e0 7 personnes. Le bateau est vraiment stable et s\u00fbr.<\/p><p>La coque est divis\u00e9e en 3 sections \u00e9tanches et peut \u00eatre remplie de sacs de flottaison. Un bateau charg\u00e9 \u00e0 bloc ne coulerait pas m\u00eame si on lui tirait dessus avec un fusil. Le poly\u00e9thyl\u00e8ne HMW est le meilleur mat\u00e9riau pour les bateaux de travail robustes qui doivent subir des traitements difficiles. La quille est entour\u00e9e d&rsquo;une feuille de protection en PE500, de sorte que le bateau peut facilement \u00eatre tra\u00een\u00e9 sur le sol ou sur la glace en hiver.<\/p><p>L&rsquo;Arctic 4 est con\u00e7u comme un v\u00e9hicule \u00e0 d\u00e9ploiement rapide pour aider au sauvetage en mer, \u00e0 la r\u00e9cup\u00e9ration du p\u00e9trole ou comme bateau secondaire sur des navires plus importants. Le poids l\u00e9ger du bateau permet de le mettre \u00e0 l&rsquo;eau n&rsquo;importe o\u00f9. Une rampe de mise \u00e0 l&rsquo;eau n&rsquo;est pas n\u00e9cessaire, car quatre personnes peuvent porter le bateau vide. Malgr\u00e9 son faible poids, le bateau est rigide et durable.<\/p>\t\t\t\t\t\t\t\t<\/div>\n\t\t\t\t<\/div>\n\t\t\t\t\t<\/div>\n\t\t\t\t<\/div>\n\t\t<div class=\"elementor-element elementor-element-2f500ea0 e-flex e-con-boxed e-con e-parent\" data-id=\"2f500ea0\" data-element_type=\"container\" data-e-type=\"container\">\n\t\t\t\t\t<div class=\"e-con-inner\">\n\t\t\t\t<div class=\"elementor-element elementor-element-770b2c07 elementor-widget elementor-widget-heading\" data-id=\"770b2c07\" data-element_type=\"widget\" data-e-type=\"widget\" data-widget_type=\"heading.default\">\n\t\t\t\t\t<h2 class=\"elementor-heading-title elementor-size-default\">Equipement<\/h2>\t\t\t\t<\/div>\n\t\t\t\t<div class=\"elementor-element elementor-element-57b9a822 elementor-widget elementor-widget-text-editor\" data-id=\"57b9a822\" data-element_type=\"widget\" data-e-type=\"widget\" data-widget_type=\"text-editor.default\">\n\t\t\t\t\t\t\t\t\t<ul><li>Si\u00e8ge\/coffre \u00e0 outils amovible<\/li><li>M\u00e2t du projecteur de travail<\/li><li>Console de pilotage<\/li><li>C\u00f4t\u00e9 tribord ou console centrale avec si\u00e8ge<\/li><li>Pagaie en aluminium avec pic \u00e0 glace<\/li><\/ul>\t\t\t\t\t\t\t\t<\/div>\n\t\t\t\t\t<\/div>\n\t\t\t\t<\/div>\n\t\t<div class=\"elementor-element elementor-element-6433a846 e-flex e-con-boxed e-con e-parent\" data-id=\"6433a846\" data-element_type=\"container\" data-e-type=\"container\" data-settings=\"{&quot;background_background&quot;:&quot;classic&quot;}\">\n\t\t\t\t\t<div class=\"e-con-inner\">\n\t\t<div class=\"elementor-element elementor-element-408887d6 e-con-full e-flex e-con e-child\" data-id=\"408887d6\" data-element_type=\"container\" data-e-type=\"container\">\n\t\t\t\t<div class=\"elementor-element elementor-element-4d64b60b elementor-widget elementor-widget-heading\" data-id=\"4d64b60b\" data-element_type=\"widget\" data-e-type=\"widget\" data-widget_type=\"heading.default\">\n\t\t\t\t\t<h2 class=\"elementor-heading-title elementor-size-default\">Sp\u00e9cifications techniques<\/h2>\t\t\t\t<\/div>\n\t\t\t\t<div class=\"elementor-element elementor-element-557d28e3 elementor-widget elementor-widget-text-editor\" data-id=\"557d28e3\" data-element_type=\"widget\" data-e-type=\"widget\" data-widget_type=\"text-editor.default\">\n\t\t\t\t\t\t\t\t\t<ul><li>LOA : 402 cm<\/li><li>Poutre : 180 cm<\/li><li>Poids : 260-300 kg<\/li><li>CE-D : 6 personnes<\/li><li>Moteur : 20-30 ch<\/li><li>Max. fourchette de vitesse : 23-26 kt<\/li><\/ul>\t\t\t\t\t\t\t\t<\/div>\n\t\t\t\t<div class=\"elementor-element elementor-element-4b7decdb elementor-widget elementor-widget-text-editor\" data-id=\"4b7decdb\" data-element_type=\"widget\" data-e-type=\"widget\" data-widget_type=\"text-editor.default\">\n\t\t\t\t\t\t\t\t\t<p><em>Les sp\u00e9cifications peuvent \u00eatre modifi\u00e9es sans pr\u00e9avis.<\/em><\/p>\t\t\t\t\t\t\t\t<\/div>\n\t\t\t\t<\/div>\n\t\t<div class=\"elementor-element elementor-element-78307c84 e-con-full e-flex e-con e-child\" data-id=\"78307c84\" data-element_type=\"container\" data-e-type=\"container\">\n\t\t\t\t<div class=\"elementor-element elementor-element-21f2c5f5 elementor-widget elementor-widget-image\" data-id=\"21f2c5f5\" data-element_type=\"widget\" data-e-type=\"widget\" data-widget_type=\"image.default\">\n\t\t\t\t\t\t\t\t\t\t\t\t\t\t\t<img decoding=\"async\" width=\"400\" height=\"235\" src=\"https:\/\/arcticboats.eu\/wp-content\/uploads\/2023\/12\/A4-render-web.png\" class=\"attachment-large size-large wp-image-3510\" alt=\"\" srcset=\"https:\/\/arcticboats.eu\/wp-content\/uploads\/2023\/12\/A4-render-web.png 400w, https:\/\/arcticboats.eu\/wp-content\/uploads\/2023\/12\/A4-render-web-300x176.png 300w\" sizes=\"(max-width: 400px) 100vw, 400px\" \/>\t\t\t\t\t\t\t\t\t\t\t\t\t\t\t<\/div>\n\t\t\t\t<\/div>\n\t\t\t\t\t<\/div>\n\t\t\t\t<\/div>\n\t\t<div class=\"elementor-element elementor-element-14510bd0 e-flex e-con-boxed e-con e-parent\" data-id=\"14510bd0\" data-element_type=\"container\" data-e-type=\"container\">\n\t\t\t\t\t<div class=\"e-con-inner\">\n\t\t\t\t<div class=\"elementor-element elementor-element-57e85ec2 gallery-spacing-custom elementor-widget elementor-widget-image-gallery\" data-id=\"57e85ec2\" data-element_type=\"widget\" data-e-type=\"widget\" data-widget_type=\"image-gallery.default\">\n\t\t\t\t\t\t\t<div class=\"elementor-image-gallery\">\n\t\t\t<div id='gallery-1' class='gallery galleryid-3509 gallery-columns-4 gallery-size-thumbnail'><figure class='gallery-item'>\n\t\t\t<div class='gallery-icon landscape'>\n\t\t\t\t<a data-elementor-open-lightbox=\"yes\" data-elementor-lightbox-slideshow=\"57e85ec2\" data-e-action-hash=\"#elementor-action%3Aaction%3Dlightbox%26settings%3DeyJpZCI6MzUxNywidXJsIjoiaHR0cHM6XC9cL2FyY3RpY2JvYXRzLmV1XC93cC1jb250ZW50XC91cGxvYWRzXC8yMDIzXC8xMlwvQTQtMy13ZWIuanBnIiwic2xpZGVzaG93IjoiNTdlODVlYzIifQ%3D%3D\" href='https:\/\/arcticboats.eu\/wp-content\/uploads\/2023\/12\/A4-3-web.jpg'><img decoding=\"async\" width=\"150\" height=\"150\" src=\"https:\/\/arcticboats.eu\/wp-content\/uploads\/2023\/12\/A4-3-web-150x150.jpg\" class=\"attachment-thumbnail size-thumbnail\" alt=\"\" \/><\/a>\n\t\t\t<\/div><\/figure><figure class='gallery-item'>\n\t\t\t<div class='gallery-icon landscape'>\n\t\t\t\t<a data-elementor-open-lightbox=\"yes\" data-elementor-lightbox-slideshow=\"57e85ec2\" data-e-action-hash=\"#elementor-action%3Aaction%3Dlightbox%26settings%3DeyJpZCI6MzUxNSwidXJsIjoiaHR0cHM6XC9cL2FyY3RpY2JvYXRzLmV1XC93cC1jb250ZW50XC91cGxvYWRzXC8yMDIzXC8xMlwvQTQtd2ViZGV0YWlsMy5qcGciLCJzbGlkZXNob3ciOiI1N2U4NWVjMiJ9\" href='https:\/\/arcticboats.eu\/wp-content\/uploads\/2023\/12\/A4-webdetail3.jpg'><img loading=\"lazy\" decoding=\"async\" width=\"150\" height=\"150\" src=\"https:\/\/arcticboats.eu\/wp-content\/uploads\/2023\/12\/A4-webdetail3-150x150.jpg\" class=\"attachment-thumbnail size-thumbnail\" alt=\"\" \/><\/a>\n\t\t\t<\/div><\/figure><figure class='gallery-item'>\n\t\t\t<div class='gallery-icon landscape'>\n\t\t\t\t<a data-elementor-open-lightbox=\"yes\" data-elementor-lightbox-slideshow=\"57e85ec2\" data-e-action-hash=\"#elementor-action%3Aaction%3Dlightbox%26settings%3DeyJpZCI6MzUxNCwidXJsIjoiaHR0cHM6XC9cL2FyY3RpY2JvYXRzLmV1XC93cC1jb250ZW50XC91cGxvYWRzXC8yMDIzXC8xMlwvQTQtUkxVODA4Mi5qcGciLCJzbGlkZXNob3ciOiI1N2U4NWVjMiJ9\" href='https:\/\/arcticboats.eu\/wp-content\/uploads\/2023\/12\/A4-RLU8082.jpg'><img loading=\"lazy\" decoding=\"async\" width=\"150\" height=\"150\" src=\"https:\/\/arcticboats.eu\/wp-content\/uploads\/2023\/12\/A4-RLU8082-150x150.jpg\" class=\"attachment-thumbnail size-thumbnail\" alt=\"\" \/><\/a>\n\t\t\t<\/div><\/figure><figure class='gallery-item'>\n\t\t\t<div class='gallery-icon landscape'>\n\t\t\t\t<a data-elementor-open-lightbox=\"yes\" data-elementor-lightbox-slideshow=\"57e85ec2\" data-e-action-hash=\"#elementor-action%3Aaction%3Dlightbox%26settings%3DeyJpZCI6MzUxOCwidXJsIjoiaHR0cHM6XC9cL2FyY3RpY2JvYXRzLmV1XC93cC1jb250ZW50XC91cGxvYWRzXC8yMDIzXC8xMlwvQTQtREVUQUlMMS5qcGciLCJzbGlkZXNob3ciOiI1N2U4NWVjMiJ9\" href='https:\/\/arcticboats.eu\/wp-content\/uploads\/2023\/12\/A4-DETAIL1.jpg'><img loading=\"lazy\" decoding=\"async\" width=\"150\" height=\"150\" src=\"https:\/\/arcticboats.eu\/wp-content\/uploads\/2023\/12\/A4-DETAIL1-150x150.jpg\" class=\"attachment-thumbnail size-thumbnail\" alt=\"\" \/><\/a>\n\t\t\t<\/div><\/figure><figure class='gallery-item'>\n\t\t\t<div class='gallery-icon landscape'>\n\t\t\t\t<a data-elementor-open-lightbox=\"yes\" data-elementor-lightbox-slideshow=\"57e85ec2\" data-e-action-hash=\"#elementor-action%3Aaction%3Dlightbox%26settings%3DeyJpZCI6MzUxNiwidXJsIjoiaHR0cHM6XC9cL2FyY3RpY2JvYXRzLmV1XC93cC1jb250ZW50XC91cGxvYWRzXC8yMDIzXC8xMlwvQXJjdGljLTQtMi5qcGciLCJzbGlkZXNob3ciOiI1N2U4NWVjMiJ9\" href='https:\/\/arcticboats.eu\/wp-content\/uploads\/2023\/12\/Arctic-4-2.jpg'><img loading=\"lazy\" decoding=\"async\" width=\"150\" height=\"150\" src=\"https:\/\/arcticboats.eu\/wp-content\/uploads\/2023\/12\/Arctic-4-2-150x150.jpg\" class=\"attachment-thumbnail size-thumbnail\" alt=\"\" \/><\/a>\n\t\t\t<\/div><\/figure>\n\t\t<\/div>\n\t\t<\/div>\n\t\t\t\t\t\t<\/div>\n\t\t\t\t\t<\/div>\n\t\t\t\t<\/div>\n\t\t\t\t<\/div>\n\t\t","protected":false},"excerpt":{"rendered":"<p>Arctic 4 light HDPE L&#8217;embarcation l\u00e9g\u00e8re A4 en PEHD pour la recherche et le sauvetage en cas de d\u00e9versement d&rsquo;hydrocarbures. Il s&rsquo;agit d&rsquo;un nouveau mod\u00e8le d&rsquo;Arctic Boats sp\u00e9cialement d\u00e9velopp\u00e9 pour les brigades de sauvetage des pompiers finlandais. Le bateau de 4 m\u00e8tres est si l\u00e9ger qu&rsquo;il peut \u00eatre transport\u00e9 par 4 personnes. Il est \u00e9quip\u00e9 [&hellip;]<\/p>\n","protected":false},"author":3,"featured_media":0,"parent":3567,"menu_order":0,"comment_status":"closed","ping_status":"closed","template":"","meta":{"_seopress_robots_primary_cat":"","_seopress_titles_title":"Arctic 4 - Arctic Airboats Oy","_seopress_titles_desc":"L'embarcation l\u00e9g\u00e8re A4 en PEHD pour la recherche et le sauvetage en cas de d\u00e9versement d'hydrocarbures. Il s'agit d'un nouveau mod\u00e8le d'Arctic Boats sp\u00e9cialement d\u00e9velopp\u00e9 pour les brigades de sauvetage des pompiers finlandais.","_seopress_robots_index":"","footnotes":""},"class_list":["post-3509","page","type-page","status-publish","hentry"],"_links":{"self":[{"href":"https:\/\/arcticboats.eu\/fr\/wp-json\/wp\/v2\/pages\/3509","targetHints":{"allow":["GET"]}}],"collection":[{"href":"https:\/\/arcticboats.eu\/fr\/wp-json\/wp\/v2\/pages"}],"about":[{"href":"https:\/\/arcticboats.eu\/fr\/wp-json\/wp\/v2\/types\/page"}],"author":[{"embeddable":true,"href":"https:\/\/arcticboats.eu\/fr\/wp-json\/wp\/v2\/users\/3"}],"replies":[{"embeddable":true,"href":"https:\/\/arcticboats.eu\/fr\/wp-json\/wp\/v2\/comments?post=3509"}],"version-history":[{"count":2,"href":"https:\/\/arcticboats.eu\/fr\/wp-json\/wp\/v2\/pages\/3509\/revisions"}],"predecessor-version":[{"id":13863,"href":"https:\/\/arcticboats.eu\/fr\/wp-json\/wp\/v2\/pages\/3509\/revisions\/13863"}],"up":[{"embeddable":true,"href":"https:\/\/arcticboats.eu\/fr\/wp-json\/wp\/v2\/pages\/3567"}],"wp:attachment":[{"href":"https:\/\/arcticboats.eu\/fr\/wp-json\/wp\/v2\/media?parent=3509"}],"curies":[{"name":"wp","href":"https:\/\/api.w.org\/{rel}","templated":true}]}}