{"id":3495,"date":"2023-12-06T10:21:16","date_gmt":"2023-12-06T07:21:16","guid":{"rendered":"https:\/\/arcticboats.eu\/arctic-23\/"},"modified":"2025-07-29T11:03:06","modified_gmt":"2025-07-29T08:03:06","slug":"arctic-23","status":"publish","type":"page","link":"https:\/\/arcticboats.eu\/fr\/bateaux\/arctic-23\/","title":{"rendered":"Arctic 23"},"content":{"rendered":"\t\t<div data-elementor-type=\"wp-page\" data-elementor-id=\"3495\" class=\"elementor elementor-3495 elementor-2650\">\n\t\t\t\t<div class=\"elementor-element elementor-element-b644186 e-con-full e-flex e-con e-parent\" data-id=\"b644186\" data-element_type=\"container\" data-e-type=\"container\">\n\t\t\t\t<div class=\"elementor-element elementor-element-be28699 elementor-widget elementor-widget-shortcode\" data-id=\"be28699\" data-element_type=\"widget\" data-e-type=\"widget\" data-widget_type=\"shortcode.default\">\n\t\t\t\t\t\t\t<div class=\"elementor-shortcode\"><\/div>\n\t\t\t\t\t\t<\/div>\n\t\t\t\t<\/div>\n\t\t<div class=\"elementor-element elementor-element-324aced0 e-flex e-con-boxed e-con e-parent\" data-id=\"324aced0\" data-element_type=\"container\" data-e-type=\"container\">\n\t\t\t\t\t<div class=\"e-con-inner\">\n\t\t\t\t<div class=\"elementor-element elementor-element-134e2b5d elementor-widget elementor-widget-heading\" data-id=\"134e2b5d\" data-element_type=\"widget\" data-e-type=\"widget\" data-widget_type=\"heading.default\">\n\t\t\t\t\t<h1 class=\"elementor-heading-title elementor-size-default\">ARCTIC 23<\/h1>\t\t\t\t<\/div>\n\t\t\t\t<div class=\"elementor-element elementor-element-3203906 elementor-widget elementor-widget-heading\" data-id=\"3203906\" data-element_type=\"widget\" data-e-type=\"widget\" data-widget_type=\"heading.default\">\n\t\t\t\t\t<h2 class=\"elementor-heading-title elementor-size-default\">BATEAU DE PATROUILLE<\/h2>\t\t\t\t<\/div>\n\t\t\t\t\t<\/div>\n\t\t\t\t<\/div>\n\t\t<div class=\"elementor-element elementor-element-42f4ae20 e-flex e-con-boxed e-con e-parent\" data-id=\"42f4ae20\" data-element_type=\"container\" data-e-type=\"container\">\n\t\t\t\t\t<div class=\"e-con-inner\">\n\t\t<div class=\"elementor-element elementor-element-5140aa2a e-con-full e-flex e-con e-child\" data-id=\"5140aa2a\" data-element_type=\"container\" data-e-type=\"container\">\n\t\t\t\t<div class=\"elementor-element elementor-element-417453fb elementor-widget elementor-widget-image\" data-id=\"417453fb\" data-element_type=\"widget\" data-e-type=\"widget\" data-widget_type=\"image.default\">\n\t\t\t\t\t\t\t\t\t\t\t\t\t\t\t<img fetchpriority=\"high\" decoding=\"async\" width=\"400\" height=\"308\" src=\"https:\/\/arcticboats.eu\/wp-content\/uploads\/2023\/12\/A23-Estonia-6-400x300-1.jpg\" class=\"attachment-large size-large wp-image-3500\" alt=\"\" srcset=\"https:\/\/arcticboats.eu\/wp-content\/uploads\/2023\/12\/A23-Estonia-6-400x300-1.jpg 400w, https:\/\/arcticboats.eu\/wp-content\/uploads\/2023\/12\/A23-Estonia-6-400x300-1-300x231.jpg 300w\" sizes=\"(max-width: 400px) 100vw, 400px\" \/>\t\t\t\t\t\t\t\t\t\t\t\t\t\t\t<\/div>\n\t\t\t\t<div class=\"elementor-element elementor-element-287ecb4 elementor-widget elementor-widget-image\" data-id=\"287ecb4\" data-element_type=\"widget\" data-e-type=\"widget\" data-widget_type=\"image.default\">\n\t\t\t\t\t\t\t\t\t\t\t\t\t\t\t<img decoding=\"async\" width=\"401\" height=\"267\" src=\"https:\/\/arcticboats.eu\/wp-content\/uploads\/2023\/12\/A23-instrument-panel.jpg\" class=\"attachment-large size-large wp-image-3502\" alt=\"\" srcset=\"https:\/\/arcticboats.eu\/wp-content\/uploads\/2023\/12\/A23-instrument-panel.jpg 401w, https:\/\/arcticboats.eu\/wp-content\/uploads\/2023\/12\/A23-instrument-panel-300x200.jpg 300w\" sizes=\"(max-width: 401px) 100vw, 401px\" \/>\t\t\t\t\t\t\t\t\t\t\t\t\t\t\t<\/div>\n\t\t\t\t<\/div>\n\t\t<div class=\"elementor-element elementor-element-5f4e44bf e-con-full e-flex e-con e-child\" data-id=\"5f4e44bf\" data-element_type=\"container\" data-e-type=\"container\">\n\t\t\t\t<div class=\"elementor-element elementor-element-5ff4af8f elementor-widget elementor-widget-text-editor\" data-id=\"5ff4af8f\" data-element_type=\"widget\" data-e-type=\"widget\" data-widget_type=\"text-editor.default\">\n\t\t\t\t\t\t\t\t\t<p>D\u00e9velopp\u00e9 \u00e0 partir du mod\u00e8le Panther 22, la coque allong\u00e9e de l\u2019Arctic P 23 offre une plus grande capacit\u00e9 de chargement et permet d\u2019embarquer en plus grand nombre \u00e9quipage et \u00e9quipement afin d\u2019optimiser les performances des op\u00e9rations de r\u00e9cup\u00e9ration des nappes d\u2019hydrocarbures. <\/p>\n<p>Le mat\u00e9riau utilis\u00e9 dans nos bateaux est le PE-HMW, le Poly\u00e9thyl\u00e8ne \u00e0 Haut Poids Mol\u00e9culaire, qui est un polym\u00e8re durable. Gr\u00e2ce \u00e0 une r\u00e9sistance \u00e0 l\u2019abrasion sup\u00e9rieure, ce mat\u00e9riau est parfait en cas d\u2019usage intensif ainsi que pour des travaux de r\u00e9cup\u00e9ration des nappes d\u2019hydrocarbures.<\/p>\n<p>Les caract\u00e9ristiques de tenue de mer de nos bateaux ressemblent \u00e0 celles des bateaux \u00e0 coque rigide. L\u2019int\u00e9rieur du bateau est spacieux gr\u00e2ce aux d\u00e9fenses en forme de D. Contrairement au bateau RIB, les pontons du bateau RBB (Rigid Buoyancy Boat) restent toujours fermes et bien tendus, ce qui rend le bateau s\u00fbr et r\u00e9sistant. Le co\u00fbt du cycle de vie du bateau RBB est tr\u00e8s faible par rapport \u00e0 d&rsquo;autres types de bateaux, en raison de la r\u00e9duction des besoins de r\u00e9paration et de r\u00e9vision.<\/p>\t\t\t\t\t\t\t\t<\/div>\n\t\t\t\t<\/div>\n\t\t\t\t\t<\/div>\n\t\t\t\t<\/div>\n\t\t<div class=\"elementor-element elementor-element-2e958a32 e-flex e-con-boxed e-con e-parent\" data-id=\"2e958a32\" data-element_type=\"container\" data-e-type=\"container\">\n\t\t\t\t\t<div class=\"e-con-inner\">\n\t\t\t\t<div class=\"elementor-element elementor-element-ec86c3e elementor-widget elementor-widget-heading\" data-id=\"ec86c3e\" data-element_type=\"widget\" data-e-type=\"widget\" data-widget_type=\"heading.default\">\n\t\t\t\t\t<h2 class=\"elementor-heading-title elementor-size-default\">Equipement<\/h2>\t\t\t\t<\/div>\n\t\t\t\t<div class=\"elementor-element elementor-element-5181aea1 elementor-widget elementor-widget-text-editor\" data-id=\"5181aea1\" data-element_type=\"widget\" data-e-type=\"widget\" data-widget_type=\"text-editor.default\">\n\t\t\t\t\t\t\t\t\t<ul>\n<li>Si\u00e8ge jockey \u00e0 hauteur r\u00e9glable Scotseat<\/li>\n<li>R\u00e9flecteur radar actif<\/li>\n<li>Lumi\u00e8re de recherche<\/li>\n<li>Feux de travail<\/li>\n<li>Feu de t\u00eate<\/li>\n<li>Berceau de sauvetage arctique<\/li>\n<li>Traceur Simrad 12<\/li>\n<li>Syst\u00e8me de garniture Zipwake<\/li>\n<\/ul>\t\t\t\t\t\t\t\t<\/div>\n\t\t\t\t\t<\/div>\n\t\t\t\t<\/div>\n\t\t<div class=\"elementor-element elementor-element-5dd5e606 e-flex e-con-boxed e-con e-parent\" data-id=\"5dd5e606\" data-element_type=\"container\" data-e-type=\"container\" data-settings=\"{&quot;background_background&quot;:&quot;classic&quot;}\">\n\t\t\t\t\t<div class=\"e-con-inner\">\n\t\t<div class=\"elementor-element elementor-element-1742f40a e-con-full e-flex e-con e-child\" data-id=\"1742f40a\" data-element_type=\"container\" data-e-type=\"container\">\n\t\t\t\t<div class=\"elementor-element elementor-element-4e40b233 elementor-widget elementor-widget-heading\" data-id=\"4e40b233\" data-element_type=\"widget\" data-e-type=\"widget\" data-widget_type=\"heading.default\">\n\t\t\t\t\t<h2 class=\"elementor-heading-title elementor-size-default\">Sp\u00e9cifications techniques<\/h2>\t\t\t\t<\/div>\n\t\t\t\t<div class=\"elementor-element elementor-element-1592bcd4 elementor-widget elementor-widget-text-editor\" data-id=\"1592bcd4\" data-element_type=\"widget\" data-e-type=\"widget\" data-widget_type=\"text-editor.default\">\n\t\t\t\t\t\t\t\t\t<ul>\n<li>Longueur hors tout (hors moteur) : 7 m (23 ft)<\/li>\n<li>Largeur: 2,50 m (8ft 4in)<\/li>\n<li>Tirant d&rsquo;eau aux \u00e9tais : 0,64 m (2ft 1 in)<\/li>\n<li>Poids (sans les moteurs) : 900 kg (1785 lbs)<\/li>\n<li>Passagers : 8 personnes<\/li>\n<li>Capacit\u00e9 de carburant : 205 l<\/li>\n<li>Construction: HMWPE<\/li>\n<li>Classification : C &#8211; c\u00f4ti\u00e8re<\/li>\n<li>Vitesse maximale : 35 \u2013 40 nd<\/li>\n<li>Moteurs hors-bord : 180 \u2013 250 kg<\/li>\n<li>Consommation en vitesse croisi\u00e8re : 1 l \/ nm (180 ch @ 25 noeuds)<\/li>\n<li>Conception de la coque : V propre de 23 degr\u00e9s \u00ab\u00a0Coque d&rsquo;entr\u00e9e pointue\u00a0\u00bb.<\/li>\n<\/ul>\t\t\t\t\t\t\t\t<\/div>\n\t\t\t\t<div class=\"elementor-element elementor-element-92f6c1f elementor-widget elementor-widget-text-editor\" data-id=\"92f6c1f\" data-element_type=\"widget\" data-e-type=\"widget\" data-widget_type=\"text-editor.default\">\n\t\t\t\t\t\t\t\t\t<p><em>Les sp\u00e9cifications peuvent \u00eatre modifi\u00e9es sans pr\u00e9avis.<\/em><\/p>\t\t\t\t\t\t\t\t<\/div>\n\t\t\t\t<\/div>\n\t\t<div class=\"elementor-element elementor-element-6f30a554 e-con-full e-flex e-con e-child\" data-id=\"6f30a554\" data-element_type=\"container\" data-e-type=\"container\">\n\t\t\t\t<div class=\"elementor-element elementor-element-45d43470 elementor-widget elementor-widget-image\" data-id=\"45d43470\" data-element_type=\"widget\" data-e-type=\"widget\" data-widget_type=\"image.default\">\n\t\t\t\t\t\t\t\t\t\t\t\t\t\t\t<img decoding=\"async\" width=\"400\" height=\"250\" src=\"https:\/\/arcticboats.eu\/wp-content\/uploads\/2023\/12\/A23-3D.png\" class=\"attachment-large size-large wp-image-3501\" alt=\"\" srcset=\"https:\/\/arcticboats.eu\/wp-content\/uploads\/2023\/12\/A23-3D.png 400w, https:\/\/arcticboats.eu\/wp-content\/uploads\/2023\/12\/A23-3D-300x188.png 300w\" sizes=\"(max-width: 400px) 100vw, 400px\" \/>\t\t\t\t\t\t\t\t\t\t\t\t\t\t\t<\/div>\n\t\t\t\t<\/div>\n\t\t\t\t\t<\/div>\n\t\t\t\t<\/div>\n\t\t<div class=\"elementor-element elementor-element-1db05ac e-flex e-con-boxed e-con e-parent\" data-id=\"1db05ac\" data-element_type=\"container\" data-e-type=\"container\">\n\t\t\t\t\t<div class=\"e-con-inner\">\n\t\t\t\t<div class=\"elementor-element elementor-element-5e59692a gallery-spacing-custom elementor-widget elementor-widget-image-gallery\" data-id=\"5e59692a\" data-element_type=\"widget\" data-e-type=\"widget\" data-widget_type=\"image-gallery.default\">\n\t\t\t\t\t\t\t<div class=\"elementor-image-gallery\">\n\t\t\t<div id='gallery-1' class='gallery galleryid-3495 gallery-columns-4 gallery-size-thumbnail'><figure class='gallery-item'>\n\t\t\t<div class='gallery-icon landscape'>\n\t\t\t\t<a data-elementor-open-lightbox=\"yes\" data-elementor-lightbox-slideshow=\"5e59692a\" data-e-action-hash=\"#elementor-action%3Aaction%3Dlightbox%26settings%3DeyJpZCI6MzUwMywidXJsIjoiaHR0cHM6XC9cL2FyY3RpY2JvYXRzLmV1XC93cC1jb250ZW50XC91cGxvYWRzXC8yMDIzXC8xMlwvSExNYXJpbmUtcG9saXNiYXRhci03My5qcGciLCJzbGlkZXNob3ciOiI1ZTU5NjkyYSJ9\" href='https:\/\/arcticboats.eu\/wp-content\/uploads\/2023\/12\/HLMarine-polisbatar-73.jpg'><img loading=\"lazy\" decoding=\"async\" width=\"150\" height=\"150\" src=\"https:\/\/arcticboats.eu\/wp-content\/uploads\/2023\/12\/HLMarine-polisbatar-73-150x150.jpg\" class=\"attachment-thumbnail size-thumbnail\" alt=\"\" \/><\/a>\n\t\t\t<\/div><\/figure><figure class='gallery-item'>\n\t\t\t<div class='gallery-icon landscape'>\n\t\t\t\t<a data-elementor-open-lightbox=\"yes\" data-elementor-lightbox-slideshow=\"5e59692a\" data-e-action-hash=\"#elementor-action%3Aaction%3Dlightbox%26settings%3DeyJpZCI6MzUwNCwidXJsIjoiaHR0cHM6XC9cL2FyY3RpY2JvYXRzLmV1XC93cC1jb250ZW50XC91cGxvYWRzXC8yMDIzXC8xMlwvSExNYXJpbmUtcG9saXNiYXRhci04MC5qcGciLCJzbGlkZXNob3ciOiI1ZTU5NjkyYSJ9\" href='https:\/\/arcticboats.eu\/wp-content\/uploads\/2023\/12\/HLMarine-polisbatar-80.jpg'><img loading=\"lazy\" decoding=\"async\" width=\"150\" height=\"150\" src=\"https:\/\/arcticboats.eu\/wp-content\/uploads\/2023\/12\/HLMarine-polisbatar-80-150x150.jpg\" class=\"attachment-thumbnail size-thumbnail\" alt=\"\" \/><\/a>\n\t\t\t<\/div><\/figure><figure class='gallery-item'>\n\t\t\t<div class='gallery-icon landscape'>\n\t\t\t\t<a data-elementor-open-lightbox=\"yes\" data-elementor-lightbox-slideshow=\"5e59692a\" data-e-action-hash=\"#elementor-action%3Aaction%3Dlightbox%26settings%3DeyJpZCI6MzUwNiwidXJsIjoiaHR0cHM6XC9cL2FyY3RpY2JvYXRzLmV1XC93cC1jb250ZW50XC91cGxvYWRzXC8yMDIzXC8xMlwvUG9saXNiYXRhci0xOS5qcGciLCJzbGlkZXNob3ciOiI1ZTU5NjkyYSJ9\" href='https:\/\/arcticboats.eu\/wp-content\/uploads\/2023\/12\/Polisbatar-19.jpg'><img loading=\"lazy\" decoding=\"async\" width=\"150\" height=\"150\" src=\"https:\/\/arcticboats.eu\/wp-content\/uploads\/2023\/12\/Polisbatar-19-150x150.jpg\" class=\"attachment-thumbnail size-thumbnail\" alt=\"\" \/><\/a>\n\t\t\t<\/div><\/figure><figure class='gallery-item'>\n\t\t\t<div class='gallery-icon landscape'>\n\t\t\t\t<a data-elementor-open-lightbox=\"yes\" data-elementor-lightbox-slideshow=\"5e59692a\" data-e-action-hash=\"#elementor-action%3Aaction%3Dlightbox%26settings%3DeyJpZCI6MzUwMiwidXJsIjoiaHR0cHM6XC9cL2FyY3RpY2JvYXRzLmV1XC93cC1jb250ZW50XC91cGxvYWRzXC8yMDIzXC8xMlwvQTIzLWluc3RydW1lbnQtcGFuZWwuanBnIiwic2xpZGVzaG93IjoiNWU1OTY5MmEifQ%3D%3D\" href='https:\/\/arcticboats.eu\/wp-content\/uploads\/2023\/12\/A23-instrument-panel.jpg'><img loading=\"lazy\" decoding=\"async\" width=\"150\" height=\"150\" src=\"https:\/\/arcticboats.eu\/wp-content\/uploads\/2023\/12\/A23-instrument-panel-150x150.jpg\" class=\"attachment-thumbnail size-thumbnail\" alt=\"\" \/><\/a>\n\t\t\t<\/div><\/figure><figure class='gallery-item'>\n\t\t\t<div class='gallery-icon landscape'>\n\t\t\t\t<a data-elementor-open-lightbox=\"yes\" data-elementor-lightbox-slideshow=\"5e59692a\" data-e-action-hash=\"#elementor-action%3Aaction%3Dlightbox%26settings%3DeyJpZCI6MzUwNywidXJsIjoiaHR0cHM6XC9cL2FyY3RpY2JvYXRzLmV1XC93cC1jb250ZW50XC91cGxvYWRzXC8yMDIzXC8xMlwvUmFkYXJhbnRlbm4uanBnIiwic2xpZGVzaG93IjoiNWU1OTY5MmEifQ%3D%3D\" href='https:\/\/arcticboats.eu\/wp-content\/uploads\/2023\/12\/Radarantenn.jpg'><img loading=\"lazy\" decoding=\"async\" width=\"150\" height=\"150\" src=\"https:\/\/arcticboats.eu\/wp-content\/uploads\/2023\/12\/Radarantenn-150x150.jpg\" class=\"attachment-thumbnail size-thumbnail\" alt=\"\" \/><\/a>\n\t\t\t<\/div><\/figure><figure class='gallery-item'>\n\t\t\t<div class='gallery-icon landscape'>\n\t\t\t\t<a data-elementor-open-lightbox=\"yes\" data-elementor-lightbox-slideshow=\"5e59692a\" data-e-action-hash=\"#elementor-action%3Aaction%3Dlightbox%26settings%3DeyJpZCI6MzUwNSwidXJsIjoiaHR0cHM6XC9cL2FyY3RpY2JvYXRzLmV1XC93cC1jb250ZW50XC91cGxvYWRzXC8yMDIzXC8xMlwvSFAxLTI4NzUuanBnIiwic2xpZGVzaG93IjoiNWU1OTY5MmEifQ%3D%3D\" href='https:\/\/arcticboats.eu\/wp-content\/uploads\/2023\/12\/HP1-2875.jpg'><img loading=\"lazy\" decoding=\"async\" width=\"150\" height=\"150\" src=\"https:\/\/arcticboats.eu\/wp-content\/uploads\/2023\/12\/HP1-2875-150x150.jpg\" class=\"attachment-thumbnail size-thumbnail\" alt=\"\" \/><\/a>\n\t\t\t<\/div><\/figure>\n\t\t<\/div>\n\t\t<\/div>\n\t\t\t\t\t\t<\/div>\n\t\t\t\t\t<\/div>\n\t\t\t\t<\/div>\n\t\t\t\t<\/div>\n\t\t","protected":false},"excerpt":{"rendered":"<p>ARCTIC 23 BATEAU DE PATROUILLE D\u00e9velopp\u00e9 \u00e0 partir du mod\u00e8le Panther 22, la coque allong\u00e9e de l\u2019Arctic P 23 offre une plus grande capacit\u00e9 de chargement et permet d\u2019embarquer en plus grand nombre \u00e9quipage et \u00e9quipement afin d\u2019optimiser les performances des op\u00e9rations de r\u00e9cup\u00e9ration des nappes d\u2019hydrocarbures. Le mat\u00e9riau utilis\u00e9 dans nos bateaux est le [&hellip;]<\/p>\n","protected":false},"author":3,"featured_media":0,"parent":3567,"menu_order":0,"comment_status":"closed","ping_status":"closed","template":"","meta":{"_seopress_robots_primary_cat":"","_seopress_titles_title":"Arctic 23 - Arctic Airboats Oy","_seopress_titles_desc":"","_seopress_robots_index":"","footnotes":""},"class_list":["post-3495","page","type-page","status-publish","hentry"],"_links":{"self":[{"href":"https:\/\/arcticboats.eu\/fr\/wp-json\/wp\/v2\/pages\/3495","targetHints":{"allow":["GET"]}}],"collection":[{"href":"https:\/\/arcticboats.eu\/fr\/wp-json\/wp\/v2\/pages"}],"about":[{"href":"https:\/\/arcticboats.eu\/fr\/wp-json\/wp\/v2\/types\/page"}],"author":[{"embeddable":true,"href":"https:\/\/arcticboats.eu\/fr\/wp-json\/wp\/v2\/users\/3"}],"replies":[{"embeddable":true,"href":"https:\/\/arcticboats.eu\/fr\/wp-json\/wp\/v2\/comments?post=3495"}],"version-history":[{"count":2,"href":"https:\/\/arcticboats.eu\/fr\/wp-json\/wp\/v2\/pages\/3495\/revisions"}],"predecessor-version":[{"id":13873,"href":"https:\/\/arcticboats.eu\/fr\/wp-json\/wp\/v2\/pages\/3495\/revisions\/13873"}],"up":[{"embeddable":true,"href":"https:\/\/arcticboats.eu\/fr\/wp-json\/wp\/v2\/pages\/3567"}],"wp:attachment":[{"href":"https:\/\/arcticboats.eu\/fr\/wp-json\/wp\/v2\/media?parent=3495"}],"curies":[{"name":"wp","href":"https:\/\/api.w.org\/{rel}","templated":true}]}}