{"id":3458,"date":"2023-12-06T14:28:39","date_gmt":"2023-12-06T11:28:39","guid":{"rendered":"https:\/\/arcticboats.eu\/arctic-28-responder\/"},"modified":"2025-07-29T12:33:26","modified_gmt":"2025-07-29T09:33:26","slug":"arctic-28-responder","status":"publish","type":"page","link":"https:\/\/arcticboats.eu\/fr\/bateaux\/arctic-28-responder\/","title":{"rendered":"Arctic 28 responder"},"content":{"rendered":"\t\t<div data-elementor-type=\"wp-page\" data-elementor-id=\"3458\" class=\"elementor elementor-3458 elementor-2779\">\n\t\t\t\t<div class=\"elementor-element elementor-element-dfbc76a e-con-full e-flex e-con e-parent\" data-id=\"dfbc76a\" data-element_type=\"container\" data-e-type=\"container\">\n\t\t\t\t<div class=\"elementor-element elementor-element-57e60e8 elementor-widget elementor-widget-shortcode\" data-id=\"57e60e8\" data-element_type=\"widget\" data-e-type=\"widget\" data-widget_type=\"shortcode.default\">\n\t\t\t\t\t\t\t<div class=\"elementor-shortcode\"><\/div>\n\t\t\t\t\t\t<\/div>\n\t\t\t\t<\/div>\n\t\t<div class=\"elementor-element elementor-element-5fb018d4 e-flex e-con-boxed e-con e-parent\" data-id=\"5fb018d4\" data-element_type=\"container\" data-e-type=\"container\">\n\t\t\t\t\t<div class=\"e-con-inner\">\n\t\t\t\t<div class=\"elementor-element elementor-element-d81009 elementor-widget elementor-widget-heading\" data-id=\"d81009\" data-element_type=\"widget\" data-e-type=\"widget\" data-widget_type=\"heading.default\">\n\t\t\t\t\t<h1 class=\"elementor-heading-title elementor-size-default\">Arctic 28 responder<\/h1>\t\t\t\t<\/div>\n\t\t\t\t\t<\/div>\n\t\t\t\t<\/div>\n\t\t<div class=\"elementor-element elementor-element-45d7e0e8 e-flex e-con-boxed e-con e-parent\" data-id=\"45d7e0e8\" data-element_type=\"container\" data-e-type=\"container\">\n\t\t\t\t\t<div class=\"e-con-inner\">\n\t\t<div class=\"elementor-element elementor-element-4c7b56f8 e-con-full e-flex e-con e-child\" data-id=\"4c7b56f8\" data-element_type=\"container\" data-e-type=\"container\">\n\t\t\t\t<div class=\"elementor-element elementor-element-fb836f9 elementor-widget elementor-widget-image\" data-id=\"fb836f9\" data-element_type=\"widget\" data-e-type=\"widget\" data-widget_type=\"image.default\">\n\t\t\t\t\t\t\t\t\t\t\t\t\t\t\t<img fetchpriority=\"high\" decoding=\"async\" width=\"800\" height=\"488\" src=\"https:\/\/arcticboats.eu\/wp-content\/uploads\/2025\/07\/Arctic-Responder-1024x625.jpg\" class=\"attachment-large size-large wp-image-13978\" alt=\"boat on the sea\" srcset=\"https:\/\/arcticboats.eu\/wp-content\/uploads\/2025\/07\/Arctic-Responder-1024x625.jpg 1024w, https:\/\/arcticboats.eu\/wp-content\/uploads\/2025\/07\/Arctic-Responder-300x183.jpg 300w, https:\/\/arcticboats.eu\/wp-content\/uploads\/2025\/07\/Arctic-Responder-768x468.jpg 768w, https:\/\/arcticboats.eu\/wp-content\/uploads\/2025\/07\/Arctic-Responder-1536x937.jpg 1536w, https:\/\/arcticboats.eu\/wp-content\/uploads\/2025\/07\/Arctic-Responder-2048x1249.jpg 2048w\" sizes=\"(max-width: 800px) 100vw, 800px\" \/>\t\t\t\t\t\t\t\t\t\t\t\t\t\t\t<\/div>\n\t\t\t\t<\/div>\n\t\t<div class=\"elementor-element elementor-element-52d98709 e-con-full e-flex e-con e-child\" data-id=\"52d98709\" data-element_type=\"container\" data-e-type=\"container\">\n\t\t\t\t<div class=\"elementor-element elementor-element-3a8c574e elementor-widget elementor-widget-text-editor\" data-id=\"3a8c574e\" data-element_type=\"widget\" data-e-type=\"widget\" data-widget_type=\"text-editor.default\">\n\t\t\t\t\t\t\t\t\t<p>Ce bateau peut \u00eatre utilis\u00e9 comme patrouilleur militaire ou pour des excursions d&rsquo;aventure dans des conditions difficiles. La s\u00e9curit\u00e9 de l&rsquo;\u00e9quipage est notre principale pr\u00e9occupation, c&rsquo;est pourquoi le bateau est insubmersible et extr\u00eamement marin.<\/p>\n<p>Le mat\u00e9riau utilis\u00e9 dans nos bateaux est le PE-HMW (Poly\u00e9thyl\u00e8ne \u00e0 Haut Poids Mol\u00e9culaire), un polym\u00e8re durable. La r\u00e9sistance \u00e0 l&rsquo;abrasion de ce mat\u00e9riau est sup\u00e9rieure et convient \u00e0 un usage intensif ainsi qu&rsquo;\u00e0 la r\u00e9cup\u00e9ration des nappes de p\u00e9trole.  Les caract\u00e9ristiques de tenue de mer de nos bateaux ressemblent \u00e0 celles des bateaux \u00e0 coque rigide.<\/p>\n<p>L&rsquo;int\u00e9rieur du bateau est spacieux gr\u00e2ce aux d\u00e9fenses en forme de D. Contrairement aux bateaux RIB, les pontons du bateau RBB (Rigid Boyancy Boat) ne se rel\u00e2chent jamais et ne s&rsquo;aplatissent jamais, ce qui rend le bateau s\u00fbr et r\u00e9sistant. Le co\u00fbt du cycle de vie du bateau RBB est tr\u00e8s faible par rapport \u00e0 d&rsquo;autres types de bateaux, en raison de la r\u00e9duction des besoins de r\u00e9paration et de r\u00e9vision.  <\/p>\n<p>Ce bateau est \u00e9quip\u00e9 d&rsquo;une console sandwich Divinycell en PRV qui peut \u00eatre adapt\u00e9e \u00e0 vos besoins. Il y a de la place pour des toilettes ou beaucoup d&rsquo;espace de rangement. <\/p>\t\t\t\t\t\t\t\t<\/div>\n\t\t\t\t<\/div>\n\t\t\t\t\t<\/div>\n\t\t\t\t<\/div>\n\t\t<div class=\"elementor-element elementor-element-531298a2 e-flex e-con-boxed e-con e-parent\" data-id=\"531298a2\" data-element_type=\"container\" data-e-type=\"container\">\n\t\t\t\t\t<div class=\"e-con-inner\">\n\t\t\t\t<div class=\"elementor-element elementor-element-110fa2ae elementor-widget elementor-widget-heading\" data-id=\"110fa2ae\" data-element_type=\"widget\" data-e-type=\"widget\" data-widget_type=\"heading.default\">\n\t\t\t\t\t<h2 class=\"elementor-heading-title elementor-size-default\">Equipement<\/h2>\t\t\t\t<\/div>\n\t\t\t\t<div class=\"elementor-element elementor-element-2981d251 elementor-widget elementor-widget-text-editor\" data-id=\"2981d251\" data-element_type=\"widget\" data-e-type=\"widget\" data-widget_type=\"text-editor.default\">\n\t\t\t\t\t\t\t\t\t<ul><li>Servo de direction<\/li><li>Radar<\/li><li>2x traceur<\/li><li>\u00c9cho-sondeur 3D<\/li><li>AIS<\/li><li>VHF<\/li><li>Toilettes<\/li><\/ul>\t\t\t\t\t\t\t\t<\/div>\n\t\t\t\t\t<\/div>\n\t\t\t\t<\/div>\n\t\t<div class=\"elementor-element elementor-element-347cc238 e-flex e-con-boxed e-con e-parent\" data-id=\"347cc238\" data-element_type=\"container\" data-e-type=\"container\" data-settings=\"{&quot;background_background&quot;:&quot;classic&quot;}\">\n\t\t\t\t\t<div class=\"e-con-inner\">\n\t\t<div class=\"elementor-element elementor-element-61328c9d e-con-full e-flex e-con e-child\" data-id=\"61328c9d\" data-element_type=\"container\" data-e-type=\"container\">\n\t\t\t\t<div class=\"elementor-element elementor-element-3e3166a8 elementor-widget elementor-widget-heading\" data-id=\"3e3166a8\" data-element_type=\"widget\" data-e-type=\"widget\" data-widget_type=\"heading.default\">\n\t\t\t\t\t<h2 class=\"elementor-heading-title elementor-size-default\">Sp\u00e9cifications techniques<\/h2>\t\t\t\t<\/div>\n\t\t\t\t<div class=\"elementor-element elementor-element-8f5841 elementor-widget elementor-widget-text-editor\" data-id=\"8f5841\" data-element_type=\"widget\" data-e-type=\"widget\" data-widget_type=\"text-editor.default\">\n\t\t\t\t\t\t\t\t\t<ul>\n<li>Longueur totale : 8,9 m (28 ft)<\/li>\n<li>Largeur : 2,6 \/ 3,1 m<\/li>\n<li>Tirant d&rsquo;eau aux \u00e9tais : 0,64 m<\/li>\n<li>Poids : 2500 kg<\/li>\n<li>Capacit\u00e9 : 18 personnes<\/li>\n<li>Capacit\u00e9 de carburant : 560 L<\/li>\n<li>Construction : PE-HMW<\/li>\n<li>Classification : B &#8211; OFFSHORE<\/li>\n<li>Vitesse maximale : 50 kts<\/li>\n<li>Moteurs hors-bord : 2\u00d7175-250 ch<\/li>\n<\/ul>\t\t\t\t\t\t\t\t<\/div>\n\t\t\t\t<div class=\"elementor-element elementor-element-41c27f51 elementor-widget elementor-widget-text-editor\" data-id=\"41c27f51\" data-element_type=\"widget\" data-e-type=\"widget\" data-widget_type=\"text-editor.default\">\n\t\t\t\t\t\t\t\t\t<p><em>Les sp\u00e9cifications peuvent \u00eatre modifi\u00e9es sans pr\u00e9avis.<\/em><\/p>\t\t\t\t\t\t\t\t<\/div>\n\t\t\t\t<\/div>\n\t\t<div class=\"elementor-element elementor-element-1586c9b8 e-con-full e-flex e-con e-child\" data-id=\"1586c9b8\" data-element_type=\"container\" data-e-type=\"container\">\n\t\t\t\t<div class=\"elementor-element elementor-element-519bb0ff elementor-widget elementor-widget-image\" data-id=\"519bb0ff\" data-element_type=\"widget\" data-e-type=\"widget\" data-widget_type=\"image.default\">\n\t\t\t\t\t\t\t\t\t\t\t\t\t\t\t<img decoding=\"async\" width=\"399\" height=\"270\" src=\"https:\/\/arcticboats.eu\/wp-content\/uploads\/2023\/12\/A28responder-3D-snipped.png\" class=\"attachment-large size-large wp-image-3469\" alt=\"\" srcset=\"https:\/\/arcticboats.eu\/wp-content\/uploads\/2023\/12\/A28responder-3D-snipped.png 399w, https:\/\/arcticboats.eu\/wp-content\/uploads\/2023\/12\/A28responder-3D-snipped-300x203.png 300w\" sizes=\"(max-width: 399px) 100vw, 399px\" \/>\t\t\t\t\t\t\t\t\t\t\t\t\t\t\t<\/div>\n\t\t\t\t<\/div>\n\t\t\t\t\t<\/div>\n\t\t\t\t<\/div>\n\t\t<div class=\"elementor-element elementor-element-14aef11b e-flex e-con-boxed e-con e-parent\" data-id=\"14aef11b\" data-element_type=\"container\" data-e-type=\"container\">\n\t\t\t\t\t<div class=\"e-con-inner\">\n\t\t\t\t<div class=\"elementor-element elementor-element-636f6a77 gallery-spacing-custom elementor-widget elementor-widget-image-gallery\" data-id=\"636f6a77\" data-element_type=\"widget\" data-e-type=\"widget\" data-widget_type=\"image-gallery.default\">\n\t\t\t\t\t\t\t<div class=\"elementor-image-gallery\">\n\t\t\t<div id='gallery-1' class='gallery galleryid-3458 gallery-columns-4 gallery-size-thumbnail'><figure class='gallery-item'>\n\t\t\t<div class='gallery-icon landscape'>\n\t\t\t\t<a data-elementor-open-lightbox=\"yes\" data-elementor-lightbox-slideshow=\"636f6a77\" data-e-action-hash=\"#elementor-action%3Aaction%3Dlightbox%26settings%3DeyJpZCI6MTM5ODQsInVybCI6Imh0dHBzOlwvXC9hcmN0aWNib2F0cy5ldVwvd3AtY29udGVudFwvdXBsb2Fkc1wvMjAyNVwvMDdcL2FyY3RpY2JvYXQxLjE4NC5qcGciLCJzbGlkZXNob3ciOiI2MzZmNmE3NyJ9\" href='https:\/\/arcticboats.eu\/wp-content\/uploads\/2025\/07\/arcticboat1.184.jpg'><img decoding=\"async\" width=\"150\" height=\"150\" src=\"https:\/\/arcticboats.eu\/wp-content\/uploads\/2025\/07\/arcticboat1.184-150x150.jpg\" class=\"attachment-thumbnail size-thumbnail\" alt=\"boat on the sea\" \/><\/a>\n\t\t\t<\/div><\/figure><figure class='gallery-item'>\n\t\t\t<div class='gallery-icon landscape'>\n\t\t\t\t<a data-elementor-open-lightbox=\"yes\" data-elementor-lightbox-slideshow=\"636f6a77\" data-e-action-hash=\"#elementor-action%3Aaction%3Dlightbox%26settings%3DeyJpZCI6MTM5NzgsInVybCI6Imh0dHBzOlwvXC9hcmN0aWNib2F0cy5ldVwvd3AtY29udGVudFwvdXBsb2Fkc1wvMjAyNVwvMDdcL0FyY3RpYy1SZXNwb25kZXItc2NhbGVkLmpwZyIsInNsaWRlc2hvdyI6IjYzNmY2YTc3In0%3D\" href='https:\/\/arcticboats.eu\/wp-content\/uploads\/2025\/07\/Arctic-Responder-scaled.jpg'><img loading=\"lazy\" decoding=\"async\" width=\"150\" height=\"150\" src=\"https:\/\/arcticboats.eu\/wp-content\/uploads\/2025\/07\/Arctic-Responder-150x150.jpg\" class=\"attachment-thumbnail size-thumbnail\" alt=\"boat on the sea\" \/><\/a>\n\t\t\t<\/div><\/figure><figure class='gallery-item'>\n\t\t\t<div class='gallery-icon landscape'>\n\t\t\t\t<a data-elementor-open-lightbox=\"yes\" data-elementor-lightbox-slideshow=\"636f6a77\" data-e-action-hash=\"#elementor-action%3Aaction%3Dlightbox%26settings%3DeyJpZCI6MzQ3MiwidXJsIjoiaHR0cHM6XC9cL2FyY3RpY2JvYXRzLmV1XC93cC1jb250ZW50XC91cGxvYWRzXC8yMDIzXC8xMlwvQTI4cmVzcG9uZGVyLXNuaXBwZWQtMi5qcGciLCJzbGlkZXNob3ciOiI2MzZmNmE3NyJ9\" href='https:\/\/arcticboats.eu\/wp-content\/uploads\/2023\/12\/A28responder-snipped-2.jpg'><img loading=\"lazy\" decoding=\"async\" width=\"150\" height=\"150\" src=\"https:\/\/arcticboats.eu\/wp-content\/uploads\/2023\/12\/A28responder-snipped-2-150x150.jpg\" class=\"attachment-thumbnail size-thumbnail\" alt=\"\" \/><\/a>\n\t\t\t<\/div><\/figure><figure class='gallery-item'>\n\t\t\t<div class='gallery-icon landscape'>\n\t\t\t\t<a data-elementor-open-lightbox=\"yes\" data-elementor-lightbox-slideshow=\"636f6a77\" data-e-action-hash=\"#elementor-action%3Aaction%3Dlightbox%26settings%3DeyJpZCI6MTM5ODEsInVybCI6Imh0dHBzOlwvXC9hcmN0aWNib2F0cy5ldVwvd3AtY29udGVudFwvdXBsb2Fkc1wvMjAyNVwvMDdcL0FyY3RpYy1SZXNwb25kZXItMjgtZnQuanBnIiwic2xpZGVzaG93IjoiNjM2ZjZhNzcifQ%3D%3D\" href='https:\/\/arcticboats.eu\/wp-content\/uploads\/2025\/07\/Arctic-Responder-28-ft.jpg'><img loading=\"lazy\" decoding=\"async\" width=\"150\" height=\"150\" src=\"https:\/\/arcticboats.eu\/wp-content\/uploads\/2025\/07\/Arctic-Responder-28-ft-150x150.jpg\" class=\"attachment-thumbnail size-thumbnail\" alt=\"boat on the sea icy rocks in the background\" \/><\/a>\n\t\t\t<\/div><\/figure><figure class='gallery-item'>\n\t\t\t<div class='gallery-icon landscape'>\n\t\t\t\t<a data-elementor-open-lightbox=\"yes\" data-elementor-lightbox-slideshow=\"636f6a77\" data-e-action-hash=\"#elementor-action%3Aaction%3Dlightbox%26settings%3DeyJpZCI6MzQ2NywidXJsIjoiaHR0cHM6XC9cL2FyY3RpY2JvYXRzLmV1XC93cC1jb250ZW50XC91cGxvYWRzXC8yMDIzXC8xMlwvQTI4cmVzcG9uZGVyLTNELXNuaXBwZWQtMi5qcGciLCJzbGlkZXNob3ciOiI2MzZmNmE3NyJ9\" href='https:\/\/arcticboats.eu\/wp-content\/uploads\/2023\/12\/A28responder-3D-snipped-2.jpg'><img loading=\"lazy\" decoding=\"async\" width=\"150\" height=\"150\" src=\"https:\/\/arcticboats.eu\/wp-content\/uploads\/2023\/12\/A28responder-3D-snipped-2-150x150.jpg\" class=\"attachment-thumbnail size-thumbnail\" alt=\"\" \/><\/a>\n\t\t\t<\/div><\/figure>\n\t\t<\/div>\n\t\t<\/div>\n\t\t\t\t\t\t<\/div>\n\t\t\t\t\t<\/div>\n\t\t\t\t<\/div>\n\t\t\t\t<\/div>\n\t\t","protected":false},"excerpt":{"rendered":"<p>Arctic 28 responder Ce bateau peut \u00eatre utilis\u00e9 comme patrouilleur militaire ou pour des excursions d&rsquo;aventure dans des conditions difficiles. La s\u00e9curit\u00e9 de l&rsquo;\u00e9quipage est notre principale pr\u00e9occupation, c&rsquo;est pourquoi le bateau est insubmersible et extr\u00eamement marin. Le mat\u00e9riau utilis\u00e9 dans nos bateaux est le PE-HMW (Poly\u00e9thyl\u00e8ne \u00e0 Haut Poids Mol\u00e9culaire), un polym\u00e8re durable. La [&hellip;]<\/p>\n","protected":false},"author":3,"featured_media":0,"parent":3567,"menu_order":0,"comment_status":"closed","ping_status":"closed","template":"","meta":{"_seopress_robots_primary_cat":"","_seopress_titles_title":"Arctic 28 responder - Arctic Airboats Oy","_seopress_titles_desc":"","_seopress_robots_index":"","footnotes":""},"class_list":["post-3458","page","type-page","status-publish","hentry"],"_links":{"self":[{"href":"https:\/\/arcticboats.eu\/fr\/wp-json\/wp\/v2\/pages\/3458","targetHints":{"allow":["GET"]}}],"collection":[{"href":"https:\/\/arcticboats.eu\/fr\/wp-json\/wp\/v2\/pages"}],"about":[{"href":"https:\/\/arcticboats.eu\/fr\/wp-json\/wp\/v2\/types\/page"}],"author":[{"embeddable":true,"href":"https:\/\/arcticboats.eu\/fr\/wp-json\/wp\/v2\/users\/3"}],"replies":[{"embeddable":true,"href":"https:\/\/arcticboats.eu\/fr\/wp-json\/wp\/v2\/comments?post=3458"}],"version-history":[{"count":2,"href":"https:\/\/arcticboats.eu\/fr\/wp-json\/wp\/v2\/pages\/3458\/revisions"}],"predecessor-version":[{"id":13998,"href":"https:\/\/arcticboats.eu\/fr\/wp-json\/wp\/v2\/pages\/3458\/revisions\/13998"}],"up":[{"embeddable":true,"href":"https:\/\/arcticboats.eu\/fr\/wp-json\/wp\/v2\/pages\/3567"}],"wp:attachment":[{"href":"https:\/\/arcticboats.eu\/fr\/wp-json\/wp\/v2\/media?parent=3458"}],"curies":[{"name":"wp","href":"https:\/\/api.w.org\/{rel}","templated":true}]}}