{"id":3457,"date":"2023-12-06T13:08:59","date_gmt":"2023-12-06T10:08:59","guid":{"rendered":"https:\/\/arcticboats.eu\/arctic-a-28\/"},"modified":"2025-07-29T11:03:49","modified_gmt":"2025-07-29T08:03:49","slug":"arctic-a-28","status":"publish","type":"page","link":"https:\/\/arcticboats.eu\/fr\/bateaux\/arctic-a-28\/","title":{"rendered":"Arctic A 28"},"content":{"rendered":"\t\t<div data-elementor-type=\"wp-page\" data-elementor-id=\"3457\" class=\"elementor elementor-3457 elementor-2714\">\n\t\t\t\t<div class=\"elementor-element elementor-element-7bbcd0c e-con-full e-flex e-con e-parent\" data-id=\"7bbcd0c\" data-element_type=\"container\" data-e-type=\"container\">\n\t\t\t\t<div class=\"elementor-element elementor-element-fa42a26 elementor-widget elementor-widget-shortcode\" data-id=\"fa42a26\" data-element_type=\"widget\" data-e-type=\"widget\" data-widget_type=\"shortcode.default\">\n\t\t\t\t\t\t\t<div class=\"elementor-shortcode\"><\/div>\n\t\t\t\t\t\t<\/div>\n\t\t\t\t<\/div>\n\t\t<div class=\"elementor-element elementor-element-322a09d6 e-flex e-con-boxed e-con e-parent\" data-id=\"322a09d6\" data-element_type=\"container\" data-e-type=\"container\">\n\t\t\t\t\t<div class=\"e-con-inner\">\n\t\t\t\t<div class=\"elementor-element elementor-element-2e27bac8 elementor-widget elementor-widget-heading\" data-id=\"2e27bac8\" data-element_type=\"widget\" data-e-type=\"widget\" data-widget_type=\"heading.default\">\n\t\t\t\t\t<h1 class=\"elementor-heading-title elementor-size-default\">Arctique 28 SAR<\/h1>\t\t\t\t<\/div>\n\t\t\t\t<div class=\"elementor-element elementor-element-deef8f7 elementor-widget elementor-widget-heading\" data-id=\"deef8f7\" data-element_type=\"widget\" data-e-type=\"widget\" data-widget_type=\"heading.default\">\n\t\t\t\t\t<h2 class=\"elementor-heading-title elementor-size-default\">Patrouilleur<\/h2>\t\t\t\t<\/div>\n\t\t\t\t\t<\/div>\n\t\t\t\t<\/div>\n\t\t<div class=\"elementor-element elementor-element-3e58eba7 e-flex e-con-boxed e-con e-parent\" data-id=\"3e58eba7\" data-element_type=\"container\" data-e-type=\"container\">\n\t\t\t\t\t<div class=\"e-con-inner\">\n\t\t<div class=\"elementor-element elementor-element-483b43b4 e-con-full e-flex e-con e-child\" data-id=\"483b43b4\" data-element_type=\"container\" data-e-type=\"container\">\n\t\t\t\t<div class=\"elementor-element elementor-element-7b076c4d elementor-widget elementor-widget-image\" data-id=\"7b076c4d\" data-element_type=\"widget\" data-e-type=\"widget\" data-widget_type=\"image.default\">\n\t\t\t\t\t\t\t\t\t\t\t\t\t\t\t<img fetchpriority=\"high\" decoding=\"async\" width=\"1920\" height=\"500\" src=\"https:\/\/arcticboats.eu\/wp-content\/uploads\/2023\/12\/HomepageP28.jpg\" class=\"attachment-full size-full wp-image-3466\" alt=\"\" srcset=\"https:\/\/arcticboats.eu\/wp-content\/uploads\/2023\/12\/HomepageP28.jpg 1920w, https:\/\/arcticboats.eu\/wp-content\/uploads\/2023\/12\/HomepageP28-300x78.jpg 300w, https:\/\/arcticboats.eu\/wp-content\/uploads\/2023\/12\/HomepageP28-1024x267.jpg 1024w, https:\/\/arcticboats.eu\/wp-content\/uploads\/2023\/12\/HomepageP28-768x200.jpg 768w, https:\/\/arcticboats.eu\/wp-content\/uploads\/2023\/12\/HomepageP28-1536x400.jpg 1536w\" sizes=\"(max-width: 1920px) 100vw, 1920px\" \/>\t\t\t\t\t\t\t\t\t\t\t\t\t\t\t<\/div>\n\t\t\t\t<\/div>\n\t\t<div class=\"elementor-element elementor-element-242e72cf e-con-full e-flex e-con e-child\" data-id=\"242e72cf\" data-element_type=\"container\" data-e-type=\"container\">\n\t\t\t\t<div class=\"elementor-element elementor-element-2e6712e1 elementor-widget elementor-widget-text-editor\" data-id=\"2e6712e1\" data-element_type=\"widget\" data-e-type=\"widget\" data-widget_type=\"text-editor.default\">\n\t\t\t\t\t\t\t\t\t<p>L&rsquo;A28 est construit sur une coque polyvalente qui peut \u00eatre adapt\u00e9e \u00e0 tous les besoins, qu&rsquo;il s&rsquo;agisse d&rsquo;une annexe de luxe, d&rsquo;un patrouilleur ou d&rsquo;une embarcation rapide de recherche et de sauvetage.<\/p>\n<p>Le mat\u00e9riau utilis\u00e9 dans nos bateaux est le PE-HMW (Poly\u00e9thyl\u00e8ne \u00e0 Haut Poids Mol\u00e9culaire), un polym\u00e8re durable. La r\u00e9sistance \u00e0 l&rsquo;abrasion de ce mat\u00e9riau est sup\u00e9rieure et convient \u00e0 un usage intensif ainsi qu&rsquo;\u00e0 la r\u00e9cup\u00e9ration des nappes de p\u00e9trole. Les caract\u00e9ristiques de tenue de mer de nos bateaux ressemblent \u00e0 celles des bateaux \u00e0 coque rigide.<\/p>\n<p>L&rsquo;int\u00e9rieur du bateau est spacieux gr\u00e2ce aux d\u00e9fenses en forme de D. Contrairement aux bateaux \u00e0 coque rigide, les pontons du bateau RBB (Rigid Buoyancy Boat) ne se rel\u00e2chent jamais et ne s&rsquo;aplatissent jamais, ce qui rend le bateau s\u00fbr et r\u00e9sistant. Le co\u00fbt du cycle de vie du bateau RBB est tr\u00e8s faible par rapport \u00e0 d&rsquo;autres types de bateaux, en raison de la r\u00e9duction des besoins de r\u00e9paration et de r\u00e9vision.<\/p>\n<p>Ce bateau est \u00e9quip\u00e9 d&rsquo;une console de pilotage en aluminium qui peut \u00eatre adapt\u00e9e \u00e0 vos besoins. Il y a de la place pour 4 si\u00e8ges jockey et dans le coffre avant, il y a beaucoup d&rsquo;espace de rangement.<\/p>\t\t\t\t\t\t\t\t<\/div>\n\t\t\t\t<\/div>\n\t\t\t\t\t<\/div>\n\t\t\t\t<\/div>\n\t\t<div class=\"elementor-element elementor-element-11e41abb e-flex e-con-boxed e-con e-parent\" data-id=\"11e41abb\" data-element_type=\"container\" data-e-type=\"container\">\n\t\t\t\t\t<div class=\"e-con-inner\">\n\t\t\t\t<div class=\"elementor-element elementor-element-69a3140d elementor-widget elementor-widget-heading\" data-id=\"69a3140d\" data-element_type=\"widget\" data-e-type=\"widget\" data-widget_type=\"heading.default\">\n\t\t\t\t\t<h2 class=\"elementor-heading-title elementor-size-default\">Equipement<\/h2>\t\t\t\t<\/div>\n\t\t\t\t<div class=\"elementor-element elementor-element-390b427c elementor-widget elementor-widget-text-editor\" data-id=\"390b427c\" data-element_type=\"widget\" data-e-type=\"widget\" data-widget_type=\"text-editor.default\">\n\t\t\t\t\t\t\t\t\t<ul>\n<li>Feux de travail<\/li>\n<li>Sac de redressement CO2<\/li>\n<li>Radar<\/li>\n<li>Sonar<\/li>\n<li>Servo de direction<\/li>\n<li>Si\u00e8ges jockey \u00e0 suspension pneumatique<\/li>\n<\/ul>\t\t\t\t\t\t\t\t<\/div>\n\t\t\t\t\t<\/div>\n\t\t\t\t<\/div>\n\t\t<div class=\"elementor-element elementor-element-237868f e-flex e-con-boxed e-con e-parent\" data-id=\"237868f\" data-element_type=\"container\" data-e-type=\"container\" data-settings=\"{&quot;background_background&quot;:&quot;classic&quot;}\">\n\t\t\t\t\t<div class=\"e-con-inner\">\n\t\t<div class=\"elementor-element elementor-element-3babbbe1 e-con-full e-flex e-con e-child\" data-id=\"3babbbe1\" data-element_type=\"container\" data-e-type=\"container\">\n\t\t\t\t<div class=\"elementor-element elementor-element-2eb8141f elementor-widget elementor-widget-heading\" data-id=\"2eb8141f\" data-element_type=\"widget\" data-e-type=\"widget\" data-widget_type=\"heading.default\">\n\t\t\t\t\t<h2 class=\"elementor-heading-title elementor-size-default\">Sp\u00e9cifications techniques<\/h2>\t\t\t\t<\/div>\n\t\t\t\t<div class=\"elementor-element elementor-element-67bc4719 elementor-widget elementor-widget-text-editor\" data-id=\"67bc4719\" data-element_type=\"widget\" data-e-type=\"widget\" data-widget_type=\"text-editor.default\">\n\t\t\t\t\t\t\t\t\t<ul>\n<li>Longueur hors tout excl. moteur : 8,9 m (28 ft)<\/li>\n<li>Largeur: 2,6 \/ 3,1 m<\/li>\n<li>Tirant d&rsquo;eau aux \u00e9tais : 0,64 m<\/li>\n<li>Poids (sans les moteurs) : 2500 kg<\/li>\n<li>Capacit\u00e9 individuelle : 18 personnes<\/li>\n<li>Capacit\u00e9 de carburant : 540 l<\/li>\n<li>Construction : PE-HMW<\/li>\n<li>Classification : B &#8211; OFFSHORE<\/li>\n<li>Vitesse maximale : 40 kts<\/li>\n<li>Moteurs hors-bord : 2 x 175 &#8211; 200 ch<\/li>\n<\/ul>\t\t\t\t\t\t\t\t<\/div>\n\t\t\t\t<div class=\"elementor-element elementor-element-7fc0bcde elementor-widget elementor-widget-text-editor\" data-id=\"7fc0bcde\" data-element_type=\"widget\" data-e-type=\"widget\" data-widget_type=\"text-editor.default\">\n\t\t\t\t\t\t\t\t\t<p><em>Les sp\u00e9cifications peuvent \u00eatre modifi\u00e9es sans pr\u00e9avis.<\/em><\/p>\t\t\t\t\t\t\t\t<\/div>\n\t\t\t\t<\/div>\n\t\t<div class=\"elementor-element elementor-element-7784bdb8 e-con-full e-flex e-con e-child\" data-id=\"7784bdb8\" data-element_type=\"container\" data-e-type=\"container\">\n\t\t\t\t<div class=\"elementor-element elementor-element-573cad3 elementor-widget elementor-widget-image\" data-id=\"573cad3\" data-element_type=\"widget\" data-e-type=\"widget\" data-widget_type=\"image.default\">\n\t\t\t\t\t\t\t\t\t\t\t\t\t\t\t<img decoding=\"async\" width=\"400\" height=\"250\" src=\"https:\/\/arcticboats.eu\/wp-content\/uploads\/2023\/12\/A28-open-web.png\" class=\"attachment-large size-large wp-image-3473\" alt=\"\" srcset=\"https:\/\/arcticboats.eu\/wp-content\/uploads\/2023\/12\/A28-open-web.png 400w, https:\/\/arcticboats.eu\/wp-content\/uploads\/2023\/12\/A28-open-web-300x188.png 300w\" sizes=\"(max-width: 400px) 100vw, 400px\" \/>\t\t\t\t\t\t\t\t\t\t\t\t\t\t\t<\/div>\n\t\t\t\t<\/div>\n\t\t\t\t\t<\/div>\n\t\t\t\t<\/div>\n\t\t<div class=\"elementor-element elementor-element-4588fe21 e-flex e-con-boxed e-con e-parent\" data-id=\"4588fe21\" data-element_type=\"container\" data-e-type=\"container\">\n\t\t\t\t\t<div class=\"e-con-inner\">\n\t\t\t\t<div class=\"elementor-element elementor-element-42db77bd gallery-spacing-custom elementor-widget elementor-widget-image-gallery\" data-id=\"42db77bd\" data-element_type=\"widget\" data-e-type=\"widget\" data-widget_type=\"image-gallery.default\">\n\t\t\t\t\t\t\t<div class=\"elementor-image-gallery\">\n\t\t\t<div id='gallery-1' class='gallery galleryid-3457 gallery-columns-4 gallery-size-thumbnail'><figure class='gallery-item'>\n\t\t\t<div class='gallery-icon landscape'>\n\t\t\t\t<a data-elementor-open-lightbox=\"yes\" data-elementor-lightbox-slideshow=\"42db77bd\" data-e-action-hash=\"#elementor-action%3Aaction%3Dlightbox%26settings%3DeyJpZCI6MzQ3NSwidXJsIjoiaHR0cHM6XC9cL2FyY3RpY2JvYXRzLmV1XC93cC1jb250ZW50XC91cGxvYWRzXC8yMDIzXC8xMlwvQTI4LW9wZW4taW5zdHIuanBnIiwic2xpZGVzaG93IjoiNDJkYjc3YmQifQ%3D%3D\" href='https:\/\/arcticboats.eu\/wp-content\/uploads\/2023\/12\/A28-open-instr.jpg'><img decoding=\"async\" width=\"150\" height=\"150\" src=\"https:\/\/arcticboats.eu\/wp-content\/uploads\/2023\/12\/A28-open-instr-150x150.jpg\" class=\"attachment-thumbnail size-thumbnail\" alt=\"\" \/><\/a>\n\t\t\t<\/div><\/figure><figure class='gallery-item'>\n\t\t\t<div class='gallery-icon landscape'>\n\t\t\t\t<a data-elementor-open-lightbox=\"yes\" data-elementor-lightbox-slideshow=\"42db77bd\" data-e-action-hash=\"#elementor-action%3Aaction%3Dlightbox%26settings%3DeyJpZCI6MzQ4MCwidXJsIjoiaHR0cHM6XC9cL2FyY3RpY2JvYXRzLmV1XC93cC1jb250ZW50XC91cGxvYWRzXC8yMDIzXC8xMlwvQTI4LXdlYjEuanBnIiwic2xpZGVzaG93IjoiNDJkYjc3YmQifQ%3D%3D\" href='https:\/\/arcticboats.eu\/wp-content\/uploads\/2023\/12\/A28-web1.jpg'><img loading=\"lazy\" decoding=\"async\" width=\"150\" height=\"150\" src=\"https:\/\/arcticboats.eu\/wp-content\/uploads\/2023\/12\/A28-web1-150x150.jpg\" class=\"attachment-thumbnail size-thumbnail\" alt=\"\" \/><\/a>\n\t\t\t<\/div><\/figure><figure class='gallery-item'>\n\t\t\t<div class='gallery-icon landscape'>\n\t\t\t\t<a data-elementor-open-lightbox=\"yes\" data-elementor-lightbox-slideshow=\"42db77bd\" data-e-action-hash=\"#elementor-action%3Aaction%3Dlightbox%26settings%3DeyJpZCI6MzQ3OCwidXJsIjoiaHR0cHM6XC9cL2FyY3RpY2JvYXRzLmV1XC93cC1jb250ZW50XC91cGxvYWRzXC8yMDIzXC8xMlwvQTI4LW9wZW4tc3RvcmUuanBnIiwic2xpZGVzaG93IjoiNDJkYjc3YmQifQ%3D%3D\" href='https:\/\/arcticboats.eu\/wp-content\/uploads\/2023\/12\/A28-open-store.jpg'><img loading=\"lazy\" decoding=\"async\" width=\"150\" height=\"150\" src=\"https:\/\/arcticboats.eu\/wp-content\/uploads\/2023\/12\/A28-open-store-150x150.jpg\" class=\"attachment-thumbnail size-thumbnail\" alt=\"\" \/><\/a>\n\t\t\t<\/div><\/figure><figure class='gallery-item'>\n\t\t\t<div class='gallery-icon landscape'>\n\t\t\t\t<a data-elementor-open-lightbox=\"yes\" data-elementor-lightbox-slideshow=\"42db77bd\" data-e-action-hash=\"#elementor-action%3Aaction%3Dlightbox%26settings%3DeyJpZCI6MzQ3MCwidXJsIjoiaHR0cHM6XC9cL2FyY3RpY2JvYXRzLmV1XC93cC1jb250ZW50XC91cGxvYWRzXC8yMDIzXC8xMlwvS09TLmpwZyIsInNsaWRlc2hvdyI6IjQyZGI3N2JkIn0%3D\" href='https:\/\/arcticboats.eu\/wp-content\/uploads\/2023\/12\/KOS.jpg'><img loading=\"lazy\" decoding=\"async\" width=\"150\" height=\"150\" src=\"https:\/\/arcticboats.eu\/wp-content\/uploads\/2023\/12\/KOS-150x150.jpg\" class=\"attachment-thumbnail size-thumbnail\" alt=\"\" \/><\/a>\n\t\t\t<\/div><\/figure><figure class='gallery-item'>\n\t\t\t<div class='gallery-icon landscape'>\n\t\t\t\t<a data-elementor-open-lightbox=\"yes\" data-elementor-lightbox-slideshow=\"42db77bd\" data-e-action-hash=\"#elementor-action%3Aaction%3Dlightbox%26settings%3DeyJpZCI6MzQ2OCwidXJsIjoiaHR0cHM6XC9cL2FyY3RpY2JvYXRzLmV1XC93cC1jb250ZW50XC91cGxvYWRzXC8yMDIzXC8xMlwvQTI4LUhlbGxlbmljLVJlc2N1ZS1UZWFtNC5qcGciLCJzbGlkZXNob3ciOiI0MmRiNzdiZCJ9\" href='https:\/\/arcticboats.eu\/wp-content\/uploads\/2023\/12\/A28-Hellenic-Rescue-Team4.jpg'><img loading=\"lazy\" decoding=\"async\" width=\"150\" height=\"150\" src=\"https:\/\/arcticboats.eu\/wp-content\/uploads\/2023\/12\/A28-Hellenic-Rescue-Team4-150x150.jpg\" class=\"attachment-thumbnail size-thumbnail\" alt=\"\" \/><\/a>\n\t\t\t<\/div><\/figure><figure class='gallery-item'>\n\t\t\t<div class='gallery-icon landscape'>\n\t\t\t\t<a data-elementor-open-lightbox=\"yes\" data-elementor-lightbox-slideshow=\"42db77bd\" data-e-action-hash=\"#elementor-action%3Aaction%3Dlightbox%26settings%3DeyJpZCI6MzQ2MSwidXJsIjoiaHR0cHM6XC9cL2FyY3RpY2JvYXRzLmV1XC93cC1jb250ZW50XC91cGxvYWRzXC8yMDIzXC8xMlwvQTI4LW9wZW4xLmpwZyIsInNsaWRlc2hvdyI6IjQyZGI3N2JkIn0%3D\" href='https:\/\/arcticboats.eu\/wp-content\/uploads\/2023\/12\/A28-open1.jpg'><img loading=\"lazy\" decoding=\"async\" width=\"150\" height=\"150\" src=\"https:\/\/arcticboats.eu\/wp-content\/uploads\/2023\/12\/A28-open1-150x150.jpg\" class=\"attachment-thumbnail size-thumbnail\" alt=\"\" \/><\/a>\n\t\t\t<\/div><\/figure><figure class='gallery-item'>\n\t\t\t<div class='gallery-icon landscape'>\n\t\t\t\t<a data-elementor-open-lightbox=\"yes\" data-elementor-lightbox-slideshow=\"42db77bd\" data-e-action-hash=\"#elementor-action%3Aaction%3Dlightbox%26settings%3DeyJpZCI6MzQ2MiwidXJsIjoiaHR0cHM6XC9cL2FyY3RpY2JvYXRzLmV1XC93cC1jb250ZW50XC91cGxvYWRzXC8yMDIzXC8xMlwvYTI4LXdlYjMuanBnIiwic2xpZGVzaG93IjoiNDJkYjc3YmQifQ%3D%3D\" href='https:\/\/arcticboats.eu\/wp-content\/uploads\/2023\/12\/a28-web3.jpg'><img loading=\"lazy\" decoding=\"async\" width=\"150\" height=\"150\" src=\"https:\/\/arcticboats.eu\/wp-content\/uploads\/2023\/12\/a28-web3-150x150.jpg\" class=\"attachment-thumbnail size-thumbnail\" alt=\"\" \/><\/a>\n\t\t\t<\/div><\/figure>\n\t\t<\/div>\n\t\t<\/div>\n\t\t\t\t\t\t<\/div>\n\t\t\t\t\t<\/div>\n\t\t\t\t<\/div>\n\t\t\t\t<\/div>\n\t\t","protected":false},"excerpt":{"rendered":"<p>Arctique 28 SAR Patrouilleur L&rsquo;A28 est construit sur une coque polyvalente qui peut \u00eatre adapt\u00e9e \u00e0 tous les besoins, qu&rsquo;il s&rsquo;agisse d&rsquo;une annexe de luxe, d&rsquo;un patrouilleur ou d&rsquo;une embarcation rapide de recherche et de sauvetage. Le mat\u00e9riau utilis\u00e9 dans nos bateaux est le PE-HMW (Poly\u00e9thyl\u00e8ne \u00e0 Haut Poids Mol\u00e9culaire), un polym\u00e8re durable. La r\u00e9sistance [&hellip;]<\/p>\n","protected":false},"author":3,"featured_media":0,"parent":3567,"menu_order":0,"comment_status":"closed","ping_status":"closed","template":"","meta":{"_seopress_robots_primary_cat":"","_seopress_titles_title":"Arctic A 28 - Arctic Airboats Oy","_seopress_titles_desc":"","_seopress_robots_index":"","footnotes":""},"class_list":["post-3457","page","type-page","status-publish","hentry"],"_links":{"self":[{"href":"https:\/\/arcticboats.eu\/fr\/wp-json\/wp\/v2\/pages\/3457","targetHints":{"allow":["GET"]}}],"collection":[{"href":"https:\/\/arcticboats.eu\/fr\/wp-json\/wp\/v2\/pages"}],"about":[{"href":"https:\/\/arcticboats.eu\/fr\/wp-json\/wp\/v2\/types\/page"}],"author":[{"embeddable":true,"href":"https:\/\/arcticboats.eu\/fr\/wp-json\/wp\/v2\/users\/3"}],"replies":[{"embeddable":true,"href":"https:\/\/arcticboats.eu\/fr\/wp-json\/wp\/v2\/comments?post=3457"}],"version-history":[{"count":2,"href":"https:\/\/arcticboats.eu\/fr\/wp-json\/wp\/v2\/pages\/3457\/revisions"}],"predecessor-version":[{"id":13883,"href":"https:\/\/arcticboats.eu\/fr\/wp-json\/wp\/v2\/pages\/3457\/revisions\/13883"}],"up":[{"embeddable":true,"href":"https:\/\/arcticboats.eu\/fr\/wp-json\/wp\/v2\/pages\/3567"}],"wp:attachment":[{"href":"https:\/\/arcticboats.eu\/fr\/wp-json\/wp\/v2\/media?parent=3457"}],"curies":[{"name":"wp","href":"https:\/\/api.w.org\/{rel}","templated":true}]}}