{"id":3446,"date":"2023-12-06T14:10:25","date_gmt":"2023-12-06T11:10:25","guid":{"rendered":"https:\/\/arcticboats.eu\/arctic-a-28-cab\/"},"modified":"2025-07-29T11:04:14","modified_gmt":"2025-07-29T08:04:14","slug":"arctic-a-28-cab","status":"publish","type":"page","link":"https:\/\/arcticboats.eu\/fr\/bateaux\/arctic-a-28-cab\/","title":{"rendered":"Arctic A 28 cab"},"content":{"rendered":"\t\t<div data-elementor-type=\"wp-page\" data-elementor-id=\"3446\" class=\"elementor elementor-3446 elementor-2741\">\n\t\t\t\t<div class=\"elementor-element elementor-element-030feb8 e-con-full e-flex e-con e-parent\" data-id=\"030feb8\" data-element_type=\"container\" data-e-type=\"container\">\n\t\t\t\t<div class=\"elementor-element elementor-element-3ff418b elementor-widget elementor-widget-shortcode\" data-id=\"3ff418b\" data-element_type=\"widget\" data-e-type=\"widget\" data-widget_type=\"shortcode.default\">\n\t\t\t\t\t\t\t<div class=\"elementor-shortcode\"><\/div>\n\t\t\t\t\t\t<\/div>\n\t\t\t\t<\/div>\n\t\t<div class=\"elementor-element elementor-element-2c4a9497 e-flex e-con-boxed e-con e-parent\" data-id=\"2c4a9497\" data-element_type=\"container\" data-e-type=\"container\">\n\t\t\t\t\t<div class=\"e-con-inner\">\n\t\t\t\t<div class=\"elementor-element elementor-element-6a81f6d6 elementor-widget elementor-widget-heading\" data-id=\"6a81f6d6\" data-element_type=\"widget\" data-e-type=\"widget\" data-widget_type=\"heading.default\">\n\t\t\t\t\t<h1 class=\"elementor-heading-title elementor-size-default\">Arctique 28 CAB<\/h1>\t\t\t\t<\/div>\n\t\t\t\t\t<\/div>\n\t\t\t\t<\/div>\n\t\t<div class=\"elementor-element elementor-element-145aa02a e-flex e-con-boxed e-con e-parent\" data-id=\"145aa02a\" data-element_type=\"container\" data-e-type=\"container\">\n\t\t\t\t\t<div class=\"e-con-inner\">\n\t\t<div class=\"elementor-element elementor-element-652b4960 e-con-full e-flex e-con e-child\" data-id=\"652b4960\" data-element_type=\"container\" data-e-type=\"container\">\n\t\t\t\t<div class=\"elementor-element elementor-element-33ec011d elementor-widget elementor-widget-image\" data-id=\"33ec011d\" data-element_type=\"widget\" data-e-type=\"widget\" data-widget_type=\"image.default\">\n\t\t\t\t\t\t\t\t\t\t\t\t\t\t\t<img fetchpriority=\"high\" decoding=\"async\" width=\"800\" height=\"450\" src=\"https:\/\/arcticboats.eu\/wp-content\/uploads\/2023\/10\/a28-dgzrs-rear-view.jpg\" class=\"attachment-large size-large wp-image-3575\" alt=\"\" srcset=\"https:\/\/arcticboats.eu\/wp-content\/uploads\/2023\/10\/a28-dgzrs-rear-view.jpg 800w, https:\/\/arcticboats.eu\/wp-content\/uploads\/2023\/10\/a28-dgzrs-rear-view-300x169.jpg 300w, https:\/\/arcticboats.eu\/wp-content\/uploads\/2023\/10\/a28-dgzrs-rear-view-768x432.jpg 768w\" sizes=\"(max-width: 800px) 100vw, 800px\" \/>\t\t\t\t\t\t\t\t\t\t\t\t\t\t\t<\/div>\n\t\t\t\t<\/div>\n\t\t<div class=\"elementor-element elementor-element-bee59a6 e-con-full e-flex e-con e-child\" data-id=\"bee59a6\" data-element_type=\"container\" data-e-type=\"container\">\n\t\t\t\t<div class=\"elementor-element elementor-element-37bfa071 elementor-widget elementor-widget-text-editor\" data-id=\"37bfa071\" data-element_type=\"widget\" data-e-type=\"widget\" data-widget_type=\"text-editor.default\">\n\t\t\t\t\t\t\t\t\t<p>Le A28 CAB est la version cabine du patrouilleur de 28 pieds. Il est propuls\u00e9 par deux moteurs hors-bord \u00e0 quatre temps de 200 ch. A l&rsquo;int\u00e9rieur, il y a 4 si\u00e8ges jockey ou si\u00e8ges de barre et dans la partie avant, il y a beaucoup d&rsquo;espace pour ranger l&rsquo;\u00e9quipement ainsi qu&rsquo;une planche \u00e0 roulettes.<\/p><p>Le mat\u00e9riau utilis\u00e9 dans nos bateaux est le PE-HMW (Poly\u00e9thyl\u00e8ne \u00e0 Haut Poids Mol\u00e9culaire), un polym\u00e8re durable. La r\u00e9sistance \u00e0 l&rsquo;abrasion de ce mat\u00e9riau est sup\u00e9rieure et convient \u00e0 un usage intensif ainsi qu&rsquo;\u00e0 la r\u00e9cup\u00e9ration des nappes de p\u00e9trole.<\/p><p>Les caract\u00e9ristiques de tenue de mer de nos bateaux ressemblent \u00e0 celles des bateaux \u00e0 coque rigide. L&rsquo;int\u00e9rieur du bateau est spacieux gr\u00e2ce aux d\u00e9fenses en forme de D. Contrairement aux bateaux \u00e0 coque rigide, les pontons du bateau RBB (Rigid Buoyancy Boat) ne se rel\u00e2chent jamais et ne s&rsquo;aplatissent jamais, ce qui rend le bateau s\u00fbr et r\u00e9sistant. Le co\u00fbt du cycle de vie du bateau RBB est tr\u00e8s faible par rapport \u00e0 d&rsquo;autres types de bateaux, en raison de la r\u00e9duction des besoins de r\u00e9paration et de r\u00e9vision.<\/p><p>L&rsquo;A28 CAB a fait l&rsquo;objet d&rsquo;un essai de chavirement en ajoutant les poids des moteurs, du carburant et de l&rsquo;\u00e9quipement de sauvetage. Le sac de redressement Henshaw a remis le bateau sur sa quille en 20 secondes apr\u00e8s son activation.<\/p><p>En outre, il y avait une poche d&rsquo;air de plus d&rsquo;un demi-m\u00e8tre de haut \u00e0 l&rsquo;int\u00e9rieur de la cabine lorsque le bateau \u00e9tait \u00e0 l&rsquo;envers.<\/p><p>Le bateau peut \u00eatre livr\u00e9 avec une cabine semi-ouverte ou avec une porte arri\u00e8re. Dans les deux cas, nous recommandons l&rsquo;utilisation d&rsquo;un sac de redressement pour assurer la s\u00e9curit\u00e9 de l&rsquo;\u00e9quipage.<\/p>\t\t\t\t\t\t\t\t<\/div>\n\t\t\t\t<\/div>\n\t\t\t\t\t<\/div>\n\t\t\t\t<\/div>\n\t\t<div class=\"elementor-element elementor-element-47935b70 e-flex e-con-boxed e-con e-parent\" data-id=\"47935b70\" data-element_type=\"container\" data-e-type=\"container\">\n\t\t\t\t\t<div class=\"e-con-inner\">\n\t\t\t\t<div class=\"elementor-element elementor-element-3b567b3f elementor-widget elementor-widget-heading\" data-id=\"3b567b3f\" data-element_type=\"widget\" data-e-type=\"widget\" data-widget_type=\"heading.default\">\n\t\t\t\t\t<h2 class=\"elementor-heading-title elementor-size-default\">Equipement<\/h2>\t\t\t\t<\/div>\n\t\t\t\t<div class=\"elementor-element elementor-element-13f85caa elementor-widget elementor-widget-text-editor\" data-id=\"13f85caa\" data-element_type=\"widget\" data-e-type=\"widget\" data-widget_type=\"text-editor.default\">\n\t\t\t\t\t\t\t\t\t<ul>\n<li>Feux de travail<\/li>\n<li>Sac de redressement CO2<\/li>\n<li>Radar<\/li>\n<li>Sonar<\/li>\n<li>Servo de direction<\/li>\n<li>Si\u00e8ges jockey \u00e0 suspension pneumatique<\/li>\n<\/ul>\t\t\t\t\t\t\t\t<\/div>\n\t\t\t\t\t<\/div>\n\t\t\t\t<\/div>\n\t\t<div class=\"elementor-element elementor-element-24127432 e-flex e-con-boxed e-con e-parent\" data-id=\"24127432\" data-element_type=\"container\" data-e-type=\"container\" data-settings=\"{&quot;background_background&quot;:&quot;classic&quot;}\">\n\t\t\t\t\t<div class=\"e-con-inner\">\n\t\t<div class=\"elementor-element elementor-element-4a9bcf5e e-con-full e-flex e-con e-child\" data-id=\"4a9bcf5e\" data-element_type=\"container\" data-e-type=\"container\">\n\t\t\t\t<div class=\"elementor-element elementor-element-54da0dbe elementor-widget elementor-widget-heading\" data-id=\"54da0dbe\" data-element_type=\"widget\" data-e-type=\"widget\" data-widget_type=\"heading.default\">\n\t\t\t\t\t<h2 class=\"elementor-heading-title elementor-size-default\">Sp\u00e9cifications techniques<\/h2>\t\t\t\t<\/div>\n\t\t\t\t<div class=\"elementor-element elementor-element-40fa55a5 elementor-widget elementor-widget-text-editor\" data-id=\"40fa55a5\" data-element_type=\"widget\" data-e-type=\"widget\" data-widget_type=\"text-editor.default\">\n\t\t\t\t\t\t\t\t\t<ul><li>Longueur hors tout excl. moteur : 8,9 m (28 ft)<\/li><li>Largeur: 2,6 \/ 3,1 m<\/li><li>Tirant d&rsquo;eau aux \u00e9tais : 0,64 m<\/li><li>Poids (sans les moteurs) : 3130 kg<\/li><li>Capacit\u00e9 individuelle : 15 &#8211; 18 personnes<\/li><li>Capacit\u00e9 de carburant : 560 l<\/li><li>Construction : PE-HMW<\/li><li>Classification : B &#8211; OFFSHORE<\/li><li>Vitesse maximale : 40 kts<\/li><li>Moteurs hors-bord : 2 x 175 &#8211; 200 ch<\/li><\/ul>\t\t\t\t\t\t\t\t<\/div>\n\t\t\t\t<div class=\"elementor-element elementor-element-5de27f29 elementor-widget elementor-widget-text-editor\" data-id=\"5de27f29\" data-element_type=\"widget\" data-e-type=\"widget\" data-widget_type=\"text-editor.default\">\n\t\t\t\t\t\t\t\t\t<p><em>Les sp\u00e9cifications peuvent \u00eatre modifi\u00e9es sans pr\u00e9avis.<\/em><\/p>\t\t\t\t\t\t\t\t<\/div>\n\t\t\t\t<\/div>\n\t\t<div class=\"elementor-element elementor-element-33405631 e-con-full e-flex e-con e-child\" data-id=\"33405631\" data-element_type=\"container\" data-e-type=\"container\">\n\t\t\t\t<div class=\"elementor-element elementor-element-31de488c elementor-widget elementor-widget-image\" data-id=\"31de488c\" data-element_type=\"widget\" data-e-type=\"widget\" data-widget_type=\"image.default\">\n\t\t\t\t\t\t\t\t\t\t\t\t\t\t\t\t<a href=\"https:\/\/arcticboats.eu\/wp-content\/uploads\/2023\/12\/A28Ci.png\" data-elementor-open-lightbox=\"yes\" data-e-action-hash=\"#elementor-action%3Aaction%3Dlightbox%26settings%3DeyJpZCI6MzQ1NiwidXJsIjoiaHR0cHM6XC9cL2FyY3RpY2JvYXRzLmV1XC93cC1jb250ZW50XC91cGxvYWRzXC8yMDIzXC8xMlwvQTI4Q2kucG5nIn0%3D\">\n\t\t\t\t\t\t\t<img decoding=\"async\" width=\"600\" height=\"361\" src=\"https:\/\/arcticboats.eu\/wp-content\/uploads\/2023\/12\/A28Ci.png\" class=\"attachment-large size-large wp-image-3456\" alt=\"\" srcset=\"https:\/\/arcticboats.eu\/wp-content\/uploads\/2023\/12\/A28Ci.png 600w, https:\/\/arcticboats.eu\/wp-content\/uploads\/2023\/12\/A28Ci-300x181.png 300w\" sizes=\"(max-width: 600px) 100vw, 600px\" \/>\t\t\t\t\t\t\t\t<\/a>\n\t\t\t\t\t\t\t\t\t\t\t\t\t\t\t<\/div>\n\t\t\t\t<\/div>\n\t\t\t\t\t<\/div>\n\t\t\t\t<\/div>\n\t\t<div class=\"elementor-element elementor-element-796e1003 e-flex e-con-boxed e-con e-parent\" data-id=\"796e1003\" data-element_type=\"container\" data-e-type=\"container\">\n\t\t\t\t\t<div class=\"e-con-inner\">\n\t\t\t\t<div class=\"elementor-element elementor-element-2afde9fd gallery-spacing-custom elementor-widget elementor-widget-image-gallery\" data-id=\"2afde9fd\" data-element_type=\"widget\" data-e-type=\"widget\" data-widget_type=\"image-gallery.default\">\n\t\t\t\t\t\t\t<div class=\"elementor-image-gallery\">\n\t\t\t<div id='gallery-1' class='gallery galleryid-3446 gallery-columns-4 gallery-size-thumbnail'><figure class='gallery-item'>\n\t\t\t<div class='gallery-icon landscape'>\n\t\t\t\t<a data-elementor-open-lightbox=\"yes\" data-elementor-lightbox-slideshow=\"2afde9fd\" data-e-action-hash=\"#elementor-action%3Aaction%3Dlightbox%26settings%3DeyJpZCI6Mjc3MywidXJsIjoiaHR0cHM6XC9cL2FyY3RpY2JvYXRzLmV1XC93cC1jb250ZW50XC91cGxvYWRzXC8yMDIzXC8xMlwvQTI4LUZJTkFMLTI2LmpwZyIsInNsaWRlc2hvdyI6IjJhZmRlOWZkIn0%3D\" href='https:\/\/arcticboats.eu\/wp-content\/uploads\/2023\/12\/A28-FINAL-26.jpg'><img decoding=\"async\" width=\"150\" height=\"150\" src=\"https:\/\/arcticboats.eu\/wp-content\/uploads\/2023\/12\/A28-FINAL-26-150x150.jpg\" class=\"attachment-thumbnail size-thumbnail\" alt=\"\" \/><\/a>\n\t\t\t<\/div><\/figure><figure class='gallery-item'>\n\t\t\t<div class='gallery-icon landscape'>\n\t\t\t\t<a data-elementor-open-lightbox=\"yes\" data-elementor-lightbox-slideshow=\"2afde9fd\" data-e-action-hash=\"#elementor-action%3Aaction%3Dlightbox%26settings%3DeyJpZCI6Mjc3MSwidXJsIjoiaHR0cHM6XC9cL2FyY3RpY2JvYXRzLmV1XC93cC1jb250ZW50XC91cGxvYWRzXC8yMDIzXC8xMlwvQTI4LUZJTkFMLTE4LmpwZyIsInNsaWRlc2hvdyI6IjJhZmRlOWZkIn0%3D\" href='https:\/\/arcticboats.eu\/wp-content\/uploads\/2023\/12\/A28-FINAL-18.jpg'><img loading=\"lazy\" decoding=\"async\" width=\"150\" height=\"150\" src=\"https:\/\/arcticboats.eu\/wp-content\/uploads\/2023\/12\/A28-FINAL-18-150x150.jpg\" class=\"attachment-thumbnail size-thumbnail\" alt=\"\" \/><\/a>\n\t\t\t<\/div><\/figure><figure class='gallery-item'>\n\t\t\t<div class='gallery-icon landscape'>\n\t\t\t\t<a data-elementor-open-lightbox=\"yes\" data-elementor-lightbox-slideshow=\"2afde9fd\" data-e-action-hash=\"#elementor-action%3Aaction%3Dlightbox%26settings%3DeyJpZCI6Mjc2OSwidXJsIjoiaHR0cHM6XC9cL2FyY3RpY2JvYXRzLmV1XC93cC1jb250ZW50XC91cGxvYWRzXC8yMDIzXC8xMlwvQTI4LUNhYi5qcGciLCJzbGlkZXNob3ciOiIyYWZkZTlmZCJ9\" href='https:\/\/arcticboats.eu\/wp-content\/uploads\/2023\/12\/A28-Cab.jpg'><img loading=\"lazy\" decoding=\"async\" width=\"150\" height=\"150\" src=\"https:\/\/arcticboats.eu\/wp-content\/uploads\/2023\/12\/A28-Cab-150x150.jpg\" class=\"attachment-thumbnail size-thumbnail\" alt=\"\" \/><\/a>\n\t\t\t<\/div><\/figure><figure class='gallery-item'>\n\t\t\t<div class='gallery-icon landscape'>\n\t\t\t\t<a data-elementor-open-lightbox=\"yes\" data-elementor-lightbox-slideshow=\"2afde9fd\" data-e-action-hash=\"#elementor-action%3Aaction%3Dlightbox%26settings%3DeyJpZCI6MzQ1NCwidXJsIjoiaHR0cHM6XC9cL2FyY3RpY2JvYXRzLmV1XC93cC1jb250ZW50XC91cGxvYWRzXC8yMDIzXC8xMlwvU0FSLXZlcnNpb24tMi0xNC5qcGciLCJzbGlkZXNob3ciOiIyYWZkZTlmZCJ9\" href='https:\/\/arcticboats.eu\/wp-content\/uploads\/2023\/12\/SAR-version-2-14.jpg'><img loading=\"lazy\" decoding=\"async\" width=\"150\" height=\"150\" src=\"https:\/\/arcticboats.eu\/wp-content\/uploads\/2023\/12\/SAR-version-2-14-150x150.jpg\" class=\"attachment-thumbnail size-thumbnail\" alt=\"\" \/><\/a>\n\t\t\t<\/div><\/figure><figure class='gallery-item'>\n\t\t\t<div class='gallery-icon landscape'>\n\t\t\t\t<a data-elementor-open-lightbox=\"yes\" data-elementor-lightbox-slideshow=\"2afde9fd\" data-e-action-hash=\"#elementor-action%3Aaction%3Dlightbox%26settings%3DeyJpZCI6MzQ1NSwidXJsIjoiaHR0cHM6XC9cL2FyY3RpY2JvYXRzLmV1XC93cC1jb250ZW50XC91cGxvYWRzXC8yMDIzXC8xMlwvU1JCLVNpZGEuanBnIiwic2xpZGVzaG93IjoiMmFmZGU5ZmQifQ%3D%3D\" href='https:\/\/arcticboats.eu\/wp-content\/uploads\/2023\/12\/SRB-Sida.jpg'><img loading=\"lazy\" decoding=\"async\" width=\"150\" height=\"150\" src=\"https:\/\/arcticboats.eu\/wp-content\/uploads\/2023\/12\/SRB-Sida-150x150.jpg\" class=\"attachment-thumbnail size-thumbnail\" alt=\"\" \/><\/a>\n\t\t\t<\/div><\/figure><figure class='gallery-item'>\n\t\t\t<div class='gallery-icon landscape'>\n\t\t\t\t<a data-elementor-open-lightbox=\"yes\" data-elementor-lightbox-slideshow=\"2afde9fd\" data-e-action-hash=\"#elementor-action%3Aaction%3Dlightbox%26settings%3DeyJpZCI6MzQ1MywidXJsIjoiaHR0cHM6XC9cL2FyY3RpY2JvYXRzLmV1XC93cC1jb250ZW50XC91cGxvYWRzXC8yMDIzXC8xMlwvQTI4LUZJTkFMLTguanBnIiwic2xpZGVzaG93IjoiMmFmZGU5ZmQifQ%3D%3D\" href='https:\/\/arcticboats.eu\/wp-content\/uploads\/2023\/12\/A28-FINAL-8.jpg'><img loading=\"lazy\" decoding=\"async\" width=\"150\" height=\"150\" src=\"https:\/\/arcticboats.eu\/wp-content\/uploads\/2023\/12\/A28-FINAL-8-150x150.jpg\" class=\"attachment-thumbnail size-thumbnail\" alt=\"\" \/><\/a>\n\t\t\t<\/div><\/figure><figure class='gallery-item'>\n\t\t\t<div class='gallery-icon landscape'>\n\t\t\t\t<a data-elementor-open-lightbox=\"yes\" data-elementor-lightbox-slideshow=\"2afde9fd\" data-e-action-hash=\"#elementor-action%3Aaction%3Dlightbox%26settings%3DeyJpZCI6MzQ1MiwidXJsIjoiaHR0cHM6XC9cL2FyY3RpY2JvYXRzLmV1XC93cC1jb250ZW50XC91cGxvYWRzXC8yMDIzXC8xMlwvQTI4LWZpbmFsLTUtMi5qcGciLCJzbGlkZXNob3ciOiIyYWZkZTlmZCJ9\" href='https:\/\/arcticboats.eu\/wp-content\/uploads\/2023\/12\/A28-final-5-2.jpg'><img loading=\"lazy\" decoding=\"async\" width=\"150\" height=\"150\" src=\"https:\/\/arcticboats.eu\/wp-content\/uploads\/2023\/12\/A28-final-5-2-150x150.jpg\" class=\"attachment-thumbnail size-thumbnail\" alt=\"\" \/><\/a>\n\t\t\t<\/div><\/figure>\n\t\t<\/div>\n\t\t<\/div>\n\t\t\t\t\t\t<\/div>\n\t\t\t\t\t<\/div>\n\t\t\t\t<\/div>\n\t\t\t\t<\/div>\n\t\t","protected":false},"excerpt":{"rendered":"<p>Arctique 28 CAB Le A28 CAB est la version cabine du patrouilleur de 28 pieds. Il est propuls\u00e9 par deux moteurs hors-bord \u00e0 quatre temps de 200 ch. A l&rsquo;int\u00e9rieur, il y a 4 si\u00e8ges jockey ou si\u00e8ges de barre et dans la partie avant, il y a beaucoup d&rsquo;espace pour ranger l&rsquo;\u00e9quipement ainsi qu&rsquo;une [&hellip;]<\/p>\n","protected":false},"author":3,"featured_media":0,"parent":3567,"menu_order":0,"comment_status":"closed","ping_status":"closed","template":"","meta":{"_seopress_robots_primary_cat":"","_seopress_titles_title":"Arctic A 28 cab - Arctic Airboats Oy","_seopress_titles_desc":"","_seopress_robots_index":"","footnotes":""},"class_list":["post-3446","page","type-page","status-publish","hentry"],"_links":{"self":[{"href":"https:\/\/arcticboats.eu\/fr\/wp-json\/wp\/v2\/pages\/3446","targetHints":{"allow":["GET"]}}],"collection":[{"href":"https:\/\/arcticboats.eu\/fr\/wp-json\/wp\/v2\/pages"}],"about":[{"href":"https:\/\/arcticboats.eu\/fr\/wp-json\/wp\/v2\/types\/page"}],"author":[{"embeddable":true,"href":"https:\/\/arcticboats.eu\/fr\/wp-json\/wp\/v2\/users\/3"}],"replies":[{"embeddable":true,"href":"https:\/\/arcticboats.eu\/fr\/wp-json\/wp\/v2\/comments?post=3446"}],"version-history":[{"count":2,"href":"https:\/\/arcticboats.eu\/fr\/wp-json\/wp\/v2\/pages\/3446\/revisions"}],"predecessor-version":[{"id":13888,"href":"https:\/\/arcticboats.eu\/fr\/wp-json\/wp\/v2\/pages\/3446\/revisions\/13888"}],"up":[{"embeddable":true,"href":"https:\/\/arcticboats.eu\/fr\/wp-json\/wp\/v2\/pages\/3567"}],"wp:attachment":[{"href":"https:\/\/arcticboats.eu\/fr\/wp-json\/wp\/v2\/media?parent=3446"}],"curies":[{"name":"wp","href":"https:\/\/api.w.org\/{rel}","templated":true}]}}