{"id":3437,"date":"2023-12-07T07:59:08","date_gmt":"2023-12-07T04:59:08","guid":{"rendered":"https:\/\/arcticboats.eu\/arctic-mini-jetboat\/"},"modified":"2025-07-29T11:05:34","modified_gmt":"2025-07-29T08:05:34","slug":"arctic-mini-jetboat","status":"publish","type":"page","link":"https:\/\/arcticboats.eu\/fr\/bateaux\/arctic-mini-jetboat\/","title":{"rendered":"Arctic Mini Jetboat"},"content":{"rendered":"\t\t<div data-elementor-type=\"wp-page\" data-elementor-id=\"3437\" class=\"elementor elementor-3437 elementor-2819\">\n\t\t\t\t<div class=\"elementor-element elementor-element-f78afcd e-con-full e-flex e-con e-parent\" data-id=\"f78afcd\" data-element_type=\"container\" data-e-type=\"container\">\n\t\t\t\t<div class=\"elementor-element elementor-element-e608ee2 elementor-widget elementor-widget-shortcode\" data-id=\"e608ee2\" data-element_type=\"widget\" data-e-type=\"widget\" data-widget_type=\"shortcode.default\">\n\t\t\t\t\t\t\t<div class=\"elementor-shortcode\"><\/div>\n\t\t\t\t\t\t<\/div>\n\t\t\t\t<\/div>\n\t\t<div class=\"elementor-element elementor-element-2d7fd050 e-flex e-con-boxed e-con e-parent\" data-id=\"2d7fd050\" data-element_type=\"container\" data-e-type=\"container\">\n\t\t\t\t\t<div class=\"e-con-inner\">\n\t\t\t\t<div class=\"elementor-element elementor-element-3cc2872a elementor-widget elementor-widget-heading\" data-id=\"3cc2872a\" data-element_type=\"widget\" data-e-type=\"widget\" data-widget_type=\"heading.default\">\n\t\t\t\t\t<h1 class=\"elementor-heading-title elementor-size-default\">Arctic Mini Jetboat<\/h1>\t\t\t\t<\/div>\n\t\t\t\t<div class=\"elementor-element elementor-element-cd00c76 elementor-widget elementor-widget-heading\" data-id=\"cd00c76\" data-element_type=\"widget\" data-e-type=\"widget\" data-widget_type=\"heading.default\">\n\t\t\t\t\t<h2 class=\"elementor-heading-title elementor-size-default\">Bateau de sauvetage<\/h2>\t\t\t\t<\/div>\n\t\t\t\t\t<\/div>\n\t\t\t\t<\/div>\n\t\t<div class=\"elementor-element elementor-element-7deb8de3 e-flex e-con-boxed e-con e-parent\" data-id=\"7deb8de3\" data-element_type=\"container\" data-e-type=\"container\">\n\t\t\t\t\t<div class=\"e-con-inner\">\n\t\t<div class=\"elementor-element elementor-element-55430742 e-con-full e-flex e-con e-child\" data-id=\"55430742\" data-element_type=\"container\" data-e-type=\"container\">\n\t\t\t\t<div class=\"elementor-element elementor-element-6a56ecde elementor-widget elementor-widget-image\" data-id=\"6a56ecde\" data-element_type=\"widget\" data-e-type=\"widget\" data-widget_type=\"image.default\">\n\t\t\t\t\t\t\t\t\t\t\t\t\t\t\t<img fetchpriority=\"high\" decoding=\"async\" width=\"600\" height=\"338\" src=\"https:\/\/arcticboats.eu\/wp-content\/uploads\/2023\/12\/IMG-6327.jpg\" class=\"attachment-large size-large wp-image-3444\" alt=\"\" srcset=\"https:\/\/arcticboats.eu\/wp-content\/uploads\/2023\/12\/IMG-6327.jpg 600w, https:\/\/arcticboats.eu\/wp-content\/uploads\/2023\/12\/IMG-6327-300x169.jpg 300w\" sizes=\"(max-width: 600px) 100vw, 600px\" \/>\t\t\t\t\t\t\t\t\t\t\t\t\t\t\t<\/div>\n\t\t\t\t<\/div>\n\t\t<div class=\"elementor-element elementor-element-46570ce9 e-con-full e-flex e-con e-child\" data-id=\"46570ce9\" data-element_type=\"container\" data-e-type=\"container\">\n\t\t\t\t<div class=\"elementor-element elementor-element-54c00462 elementor-widget elementor-widget-text-editor\" data-id=\"54c00462\" data-element_type=\"widget\" data-e-type=\"widget\" data-widget_type=\"text-editor.default\">\n\t\t\t\t\t\t\t\t\t<p>\u00c9largissez consid\u00e9rablement les possibilit\u00e9s d&rsquo;une motomarine gr\u00e2ce \u00e0 une coque de bateau en forme de U pouvant \u00eatre accost\u00e9e et transporter 5 personnes.<\/p>\n<p>La stabilit\u00e9 du Jet Boat est incroyablement bonne. Il est pratiquement impossible de chavirer.<\/p>\n<p>Gr\u00e2ce \u00e0 la propulsion \u00e0 jet du PWC, l&rsquo;ensemble est tr\u00e8s polyvalent, se retourne sur une pi\u00e8ce de monnaie et se range facilement dans un endroit en cas de sauvetage.<\/p>\n<p>Le bateau est fabriqu\u00e9 en poly\u00e9thyl\u00e8ne \u00e0 haut poids mol\u00e9culaire et est beaucoup plus solide et r\u00e9sistant qu&rsquo;un bateau en PRV. Le Jet Boat est insubmersible et donc tr\u00e8s s\u00fbr pour l&rsquo;\u00e9quipage.<\/p>\n<p>Pour d\u00e9samarrer la motomarine, il suffit de d\u00e9verrouiller le cadenas et de sortir du bateau en marche arri\u00e8re.<\/p>\t\t\t\t\t\t\t\t<\/div>\n\t\t\t\t<\/div>\n\t\t\t\t\t<\/div>\n\t\t\t\t<\/div>\n\t\t<div class=\"elementor-element elementor-element-22f6a224 e-flex e-con-boxed e-con e-parent\" data-id=\"22f6a224\" data-element_type=\"container\" data-e-type=\"container\">\n\t\t\t\t\t<div class=\"e-con-inner\">\n\t\t\t\t<div class=\"elementor-element elementor-element-1a3f9db elementor-widget elementor-widget-heading\" data-id=\"1a3f9db\" data-element_type=\"widget\" data-e-type=\"widget\" data-widget_type=\"heading.default\">\n\t\t\t\t\t<h2 class=\"elementor-heading-title elementor-size-default\">Equipement<\/h2>\t\t\t\t<\/div>\n\t\t\t\t<div class=\"elementor-element elementor-element-39621e2e elementor-widget elementor-widget-text-editor\" data-id=\"39621e2e\" data-element_type=\"widget\" data-e-type=\"widget\" data-widget_type=\"text-editor.default\">\n\t\t\t\t\t\t\t\t\t<ul>\n<li>Cadre Targa avec \u00e9clairage<\/li>\n<li>Batterie dans le bateau, charg\u00e9e par la motomarine<\/li>\n<li>Extincteur<\/li>\n<li>Traceur de cartes sur un bateau \u00e0 moteur<\/li>\n<li>Oeillets de fixation d&rsquo;une \u00e9lingue de levage<\/li>\n<\/ul>\t\t\t\t\t\t\t\t<\/div>\n\t\t\t\t\t<\/div>\n\t\t\t\t<\/div>\n\t\t<div class=\"elementor-element elementor-element-74dee8bf e-flex e-con-boxed e-con e-parent\" data-id=\"74dee8bf\" data-element_type=\"container\" data-e-type=\"container\" data-settings=\"{&quot;background_background&quot;:&quot;classic&quot;}\">\n\t\t\t\t\t<div class=\"e-con-inner\">\n\t\t<div class=\"elementor-element elementor-element-4d15f983 e-con-full e-flex e-con e-child\" data-id=\"4d15f983\" data-element_type=\"container\" data-e-type=\"container\">\n\t\t\t\t<div class=\"elementor-element elementor-element-7b98506e elementor-widget elementor-widget-heading\" data-id=\"7b98506e\" data-element_type=\"widget\" data-e-type=\"widget\" data-widget_type=\"heading.default\">\n\t\t\t\t\t<h2 class=\"elementor-heading-title elementor-size-default\">Sp\u00e9cifications techniques<\/h2>\t\t\t\t<\/div>\n\t\t\t\t<div class=\"elementor-element elementor-element-3369788a elementor-widget elementor-widget-text-editor\" data-id=\"3369788a\" data-element_type=\"widget\" data-e-type=\"widget\" data-widget_type=\"text-editor.default\">\n\t\t\t\t\t\t\t\t\t<ul>\n<li>Longueur totale : 4,40 m<\/li>\n<li>Poutre : 1,98 m<\/li>\n<li>Tirant d&rsquo;eau : le m\u00eame que celui du PWC<\/li>\n<li>CE-C : 5 personnes<\/li>\n<li>Poids 150 kg, sans PWC<\/li>\n<li>Carburant : 70 litres<\/li>\n<li>Vitesse avec un Sea Doo de 230 ch : 50 n\u0153uds<\/li>\n<li>Stockage : 90 L dans la motomarine, 100 L dans le bateau<\/li>\n<\/ul>\t\t\t\t\t\t\t\t<\/div>\n\t\t\t\t<div class=\"elementor-element elementor-element-56f445d2 elementor-widget elementor-widget-text-editor\" data-id=\"56f445d2\" data-element_type=\"widget\" data-e-type=\"widget\" data-widget_type=\"text-editor.default\">\n\t\t\t\t\t\t\t\t\t<p><em>Les sp\u00e9cifications peuvent \u00eatre modifi\u00e9es sans pr\u00e9avis.<\/em><\/p>\t\t\t\t\t\t\t\t<\/div>\n\t\t\t\t<\/div>\n\t\t<div class=\"elementor-element elementor-element-2fb99c51 e-con-full e-flex e-con e-child\" data-id=\"2fb99c51\" data-element_type=\"container\" data-e-type=\"container\">\n\t\t\t\t<div class=\"elementor-element elementor-element-74a06349 elementor-widget elementor-widget-image\" data-id=\"74a06349\" data-element_type=\"widget\" data-e-type=\"widget\" data-widget_type=\"image.default\">\n\t\t\t\t\t\t\t\t\t\t\t\t\t\t\t\t<a href=\"https:\/\/arcticboats.eu\/wp-content\/uploads\/2023\/12\/MinJetBoat-Measures.png\" data-elementor-open-lightbox=\"yes\" data-e-action-hash=\"#elementor-action%3Aaction%3Dlightbox%26settings%3DeyJpZCI6MzQ0MywidXJsIjoiaHR0cHM6XC9cL2FyY3RpY2JvYXRzLmV1XC93cC1jb250ZW50XC91cGxvYWRzXC8yMDIzXC8xMlwvTWluSmV0Qm9hdC1NZWFzdXJlcy1lMTc1ODcxMTMzNjI3Mi5wbmcifQ%3D%3D\">\n\t\t\t\t\t\t\t<img decoding=\"async\" width=\"200\" height=\"289\" src=\"https:\/\/arcticboats.eu\/wp-content\/uploads\/2023\/12\/MinJetBoat-Measures-e1758711336272.png\" class=\"attachment-large size-large wp-image-3443\" alt=\"\" \/>\t\t\t\t\t\t\t\t<\/a>\n\t\t\t\t\t\t\t\t\t\t\t\t\t\t\t<\/div>\n\t\t\t\t<\/div>\n\t\t\t\t\t<\/div>\n\t\t\t\t<\/div>\n\t\t<div class=\"elementor-element elementor-element-14f5f6b5 e-flex e-con-boxed e-con e-parent\" data-id=\"14f5f6b5\" data-element_type=\"container\" data-e-type=\"container\">\n\t\t\t\t\t<div class=\"e-con-inner\">\n\t\t\t\t<div class=\"elementor-element elementor-element-7aa73ff gallery-spacing-custom elementor-widget elementor-widget-image-gallery\" data-id=\"7aa73ff\" data-element_type=\"widget\" data-e-type=\"widget\" data-widget_type=\"image-gallery.default\">\n\t\t\t\t\t\t\t<div class=\"elementor-image-gallery\">\n\t\t\t<div id='gallery-1' class='gallery galleryid-3437 gallery-columns-4 gallery-size-thumbnail'><figure class='gallery-item'>\n\t\t\t<div class='gallery-icon landscape'>\n\t\t\t\t<a data-elementor-open-lightbox=\"yes\" data-elementor-lightbox-slideshow=\"7aa73ff\" data-e-action-hash=\"#elementor-action%3Aaction%3Dlightbox%26settings%3DeyJpZCI6MzQ0OSwidXJsIjoiaHR0cHM6XC9cL2FyY3RpY2JvYXRzLmV1XC93cC1jb250ZW50XC91cGxvYWRzXC8yMDIzXC8xMlwvSU1HLTYzMjktMi5qcGciLCJzbGlkZXNob3ciOiI3YWE3M2ZmIn0%3D\" href='https:\/\/arcticboats.eu\/wp-content\/uploads\/2023\/12\/IMG-6329-2.jpg'><img decoding=\"async\" width=\"150\" height=\"150\" src=\"https:\/\/arcticboats.eu\/wp-content\/uploads\/2023\/12\/IMG-6329-2-150x150.jpg\" class=\"attachment-thumbnail size-thumbnail\" alt=\"\" \/><\/a>\n\t\t\t<\/div><\/figure><figure class='gallery-item'>\n\t\t\t<div class='gallery-icon landscape'>\n\t\t\t\t<a data-elementor-open-lightbox=\"yes\" data-elementor-lightbox-slideshow=\"7aa73ff\" data-e-action-hash=\"#elementor-action%3Aaction%3Dlightbox%26settings%3DeyJpZCI6MzQ1MCwidXJsIjoiaHR0cHM6XC9cL2FyY3RpY2JvYXRzLmV1XC93cC1jb250ZW50XC91cGxvYWRzXC8yMDIzXC8xMlwvTWluaUpldGJvYXQtMTUtMi5qcGciLCJzbGlkZXNob3ciOiI3YWE3M2ZmIn0%3D\" href='https:\/\/arcticboats.eu\/wp-content\/uploads\/2023\/12\/MiniJetboat-15-2.jpg'><img loading=\"lazy\" decoding=\"async\" width=\"150\" height=\"150\" src=\"https:\/\/arcticboats.eu\/wp-content\/uploads\/2023\/12\/MiniJetboat-15-2-150x150.jpg\" class=\"attachment-thumbnail size-thumbnail\" alt=\"\" \/><\/a>\n\t\t\t<\/div><\/figure><figure class='gallery-item'>\n\t\t\t<div class='gallery-icon landscape'>\n\t\t\t\t<a data-elementor-open-lightbox=\"yes\" data-elementor-lightbox-slideshow=\"7aa73ff\" data-e-action-hash=\"#elementor-action%3Aaction%3Dlightbox%26settings%3DeyJpZCI6MzQ0NSwidXJsIjoiaHR0cHM6XC9cL2FyY3RpY2JvYXRzLmV1XC93cC1jb250ZW50XC91cGxvYWRzXC8yMDIzXC8xMlwvMjAyMi0wNS0wNi0yLmpwZyIsInNsaWRlc2hvdyI6IjdhYTczZmYifQ%3D%3D\" href='https:\/\/arcticboats.eu\/wp-content\/uploads\/2023\/12\/2022-05-06-2.jpg'><img loading=\"lazy\" decoding=\"async\" width=\"150\" height=\"150\" src=\"https:\/\/arcticboats.eu\/wp-content\/uploads\/2023\/12\/2022-05-06-2-150x150.jpg\" class=\"attachment-thumbnail size-thumbnail\" alt=\"\" \/><\/a>\n\t\t\t<\/div><\/figure><figure class='gallery-item'>\n\t\t\t<div class='gallery-icon landscape'>\n\t\t\t\t<a data-elementor-open-lightbox=\"yes\" data-elementor-lightbox-slideshow=\"7aa73ff\" data-e-action-hash=\"#elementor-action%3Aaction%3Dlightbox%26settings%3DeyJpZCI6MzQ0NywidXJsIjoiaHR0cHM6XC9cL2FyY3RpY2JvYXRzLmV1XC93cC1jb250ZW50XC91cGxvYWRzXC8yMDIzXC8xMlwvSU1HLTYzMTgtMi5qcGciLCJzbGlkZXNob3ciOiI3YWE3M2ZmIn0%3D\" href='https:\/\/arcticboats.eu\/wp-content\/uploads\/2023\/12\/IMG-6318-2.jpg'><img loading=\"lazy\" decoding=\"async\" width=\"150\" height=\"150\" src=\"https:\/\/arcticboats.eu\/wp-content\/uploads\/2023\/12\/IMG-6318-2-150x150.jpg\" class=\"attachment-thumbnail size-thumbnail\" alt=\"\" \/><\/a>\n\t\t\t<\/div><\/figure><figure class='gallery-item'>\n\t\t\t<div class='gallery-icon landscape'>\n\t\t\t\t<a data-elementor-open-lightbox=\"yes\" data-elementor-lightbox-slideshow=\"7aa73ff\" data-e-action-hash=\"#elementor-action%3Aaction%3Dlightbox%26settings%3DeyJpZCI6MzQ0OCwidXJsIjoiaHR0cHM6XC9cL2FyY3RpY2JvYXRzLmV1XC93cC1jb250ZW50XC91cGxvYWRzXC8yMDIzXC8xMlwvSU1HLTYzMjctMi5qcGciLCJzbGlkZXNob3ciOiI3YWE3M2ZmIn0%3D\" href='https:\/\/arcticboats.eu\/wp-content\/uploads\/2023\/12\/IMG-6327-2.jpg'><img loading=\"lazy\" decoding=\"async\" width=\"150\" height=\"150\" src=\"https:\/\/arcticboats.eu\/wp-content\/uploads\/2023\/12\/IMG-6327-2-150x150.jpg\" class=\"attachment-thumbnail size-thumbnail\" alt=\"\" \/><\/a>\n\t\t\t<\/div><\/figure>\n\t\t<\/div>\n\t\t<\/div>\n\t\t\t\t\t\t<\/div>\n\t\t\t\t\t<\/div>\n\t\t\t\t<\/div>\n\t\t\t\t<\/div>\n\t\t","protected":false},"excerpt":{"rendered":"<p>Arctic Mini Jetboat Bateau de sauvetage \u00c9largissez consid\u00e9rablement les possibilit\u00e9s d&rsquo;une motomarine gr\u00e2ce \u00e0 une coque de bateau en forme de U pouvant \u00eatre accost\u00e9e et transporter 5 personnes. La stabilit\u00e9 du Jet Boat est incroyablement bonne. Il est pratiquement impossible de chavirer. Gr\u00e2ce \u00e0 la propulsion \u00e0 jet du PWC, l&rsquo;ensemble est tr\u00e8s polyvalent, [&hellip;]<\/p>\n","protected":false},"author":3,"featured_media":0,"parent":3567,"menu_order":0,"comment_status":"closed","ping_status":"closed","template":"","meta":{"_seopress_robots_primary_cat":"","_seopress_titles_title":"Arctic Mini Jetboat - Arctic Airboats Ltd","_seopress_titles_desc":"","_seopress_robots_index":"","footnotes":""},"class_list":["post-3437","page","type-page","status-publish","hentry"],"_links":{"self":[{"href":"https:\/\/arcticboats.eu\/fr\/wp-json\/wp\/v2\/pages\/3437","targetHints":{"allow":["GET"]}}],"collection":[{"href":"https:\/\/arcticboats.eu\/fr\/wp-json\/wp\/v2\/pages"}],"about":[{"href":"https:\/\/arcticboats.eu\/fr\/wp-json\/wp\/v2\/types\/page"}],"author":[{"embeddable":true,"href":"https:\/\/arcticboats.eu\/fr\/wp-json\/wp\/v2\/users\/3"}],"replies":[{"embeddable":true,"href":"https:\/\/arcticboats.eu\/fr\/wp-json\/wp\/v2\/comments?post=3437"}],"version-history":[{"count":2,"href":"https:\/\/arcticboats.eu\/fr\/wp-json\/wp\/v2\/pages\/3437\/revisions"}],"predecessor-version":[{"id":13903,"href":"https:\/\/arcticboats.eu\/fr\/wp-json\/wp\/v2\/pages\/3437\/revisions\/13903"}],"up":[{"embeddable":true,"href":"https:\/\/arcticboats.eu\/fr\/wp-json\/wp\/v2\/pages\/3567"}],"wp:attachment":[{"href":"https:\/\/arcticboats.eu\/fr\/wp-json\/wp\/v2\/media?parent=3437"}],"curies":[{"name":"wp","href":"https:\/\/api.w.org\/{rel}","templated":true}]}}