{"id":3427,"date":"2023-12-06T14:46:41","date_gmt":"2023-12-06T11:46:41","guid":{"rendered":"https:\/\/arcticboats.eu\/arctic-jet-boat\/"},"modified":"2025-09-24T14:06:06","modified_gmt":"2025-09-24T11:06:06","slug":"arctic-jet-boat","status":"publish","type":"page","link":"https:\/\/arcticboats.eu\/fr\/bateaux\/arctic-jet-boat\/","title":{"rendered":"Arctic Jet Boat"},"content":{"rendered":"\t\t<div data-elementor-type=\"wp-page\" data-elementor-id=\"3427\" class=\"elementor elementor-3427 elementor-2797\">\n\t\t\t\t<div class=\"elementor-element elementor-element-147b819 e-con-full e-flex e-con e-parent\" data-id=\"147b819\" data-element_type=\"container\" data-e-type=\"container\">\n\t\t\t\t<div class=\"elementor-element elementor-element-516f9ee elementor-widget elementor-widget-shortcode\" data-id=\"516f9ee\" data-element_type=\"widget\" data-e-type=\"widget\" data-widget_type=\"shortcode.default\">\n\t\t\t\t\t\t\t<div class=\"elementor-shortcode\"><\/div>\n\t\t\t\t\t\t<\/div>\n\t\t\t\t<\/div>\n\t\t<div class=\"elementor-element elementor-element-360b7a99 e-flex e-con-boxed e-con e-parent\" data-id=\"360b7a99\" data-element_type=\"container\" data-e-type=\"container\">\n\t\t\t\t\t<div class=\"e-con-inner\">\n\t\t\t\t<div class=\"elementor-element elementor-element-740aaecf elementor-widget elementor-widget-heading\" data-id=\"740aaecf\" data-element_type=\"widget\" data-e-type=\"widget\" data-widget_type=\"heading.default\">\n\t\t\t\t\t<h1 class=\"elementor-heading-title elementor-size-default\">Arctic Jet Boat<\/h1>\t\t\t\t<\/div>\n\t\t\t\t<div class=\"elementor-element elementor-element-469cbec elementor-widget elementor-widget-heading\" data-id=\"469cbec\" data-element_type=\"widget\" data-e-type=\"widget\" data-widget_type=\"heading.default\">\n\t\t\t\t\t<h2 class=\"elementor-heading-title elementor-size-default\">Bateau de sauvetage\n<\/h2>\t\t\t\t<\/div>\n\t\t\t\t\t<\/div>\n\t\t\t\t<\/div>\n\t\t<div class=\"elementor-element elementor-element-72b602f5 e-flex e-con-boxed e-con e-parent\" data-id=\"72b602f5\" data-element_type=\"container\" data-e-type=\"container\">\n\t\t\t\t\t<div class=\"e-con-inner\">\n\t\t<div class=\"elementor-element elementor-element-45d6b965 e-con-full e-flex e-con e-child\" data-id=\"45d6b965\" data-element_type=\"container\" data-e-type=\"container\">\n\t\t\t\t<div class=\"elementor-element elementor-element-2452a52f elementor-widget elementor-widget-image\" data-id=\"2452a52f\" data-element_type=\"widget\" data-e-type=\"widget\" data-widget_type=\"image.default\">\n\t\t\t\t\t\t\t\t\t\t\t\t\t\t\t<img fetchpriority=\"high\" decoding=\"async\" width=\"601\" height=\"340\" src=\"https:\/\/arcticboats.eu\/wp-content\/uploads\/2023\/12\/JetBoat-Facebook.jpg\" class=\"attachment-large size-large wp-image-3434\" alt=\"\" srcset=\"https:\/\/arcticboats.eu\/wp-content\/uploads\/2023\/12\/JetBoat-Facebook.jpg 601w, https:\/\/arcticboats.eu\/wp-content\/uploads\/2023\/12\/JetBoat-Facebook-300x170.jpg 300w\" sizes=\"(max-width: 601px) 100vw, 601px\" \/>\t\t\t\t\t\t\t\t\t\t\t\t\t\t\t<\/div>\n\t\t\t\t<\/div>\n\t\t<div class=\"elementor-element elementor-element-1fd85157 e-con-full e-flex e-con e-child\" data-id=\"1fd85157\" data-element_type=\"container\" data-e-type=\"container\">\n\t\t\t\t<div class=\"elementor-element elementor-element-7ecf7947 elementor-widget elementor-widget-text-editor\" data-id=\"7ecf7947\" data-element_type=\"widget\" data-e-type=\"widget\" data-widget_type=\"text-editor.default\">\n\t\t\t\t\t\t\t\t\t<p>\u00c0 quoi ressemble un canot de secours parfait ?<br><strong>S\u00fbr | Stable | Navigable | Rapide | Pr\u00e9visible | Propulsion par jet, sans danger pour les victimes dans l&rsquo;eau | Spacieux | Polyvalent, polyvalent | R\u00e9sistant aux chocs | Facile \u00e0 entretenir | Faible investissement<\/strong><\/p>\n<p>Le premier essai de l&rsquo;Arctic Jet Boat a d\u00e9j\u00e0 \u00e9t\u00e9 un succ\u00e8s complet, avec une stabilit\u00e9 \u00e9tonnamment bonne. M\u00eame \u00e0 des vitesses sup\u00e9rieures \u00e0 40 n\u0153uds, le bateau est s\u00fbr et pr\u00e9visible. La motomarine test\u00e9e avait une puissance de 220 ch.<\/p>\n<p>La coque du Jet Boat est soud\u00e9e en poly\u00e9thyl\u00e8ne \u00e0 haut poids mol\u00e9culaire (PE-HMW) et est bas\u00e9e sur la coque du canot de sauvetage A17. L&rsquo;amarrage et le d\u00e9samarrage de la motomarine sont rapides et faciles : il suffit de la d\u00e9verrouiller et de rouler en marche arri\u00e8re.<\/p>\n<p>Le prix total du combo est inf\u00e9rieur \u00e0 celui d&rsquo;un bateau traditionnel, et il a la puissance d&rsquo;un bateau beaucoup plus grand. La propulsion par jet permet un fonctionnement stationnaire et une man\u0153uvre facile autour d&rsquo;une victime.<\/p>\n<p>Une machine fantastique ! Capacit\u00e9 de 7 personnes. Augmentez consid\u00e9rablement le pouvoir de sauvetage de votre motomarine !<\/p>\t\t\t\t\t\t\t\t<\/div>\n\t\t\t\t<\/div>\n\t\t\t\t\t<\/div>\n\t\t\t\t<\/div>\n\t\t<div class=\"elementor-element elementor-element-2986ef4f e-flex e-con-boxed e-con e-parent\" data-id=\"2986ef4f\" data-element_type=\"container\" data-e-type=\"container\">\n\t\t\t\t\t<div class=\"e-con-inner\">\n\t\t\t\t<div class=\"elementor-element elementor-element-874ee5e elementor-widget elementor-widget-heading\" data-id=\"874ee5e\" data-element_type=\"widget\" data-e-type=\"widget\" data-widget_type=\"heading.default\">\n\t\t\t\t\t<h2 class=\"elementor-heading-title elementor-size-default\">Equipement<\/h2>\t\t\t\t<\/div>\n\t\t\t\t<div class=\"elementor-element elementor-element-7b211598 elementor-widget elementor-widget-text-editor\" data-id=\"7b211598\" data-element_type=\"widget\" data-e-type=\"widget\" data-widget_type=\"text-editor.default\">\n\t\t\t\t\t\t\t\t\t<ul>\n<li>Cadre targa avec \u00e9clairage de conduite<\/li>\n<li>Feux de travail<\/li>\n<li>Traceur<\/li>\n<\/ul>\t\t\t\t\t\t\t\t<\/div>\n\t\t\t\t\t<\/div>\n\t\t\t\t<\/div>\n\t\t<div class=\"elementor-element elementor-element-1b84223f e-flex e-con-boxed e-con e-parent\" data-id=\"1b84223f\" data-element_type=\"container\" data-e-type=\"container\" data-settings=\"{&quot;background_background&quot;:&quot;classic&quot;}\">\n\t\t\t\t\t<div class=\"e-con-inner\">\n\t\t<div class=\"elementor-element elementor-element-4654f17c e-con-full e-flex e-con e-child\" data-id=\"4654f17c\" data-element_type=\"container\" data-e-type=\"container\">\n\t\t\t\t<div class=\"elementor-element elementor-element-2042906 elementor-widget elementor-widget-heading\" data-id=\"2042906\" data-element_type=\"widget\" data-e-type=\"widget\" data-widget_type=\"heading.default\">\n\t\t\t\t\t<h2 class=\"elementor-heading-title elementor-size-default\">Sp\u00e9cifications techniques<\/h2>\t\t\t\t<\/div>\n\t\t\t\t<div class=\"elementor-element elementor-element-2d07add9 elementor-widget elementor-widget-text-editor\" data-id=\"2d07add9\" data-element_type=\"widget\" data-e-type=\"widget\" data-widget_type=\"text-editor.default\">\n\t\t\t\t\t\t\t\t\t<ul>\n<li>Longueur totale : 5,2 m<\/li>\n<li>Largeur : 2,1 m<\/li>\n<li>Tirant d&rsquo;eau 0,30 m<\/li>\n<li>Poids 380 kg sans PWC<\/li>\n<li>Vitesse avec un jet de 300 ch 50 n\u0153uds<\/li>\n<\/ul>\t\t\t\t\t\t\t\t<\/div>\n\t\t\t\t<div class=\"elementor-element elementor-element-35ba1a74 elementor-widget elementor-widget-text-editor\" data-id=\"35ba1a74\" data-element_type=\"widget\" data-e-type=\"widget\" data-widget_type=\"text-editor.default\">\n\t\t\t\t\t\t\t\t\t<p><em>Les sp\u00e9cifications peuvent \u00eatre modifi\u00e9es sans pr\u00e9avis.<\/em><\/p>\t\t\t\t\t\t\t\t<\/div>\n\t\t\t\t<\/div>\n\t\t<div class=\"elementor-element elementor-element-161ac9e9 e-con-full e-flex e-con e-child\" data-id=\"161ac9e9\" data-element_type=\"container\" data-e-type=\"container\">\n\t\t\t\t<div class=\"elementor-element elementor-element-1b053130 elementor-widget elementor-widget-image\" data-id=\"1b053130\" data-element_type=\"widget\" data-e-type=\"widget\" data-widget_type=\"image.default\">\n\t\t\t\t\t\t\t\t\t\t\t\t\t\t\t<img decoding=\"async\" width=\"800\" height=\"209\" src=\"https:\/\/arcticboats.eu\/wp-content\/uploads\/2023\/12\/Jetboat-test-run-Oct20-1024x267.jpg\" class=\"attachment-large size-large wp-image-3431\" alt=\"\" srcset=\"https:\/\/arcticboats.eu\/wp-content\/uploads\/2023\/12\/Jetboat-test-run-Oct20-1024x267.jpg 1024w, https:\/\/arcticboats.eu\/wp-content\/uploads\/2023\/12\/Jetboat-test-run-Oct20-300x78.jpg 300w, https:\/\/arcticboats.eu\/wp-content\/uploads\/2023\/12\/Jetboat-test-run-Oct20-768x200.jpg 768w, https:\/\/arcticboats.eu\/wp-content\/uploads\/2023\/12\/Jetboat-test-run-Oct20-1536x400.jpg 1536w, https:\/\/arcticboats.eu\/wp-content\/uploads\/2023\/12\/Jetboat-test-run-Oct20.jpg 1920w\" sizes=\"(max-width: 800px) 100vw, 800px\" \/>\t\t\t\t\t\t\t\t\t\t\t\t\t\t\t<\/div>\n\t\t\t\t<\/div>\n\t\t\t\t\t<\/div>\n\t\t\t\t<\/div>\n\t\t<div class=\"elementor-element elementor-element-4a7566d6 e-flex e-con-boxed e-con e-parent\" data-id=\"4a7566d6\" data-element_type=\"container\" data-e-type=\"container\">\n\t\t\t\t\t<div class=\"e-con-inner\">\n\t\t\t\t<div class=\"elementor-element elementor-element-7c599fde gallery-spacing-custom elementor-widget elementor-widget-image-gallery\" data-id=\"7c599fde\" data-element_type=\"widget\" data-e-type=\"widget\" data-widget_type=\"image-gallery.default\">\n\t\t\t\t\t\t\t<div class=\"elementor-image-gallery\">\n\t\t\t<div id='gallery-1' class='gallery galleryid-3427 gallery-columns-4 gallery-size-thumbnail'><figure class='gallery-item'>\n\t\t\t<div class='gallery-icon landscape'>\n\t\t\t\t<a data-elementor-open-lightbox=\"yes\" data-elementor-lightbox-slideshow=\"7c599fde\" data-e-action-hash=\"#elementor-action%3Aaction%3Dlightbox%26settings%3DeyJpZCI6MzQzNCwidXJsIjoiaHR0cHM6XC9cL2FyY3RpY2JvYXRzLmV1XC93cC1jb250ZW50XC91cGxvYWRzXC8yMDIzXC8xMlwvSmV0Qm9hdC1GYWNlYm9vay5qcGciLCJzbGlkZXNob3ciOiI3YzU5OWZkZSJ9\" href='https:\/\/arcticboats.eu\/wp-content\/uploads\/2023\/12\/JetBoat-Facebook.jpg'><img decoding=\"async\" width=\"150\" height=\"150\" src=\"https:\/\/arcticboats.eu\/wp-content\/uploads\/2023\/12\/JetBoat-Facebook-150x150.jpg\" class=\"attachment-thumbnail size-thumbnail\" alt=\"\" \/><\/a>\n\t\t\t<\/div><\/figure><figure class='gallery-item'>\n\t\t\t<div class='gallery-icon landscape'>\n\t\t\t\t<a data-elementor-open-lightbox=\"yes\" data-elementor-lightbox-slideshow=\"7c599fde\" data-e-action-hash=\"#elementor-action%3Aaction%3Dlightbox%26settings%3DeyJpZCI6MzQzMywidXJsIjoiaHR0cHM6XC9cL2FyY3RpY2JvYXRzLmV1XC93cC1jb250ZW50XC91cGxvYWRzXC8yMDIzXC8xMlwvSmV0Ym9hdC1yYW5uYXNzYS5qcGciLCJzbGlkZXNob3ciOiI3YzU5OWZkZSJ9\" href='https:\/\/arcticboats.eu\/wp-content\/uploads\/2023\/12\/Jetboat-rannassa.jpg'><img loading=\"lazy\" decoding=\"async\" width=\"150\" height=\"150\" src=\"https:\/\/arcticboats.eu\/wp-content\/uploads\/2023\/12\/Jetboat-rannassa-150x150.jpg\" class=\"attachment-thumbnail size-thumbnail\" alt=\"\" \/><\/a>\n\t\t\t<\/div><\/figure><figure class='gallery-item'>\n\t\t\t<div class='gallery-icon landscape'>\n\t\t\t\t<a data-elementor-open-lightbox=\"yes\" data-elementor-lightbox-slideshow=\"7c599fde\" data-e-action-hash=\"#elementor-action%3Aaction%3Dlightbox%26settings%3DeyJpZCI6MzQyOCwidXJsIjoiaHR0cHM6XC9cL2FyY3RpY2JvYXRzLmV1XC93cC1jb250ZW50XC91cGxvYWRzXC8yMDIzXC8xMlwvSEVOLTY1MzAuanBnIiwic2xpZGVzaG93IjoiN2M1OTlmZGUifQ%3D%3D\" href='https:\/\/arcticboats.eu\/wp-content\/uploads\/2023\/12\/HEN-6530.jpg'><img loading=\"lazy\" decoding=\"async\" width=\"150\" height=\"150\" src=\"https:\/\/arcticboats.eu\/wp-content\/uploads\/2023\/12\/HEN-6530-150x150.jpg\" class=\"attachment-thumbnail size-thumbnail\" alt=\"\" \/><\/a>\n\t\t\t<\/div><\/figure><figure class='gallery-item'>\n\t\t\t<div class='gallery-icon landscape'>\n\t\t\t\t<a data-elementor-open-lightbox=\"yes\" data-elementor-lightbox-slideshow=\"7c599fde\" data-e-action-hash=\"#elementor-action%3Aaction%3Dlightbox%26settings%3DeyJpZCI6MzQzMCwidXJsIjoiaHR0cHM6XC9cL2FyY3RpY2JvYXRzLmV1XC93cC1jb250ZW50XC91cGxvYWRzXC8yMDIzXC8xMlwvSmV0Ym9hdC1pbi13YXZlLmpwZyIsInNsaWRlc2hvdyI6IjdjNTk5ZmRlIn0%3D\" href='https:\/\/arcticboats.eu\/wp-content\/uploads\/2023\/12\/Jetboat-in-wave.jpg'><img loading=\"lazy\" decoding=\"async\" width=\"150\" height=\"150\" src=\"https:\/\/arcticboats.eu\/wp-content\/uploads\/2023\/12\/Jetboat-in-wave-150x150.jpg\" class=\"attachment-thumbnail size-thumbnail\" alt=\"\" \/><\/a>\n\t\t\t<\/div><\/figure><figure class='gallery-item'>\n\t\t\t<div class='gallery-icon landscape'>\n\t\t\t\t<a data-elementor-open-lightbox=\"yes\" data-elementor-lightbox-slideshow=\"7c599fde\" data-e-action-hash=\"#elementor-action%3Aaction%3Dlightbox%26settings%3DeyJpZCI6MzQzMSwidXJsIjoiaHR0cHM6XC9cL2FyY3RpY2JvYXRzLmV1XC93cC1jb250ZW50XC91cGxvYWRzXC8yMDIzXC8xMlwvSmV0Ym9hdC10ZXN0LXJ1bi1PY3QyMC5qcGciLCJzbGlkZXNob3ciOiI3YzU5OWZkZSJ9\" href='https:\/\/arcticboats.eu\/wp-content\/uploads\/2023\/12\/Jetboat-test-run-Oct20.jpg'><img loading=\"lazy\" decoding=\"async\" width=\"150\" height=\"150\" src=\"https:\/\/arcticboats.eu\/wp-content\/uploads\/2023\/12\/Jetboat-test-run-Oct20-150x150.jpg\" class=\"attachment-thumbnail size-thumbnail\" alt=\"\" \/><\/a>\n\t\t\t<\/div><\/figure><figure class='gallery-item'>\n\t\t\t<div class='gallery-icon landscape'>\n\t\t\t\t<a data-elementor-open-lightbox=\"yes\" data-elementor-lightbox-slideshow=\"7c599fde\" data-e-action-hash=\"#elementor-action%3Aaction%3Dlightbox%26settings%3DeyJpZCI6MzQzNSwidXJsIjoiaHR0cHM6XC9cL2FyY3RpY2JvYXRzLmV1XC93cC1jb250ZW50XC91cGxvYWRzXC8yMDIzXC8xMlwvSEVOLTY1MDYuanBnIiwic2xpZGVzaG93IjoiN2M1OTlmZGUifQ%3D%3D\" href='https:\/\/arcticboats.eu\/wp-content\/uploads\/2023\/12\/HEN-6506.jpg'><img loading=\"lazy\" decoding=\"async\" width=\"150\" height=\"150\" src=\"https:\/\/arcticboats.eu\/wp-content\/uploads\/2023\/12\/HEN-6506-150x150.jpg\" class=\"attachment-thumbnail size-thumbnail\" alt=\"\" \/><\/a>\n\t\t\t<\/div><\/figure>\n\t\t<\/div>\n\t\t<\/div>\n\t\t\t\t\t\t<\/div>\n\t\t\t\t\t<\/div>\n\t\t\t\t<\/div>\n\t\t\t\t<\/div>\n\t\t","protected":false},"excerpt":{"rendered":"<p>Arctic Jet Boat Bateau de sauvetage \u00c0 quoi ressemble un canot de secours parfait ?S\u00fbr | Stable | Navigable | Rapide | Pr\u00e9visible | Propulsion par jet, sans danger pour les victimes dans l&rsquo;eau | Spacieux | Polyvalent, polyvalent | R\u00e9sistant aux chocs | Facile \u00e0 entretenir | Faible investissement Le premier essai de l&rsquo;Arctic [&hellip;]<\/p>\n","protected":false},"author":3,"featured_media":0,"parent":3567,"menu_order":0,"comment_status":"closed","ping_status":"closed","template":"","meta":{"_seopress_robots_primary_cat":"","_seopress_titles_title":"Arctic Jet Boat - Arctic Airboats Oy","_seopress_titles_desc":"","_seopress_robots_index":"","footnotes":""},"class_list":["post-3427","page","type-page","status-publish","hentry"],"_links":{"self":[{"href":"https:\/\/arcticboats.eu\/fr\/wp-json\/wp\/v2\/pages\/3427","targetHints":{"allow":["GET"]}}],"collection":[{"href":"https:\/\/arcticboats.eu\/fr\/wp-json\/wp\/v2\/pages"}],"about":[{"href":"https:\/\/arcticboats.eu\/fr\/wp-json\/wp\/v2\/types\/page"}],"author":[{"embeddable":true,"href":"https:\/\/arcticboats.eu\/fr\/wp-json\/wp\/v2\/users\/3"}],"replies":[{"embeddable":true,"href":"https:\/\/arcticboats.eu\/fr\/wp-json\/wp\/v2\/comments?post=3427"}],"version-history":[{"count":3,"href":"https:\/\/arcticboats.eu\/fr\/wp-json\/wp\/v2\/pages\/3427\/revisions"}],"predecessor-version":[{"id":14599,"href":"https:\/\/arcticboats.eu\/fr\/wp-json\/wp\/v2\/pages\/3427\/revisions\/14599"}],"up":[{"embeddable":true,"href":"https:\/\/arcticboats.eu\/fr\/wp-json\/wp\/v2\/pages\/3567"}],"wp:attachment":[{"href":"https:\/\/arcticboats.eu\/fr\/wp-json\/wp\/v2\/media?parent=3427"}],"curies":[{"name":"wp","href":"https:\/\/api.w.org\/{rel}","templated":true}]}}