{"id":3405,"date":"2025-03-18T10:22:19","date_gmt":"2025-03-18T07:22:19","guid":{"rendered":"https:\/\/arcticboats.eu\/impression\/"},"modified":"2025-07-29T07:44:50","modified_gmt":"2025-07-29T04:44:50","slug":"mentions-legales","status":"publish","type":"page","link":"https:\/\/arcticboats.eu\/fr\/mentions-legales\/","title":{"rendered":"Mentions l\u00e9gales"},"content":{"rendered":"\t\t<div data-elementor-type=\"wp-page\" data-elementor-id=\"3405\" class=\"elementor elementor-3405 elementor-3334\">\n\t\t\t\t<div class=\"elementor-element elementor-element-6b7a3d0 e-flex e-con-boxed e-con e-parent\" data-id=\"6b7a3d0\" data-element_type=\"container\" data-e-type=\"container\">\n\t\t\t\t\t<div class=\"e-con-inner\">\n\t\t\t\t<div class=\"elementor-element elementor-element-cf0c6a4 elementor-widget elementor-widget-heading\" data-id=\"cf0c6a4\" data-element_type=\"widget\" data-e-type=\"widget\" data-widget_type=\"heading.default\">\n\t\t\t\t\t<h1 class=\"elementor-heading-title elementor-size-default\">Mentions l\u00e9gales<\/h1>\t\t\t\t<\/div>\n\t\t\t\t\t<\/div>\n\t\t\t\t<\/div>\n\t\t<div class=\"elementor-element elementor-element-6c30b5a e-flex e-con-boxed e-con e-parent\" data-id=\"6c30b5a\" data-element_type=\"container\" data-e-type=\"container\">\n\t\t\t\t\t<div class=\"e-con-inner\">\n\t\t\t\t<div class=\"elementor-element elementor-element-1657c5e elementor-widget elementor-widget-text-editor\" data-id=\"1657c5e\" data-element_type=\"widget\" data-e-type=\"widget\" data-widget_type=\"text-editor.default\">\n\t\t\t\t\t\t\t\t\t<p><strong>Prestataire de services<\/strong><br>Arctic Boats Oy (FI 2145121-4)<br>Neitsytpolku 3C 35<br>00140 Helsinki<br>Finlande<\/p>\n<p><strong>Contact<\/strong><br>T\u00e9l. +358 40 043 1025<br>Courriel : info@arcticboats.fi <\/p>\n<p><strong>Repr\u00e9sentants autoris\u00e9s<\/strong><br>Henrik Paersch (Directeur g\u00e9n\u00e9ral)<\/p>\n<p><strong>Coordonn\u00e9es de l&rsquo;entreprise<\/strong><br>Num\u00e9ro d&rsquo;identification de la taxe sur la valeur ajout\u00e9e (ID TVA) : FI 2145121-4<\/p>\n<p><strong>Cr\u00e9dits photographiques<\/strong><br>Sources des images et informations sur les droits d&rsquo;auteur :<br>ArcticBoats Oy<br><a href=\"https:\/\/stock.adobe.com\/\" target=\"_blank\" rel=\"noopener\">stock.adobe.com<\/a><\/p>\t\t\t\t\t\t\t\t<\/div>\n\t\t\t\t\t<\/div>\n\t\t\t\t<\/div>\n\t\t\t\t<\/div>\n\t\t","protected":false},"excerpt":{"rendered":"<p>Mentions l\u00e9gales Prestataire de servicesArctic Boats Oy (FI 2145121-4)Neitsytpolku 3C 3500140 HelsinkiFinlande ContactT\u00e9l. +358 40 043 1025Courriel : info@arcticboats.fi Repr\u00e9sentants autoris\u00e9sHenrik Paersch (Directeur g\u00e9n\u00e9ral) Coordonn\u00e9es de l&rsquo;entrepriseNum\u00e9ro d&rsquo;identification de la taxe sur la valeur ajout\u00e9e (ID TVA) : FI 2145121-4 Cr\u00e9dits photographiquesSources des images et informations sur les droits d&rsquo;auteur :ArcticBoats Oystock.adobe.com<\/p>\n","protected":false},"author":3,"featured_media":0,"parent":0,"menu_order":0,"comment_status":"closed","ping_status":"closed","template":"elementor_header_footer","meta":{"_seopress_robots_primary_cat":"","_seopress_titles_title":"Imprint - Arctic Boats Oy","_seopress_titles_desc":"","_seopress_robots_index":"yes","footnotes":""},"class_list":["post-3405","page","type-page","status-publish","hentry"],"_links":{"self":[{"href":"https:\/\/arcticboats.eu\/fr\/wp-json\/wp\/v2\/pages\/3405","targetHints":{"allow":["GET"]}}],"collection":[{"href":"https:\/\/arcticboats.eu\/fr\/wp-json\/wp\/v2\/pages"}],"about":[{"href":"https:\/\/arcticboats.eu\/fr\/wp-json\/wp\/v2\/types\/page"}],"author":[{"embeddable":true,"href":"https:\/\/arcticboats.eu\/fr\/wp-json\/wp\/v2\/users\/3"}],"replies":[{"embeddable":true,"href":"https:\/\/arcticboats.eu\/fr\/wp-json\/wp\/v2\/comments?post=3405"}],"version-history":[{"count":2,"href":"https:\/\/arcticboats.eu\/fr\/wp-json\/wp\/v2\/pages\/3405\/revisions"}],"predecessor-version":[{"id":13725,"href":"https:\/\/arcticboats.eu\/fr\/wp-json\/wp\/v2\/pages\/3405\/revisions\/13725"}],"wp:attachment":[{"href":"https:\/\/arcticboats.eu\/fr\/wp-json\/wp\/v2\/media?parent=3405"}],"curies":[{"name":"wp","href":"https:\/\/api.w.org\/{rel}","templated":true}]}}