{"id":3103,"date":"2025-04-05T09:29:14","date_gmt":"2025-04-05T06:29:14","guid":{"rendered":"https:\/\/arcticboats.eu\/hmwpe-vs-aluminium\/"},"modified":"2025-07-22T13:37:32","modified_gmt":"2025-07-22T10:37:32","slug":"hmwpe-vs-aluminium","status":"publish","type":"page","link":"https:\/\/arcticboats.eu\/de\/besonderheiten\/hmwpe-vs-aluminium\/","title":{"rendered":"HMWPE vs. Aluminium"},"content":{"rendered":"\t\t<div data-elementor-type=\"wp-page\" data-elementor-id=\"3103\" class=\"elementor elementor-3103 elementor-2501\">\n\t\t\t\t<div class=\"elementor-element elementor-element-a24daa5 e-flex e-con-boxed e-con e-parent\" data-id=\"a24daa5\" data-element_type=\"container\" data-e-type=\"container\">\n\t\t\t\t\t<div class=\"e-con-inner\">\n\t\t\t\t<div class=\"elementor-element elementor-element-a3c9703 elementor-widget elementor-widget-heading\" data-id=\"a3c9703\" data-element_type=\"widget\" data-e-type=\"widget\" data-widget_type=\"heading.default\">\n\t\t\t\t\t<h1 class=\"elementor-heading-title elementor-size-default\">HMWPE \u2013 das perfekte Material f\u00fcr Einsatz- und Rettungsboote?<\/h1>\t\t\t\t<\/div>\n\t\t\t\t<div class=\"elementor-element elementor-element-79e2383 elementor-widget elementor-widget-text-editor\" data-id=\"79e2383\" data-element_type=\"widget\" data-e-type=\"widget\" data-widget_type=\"text-editor.default\">\n\t\t\t\t\t\t\t\t\t<p>Wenn Menschenleben auf dem Spiel stehen, m\u00fcssen sich die Retter zu 100 % auf ihre Boote verlassen k\u00f6nnen, selbst unter den h\u00e4rtesten Bedingungen auf See und in der Arktis. Robustheit und Widerstandsf\u00e4higkeit sind daher die wichtigsten Anforderungen an Materialien f\u00fcr den Bau von Such- und Rettungsbooten oder anderen Einsatz-Booten, die in rauen Umgebungen und unter schwierigen Bedingungen eingesetzt werden, wie z. B. Milit\u00e4rboote oder Boote zur \u00d6lbek\u00e4mpfung. HMWPE (\u201eHigh Molecular Weight Polyethylene\u201c, Hochmolekulares Polyethylen) ist nicht nur sehr widerstandsf\u00e4hig gegen Abrieb, Durchsto\u00dfen, Rei\u00dfen und Verformung, sondern verf\u00fcgt auch \u00fcber andere sehr n\u00fctzliche Eigenschaften, die im folgenden Vergleich zwischen HMWPE und anderen g\u00e4ngigen Bootsbaumaterialien erl\u00e4utert werden.  <\/p>\t\t\t\t\t\t\t\t<\/div>\n\t\t\t\t\t<\/div>\n\t\t\t\t<\/div>\n\t\t<div class=\"elementor-element elementor-element-3940d86 e-flex e-con-boxed e-con e-parent\" data-id=\"3940d86\" data-element_type=\"container\" data-e-type=\"container\">\n\t\t\t\t\t<div class=\"e-con-inner\">\n\t\t\t\t<div class=\"elementor-element elementor-element-9e7e25f elementor-widget elementor-widget-heading\" data-id=\"9e7e25f\" data-element_type=\"widget\" data-e-type=\"widget\" data-widget_type=\"heading.default\">\n\t\t\t\t\t<h2 class=\"elementor-heading-title elementor-size-default\">Die Materialien<\/h2>\t\t\t\t<\/div>\n\t\t\t\t\t<\/div>\n\t\t\t\t<\/div>\n\t\t<div class=\"elementor-element elementor-element-6aa5860 e-flex e-con-boxed e-con e-parent\" data-id=\"6aa5860\" data-element_type=\"container\" data-e-type=\"container\">\n\t\t\t\t\t<div class=\"e-con-inner\">\n\t\t\t\t<div class=\"elementor-element elementor-element-cf53f6c elementor-widget elementor-widget-heading\" data-id=\"cf53f6c\" data-element_type=\"widget\" data-e-type=\"widget\" data-widget_type=\"heading.default\">\n\t\t\t\t\t<h3 class=\"elementor-heading-title elementor-size-default\">HMWPE<\/h3>\t\t\t\t<\/div>\n\t\t\t\t<div class=\"elementor-element elementor-element-6ab7755 elementor-widget elementor-widget-text-editor\" data-id=\"6ab7755\" data-element_type=\"widget\" data-e-type=\"widget\" data-widget_type=\"text-editor.default\">\n\t\t\t\t\t\t\t\t\t<p><strong>HMWPE<\/strong> = Hochmolekulares Polyethylen, auch \u201ePE500-G\u00fcteklasse\u201c genannt. Es ist sehr abriebfest und wird daher h\u00e4ufig f\u00fcr F\u00f6rderb\u00e4nder oder K\u00fcchenschneidebretter verwendet.  <\/p>\n<p>Als einheitliches Plattenmaterial ohne Fasern ist <strong>HMWPE<\/strong> isotrop (= es \u00fcbertr\u00e4gt Kr\u00e4fte gleichm\u00e4\u00dfig in alle Richtungen), was bedeutet, dass keine besonderen konstruktiven \u00dcberlegungen zur Faserrichtung erforderlich sind.<\/p>\t\t\t\t\t\t\t\t<\/div>\n\t\t\t\t\t<\/div>\n\t\t\t\t<\/div>\n\t\t<div class=\"elementor-element elementor-element-57b71b9 e-flex e-con-boxed e-con e-parent\" data-id=\"57b71b9\" data-element_type=\"container\" data-e-type=\"container\">\n\t\t\t\t\t<div class=\"e-con-inner\">\n\t\t<div class=\"elementor-element elementor-element-68e4ca8 e-con-full e-flex e-con e-child\" data-id=\"68e4ca8\" data-element_type=\"container\" data-e-type=\"container\" data-settings=\"{&quot;background_background&quot;:&quot;classic&quot;}\">\n\t\t\t\t<div class=\"elementor-element elementor-element-9cf022f elementor-widget elementor-widget-heading\" data-id=\"9cf022f\" data-element_type=\"widget\" data-e-type=\"widget\" data-widget_type=\"heading.default\">\n\t\t\t\t\t<h4 class=\"elementor-heading-title elementor-size-default\">Vorteile<\/h4>\t\t\t\t<\/div>\n\t\t\t\t<div class=\"elementor-element elementor-element-45177c9 elementor-widget elementor-widget-text-editor\" data-id=\"45177c9\" data-element_type=\"widget\" data-e-type=\"widget\" data-widget_type=\"text-editor.default\">\n\t\t\t\t\t\t\t\t\t<p>\u25ba Eigenst\u00e4ndig in Wasser schwimmf\u00e4hig<br>\u25ba Sehr hohe Abriebfestigkeit<br>\u25ba Sehr hohe Durchstichfestigkeit<br>\u25ba Geringe Reibung (auf Strand, Eis, \u2026)<br>\u25ba Kaum dauerhafte Verformung<br>\u25ba Leicht zu reparieren (schwei\u00dfbar)<br>\u25ba Leicht vor Ort zu reparieren<br>\u25ba PE-Boote sind leise, PE d\u00e4mpft Motorl\u00e4rm<br>\u25ba PE-Boote \u00fcber 6 Meter sind leichter als andere Boote <\/p>\t\t\t\t\t\t\t\t<\/div>\n\t\t\t\t<\/div>\n\t\t<div class=\"elementor-element elementor-element-d4d5dbd e-con-full e-flex e-con e-child\" data-id=\"d4d5dbd\" data-element_type=\"container\" data-e-type=\"container\" data-settings=\"{&quot;background_background&quot;:&quot;classic&quot;}\">\n\t\t\t\t<div class=\"elementor-element elementor-element-a08d41c elementor-widget elementor-widget-heading\" data-id=\"a08d41c\" data-element_type=\"widget\" data-e-type=\"widget\" data-widget_type=\"heading.default\">\n\t\t\t\t\t<h4 class=\"elementor-heading-title elementor-size-default\">Nachteile<\/h4>\t\t\t\t<\/div>\n\t\t\t\t<div class=\"elementor-element elementor-element-2378255 elementor-widget elementor-widget-text-editor\" data-id=\"2378255\" data-element_type=\"widget\" data-e-type=\"widget\" data-widget_type=\"text-editor.default\">\n\t\t\t\t\t\t\t\t\t<p>\u25ba HMWPE-Schwei\u00dfen ist ein langsamer Prozess, der zu mehr Aufwand und Kosten f\u00fchrt<br>\u25ba Gro\u00dfer W\u00e4rmeausdehnungsfaktor, Produktion und Montage von Booten erfordert viel Know-How<br>\u25ba Nur schwarzes PE ist UV-stabil<\/p>\t\t\t\t\t\t\t\t<\/div>\n\t\t\t\t<\/div>\n\t\t\t\t\t<\/div>\n\t\t\t\t<\/div>\n\t\t<div class=\"elementor-element elementor-element-a3e551f e-flex e-con-boxed e-con e-parent\" data-id=\"a3e551f\" data-element_type=\"container\" data-e-type=\"container\">\n\t\t\t\t\t<div class=\"e-con-inner\">\n\t\t\t\t<div class=\"elementor-element elementor-element-5f3ea70 elementor-widget elementor-widget-heading\" data-id=\"5f3ea70\" data-element_type=\"widget\" data-e-type=\"widget\" data-widget_type=\"heading.default\">\n\t\t\t\t\t<h3 class=\"elementor-heading-title elementor-size-default\">Aluminium<\/h3>\t\t\t\t<\/div>\n\t\t\t\t<div class=\"elementor-element elementor-element-88de7ee elementor-widget elementor-widget-text-editor\" data-id=\"88de7ee\" data-element_type=\"widget\" data-e-type=\"widget\" data-widget_type=\"text-editor.default\">\n\t\t\t\t\t\t\t\t\t<p>Aluminiumblech f\u00fcr den Bootsbau ist in der Regel eine Aluminium-Magnesium-Legierung. Als einheitliches Metall ist Aluminium ebenfalls isotrop. <\/p>\t\t\t\t\t\t\t\t<\/div>\n\t\t\t\t\t<\/div>\n\t\t\t\t<\/div>\n\t\t<div class=\"elementor-element elementor-element-e9c7444 e-flex e-con-boxed e-con e-parent\" data-id=\"e9c7444\" data-element_type=\"container\" data-e-type=\"container\">\n\t\t\t\t\t<div class=\"e-con-inner\">\n\t\t<div class=\"elementor-element elementor-element-2e788cc e-con-full e-flex e-con e-child\" data-id=\"2e788cc\" data-element_type=\"container\" data-e-type=\"container\" data-settings=\"{&quot;background_background&quot;:&quot;classic&quot;}\">\n\t\t\t\t<div class=\"elementor-element elementor-element-15433fa elementor-widget elementor-widget-heading\" data-id=\"15433fa\" data-element_type=\"widget\" data-e-type=\"widget\" data-widget_type=\"heading.default\">\n\t\t\t\t\t<h4 class=\"elementor-heading-title elementor-size-default\">Vorteile<\/h4>\t\t\t\t<\/div>\n\t\t\t\t<div class=\"elementor-element elementor-element-ea70d7a elementor-widget elementor-widget-text-editor\" data-id=\"ea70d7a\" data-element_type=\"widget\" data-e-type=\"widget\" data-widget_type=\"text-editor.default\">\n\t\t\t\t\t\t\t\t\t<p>\u25ba Geringes Gewicht<br>\u25ba Hohe strukturelle Stabilit\u00e4t in gr\u00f6\u00dferen Booten<\/p>\t\t\t\t\t\t\t\t<\/div>\n\t\t\t\t<\/div>\n\t\t<div class=\"elementor-element elementor-element-058249f e-con-full e-flex e-con e-child\" data-id=\"058249f\" data-element_type=\"container\" data-e-type=\"container\" data-settings=\"{&quot;background_background&quot;:&quot;classic&quot;}\">\n\t\t\t\t<div class=\"elementor-element elementor-element-de21ec6 elementor-widget elementor-widget-heading\" data-id=\"de21ec6\" data-element_type=\"widget\" data-e-type=\"widget\" data-widget_type=\"heading.default\">\n\t\t\t\t\t<h4 class=\"elementor-heading-title elementor-size-default\">Nachteile<\/h4>\t\t\t\t<\/div>\n\t\t\t\t<div class=\"elementor-element elementor-element-fe7db24 elementor-widget elementor-widget-text-editor\" data-id=\"fe7db24\" data-element_type=\"widget\" data-e-type=\"widget\" data-widget_type=\"text-editor.default\">\n\t\t\t\t\t\t\t\t\t<p>\u25ba Von sich aus nicht schwimmf\u00e4hig, sinkt in Wasser<br>\u25ba Verformt sich beim Aufprall auf Hindernisse (Felsen, \u2026) schnell und dauerhaft, wodurch das Material spr\u00f6de wird. Einmal verformtes Aluminium l\u00e4sst sich nicht ohne weiteres \u201ezur\u00fcckbiegen\u201c, ohne dass die Gefahr einer weiteren Besch\u00e4digung des Materials besteht. Gefahr des Einrei\u00dfens, insbesondere beim H\u00e4ngenbleiben an scharfen Hindernissen wie Felsen oder Unterwasserstrukturen<br>\u25ba Gefahr von galvanischer Korrosion\/ elektrischer Korrosion\/bi-metallischer Korrosion in Meeresumgebungen (Salzwasser), je nach verwendeter Aluminiumlegierung<br>\u25ba Ausgezeichneter W\u00e4rmeleiter, sehr kalte Oberfl\u00e4chen unter arktischen Bedingungen<br>\u25ba H\u00f6here Reibung als PE<br>\u25ba Aluminiumboote sind sehr laut <\/p>\t\t\t\t\t\t\t\t<\/div>\n\t\t\t\t<\/div>\n\t\t\t\t\t<\/div>\n\t\t\t\t<\/div>\n\t\t<div class=\"elementor-element elementor-element-4c92e0d e-flex e-con-boxed e-con e-parent\" data-id=\"4c92e0d\" data-element_type=\"container\" data-e-type=\"container\">\n\t\t\t\t\t<div class=\"e-con-inner\">\n\t\t\t\t<div class=\"elementor-element elementor-element-d39eb2d elementor-widget elementor-widget-heading\" data-id=\"d39eb2d\" data-element_type=\"widget\" data-e-type=\"widget\" data-widget_type=\"heading.default\">\n\t\t\t\t\t<h3 class=\"elementor-heading-title elementor-size-default\">GFK<\/h3>\t\t\t\t<\/div>\n\t\t\t\t<div class=\"elementor-element elementor-element-7ca293c elementor-widget elementor-widget-text-editor\" data-id=\"7ca293c\" data-element_type=\"widget\" data-e-type=\"widget\" data-widget_type=\"text-editor.default\">\n\t\t\t\t\t\t\t\t\t<p><strong>GFK<\/strong> (glasfaserverst\u00e4rkter Kunststoff, \u201eFiberglas\u201c) wird f\u00fcr RHIBs (\u201eRigid Hull Inflatable Boats\u201c, Festrumpf-schlauchboote) verwendet. GFK ist anisotrop, was bedeutet, dass es wie Holz je nach Faserrichtung unterschiedliche Eigenschaften aufweist. W\u00e4hrend dies bei flachem Material als Nachteil angesehen werden k\u00f6nnte, erm\u00f6glicht es optimierte Konstruktionen und die Verst\u00e4rkung von Strukturen entlang der Wirkungslinien, was es zu einem sehr interessanten Material bei der Konstruktion von Yachten macht, wo es ein gutes Verh\u00e4ltnis zwischen Gewicht und Festigkeit erm\u00f6glicht, wohingegen die Abnutzungsbest\u00e4ndigkeit gegen\u00fcber St\u00f6\u00dfen und anderen \u201eharten\u201c Belastungen dort von geringerer Bedeutung ist. <\/p>\t\t\t\t\t\t\t\t<\/div>\n\t\t\t\t\t<\/div>\n\t\t\t\t<\/div>\n\t\t<div class=\"elementor-element elementor-element-9d4fde5 e-flex e-con-boxed e-con e-parent\" data-id=\"9d4fde5\" data-element_type=\"container\" data-e-type=\"container\">\n\t\t\t\t\t<div class=\"e-con-inner\">\n\t\t<div class=\"elementor-element elementor-element-e8816fb e-con-full e-flex e-con e-child\" data-id=\"e8816fb\" data-element_type=\"container\" data-e-type=\"container\" data-settings=\"{&quot;background_background&quot;:&quot;classic&quot;}\">\n\t\t\t\t<div class=\"elementor-element elementor-element-a7ab45a elementor-widget elementor-widget-heading\" data-id=\"a7ab45a\" data-element_type=\"widget\" data-e-type=\"widget\" data-widget_type=\"heading.default\">\n\t\t\t\t\t<h4 class=\"elementor-heading-title elementor-size-default\">Vorteile<\/h4>\t\t\t\t<\/div>\n\t\t\t\t<div class=\"elementor-element elementor-element-80241b9 elementor-widget elementor-widget-text-editor\" data-id=\"80241b9\" data-element_type=\"widget\" data-e-type=\"widget\" data-widget_type=\"text-editor.default\">\n\t\t\t\t\t\t\t\t\t<p>\u25ba Geringes Gewicht. Gutes Gewichts-\/Festigkeitsverh\u00e4ltnis (bei richtiger Verarbeitung) <\/p>\t\t\t\t\t\t\t\t<\/div>\n\t\t\t\t<\/div>\n\t\t<div class=\"elementor-element elementor-element-8a17e15 e-con-full e-flex e-con e-child\" data-id=\"8a17e15\" data-element_type=\"container\" data-e-type=\"container\" data-settings=\"{&quot;background_background&quot;:&quot;classic&quot;}\">\n\t\t\t\t<div class=\"elementor-element elementor-element-731286f elementor-widget elementor-widget-heading\" data-id=\"731286f\" data-element_type=\"widget\" data-e-type=\"widget\" data-widget_type=\"heading.default\">\n\t\t\t\t\t<h4 class=\"elementor-heading-title elementor-size-default\">Nachteile<\/h4>\t\t\t\t<\/div>\n\t\t\t\t<div class=\"elementor-element elementor-element-2fc013a elementor-widget elementor-widget-text-editor\" data-id=\"2fc013a\" data-element_type=\"widget\" data-e-type=\"widget\" data-widget_type=\"text-editor.default\">\n\t\t\t\t\t\t\t\t\t<p>\u25ba Bei kleineren Booten sind luftgef\u00fcllte Schl\u00e4uche f\u00fcr den Auftrieb erforderlich (Risiko eines katastrophalen Schadens)<br>\u25ba Weniger widerstandsf\u00e4hig gegen Abrieb (Felsen, Eis)<br>\u25ba Weniger widerstandsf\u00e4hig gegen Durchsto\u00dfen<\/p>\t\t\t\t\t\t\t\t<\/div>\n\t\t\t\t<\/div>\n\t\t\t\t\t<\/div>\n\t\t\t\t<\/div>\n\t\t<div class=\"elementor-element elementor-element-ddcf4c8 e-flex e-con-boxed e-con e-parent\" data-id=\"ddcf4c8\" data-element_type=\"container\" data-e-type=\"container\">\n\t\t\t\t\t<div class=\"e-con-inner\">\n\t\t\t\t<div class=\"elementor-element elementor-element-4754613 elementor-widget elementor-widget-heading\" data-id=\"4754613\" data-element_type=\"widget\" data-e-type=\"widget\" data-widget_type=\"heading.default\">\n\t\t\t\t\t<h2 class=\"elementor-heading-title elementor-size-default\">Der Vergleich<\/h2>\t\t\t\t<\/div>\n\t\t\t\t\t<\/div>\n\t\t\t\t<\/div>\n\t\t<div class=\"elementor-element elementor-element-8a2280b e-flex e-con-boxed e-con e-parent\" data-id=\"8a2280b\" data-element_type=\"container\" data-e-type=\"container\">\n\t\t\t\t\t<div class=\"e-con-inner\">\n\t\t\t\t<div class=\"elementor-element elementor-element-6b722cd elementor-widget elementor-widget-heading\" data-id=\"6b722cd\" data-element_type=\"widget\" data-e-type=\"widget\" data-widget_type=\"heading.default\">\n\t\t\t\t\t<h3 class=\"elementor-heading-title elementor-size-default\">HDPE-Boot oder Aluminium-Boot?<\/h3>\t\t\t\t<\/div>\n\t\t\t\t<div class=\"elementor-element elementor-element-0b136bf elementor-widget elementor-widget-text-editor\" data-id=\"0b136bf\" data-element_type=\"widget\" data-e-type=\"widget\" data-widget_type=\"text-editor.default\">\n\t\t\t\t\t\t\t\t\t<p>Aluminium hat seinen Platz als Bootsbaumaterial dort, wo die Bedingungen weniger anspruchsvoll sind und mehr R\u00fccksicht auf die \u201egute Behandlung des Bootes\u201c genommen werden kann, z. B. bei privaten Angel- oder Freizeitbooten. Aufgrund seiner hohen strukturellen Stabilit\u00e4t ist Aluminium auch f\u00fcr gr\u00f6\u00dfere Boote geeignet. <\/p>\n<p>Wenn das Boot auch unter sehr rauen Bedingungen einwandfrei funktionieren muss, ist HMWPE ein viel zuverl\u00e4ssigeres Material. Die Bediener m\u00fcssen sich auf ihre eigentliche Aufgabe konzentrieren k\u00f6nnen, z. B. die Rettung von Menschenleben, ohne sich Sorgen machen zu m\u00fcssen, dass ihr Boot besch\u00e4digt wird oder gar ausf\u00e4llt. Egal, wie sehr Sie Ihr HMWPE-Boot \u201emissbrauchen\u201c, es wird es \u00fcberstehen. Die \u00fcberragende Widerstandsf\u00e4higkeit von HMWPE gegen Durchstiche, Risse, Abrieb (wodurch einige Aluminiumboote als Nebeneffekt anf\u00e4llig f\u00fcr galvanische Korrosion werden) und dauerhafte Verformung (f\u00fcr die Aluminium ebenfalls sehr anf\u00e4llig ist) erlaubt es den Such- und Rettungsmannschaften, keinen Gedanken an die Integrit\u00e4t und Leistung ihrer Boote verschwenden zu m\u00fcssen, sondern sich auf das Wesentliche zu konzentrieren.   <\/p>\t\t\t\t\t\t\t\t<\/div>\n\t\t\t\t\t<\/div>\n\t\t\t\t<\/div>\n\t\t<div class=\"elementor-element elementor-element-5cdff79 e-flex e-con-boxed e-con e-parent\" data-id=\"5cdff79\" data-element_type=\"container\" data-e-type=\"container\">\n\t\t\t\t\t<div class=\"e-con-inner\">\n\t\t\t\t<div class=\"elementor-element elementor-element-b40ff2e elementor-widget elementor-widget-heading\" data-id=\"b40ff2e\" data-element_type=\"widget\" data-e-type=\"widget\" data-widget_type=\"heading.default\">\n\t\t\t\t\t<h3 class=\"elementor-heading-title elementor-size-default\">HDPE-Boote oder GFK-Boote?<\/h3>\t\t\t\t<\/div>\n\t\t\t\t<div class=\"elementor-element elementor-element-5d55f36 elementor-widget elementor-widget-text-editor\" data-id=\"5d55f36\" data-element_type=\"widget\" data-e-type=\"widget\" data-widget_type=\"text-editor.default\">\n\t\t\t\t\t\t\t\t\t<p>Der Vergleich zwischen HMWPE-Booten und GFK-Booten ist komplexer, da sich nicht nur das Material, sondern auch die gesamte Konstruktion unterscheidet:<\/p>\n<p>Boote auf GFK-Basis werden als Rigid Hull Inflatable Boats\u201d (\u201eRHIBs\u201c, Festrumpfschlauchboote) gebaut. Sie \u00e4hneln den traditionellen Schlauchbooten, von denen sie abgeleitet wurden: Schlauchboote mit festem Rumpf beziehen einen Teil ihrer strukturellen Stabilit\u00e4t aus ihren unter Druck stehenden Schl\u00e4uchen, die durch einen starren Boden\/Rumpf verst\u00e4rkt werden. <\/p>\n<p>HMWPE-Boote hingegen sind als Rigid Buoyancy Boats\u201d (\u201eRBBs\u201c, \u201eFestrumpf-Auftriebsboot\u201c) konzipiert. Obwohl sie \u00e4u\u00dferlich \u00e4hnlich aussehen, folgen sie einem grundlegend anderen Konstruktionsprinzip. Das gesamte Boot ist strukturell stabil gebaut, wobei der Auftrieb sowohl durch den Rumpf selbst als auch durch die starren D-f\u00f6rmigen Pontons des Bootes gew\u00e4hrleistet wird. Hier finden Sie einen Vergleich zwischen den allgemeinen Konstruktionskonzepten von Festrumpf-Auftriebsbooten (RBBs) und Festrumpfschlauchbooten (RHIBs).  <\/p>\t\t\t\t\t\t\t\t<\/div>\n\t\t\t\t\t<\/div>\n\t\t\t\t<\/div>\n\t\t<div class=\"elementor-element elementor-element-d3f5c45 e-flex e-con-boxed e-con e-parent\" data-id=\"d3f5c45\" data-element_type=\"container\" data-e-type=\"container\">\n\t\t\t\t\t<div class=\"e-con-inner\">\n\t\t\t\t<div class=\"elementor-element elementor-element-cdfc437 elementor-widget elementor-widget-heading\" data-id=\"cdfc437\" data-element_type=\"widget\" data-e-type=\"widget\" data-widget_type=\"heading.default\">\n\t\t\t\t\t<h2 class=\"elementor-heading-title elementor-size-default\">Zusammenfassung<\/h2>\t\t\t\t<\/div>\n\t\t\t\t\t<\/div>\n\t\t\t\t<\/div>\n\t\t<div class=\"elementor-element elementor-element-e082eed e-flex e-con-boxed e-con e-parent\" data-id=\"e082eed\" data-element_type=\"container\" data-e-type=\"container\">\n\t\t\t\t\t<div class=\"e-con-inner\">\n\t\t\t\t<div class=\"elementor-element elementor-element-a231a33 elementor-widget elementor-widget-text-editor\" data-id=\"a231a33\" data-element_type=\"widget\" data-e-type=\"widget\" data-widget_type=\"text-editor.default\">\n\t\t\t\t\t\t\t\t\t<p>Alle drei Materialien haben ihre besonderen St\u00e4rken und ihren Platz im Bootsbau.<\/p>\n<p>\u25ba <strong>Aluminiumboote<\/strong> k\u00f6nnen unter \u201eSch\u00f6nwetterbedingungen\u201c gl\u00e4nzen, z. B. als gut behandelte Privatboote, insbesondere gr\u00f6\u00dfere Boote oder Yachten, da es f\u00fcr die geringen Anforderungen in diesem Bereich einfach robust genug ist.<\/p>\n<p>\u25ba <strong>GFK<\/strong> ist ein interessanter Werkstoff im Yachtbau, der optimierte Konstruktionen, ein breites Formenspektrum und ein gutes Gewichts-\/Stabilit\u00e4tsverh\u00e4ltnis erm\u00f6glicht. Bei der Verwendung von starren R\u00fcmpfen\/B\u00f6den (um die Probleme von reinen Schlauchbooten zu kompensieren) spielt GFK jedoch seine St\u00e4rken nicht aus. <\/p>\n<p>\u25ba Im Vergleich zu Aluminium und GFK schneidet <strong>HDPE<\/strong> bei schwierigen Bedingungen am besten ab. Festrumpf-Auftriebsboote aus HMWPE k\u00f6nnen fast jede Art von Beanspruchung aushalten, ohne sich zu verformen, geschweige denn durchbohrt zu werden oder zu rei\u00dfen. Wenn sie doch einmal besch\u00e4digt werden sollten, behalten sie ihre Stabilit\u00e4t und ihren Auftrieb, ohne die Mission zu gef\u00e4hrden, und lassen sich sp\u00e4ter leicht reparieren.  <\/p>\n<p>Wo die Bedingungen am h\u00e4rtesten, die Herausforderungen am gr\u00f6\u00dften und die Anforderungen am kompromisslosesten sind, erm\u00f6glichen Festrumpf-Auftriebsboote aus HMWPE den Besatzungen, sich voll und ganz auf ihre Aufgaben zu konzentrieren, w\u00e4hrend sie sicher sein k\u00f6nnen, dass ihr Boot den Anforderungen gewachsen ist, egal was auf sie zukommt. Kurz gesagt: <strong>Wo unter Extrembedingungen h\u00f6chste Eins\u00e4tze auf dem Spiel stehen sind HMWPE-Boote in ihrem Element.<\/strong><\/p>\n<p> <\/p>\t\t\t\t\t\t\t\t<\/div>\n\t\t\t\t\t<\/div>\n\t\t\t\t<\/div>\n\t\t\t\t<\/div>\n\t\t","protected":false},"excerpt":{"rendered":"<p>HMWPE \u2013 das perfekte Material f\u00fcr Einsatz- und Rettungsboote? Wenn Menschenleben auf dem Spiel stehen, m\u00fcssen sich die Retter zu 100 % auf ihre Boote verlassen k\u00f6nnen, selbst unter den h\u00e4rtesten Bedingungen auf See und in der Arktis. Robustheit und Widerstandsf\u00e4higkeit sind daher die wichtigsten Anforderungen an Materialien f\u00fcr den Bau von Such- und Rettungsbooten [&hellip;]<\/p>\n","protected":false},"author":3,"featured_media":0,"parent":3174,"menu_order":0,"comment_status":"closed","ping_status":"closed","template":"","meta":{"_seopress_robots_primary_cat":"","_seopress_titles_title":"HMWPE vs. Aluminium - Arctic Boats Oy","_seopress_titles_desc":"","_seopress_robots_index":"","footnotes":""},"class_list":["post-3103","page","type-page","status-publish","hentry"],"_links":{"self":[{"href":"https:\/\/arcticboats.eu\/de\/wp-json\/wp\/v2\/pages\/3103","targetHints":{"allow":["GET"]}}],"collection":[{"href":"https:\/\/arcticboats.eu\/de\/wp-json\/wp\/v2\/pages"}],"about":[{"href":"https:\/\/arcticboats.eu\/de\/wp-json\/wp\/v2\/types\/page"}],"author":[{"embeddable":true,"href":"https:\/\/arcticboats.eu\/de\/wp-json\/wp\/v2\/users\/3"}],"replies":[{"embeddable":true,"href":"https:\/\/arcticboats.eu\/de\/wp-json\/wp\/v2\/comments?post=3103"}],"version-history":[{"count":2,"href":"https:\/\/arcticboats.eu\/de\/wp-json\/wp\/v2\/pages\/3103\/revisions"}],"predecessor-version":[{"id":13105,"href":"https:\/\/arcticboats.eu\/de\/wp-json\/wp\/v2\/pages\/3103\/revisions\/13105"}],"up":[{"embeddable":true,"href":"https:\/\/arcticboats.eu\/de\/wp-json\/wp\/v2\/pages\/3174"}],"wp:attachment":[{"href":"https:\/\/arcticboats.eu\/de\/wp-json\/wp\/v2\/media?parent=3103"}],"curies":[{"name":"wp","href":"https:\/\/api.w.org\/{rel}","templated":true}]}}