{"id":3097,"date":"2025-05-05T10:16:51","date_gmt":"2025-05-05T07:16:51","guid":{"rendered":"https:\/\/arcticboats.eu\/rbbs-vs-rhibs\/"},"modified":"2025-07-29T14:08:13","modified_gmt":"2025-07-29T11:08:13","slug":"rbbs-vs-rhibs","status":"publish","type":"page","link":"https:\/\/arcticboats.eu\/de\/besonderheiten\/rbbs-vs-rhibs\/","title":{"rendered":"RBBs vs. RHIBs"},"content":{"rendered":"\t\t<div data-elementor-type=\"wp-page\" data-elementor-id=\"3097\" class=\"elementor elementor-3097 elementor-2518\">\n\t\t\t\t<div class=\"elementor-element elementor-element-a52a3d7 e-flex e-con-boxed e-con e-parent\" data-id=\"a52a3d7\" data-element_type=\"container\" data-e-type=\"container\">\n\t\t\t\t\t<div class=\"e-con-inner\">\n\t\t\t\t<div class=\"elementor-element elementor-element-85cd170 elementor-widget elementor-widget-heading\" data-id=\"85cd170\" data-element_type=\"widget\" data-e-type=\"widget\" data-widget_type=\"heading.default\">\n\t\t\t\t\t<h1 class=\"elementor-heading-title elementor-size-default\">RBBs sehen wie Schlauchboote aus, sind aber keine!<\/h1>\t\t\t\t<\/div>\n\t\t\t\t<div class=\"elementor-element elementor-element-2e64478 elementor-widget elementor-widget-text-editor\" data-id=\"2e64478\" data-element_type=\"widget\" data-e-type=\"widget\" data-widget_type=\"text-editor.default\">\n\t\t\t\t\t\t\t\t\t<p>Auf den ersten Blick weisen RBBs (\u201eRigid Buoyancy Boats\u201c) mehrere \u00c4hnlichkeiten mit RHIBs (\u201eRigid Hull Inflatable Boats\u201c) auf, insbesondere ihren gekr\u00fcmmten Rumpf aus Pontons, die den Druckrohren von RHIBs oder Schlauchbooten sehr \u00e4hnlich sehen. Diese \u00c4hnlichkeiten betreffen jedoch nur die \u00e4u\u00dfere Form des Rumpfes. Die tats\u00e4chlichen Konstruktionsprinzipien von RBB unterscheiden sich stark von denen von RHIBs.<\/p>\t\t\t\t\t\t\t\t<\/div>\n\t\t\t\t\t<\/div>\n\t\t\t\t<\/div>\n\t\t<div class=\"elementor-element elementor-element-09a4775 e-flex e-con-boxed e-con e-parent\" data-id=\"09a4775\" data-element_type=\"container\" data-e-type=\"container\">\n\t\t\t\t\t<div class=\"e-con-inner\">\n\t\t\t\t<div class=\"elementor-element elementor-element-46f9818 elementor-widget elementor-widget-heading\" data-id=\"46f9818\" data-element_type=\"widget\" data-e-type=\"widget\" data-widget_type=\"heading.default\">\n\t\t\t\t\t<h2 class=\"elementor-heading-title elementor-size-default\">Der allgemeine Unterschied<\/h2>\t\t\t\t<\/div>\n\t\t\t\t<div class=\"elementor-element elementor-element-36db295 elementor-widget elementor-widget-heading\" data-id=\"36db295\" data-element_type=\"widget\" data-e-type=\"widget\" data-widget_type=\"heading.default\">\n\t\t\t\t\t<h3 class=\"elementor-heading-title elementor-size-default\">RHIBs \u2013 Festrumpfschlauchboote<\/h3>\t\t\t\t<\/div>\n\t\t\t\t\t<\/div>\n\t\t\t\t<\/div>\n\t\t<div class=\"elementor-element elementor-element-a5373b8 e-flex e-con-boxed e-con e-parent\" data-id=\"a5373b8\" data-element_type=\"container\" data-e-type=\"container\">\n\t\t\t\t\t<div class=\"e-con-inner\">\n\t\t<div class=\"elementor-element elementor-element-f6d4d6c e-con-full e-flex e-con e-child\" data-id=\"f6d4d6c\" data-element_type=\"container\" data-e-type=\"container\">\n\t\t\t\t<div class=\"elementor-element elementor-element-a30c634 elementor-widget elementor-widget-image\" data-id=\"a30c634\" data-element_type=\"widget\" data-e-type=\"widget\" data-widget_type=\"image.default\">\n\t\t\t\t\t\t\t\t\t\t\t\t\t\t\t<img fetchpriority=\"high\" decoding=\"async\" width=\"600\" height=\"386\" src=\"https:\/\/arcticboats.eu\/wp-content\/uploads\/2024\/01\/rhibs-rigid-hull-inflatable-boats.jpg\" class=\"attachment-large size-large wp-image-3360\" alt=\"RHIBs \u2013 Rigid Hull Inflatable Boats\" srcset=\"https:\/\/arcticboats.eu\/wp-content\/uploads\/2024\/01\/rhibs-rigid-hull-inflatable-boats.jpg 600w, https:\/\/arcticboats.eu\/wp-content\/uploads\/2024\/01\/rhibs-rigid-hull-inflatable-boats-300x193.jpg 300w\" sizes=\"(max-width: 600px) 100vw, 600px\" \/>\t\t\t\t\t\t\t\t\t\t\t\t\t\t\t<\/div>\n\t\t\t\t<\/div>\n\t\t<div class=\"elementor-element elementor-element-a4c541e e-con-full e-flex e-con e-child\" data-id=\"a4c541e\" data-element_type=\"container\" data-e-type=\"container\">\n\t\t\t\t<div class=\"elementor-element elementor-element-78df6c2 elementor-widget elementor-widget-text-editor\" data-id=\"78df6c2\" data-element_type=\"widget\" data-e-type=\"widget\" data-widget_type=\"text-editor.default\">\n\t\t\t\t\t\t\t\t\t<p>\u201eRigid Hull Inflatable Boats\u201c (RHIBs) werden h\u00e4ufig aus GFK (\u201eglasfaserverst\u00e4rktem Kunststoff\u201c) hergestellt.<\/p>\n<p>Die traditionellen Schlauchboote, von denen sie abgeleitet sind, erhalten ihre strukturelle Stabilit\u00e4t durch ihre unter Druck stehenden Schl\u00e4uche. Wenn diese Schl\u00e4uche ihren Innendruck verlieren, verliert das Boot seine Form und Seet\u00fcchtigkeit und bricht im Grunde genommen zusammen.<\/p>\n<p>In einer \u201eevolution\u00e4ren\u201c Entwicklung, die darauf abzielte, die typischen M\u00e4ngel von Schlauchbooten (n\u00e4mlich eine allgemeine mangelnde strukturelle Stabilit\u00e4t\/Seet\u00fcchtigkeit und das allgegenw\u00e4rtige Risiko eines katastrophalen Ausfalls aufgrund besch\u00e4digter Schl\u00e4uche) zu \u00fcberwinden, wurden RHIBs mit einem zus\u00e4tzlichen starren Boden\/Rumpf ausgestattet, um die aufgeblasenen Schl\u00e4uche und den Boden des Bootes zu verst\u00e4rken und zu sch\u00fctzen. Sowohl die Schwimmf\u00e4higkeit als auch die strukturelle Stabilit\u00e4t von RHIBs werden daher teilweise durch den verst\u00e4rkten Rumpf des Bootes gew\u00e4hrleistet.<\/p>\n<p>Dennoch dienen ihre Druckrohre weiterhin als Auftriebs- und Stabilit\u00e4tselement, genau wie bei den Schlauchbooten, auf denen ihr Design basiert.<\/p>\t\t\t\t\t\t\t\t<\/div>\n\t\t\t\t<\/div>\n\t\t\t\t\t<\/div>\n\t\t\t\t<\/div>\n\t\t<div class=\"elementor-element elementor-element-60d40b9 e-flex e-con-boxed e-con e-parent\" data-id=\"60d40b9\" data-element_type=\"container\" data-e-type=\"container\">\n\t\t\t\t\t<div class=\"e-con-inner\">\n\t\t\t\t<div class=\"elementor-element elementor-element-b617f8b elementor-widget elementor-widget-heading\" data-id=\"b617f8b\" data-element_type=\"widget\" data-e-type=\"widget\" data-widget_type=\"heading.default\">\n\t\t\t\t\t<h3 class=\"elementor-heading-title elementor-size-default\">RBBs \u2013 Festrumpf-Auftriebsboote<\/h3>\t\t\t\t<\/div>\n\t\t\t\t\t<\/div>\n\t\t\t\t<\/div>\n\t\t<div class=\"elementor-element elementor-element-4d494ac e-flex e-con-boxed e-con e-parent\" data-id=\"4d494ac\" data-element_type=\"container\" data-e-type=\"container\">\n\t\t\t\t\t<div class=\"e-con-inner\">\n\t\t<div class=\"elementor-element elementor-element-341433c e-con-full e-flex e-con e-child\" data-id=\"341433c\" data-element_type=\"container\" data-e-type=\"container\">\n\t\t\t\t<div class=\"elementor-element elementor-element-12055cd elementor-widget elementor-widget-image\" data-id=\"12055cd\" data-element_type=\"widget\" data-e-type=\"widget\" data-widget_type=\"image.default\">\n\t\t\t\t\t\t\t\t\t\t\t\t\t\t\t<img decoding=\"async\" width=\"400\" height=\"267\" src=\"https:\/\/arcticboats.eu\/wp-content\/uploads\/2023\/12\/RBB-tied-up.jpg\" class=\"attachment-large size-large wp-image-2526\" alt=\"\" srcset=\"https:\/\/arcticboats.eu\/wp-content\/uploads\/2023\/12\/RBB-tied-up.jpg 400w, https:\/\/arcticboats.eu\/wp-content\/uploads\/2023\/12\/RBB-tied-up-300x200.jpg 300w\" sizes=\"(max-width: 400px) 100vw, 400px\" \/>\t\t\t\t\t\t\t\t\t\t\t\t\t\t\t<\/div>\n\t\t\t\t<\/div>\n\t\t<div class=\"elementor-element elementor-element-25579c0 e-con-full e-flex e-con e-child\" data-id=\"25579c0\" data-element_type=\"container\" data-e-type=\"container\">\n\t\t\t\t<div class=\"elementor-element elementor-element-f98b0d9 elementor-widget elementor-widget-text-editor\" data-id=\"f98b0d9\" data-element_type=\"widget\" data-e-type=\"widget\" data-widget_type=\"text-editor.default\">\n\t\t\t\t\t\t\t\t\t<p>Starre Schwimmboote (\u201eRBBs\u201c) hingegen sind selbstschwimmf\u00e4hig und bestehen nicht aus flexiblen, \u201egummiartigen\u201c Materialien, sondern aus steiferen Plattenmaterialien wie HDPE oder <a href=\"https:\/\/arcticboats.eu\/de\/besonderheiten\/hmwpe-vs-aluminium\/\" target=\"_blank\" rel=\"noopener\">HMWPE<\/a> (\u201eHigh Molecular Weight Polyethylene\u201c, auch bekannt als PE500).<\/p>\n<p>Das gesamte Boot ist strukturell stabil und schwimmf\u00e4hig, wobei die Schwimmf\u00e4higkeit sowohl durch den Rumpf selbst als auch durch die starren Pontons des Bootes gew\u00e4hrleistet wird. Im Gegensatz zu den Schl\u00e4uchen von RHIBs m\u00fcssen diese Pontons (die ebenso wie der gesamte Rumpf des Bootes aus <a href=\"https:\/\/arcticboats.eu\/de\/besonderheiten\/hmwpe-vs-aluminium\/\" target=\"_blank\" rel=\"noopener\">HMWPE<\/a> hergestellt sind) nicht unter Druck gesetzt werden, um ihre Form zu behalten und dem Boot zus\u00e4tzlichen Auftrieb und strukturelle Stabilit\u00e4t zu verleihen. Als zus\u00e4tzlicher Vorteil erm\u00f6glicht ihre Stabilit\u00e4t und die Tatsache, dass sie nicht aufgeblasen sind, die Konstruktion der Pontons mit einem D-f\u00f6rmigen Querschnitt, wobei der gekr\u00fcmmte Teil des \u201eD\u201c nach au\u00dfen und der flache Teil nach innen zeigt, was zu mehr Bodenfl\u00e4che im Inneren des Bootes f\u00fchrt.<\/p>\t\t\t\t\t\t\t\t<\/div>\n\t\t\t\t<\/div>\n\t\t\t\t\t<\/div>\n\t\t\t\t<\/div>\n\t\t<div class=\"elementor-element elementor-element-44e72fc e-flex e-con-boxed e-con e-parent\" data-id=\"44e72fc\" data-element_type=\"container\" data-e-type=\"container\">\n\t\t\t\t\t<div class=\"e-con-inner\">\n\t\t\t\t<div class=\"elementor-element elementor-element-bf2b808 elementor-widget elementor-widget-heading\" data-id=\"bf2b808\" data-element_type=\"widget\" data-e-type=\"widget\" data-widget_type=\"heading.default\">\n\t\t\t\t\t<h3 class=\"elementor-heading-title elementor-size-default\">Konventionelle Boote aus Aluminium<\/h3>\t\t\t\t<\/div>\n\t\t\t\t\t<\/div>\n\t\t\t\t<\/div>\n\t\t<div class=\"elementor-element elementor-element-3c4fe79 e-flex e-con-boxed e-con e-parent\" data-id=\"3c4fe79\" data-element_type=\"container\" data-e-type=\"container\">\n\t\t\t\t\t<div class=\"e-con-inner\">\n\t\t<div class=\"elementor-element elementor-element-e938e64 e-con-full e-flex e-con e-child\" data-id=\"e938e64\" data-element_type=\"container\" data-e-type=\"container\">\n\t\t\t\t<div class=\"elementor-element elementor-element-1afb0c7 elementor-widget elementor-widget-text-editor\" data-id=\"1afb0c7\" data-element_type=\"widget\" data-e-type=\"widget\" data-widget_type=\"text-editor.default\">\n\t\t\t\t\t\t\t\t\t<p>Aluminium hat zwar durchaus seine Berechtigung im Bootsbau (insbesondere wenn Aluminium-Magnesium-Legierungen mit h\u00f6herer Best\u00e4ndigkeit gegen galvanische Korrosion verwendet werden), eignet sich jedoch im Allgemeinen besser f\u00fcr den konventionellen Bootsbau und das \u201eSch\u00f6nwetter-Bootfahren\u201c, wo mehr Wert auf eine \u201egute Pflege des Bootes\u201c gelegt werden kann.<\/p>\n<p>Weitere Informationen zu geeigneten Anwendungen f\u00fcr verschiedene Materialien wie HMWPE, GFK oder Aluminium finden Sie in unserem <a href=\"https:\/\/arcticboats.eu\/de\/besonderheiten\/hmwpe-vs-aluminium\/\" target=\"_blank\" rel=\"noopener\">detaillierten Vergleich<\/a>.<\/p>\t\t\t\t\t\t\t\t<\/div>\n\t\t\t\t<\/div>\n\t\t\t\t\t<\/div>\n\t\t\t\t<\/div>\n\t\t<div class=\"elementor-element elementor-element-73f278c e-flex e-con-boxed e-con e-parent\" data-id=\"73f278c\" data-element_type=\"container\" data-e-type=\"container\">\n\t\t\t\t\t<div class=\"e-con-inner\">\n\t\t\t\t<div class=\"elementor-element elementor-element-69435e3 elementor-widget elementor-widget-heading\" data-id=\"69435e3\" data-element_type=\"widget\" data-e-type=\"widget\" data-widget_type=\"heading.default\">\n\t\t\t\t\t<h3 class=\"elementor-heading-title elementor-size-default\">Ein genauerer Blick auf die Vorteile von RBBs gegen\u00fcber RHIBs<\/h3>\t\t\t\t<\/div>\n\t\t\t\t\t<\/div>\n\t\t\t\t<\/div>\n\t\t<div class=\"elementor-element elementor-element-bb12fdf e-flex e-con-boxed e-con e-parent\" data-id=\"bb12fdf\" data-element_type=\"container\" data-e-type=\"container\">\n\t\t\t\t\t<div class=\"e-con-inner\">\n\t\t<div class=\"elementor-element elementor-element-e49f10e e-con-full e-flex e-con e-child\" data-id=\"e49f10e\" data-element_type=\"container\" data-e-type=\"container\">\n\t\t\t\t<div class=\"elementor-element elementor-element-459dfe3 elementor-widget elementor-widget-image\" data-id=\"459dfe3\" data-element_type=\"widget\" data-e-type=\"widget\" data-widget_type=\"image.default\">\n\t\t\t\t\t\t\t\t\t\t\t\t\t\t\t<img decoding=\"async\" width=\"400\" height=\"235\" src=\"https:\/\/arcticboats.eu\/wp-content\/uploads\/2023\/12\/A4-render-web.png\" class=\"attachment-large size-large wp-image-2554\" alt=\"\" srcset=\"https:\/\/arcticboats.eu\/wp-content\/uploads\/2023\/12\/A4-render-web.png 400w, https:\/\/arcticboats.eu\/wp-content\/uploads\/2023\/12\/A4-render-web-300x176.png 300w\" sizes=\"(max-width: 400px) 100vw, 400px\" \/>\t\t\t\t\t\t\t\t\t\t\t\t\t\t\t<\/div>\n\t\t\t\t<\/div>\n\t\t<div class=\"elementor-element elementor-element-0321694 e-con-full e-flex e-con e-child\" data-id=\"0321694\" data-element_type=\"container\" data-e-type=\"container\">\n\t\t\t\t<div class=\"elementor-element elementor-element-f55d796 elementor-widget elementor-widget-text-editor\" data-id=\"f55d796\" data-element_type=\"widget\" data-e-type=\"widget\" data-widget_type=\"text-editor.default\">\n\t\t\t\t\t\t\t\t\t<p>Auch wenn sie oberfl\u00e4chlich betrachtet \u00e4hnlich aussehen, haben die grundlegenden Unterschiede im Design zwischen RBBs und RHIBs unter realen Bedingungen wichtige Konsequenzen.<\/p>\n<p>Ein Vorteil von RBBs gegen\u00fcber RHIBs, der im t\u00e4glichen Betrieb sehr relevant sein kann, ist von au\u00dfen betrachtet nicht sofort erkennbar, wird aber sofort deutlich, wenn man an Deck tritt: <strong>RBBs bieten im Vergleich zu RHIBs mit denselben Au\u00dfenabmessungen viel mehr nutzbare Deckfl\u00e4che<\/strong>.<br>Die Pontons eines RBB m\u00fcssen nicht aufgeblasen werden, um ihre Form zu behalten. Ihre Innenseite kann daher flach gebaut werden, was zu einem Pontonquerschnitt f\u00fchrt, der einem \u201eD\u201c \u00e4hnelt. Aus diesem Grund ist der Decksraum eines RBB in der Regel 50 bis 60 cm breiter als der eines RHIB mit \u00e4hnlichen Au\u00dfenabmessungen, wodurch selbst bei den kleineren RBB-Typen mehrere Quadratmeter zus\u00e4tzlicher Decksfl\u00e4che frei werden.<\/p>\t\t\t\t\t\t\t\t<\/div>\n\t\t\t\t<\/div>\n\t\t\t\t\t<\/div>\n\t\t\t\t<\/div>\n\t\t<div class=\"elementor-element elementor-element-31d037d e-flex e-con-boxed e-con e-parent\" data-id=\"31d037d\" data-element_type=\"container\" data-e-type=\"container\">\n\t\t\t\t\t<div class=\"e-con-inner\">\n\t\t<div class=\"elementor-element elementor-element-6803731 e-con-full e-flex e-con e-child\" data-id=\"6803731\" data-element_type=\"container\" data-e-type=\"container\">\n\t\t\t\t<div class=\"elementor-element elementor-element-a004607 elementor-widget elementor-widget-text-editor\" data-id=\"a004607\" data-element_type=\"widget\" data-e-type=\"widget\" data-widget_type=\"text-editor.default\">\n\t\t\t\t\t\t\t\t\t<p>Au\u00dferdem sind die aufblasbaren R\u00fcmpfe von RHIBs st\u00e4ndig der Gefahr ausgesetzt, <strong>bei einem Aufprall durchsto\u00dfen oder besch\u00e4digt zu werden<\/strong>, unabh\u00e4ngig davon, wie widerstandsf\u00e4hig das Material ist, aus dem sie hergestellt sind. Wenn sie tats\u00e4chlich besch\u00e4digt sind, verlieren sie schnell an Druck, und das Boot verliert an Stabilit\u00e4t, Auftrieb und Seet\u00fcchtigkeit.<\/p>\n<p>Im Vergleich zu RHIBs verschwindet bei RBBs das Risiko eines katastrophalen Ausfalls aufgrund des Konstruktionsprinzips der RBBs praktisch vollst\u00e4ndig. Nicht nur sind ihre R\u00fcmpfe und Pontons wesentlich sto\u00dffester als die aufblasbaren Schl\u00e4uche eines RHIB (insbesondere wenn sie aus HMWPE hergestellt sind, das <strong>selbst gegen\u00fcber dem robustesten Schlauchmaterial wesentlich widerstandsf\u00e4higer ist<\/strong>), sondern selbst wenn die Pontons eines RBB besch\u00e4digt werden sollten, w\u00fcrden sie nicht wie entleerte Schl\u00e4uche zusammenfallen, sondern ihre Form und Auftriebskraft behalten, genauso wie das RBB seine allgemeine Stabilit\u00e4t und Auftriebskraft behalten w\u00fcrde. Boote k\u00f6nnen daher so konstruiert werden, dass sie selbst dann nicht sinken, wenn sie mit einem Gewehr beschossen werden.<\/p>\t\t\t\t\t\t\t\t<\/div>\n\t\t\t\t<\/div>\n\t\t<div class=\"elementor-element elementor-element-1319a06 e-con-full e-flex e-con e-child\" data-id=\"1319a06\" data-element_type=\"container\" data-e-type=\"container\">\n\t\t\t\t<div class=\"elementor-element elementor-element-f3950da elementor-widget elementor-widget-image\" data-id=\"f3950da\" data-element_type=\"widget\" data-e-type=\"widget\" data-widget_type=\"image.default\">\n\t\t\t\t\t\t\t\t\t\t\t\t\t\t\t<img loading=\"lazy\" decoding=\"async\" width=\"600\" height=\"375\" src=\"https:\/\/arcticboats.eu\/wp-content\/uploads\/2023\/12\/Yleisjarjestely.jpg\" class=\"attachment-large size-large wp-image-2530\" alt=\"\" srcset=\"https:\/\/arcticboats.eu\/wp-content\/uploads\/2023\/12\/Yleisjarjestely.jpg 600w, https:\/\/arcticboats.eu\/wp-content\/uploads\/2023\/12\/Yleisjarjestely-300x188.jpg 300w\" sizes=\"(max-width: 600px) 100vw, 600px\" \/>\t\t\t\t\t\t\t\t\t\t\t\t\t\t\t<\/div>\n\t\t\t\t<\/div>\n\t\t\t\t\t<\/div>\n\t\t\t\t<\/div>\n\t\t<div class=\"elementor-element elementor-element-0ca1584 e-flex e-con-boxed e-con e-parent\" data-id=\"0ca1584\" data-element_type=\"container\" data-e-type=\"container\">\n\t\t\t\t\t<div class=\"e-con-inner\">\n\t\t\t\t<div class=\"elementor-element elementor-element-943eec0 elementor-widget elementor-widget-heading\" data-id=\"943eec0\" data-element_type=\"widget\" data-e-type=\"widget\" data-widget_type=\"heading.default\">\n\t\t\t\t\t<h2 class=\"elementor-heading-title elementor-size-default\">Fazit<\/h2>\t\t\t\t<\/div>\n\t\t\t\t\t<\/div>\n\t\t\t\t<\/div>\n\t\t<div class=\"elementor-element elementor-element-1d13fc5 e-flex e-con-boxed e-con e-parent\" data-id=\"1d13fc5\" data-element_type=\"container\" data-e-type=\"container\">\n\t\t\t\t\t<div class=\"e-con-inner\">\n\t\t<div class=\"elementor-element elementor-element-d9b20cc e-con-full e-flex e-con e-child\" data-id=\"d9b20cc\" data-element_type=\"container\" data-e-type=\"container\">\n\t\t\t\t<div class=\"elementor-element elementor-element-f7d7c26 elementor-widget elementor-widget-image\" data-id=\"f7d7c26\" data-element_type=\"widget\" data-e-type=\"widget\" data-widget_type=\"image.default\">\n\t\t\t\t\t\t\t\t\t\t\t\t\t\t\t<img loading=\"lazy\" decoding=\"async\" width=\"500\" height=\"333\" src=\"https:\/\/arcticboats.eu\/wp-content\/uploads\/2023\/12\/a23-main-picture.jpg\" class=\"attachment-large size-large wp-image-2533\" alt=\"\" srcset=\"https:\/\/arcticboats.eu\/wp-content\/uploads\/2023\/12\/a23-main-picture.jpg 500w, https:\/\/arcticboats.eu\/wp-content\/uploads\/2023\/12\/a23-main-picture-300x200.jpg 300w\" sizes=\"(max-width: 500px) 100vw, 500px\" \/>\t\t\t\t\t\t\t\t\t\t\t\t\t\t\t<\/div>\n\t\t\t\t<\/div>\n\t\t<div class=\"elementor-element elementor-element-28b1000 e-con-full e-flex e-con e-child\" data-id=\"28b1000\" data-element_type=\"container\" data-e-type=\"container\">\n\t\t\t\t<div class=\"elementor-element elementor-element-e97ab06 elementor-widget elementor-widget-text-editor\" data-id=\"e97ab06\" data-element_type=\"widget\" data-e-type=\"widget\" data-widget_type=\"text-editor.default\">\n\t\t\t\t\t\t\t\t\t<p>F\u00fcr raue Umgebungen, arktische Bedingungen, h\u00e4ufigen Kontakt mit Felsen und generell f\u00fcr kritische Eins\u00e4tze, bei denen die Mission wichtiger ist als die Vermeidung von Sch\u00e4den am Boot (Rettungs- oder Milit\u00e4reins\u00e4tze, Polizeiarbeit usw.), sind RBBs besser geeignet als RHIBs.<\/p>\n<p>W\u00e4hrend ein katastrophaler Ausfall des Bootes aufgrund von Sch\u00e4den an den Schl\u00e4uchen bei RHIBs immer eine sehr reale M\u00f6glichkeit ist, <strong>verbinden RBBs aus <a href=\"https:\/\/arcticboats.eu\/de\/besonderheiten\/hmwpe-vs-aluminium\/\" target=\"_blank\" rel=\"noopener\">HMWPE<\/a> ein wesentlich widerstandsf\u00e4higeres, praktisch \u201eunsinkbares\u201c Design mit einem nahezu unzerst\u00f6rbaren Material<\/strong>. Damit sind sie die ideale Wahl f\u00fcr Hochleistungsboote, die f\u00fcr anspruchsvolle Situationen und lebensgef\u00e4hrliche Eins\u00e4tze vorgesehen sind, bei denen sie nicht so sorgf\u00e4ltig behandelt werden m\u00fcssen wie herk\u00f6mmliche Aluminiumboote.<\/p>\t\t\t\t\t\t\t\t<\/div>\n\t\t\t\t<\/div>\n\t\t\t\t\t<\/div>\n\t\t\t\t<\/div>\n\t\t<div class=\"elementor-element elementor-element-fa5d757 e-flex e-con-boxed e-con e-parent\" data-id=\"fa5d757\" data-element_type=\"container\" data-e-type=\"container\">\n\t\t\t\t\t<div class=\"e-con-inner\">\n\t\t\t\t<div class=\"elementor-element elementor-element-5712cbf elementor-widget elementor-widget-spacer\" data-id=\"5712cbf\" data-element_type=\"widget\" data-e-type=\"widget\" data-widget_type=\"spacer.default\">\n\t\t\t\t\t\t\t<div class=\"elementor-spacer\">\n\t\t\t<div class=\"elementor-spacer-inner\"><\/div>\n\t\t<\/div>\n\t\t\t\t\t\t<\/div>\n\t\t\t\t\t<\/div>\n\t\t\t\t<\/div>\n\t\t\t\t<\/div>\n\t\t","protected":false},"excerpt":{"rendered":"<p>RBBs sehen wie Schlauchboote aus, sind aber keine! Auf den ersten Blick weisen RBBs (\u201eRigid Buoyancy Boats\u201c) mehrere \u00c4hnlichkeiten mit RHIBs (\u201eRigid Hull Inflatable Boats\u201c) auf, insbesondere ihren gekr\u00fcmmten Rumpf aus Pontons, die den Druckrohren von RHIBs oder Schlauchbooten sehr \u00e4hnlich sehen. Diese \u00c4hnlichkeiten betreffen jedoch nur die \u00e4u\u00dfere Form des Rumpfes. Die tats\u00e4chlichen Konstruktionsprinzipien [&hellip;]<\/p>\n","protected":false},"author":7,"featured_media":0,"parent":3174,"menu_order":0,"comment_status":"closed","ping_status":"closed","template":"","meta":{"_seopress_robots_primary_cat":"","_seopress_titles_title":"RBBs vs. RHIBs - Arctic Airboats Oy","_seopress_titles_desc":"RHIBs und RBBs aus HMWPE verbinden ein wesentlich widerstandsf\u00e4higeres, praktisch \u201eunsinkbares\u201c Design mit einem nahezu unzerst\u00f6rbaren Material.","_seopress_robots_index":"","footnotes":""},"class_list":["post-3097","page","type-page","status-publish","hentry"],"_links":{"self":[{"href":"https:\/\/arcticboats.eu\/de\/wp-json\/wp\/v2\/pages\/3097","targetHints":{"allow":["GET"]}}],"collection":[{"href":"https:\/\/arcticboats.eu\/de\/wp-json\/wp\/v2\/pages"}],"about":[{"href":"https:\/\/arcticboats.eu\/de\/wp-json\/wp\/v2\/types\/page"}],"author":[{"embeddable":true,"href":"https:\/\/arcticboats.eu\/de\/wp-json\/wp\/v2\/users\/7"}],"replies":[{"embeddable":true,"href":"https:\/\/arcticboats.eu\/de\/wp-json\/wp\/v2\/comments?post=3097"}],"version-history":[{"count":2,"href":"https:\/\/arcticboats.eu\/de\/wp-json\/wp\/v2\/pages\/3097\/revisions"}],"predecessor-version":[{"id":14032,"href":"https:\/\/arcticboats.eu\/de\/wp-json\/wp\/v2\/pages\/3097\/revisions\/14032"}],"up":[{"embeddable":true,"href":"https:\/\/arcticboats.eu\/de\/wp-json\/wp\/v2\/pages\/3174"}],"wp:attachment":[{"href":"https:\/\/arcticboats.eu\/de\/wp-json\/wp\/v2\/media?parent=3097"}],"curies":[{"name":"wp","href":"https:\/\/api.w.org\/{rel}","templated":true}]}}