{"id":3083,"date":"2023-12-05T13:40:17","date_gmt":"2023-12-05T10:40:17","guid":{"rendered":"https:\/\/arcticboats.eu\/arctic-4\/"},"modified":"2025-07-29T11:02:09","modified_gmt":"2025-07-29T08:02:09","slug":"arctic-4","status":"publish","type":"page","link":"https:\/\/arcticboats.eu\/de\/boote\/arctic-4\/","title":{"rendered":"Arctic 4"},"content":{"rendered":"\t\t<div data-elementor-type=\"wp-page\" data-elementor-id=\"3083\" class=\"elementor elementor-3083 elementor-2540\">\n\t\t\t\t<div class=\"elementor-element elementor-element-d19d367 e-con-full e-flex e-con e-parent\" data-id=\"d19d367\" data-element_type=\"container\" data-e-type=\"container\">\n\t\t\t\t<div class=\"elementor-element elementor-element-64dc3e6 elementor-widget elementor-widget-shortcode\" data-id=\"64dc3e6\" data-element_type=\"widget\" data-e-type=\"widget\" data-widget_type=\"shortcode.default\">\n\t\t\t\t\t\t\t<div class=\"elementor-shortcode\"><\/div>\n\t\t\t\t\t\t<\/div>\n\t\t\t\t<\/div>\n\t\t<div class=\"elementor-element elementor-element-679d9da e-flex e-con-boxed e-con e-parent\" data-id=\"679d9da\" data-element_type=\"container\" data-e-type=\"container\">\n\t\t\t\t\t<div class=\"e-con-inner\">\n\t\t\t\t<div class=\"elementor-element elementor-element-7819abaa elementor-widget elementor-widget-heading\" data-id=\"7819abaa\" data-element_type=\"widget\" data-e-type=\"widget\" data-widget_type=\"heading.default\">\n\t\t\t\t\t<h1 class=\"elementor-heading-title elementor-size-default\">Arctic 4 light HDPE<\/h1>\t\t\t\t<\/div>\n\t\t\t\t\t<\/div>\n\t\t\t\t<\/div>\n\t\t<div class=\"elementor-element elementor-element-235cff95 e-flex e-con-boxed e-con e-parent\" data-id=\"235cff95\" data-element_type=\"container\" data-e-type=\"container\">\n\t\t\t\t\t<div class=\"e-con-inner\">\n\t\t<div class=\"elementor-element elementor-element-cefdf54 e-con-full e-flex e-con e-child\" data-id=\"cefdf54\" data-element_type=\"container\" data-e-type=\"container\">\n\t\t\t\t<div class=\"elementor-element elementor-element-47909afd elementor-widget elementor-widget-image\" data-id=\"47909afd\" data-element_type=\"widget\" data-e-type=\"widget\" data-widget_type=\"image.default\">\n\t\t\t\t\t\t\t\t\t\t\t\t\t\t\t<img fetchpriority=\"high\" decoding=\"async\" width=\"600\" height=\"310\" src=\"https:\/\/arcticboats.eu\/wp-content\/uploads\/2023\/12\/A4-RLU8082.jpg\" class=\"attachment-large size-large wp-image-2550\" alt=\"\" srcset=\"https:\/\/arcticboats.eu\/wp-content\/uploads\/2023\/12\/A4-RLU8082.jpg 600w, https:\/\/arcticboats.eu\/wp-content\/uploads\/2023\/12\/A4-RLU8082-300x155.jpg 300w\" sizes=\"(max-width: 600px) 100vw, 600px\" \/>\t\t\t\t\t\t\t\t\t\t\t\t\t\t\t<\/div>\n\t\t\t\t<\/div>\n\t\t<div class=\"elementor-element elementor-element-5e87a7b9 e-con-full e-flex e-con e-child\" data-id=\"5e87a7b9\" data-element_type=\"container\" data-e-type=\"container\">\n\t\t\t\t<div class=\"elementor-element elementor-element-390d17d8 elementor-widget elementor-widget-text-editor\" data-id=\"390d17d8\" data-element_type=\"widget\" data-e-type=\"widget\" data-widget_type=\"text-editor.default\">\n\t\t\t\t\t\t\t\t\t<p>Das leichte HDPE-Boot A4 f\u00fcr Such- und Rettungsaktionen sowie \u00d6lunfallbek\u00e4mpfung. Dies ist ein neues Modell von Arctic Boats, das speziell f\u00fcr die finnischen Feuerwehr- und Rettungsdienste entwickelt wurde. Das 4 Meter lange Boot ist so leicht, dass es von 4 Personen getragen werden kann. Es ist mit einem 20-PS-Motor ausgestattet und verf\u00fcgt \u00fcber einen abnehmbaren Mittelsitz, der als Transportkoffer f\u00fcr Ausr\u00fcstung dienen kann.   <\/p><p>Dieses kleine Boot war urspr\u00fcnglich f\u00fcr 3 Personen ausgelegt. Bei der CE-Zertifizierungspr\u00fcfung haben wir jedoch festgestellt, dass das Boot 6\u20137 Personen bef\u00f6rdern kann. Das Boot ist wirklich stabil und sicher.  <\/p><p>Der Rumpf ist in drei wasserdichte Abschnitte unterteilt und kann zus\u00e4tzlich mit Auftriebsbeuteln gef\u00fcllt werden. Ein voll beladenes Boot w\u00fcrde selbst dann nicht sinken, wenn es mit einem Gewehr beschossen w\u00fcrde. HMW-Polyethylen ist das beste Material f\u00fcr robuste Arbeitsboote, die rauer Behandlung standhalten m\u00fcssen. Um den Kiel ist eine PE500-Schutzfolie gewickelt, damit das Boot leicht \u00fcber den Boden oder das Wintereis gezogen werden kann.   <\/p><p>Das Arctic 4 ist als schnell einsetzbares Fahrzeug f\u00fcr Seenotrettungen, \u00d6lbeseitigung oder als Beiboot f\u00fcr gr\u00f6\u00dfere Schiffe konzipiert. Das geringe Gewicht des Bootes erm\u00f6glicht ein einfaches Zuwasserlassen an jedem beliebigen Ort. Eine Slipanlage ist nicht erforderlich, da das leere Boot von 4 Personen getragen werden kann. Trotz seines geringen Gewichts ist das Boot stabil und langlebig.   <\/p>\t\t\t\t\t\t\t\t<\/div>\n\t\t\t\t<\/div>\n\t\t\t\t\t<\/div>\n\t\t\t\t<\/div>\n\t\t<div class=\"elementor-element elementor-element-2f500ea0 e-flex e-con-boxed e-con e-parent\" data-id=\"2f500ea0\" data-element_type=\"container\" data-e-type=\"container\">\n\t\t\t\t\t<div class=\"e-con-inner\">\n\t\t\t\t<div class=\"elementor-element elementor-element-770b2c07 elementor-widget elementor-widget-heading\" data-id=\"770b2c07\" data-element_type=\"widget\" data-e-type=\"widget\" data-widget_type=\"heading.default\">\n\t\t\t\t\t<h2 class=\"elementor-heading-title elementor-size-default\">Ausstattung<\/h2>\t\t\t\t<\/div>\n\t\t\t\t<div class=\"elementor-element elementor-element-57b9a822 elementor-widget elementor-widget-text-editor\" data-id=\"57b9a822\" data-element_type=\"widget\" data-e-type=\"widget\" data-widget_type=\"text-editor.default\">\n\t\t\t\t\t\t\t\t\t<ul><li>Abnehmbarer Sitz\/Werkzeugkasten<\/li><li>Mast f\u00fcr Arbeitsleuchte<\/li><li>Lenkkonsole<\/li><li>Steuerbordseite oder Mittelkonsole mit Sitz<\/li><li>Aluminium-Paddel mit Eisspitze<\/li><\/ul>\t\t\t\t\t\t\t\t<\/div>\n\t\t\t\t\t<\/div>\n\t\t\t\t<\/div>\n\t\t<div class=\"elementor-element elementor-element-6433a846 e-flex e-con-boxed e-con e-parent\" data-id=\"6433a846\" data-element_type=\"container\" data-e-type=\"container\" data-settings=\"{&quot;background_background&quot;:&quot;classic&quot;}\">\n\t\t\t\t\t<div class=\"e-con-inner\">\n\t\t<div class=\"elementor-element elementor-element-408887d6 e-con-full e-flex e-con e-child\" data-id=\"408887d6\" data-element_type=\"container\" data-e-type=\"container\">\n\t\t\t\t<div class=\"elementor-element elementor-element-4d64b60b elementor-widget elementor-widget-heading\" data-id=\"4d64b60b\" data-element_type=\"widget\" data-e-type=\"widget\" data-widget_type=\"heading.default\">\n\t\t\t\t\t<h2 class=\"elementor-heading-title elementor-size-default\">Technische Daten<\/h2>\t\t\t\t<\/div>\n\t\t\t\t<div class=\"elementor-element elementor-element-557d28e3 elementor-widget elementor-widget-text-editor\" data-id=\"557d28e3\" data-element_type=\"widget\" data-e-type=\"widget\" data-widget_type=\"text-editor.default\">\n\t\t\t\t\t\t\t\t\t<ul><li>LOA: 402 cm<\/li><li>Strahl: 180 cm<\/li><li>Gewicht: 260\u2013300 kg<\/li><li>CE-D: 6 Personen<\/li><li>Motor: 20\u201330 PS<\/li><li>Maximale Geschwindigkeit: 23\u201326 kt <\/li><\/ul>\t\t\t\t\t\t\t\t<\/div>\n\t\t\t\t<div class=\"elementor-element elementor-element-4b7decdb elementor-widget elementor-widget-text-editor\" data-id=\"4b7decdb\" data-element_type=\"widget\" data-e-type=\"widget\" data-widget_type=\"text-editor.default\">\n\t\t\t\t\t\t\t\t\t<p><em>\u00c4nderungen der Spezifikationen ohne Ank\u00fcndigung jederzeit m\u00f6glich.<\/em><\/p>\t\t\t\t\t\t\t\t<\/div>\n\t\t\t\t<\/div>\n\t\t<div class=\"elementor-element elementor-element-78307c84 e-con-full e-flex e-con e-child\" data-id=\"78307c84\" data-element_type=\"container\" data-e-type=\"container\">\n\t\t\t\t<div class=\"elementor-element elementor-element-21f2c5f5 elementor-widget elementor-widget-image\" data-id=\"21f2c5f5\" data-element_type=\"widget\" data-e-type=\"widget\" data-widget_type=\"image.default\">\n\t\t\t\t\t\t\t\t\t\t\t\t\t\t\t<img decoding=\"async\" width=\"400\" height=\"235\" src=\"https:\/\/arcticboats.eu\/wp-content\/uploads\/2023\/12\/A4-render-web.png\" class=\"attachment-large size-large wp-image-2554\" alt=\"\" srcset=\"https:\/\/arcticboats.eu\/wp-content\/uploads\/2023\/12\/A4-render-web.png 400w, https:\/\/arcticboats.eu\/wp-content\/uploads\/2023\/12\/A4-render-web-300x176.png 300w\" sizes=\"(max-width: 400px) 100vw, 400px\" \/>\t\t\t\t\t\t\t\t\t\t\t\t\t\t\t<\/div>\n\t\t\t\t<\/div>\n\t\t\t\t\t<\/div>\n\t\t\t\t<\/div>\n\t\t<div class=\"elementor-element elementor-element-14510bd0 e-flex e-con-boxed e-con e-parent\" data-id=\"14510bd0\" data-element_type=\"container\" data-e-type=\"container\">\n\t\t\t\t\t<div class=\"e-con-inner\">\n\t\t\t\t<div class=\"elementor-element elementor-element-57e85ec2 gallery-spacing-custom elementor-widget elementor-widget-image-gallery\" data-id=\"57e85ec2\" data-element_type=\"widget\" data-e-type=\"widget\" data-widget_type=\"image-gallery.default\">\n\t\t\t\t\t\t\t<div class=\"elementor-image-gallery\">\n\t\t\t<div id='gallery-1' class='gallery galleryid-3083 gallery-columns-4 gallery-size-thumbnail'><figure class='gallery-item'>\n\t\t\t<div class='gallery-icon landscape'>\n\t\t\t\t<a data-elementor-open-lightbox=\"yes\" data-elementor-lightbox-slideshow=\"57e85ec2\" data-e-action-hash=\"#elementor-action%3Aaction%3Dlightbox%26settings%3DeyJpZCI6MjU2OCwidXJsIjoiaHR0cHM6XC9cL2FyY3RpY2JvYXRzLmV1XC93cC1jb250ZW50XC91cGxvYWRzXC8yMDIzXC8xMlwvQTQtMy13ZWIuanBnIiwic2xpZGVzaG93IjoiNTdlODVlYzIifQ%3D%3D\" href='https:\/\/arcticboats.eu\/wp-content\/uploads\/2023\/12\/A4-3-web.jpg'><img decoding=\"async\" width=\"150\" height=\"150\" src=\"https:\/\/arcticboats.eu\/wp-content\/uploads\/2023\/12\/A4-3-web-150x150.jpg\" class=\"attachment-thumbnail size-thumbnail\" alt=\"\" \/><\/a>\n\t\t\t<\/div><\/figure><figure class='gallery-item'>\n\t\t\t<div class='gallery-icon landscape'>\n\t\t\t\t<a data-elementor-open-lightbox=\"yes\" data-elementor-lightbox-slideshow=\"57e85ec2\" data-e-action-hash=\"#elementor-action%3Aaction%3Dlightbox%26settings%3DeyJpZCI6MjU2NCwidXJsIjoiaHR0cHM6XC9cL2FyY3RpY2JvYXRzLmV1XC93cC1jb250ZW50XC91cGxvYWRzXC8yMDIzXC8xMlwvQTQtd2ViZGV0YWlsMy5qcGciLCJzbGlkZXNob3ciOiI1N2U4NWVjMiJ9\" href='https:\/\/arcticboats.eu\/wp-content\/uploads\/2023\/12\/A4-webdetail3.jpg'><img loading=\"lazy\" decoding=\"async\" width=\"150\" height=\"150\" src=\"https:\/\/arcticboats.eu\/wp-content\/uploads\/2023\/12\/A4-webdetail3-150x150.jpg\" class=\"attachment-thumbnail size-thumbnail\" alt=\"\" \/><\/a>\n\t\t\t<\/div><\/figure><figure class='gallery-item'>\n\t\t\t<div class='gallery-icon landscape'>\n\t\t\t\t<a data-elementor-open-lightbox=\"yes\" data-elementor-lightbox-slideshow=\"57e85ec2\" data-e-action-hash=\"#elementor-action%3Aaction%3Dlightbox%26settings%3DeyJpZCI6MjU1MCwidXJsIjoiaHR0cHM6XC9cL2FyY3RpY2JvYXRzLmV1XC93cC1jb250ZW50XC91cGxvYWRzXC8yMDIzXC8xMlwvQTQtUkxVODA4Mi5qcGciLCJzbGlkZXNob3ciOiI1N2U4NWVjMiJ9\" href='https:\/\/arcticboats.eu\/wp-content\/uploads\/2023\/12\/A4-RLU8082.jpg'><img loading=\"lazy\" decoding=\"async\" width=\"150\" height=\"150\" src=\"https:\/\/arcticboats.eu\/wp-content\/uploads\/2023\/12\/A4-RLU8082-150x150.jpg\" class=\"attachment-thumbnail size-thumbnail\" alt=\"\" \/><\/a>\n\t\t\t<\/div><\/figure><figure class='gallery-item'>\n\t\t\t<div class='gallery-icon landscape'>\n\t\t\t\t<a data-elementor-open-lightbox=\"yes\" data-elementor-lightbox-slideshow=\"57e85ec2\" data-e-action-hash=\"#elementor-action%3Aaction%3Dlightbox%26settings%3DeyJpZCI6MjU3MCwidXJsIjoiaHR0cHM6XC9cL2FyY3RpY2JvYXRzLmV1XC93cC1jb250ZW50XC91cGxvYWRzXC8yMDIzXC8xMlwvQTQtREVUQUlMMS5qcGciLCJzbGlkZXNob3ciOiI1N2U4NWVjMiJ9\" href='https:\/\/arcticboats.eu\/wp-content\/uploads\/2023\/12\/A4-DETAIL1.jpg'><img loading=\"lazy\" decoding=\"async\" width=\"150\" height=\"150\" src=\"https:\/\/arcticboats.eu\/wp-content\/uploads\/2023\/12\/A4-DETAIL1-150x150.jpg\" class=\"attachment-thumbnail size-thumbnail\" alt=\"\" \/><\/a>\n\t\t\t<\/div><\/figure><figure class='gallery-item'>\n\t\t\t<div class='gallery-icon landscape'>\n\t\t\t\t<a data-elementor-open-lightbox=\"yes\" data-elementor-lightbox-slideshow=\"57e85ec2\" data-e-action-hash=\"#elementor-action%3Aaction%3Dlightbox%26settings%3DeyJpZCI6MjU2NiwidXJsIjoiaHR0cHM6XC9cL2FyY3RpY2JvYXRzLmV1XC93cC1jb250ZW50XC91cGxvYWRzXC8yMDIzXC8xMlwvQXJjdGljLTQtMi5qcGciLCJzbGlkZXNob3ciOiI1N2U4NWVjMiJ9\" href='https:\/\/arcticboats.eu\/wp-content\/uploads\/2023\/12\/Arctic-4-2.jpg'><img loading=\"lazy\" decoding=\"async\" width=\"150\" height=\"150\" src=\"https:\/\/arcticboats.eu\/wp-content\/uploads\/2023\/12\/Arctic-4-2-150x150.jpg\" class=\"attachment-thumbnail size-thumbnail\" alt=\"\" \/><\/a>\n\t\t\t<\/div><\/figure>\n\t\t<\/div>\n\t\t<\/div>\n\t\t\t\t\t\t<\/div>\n\t\t\t\t\t<\/div>\n\t\t\t\t<\/div>\n\t\t\t\t<\/div>\n\t\t","protected":false},"excerpt":{"rendered":"<p>Arctic 4 light HDPE Das leichte HDPE-Boot A4 f\u00fcr Such- und Rettungsaktionen sowie \u00d6lunfallbek\u00e4mpfung. Dies ist ein neues Modell von Arctic Boats, das speziell f\u00fcr die finnischen Feuerwehr- und Rettungsdienste entwickelt wurde. Das 4 Meter lange Boot ist so leicht, dass es von 4 Personen getragen werden kann. Es ist mit einem 20-PS-Motor ausgestattet und [&hellip;]<\/p>\n","protected":false},"author":3,"featured_media":0,"parent":3095,"menu_order":0,"comment_status":"closed","ping_status":"closed","template":"","meta":{"_seopress_robots_primary_cat":"","_seopress_titles_title":"Arctic 4 - Arctic Airboats Oy","_seopress_titles_desc":"Das A4 Light HDPE-Boot f\u00fcr SAR und die Bergung von \u00d6lverschmutzungen. Dies ist ein neues Modell von Arctic Boats, das speziell f\u00fcr die finnischen Feuerwehrleute entwickelt wurde.","_seopress_robots_index":"","footnotes":""},"class_list":["post-3083","page","type-page","status-publish","hentry"],"_links":{"self":[{"href":"https:\/\/arcticboats.eu\/de\/wp-json\/wp\/v2\/pages\/3083","targetHints":{"allow":["GET"]}}],"collection":[{"href":"https:\/\/arcticboats.eu\/de\/wp-json\/wp\/v2\/pages"}],"about":[{"href":"https:\/\/arcticboats.eu\/de\/wp-json\/wp\/v2\/types\/page"}],"author":[{"embeddable":true,"href":"https:\/\/arcticboats.eu\/de\/wp-json\/wp\/v2\/users\/3"}],"replies":[{"embeddable":true,"href":"https:\/\/arcticboats.eu\/de\/wp-json\/wp\/v2\/comments?post=3083"}],"version-history":[{"count":2,"href":"https:\/\/arcticboats.eu\/de\/wp-json\/wp\/v2\/pages\/3083\/revisions"}],"predecessor-version":[{"id":13862,"href":"https:\/\/arcticboats.eu\/de\/wp-json\/wp\/v2\/pages\/3083\/revisions\/13862"}],"up":[{"embeddable":true,"href":"https:\/\/arcticboats.eu\/de\/wp-json\/wp\/v2\/pages\/3095"}],"wp:attachment":[{"href":"https:\/\/arcticboats.eu\/de\/wp-json\/wp\/v2\/media?parent=3083"}],"curies":[{"name":"wp","href":"https:\/\/api.w.org\/{rel}","templated":true}]}}