{"id":3081,"date":"2023-12-06T09:16:05","date_gmt":"2023-12-06T06:16:05","guid":{"rendered":"https:\/\/arcticboats.eu\/arctic-17\/"},"modified":"2025-07-29T11:02:38","modified_gmt":"2025-07-29T08:02:38","slug":"arctic-17","status":"publish","type":"page","link":"https:\/\/arcticboats.eu\/de\/boote\/arctic-17\/","title":{"rendered":"Arctic 17"},"content":{"rendered":"\t\t<div data-elementor-type=\"wp-page\" data-elementor-id=\"3081\" class=\"elementor elementor-3081 elementor-2604\">\n\t\t\t\t<div class=\"elementor-element elementor-element-e22108e e-con-full e-flex e-con e-parent\" data-id=\"e22108e\" data-element_type=\"container\" data-e-type=\"container\">\n\t\t\t\t<div class=\"elementor-element elementor-element-98aad99 elementor-widget elementor-widget-shortcode\" data-id=\"98aad99\" data-element_type=\"widget\" data-e-type=\"widget\" data-widget_type=\"shortcode.default\">\n\t\t\t\t\t\t\t<div class=\"elementor-shortcode\"><\/div>\n\t\t\t\t\t\t<\/div>\n\t\t\t\t<\/div>\n\t\t<div class=\"elementor-element elementor-element-5259a87 e-flex e-con-boxed e-con e-parent\" data-id=\"5259a87\" data-element_type=\"container\" data-e-type=\"container\">\n\t\t\t\t\t<div class=\"e-con-inner\">\n\t\t\t\t<div class=\"elementor-element elementor-element-1f026ec5 elementor-widget elementor-widget-heading\" data-id=\"1f026ec5\" data-element_type=\"widget\" data-e-type=\"widget\" data-widget_type=\"heading.default\">\n\t\t\t\t\t<h1 class=\"elementor-heading-title elementor-size-default\">ARCTIC 17 SAR<\/h1>\t\t\t\t<\/div>\n\t\t\t\t<div class=\"elementor-element elementor-element-7b7de01 elementor-widget elementor-widget-heading\" data-id=\"7b7de01\" data-element_type=\"widget\" data-e-type=\"widget\" data-widget_type=\"heading.default\">\n\t\t\t\t\t<h2 class=\"elementor-heading-title elementor-size-default\">Eine neue Bootsreihe f\u00fcr Profis<\/h2>\t\t\t\t<\/div>\n\t\t\t\t\t<\/div>\n\t\t\t\t<\/div>\n\t\t<div class=\"elementor-element elementor-element-38323492 e-flex e-con-boxed e-con e-parent\" data-id=\"38323492\" data-element_type=\"container\" data-e-type=\"container\">\n\t\t\t\t\t<div class=\"e-con-inner\">\n\t\t<div class=\"elementor-element elementor-element-13a88574 e-con-full e-flex e-con e-child\" data-id=\"13a88574\" data-element_type=\"container\" data-e-type=\"container\">\n\t\t\t\t<div class=\"elementor-element elementor-element-6b3973f7 elementor-widget elementor-widget-image\" data-id=\"6b3973f7\" data-element_type=\"widget\" data-e-type=\"widget\" data-widget_type=\"image.default\">\n\t\t\t\t\t\t\t\t\t\t\t\t\t\t\t<img fetchpriority=\"high\" decoding=\"async\" width=\"599\" height=\"366\" src=\"https:\/\/arcticboats.eu\/wp-content\/uploads\/2023\/12\/DSC-1310.jpg\" class=\"attachment-large size-large wp-image-2618\" alt=\"\" srcset=\"https:\/\/arcticboats.eu\/wp-content\/uploads\/2023\/12\/DSC-1310.jpg 599w, https:\/\/arcticboats.eu\/wp-content\/uploads\/2023\/12\/DSC-1310-300x183.jpg 300w\" sizes=\"(max-width: 599px) 100vw, 599px\" \/>\t\t\t\t\t\t\t\t\t\t\t\t\t\t\t<\/div>\n\t\t\t\t<\/div>\n\t\t<div class=\"elementor-element elementor-element-463b8323 e-con-full e-flex e-con e-child\" data-id=\"463b8323\" data-element_type=\"container\" data-e-type=\"container\">\n\t\t\t\t<div class=\"elementor-element elementor-element-6cb6c4e8 elementor-widget elementor-widget-text-editor\" data-id=\"6cb6c4e8\" data-element_type=\"widget\" data-e-type=\"widget\" data-widget_type=\"text-editor.default\">\n\t\t\t\t\t\t\t\t\t<p>Das A17 ist ein kleines, aber \u00e4u\u00dferst seet\u00fcchtiges Rettungsboot, das als eigenst\u00e4ndiges Such- und Rettungsboot oder als Unterst\u00fctzungseinheit f\u00fcr gr\u00f6\u00dfere SAR-Boote und -Schiffe eingesetzt werden kann. Es bietet Platz f\u00fcr 5 Personen. <\/p><p>Das Boot sieht aus wie ein RHIB, ist aber ein RBB, das vollst\u00e4ndig aus HMWPE (Hochmolekulares Polyethylen, ein sehr widerstandsf\u00e4higes Polymer) gebaut wurde und viel mehr Platz bietet als konventionelle RHIB. HMWPE ist chemisch best\u00e4ndig, so dass dieses Boot hervorragend f\u00fcr \u00d6lbergungseins\u00e4tze geeignet ist, wie z.B. zum Auslegen von \u00d6lsperren. <\/p><p>Die Seegangeigenschaften unserer Boote \u00e4hneln denjenigen der RHIB-Boote. Dank der D-Fender ist der Rumpf innen ger\u00e4umig. Anders als bei RHIB-Booten verlieren die Pontons der RBB-Boote (Rigid Buoyancy Boats) keine Luft und bleiben Formstabil, was das Boot robust und sicher macht. Im Vergleich zu anderen Bootstypen bleiben, dank des geringen Reparatur- und Wartungsbedarfs, die Lebenszykluskosten dieser RBB-Boote niedrig.   <\/p><p>Der tiefe V-Rumpf erm\u00f6glicht der A17 auch bei grobem Seegang hohe Geschwindigkeiten.<\/p><p>F\u00fcr das Boot haben wir zudem einen Motorlift f\u00fcr den Au\u00dfenbordmotor entwickelt, damit der Propeller bis zu 35cm, auf dasselbe Niveau wie der Kiel angehoben werden kann. Daher kann die A17 in sehr flachem Wasser gefahren werden. <\/p><p>Wie alle anderen Arctic Boats ist auch die A17 unsinkbar.<\/p>\t\t\t\t\t\t\t\t<\/div>\n\t\t\t\t<\/div>\n\t\t\t\t\t<\/div>\n\t\t\t\t<\/div>\n\t\t<div class=\"elementor-element elementor-element-730e1a0e e-flex e-con-boxed e-con e-parent\" data-id=\"730e1a0e\" data-element_type=\"container\" data-e-type=\"container\">\n\t\t\t\t\t<div class=\"e-con-inner\">\n\t\t\t\t<div class=\"elementor-element elementor-element-56c9e04 elementor-widget elementor-widget-heading\" data-id=\"56c9e04\" data-element_type=\"widget\" data-e-type=\"widget\" data-widget_type=\"heading.default\">\n\t\t\t\t\t<h2 class=\"elementor-heading-title elementor-size-default\">Ausstattung<\/h2>\t\t\t\t<\/div>\n\t\t\t\t<div class=\"elementor-element elementor-element-28359298 elementor-widget elementor-widget-text-editor\" data-id=\"28359298\" data-element_type=\"widget\" data-e-type=\"widget\" data-widget_type=\"text-editor.default\">\n\t\t\t\t\t\t\t\t\t<ul><li>Simrad 9\u201d Plotter<\/li><li>H\u00f6henverstellbarer Scotseat Jockey-Sitz<\/li><li>Aktiver Radar Reflektor<\/li><li>Arbeitsscheinwerfer<\/li><li>Arctic Rettungsnetz<\/li><\/ul>\t\t\t\t\t\t\t\t<\/div>\n\t\t\t\t\t<\/div>\n\t\t\t\t<\/div>\n\t\t<div class=\"elementor-element elementor-element-5a0158cf e-flex e-con-boxed e-con e-parent\" data-id=\"5a0158cf\" data-element_type=\"container\" data-e-type=\"container\" data-settings=\"{&quot;background_background&quot;:&quot;classic&quot;}\">\n\t\t\t\t\t<div class=\"e-con-inner\">\n\t\t<div class=\"elementor-element elementor-element-13a38c29 e-con-full e-flex e-con e-child\" data-id=\"13a38c29\" data-element_type=\"container\" data-e-type=\"container\">\n\t\t\t\t<div class=\"elementor-element elementor-element-4483c810 elementor-widget elementor-widget-heading\" data-id=\"4483c810\" data-element_type=\"widget\" data-e-type=\"widget\" data-widget_type=\"heading.default\">\n\t\t\t\t\t<h2 class=\"elementor-heading-title elementor-size-default\">Technische Daten<\/h2>\t\t\t\t<\/div>\n\t\t\t\t<div class=\"elementor-element elementor-element-4f5e16ee elementor-widget elementor-widget-text-editor\" data-id=\"4f5e16ee\" data-element_type=\"widget\" data-e-type=\"widget\" data-widget_type=\"text-editor.default\">\n\t\t\t\t\t\t\t\t\t<ul><li>Gesamtl\u00e4nge: 5 m (17 ft)<\/li><li>Breite: 2,04 m (6 ft 10 in)<\/li><li>Tiefgang: 0,32 m (1 ft)<\/li><li>Gewicht (ohne Motor): 410 kg (3660 lbs)<\/li><li>Max. Besatzung: 5 Personen<\/li><li>Kraftstofftank: 92 l<\/li><li>Konstruktion: HMWPE<\/li><li>Classification: C \u2013<\/li><li>k\u00fcstennah<\/li><li>Max. Geschwindigkeit: 24\u201335 kn<\/li><li>Au\u00dfenbordmotor: 50\u201390 PS<\/li><li>Kraftstoffverbrauch, bei cruise-Geschwindigkeit: 0,43 L\/sm (40 PS @ 23 kn)<\/li><li>Rumpfform: 23-Grad-V-Rumpf, ohne Spray Rails<\/li><\/ul>\t\t\t\t\t\t\t\t<\/div>\n\t\t\t\t<div class=\"elementor-element elementor-element-bbf03d elementor-widget elementor-widget-text-editor\" data-id=\"bbf03d\" data-element_type=\"widget\" data-e-type=\"widget\" data-widget_type=\"text-editor.default\">\n\t\t\t\t\t\t\t\t\t<p><em>\u00c4nderungen der Spezifikationen ohne Ank\u00fcndigung jederzeit m\u00f6glich.<\/em><\/p>\t\t\t\t\t\t\t\t<\/div>\n\t\t\t\t<\/div>\n\t\t<div class=\"elementor-element elementor-element-575549e5 e-con-full e-flex e-con e-child\" data-id=\"575549e5\" data-element_type=\"container\" data-e-type=\"container\">\n\t\t\t\t<div class=\"elementor-element elementor-element-269bc5cf elementor-widget elementor-widget-image\" data-id=\"269bc5cf\" data-element_type=\"widget\" data-e-type=\"widget\" data-widget_type=\"image.default\">\n\t\t\t\t\t\t\t\t\t\t\t\t\t\t\t<img decoding=\"async\" width=\"402\" height=\"247\" src=\"https:\/\/arcticboats.eu\/wp-content\/uploads\/2023\/12\/A17i-web.png\" class=\"attachment-large size-large wp-image-2620\" alt=\"\" srcset=\"https:\/\/arcticboats.eu\/wp-content\/uploads\/2023\/12\/A17i-web.png 402w, https:\/\/arcticboats.eu\/wp-content\/uploads\/2023\/12\/A17i-web-300x184.png 300w\" sizes=\"(max-width: 402px) 100vw, 402px\" \/>\t\t\t\t\t\t\t\t\t\t\t\t\t\t\t<\/div>\n\t\t\t\t<\/div>\n\t\t\t\t\t<\/div>\n\t\t\t\t<\/div>\n\t\t<div class=\"elementor-element elementor-element-2d437636 e-flex e-con-boxed e-con e-parent\" data-id=\"2d437636\" data-element_type=\"container\" data-e-type=\"container\">\n\t\t\t\t\t<div class=\"e-con-inner\">\n\t\t\t\t<div class=\"elementor-element elementor-element-4199e4ed gallery-spacing-custom elementor-widget elementor-widget-image-gallery\" data-id=\"4199e4ed\" data-element_type=\"widget\" data-e-type=\"widget\" data-widget_type=\"image-gallery.default\">\n\t\t\t\t\t\t\t<div class=\"elementor-image-gallery\">\n\t\t\t<div id='gallery-1' class='gallery galleryid-3081 gallery-columns-4 gallery-size-thumbnail'><figure class='gallery-item'>\n\t\t\t<div class='gallery-icon landscape'>\n\t\t\t\t<a data-elementor-open-lightbox=\"yes\" data-elementor-lightbox-slideshow=\"4199e4ed\" data-e-action-hash=\"#elementor-action%3Aaction%3Dlightbox%26settings%3DeyJpZCI6MjE5MCwidXJsIjoiaHR0cHM6XC9cL2FyY3RpY2JvYXRzLmV1XC93cC1jb250ZW50XC91cGxvYWRzXC8yMDIzXC8xMFwvYXJjdGljLTE3LXNhci1ib2F0LmpwZyIsInNsaWRlc2hvdyI6IjQxOTllNGVkIn0%3D\" href='https:\/\/arcticboats.eu\/wp-content\/uploads\/2023\/10\/arctic-17-sar-boat.jpg'><img decoding=\"async\" width=\"150\" height=\"150\" src=\"https:\/\/arcticboats.eu\/wp-content\/uploads\/2023\/10\/arctic-17-sar-boat-150x150.jpg\" class=\"attachment-thumbnail size-thumbnail\" alt=\"Arctic 17 SAR Boat\" \/><\/a>\n\t\t\t<\/div><\/figure><figure class='gallery-item'>\n\t\t\t<div class='gallery-icon landscape'>\n\t\t\t\t<a data-elementor-open-lightbox=\"yes\" data-elementor-lightbox-slideshow=\"4199e4ed\" data-e-action-hash=\"#elementor-action%3Aaction%3Dlightbox%26settings%3DeyJpZCI6MjY0NiwidXJsIjoiaHR0cHM6XC9cL2FyY3RpY2JvYXRzLmV1XC93cC1jb250ZW50XC91cGxvYWRzXC8yMDIzXC8xMlwvSEVOLTAxNjUuanBnIiwic2xpZGVzaG93IjoiNDE5OWU0ZWQifQ%3D%3D\" href='https:\/\/arcticboats.eu\/wp-content\/uploads\/2023\/12\/HEN-0165.jpg'><img loading=\"lazy\" decoding=\"async\" width=\"150\" height=\"150\" src=\"https:\/\/arcticboats.eu\/wp-content\/uploads\/2023\/12\/HEN-0165-150x150.jpg\" class=\"attachment-thumbnail size-thumbnail\" alt=\"\" \/><\/a>\n\t\t\t<\/div><\/figure><figure class='gallery-item'>\n\t\t\t<div class='gallery-icon landscape'>\n\t\t\t\t<a data-elementor-open-lightbox=\"yes\" data-elementor-lightbox-slideshow=\"4199e4ed\" data-e-action-hash=\"#elementor-action%3Aaction%3Dlightbox%26settings%3DeyJpZCI6MjY0OCwidXJsIjoiaHR0cHM6XC9cL2FyY3RpY2JvYXRzLmV1XC93cC1jb250ZW50XC91cGxvYWRzXC8yMDIzXC8xMlwvSEVOLTE4NjIuanBnIiwic2xpZGVzaG93IjoiNDE5OWU0ZWQifQ%3D%3D\" href='https:\/\/arcticboats.eu\/wp-content\/uploads\/2023\/12\/HEN-1862.jpg'><img loading=\"lazy\" decoding=\"async\" width=\"150\" height=\"150\" src=\"https:\/\/arcticboats.eu\/wp-content\/uploads\/2023\/12\/HEN-1862-150x150.jpg\" class=\"attachment-thumbnail size-thumbnail\" alt=\"\" \/><\/a>\n\t\t\t<\/div><\/figure><figure class='gallery-item'>\n\t\t\t<div class='gallery-icon landscape'>\n\t\t\t\t<a data-elementor-open-lightbox=\"yes\" data-elementor-lightbox-slideshow=\"4199e4ed\" data-e-action-hash=\"#elementor-action%3Aaction%3Dlightbox%26settings%3DeyJpZCI6MjYyMiwidXJsIjoiaHR0cHM6XC9cL2FyY3RpY2JvYXRzLmV1XC93cC1jb250ZW50XC91cGxvYWRzXC8yMDIzXC8xMlwvQTE3LTMuanBnIiwic2xpZGVzaG93IjoiNDE5OWU0ZWQifQ%3D%3D\" href='https:\/\/arcticboats.eu\/wp-content\/uploads\/2023\/12\/A17-3.jpg'><img loading=\"lazy\" decoding=\"async\" width=\"150\" height=\"150\" src=\"https:\/\/arcticboats.eu\/wp-content\/uploads\/2023\/12\/A17-3-150x150.jpg\" class=\"attachment-thumbnail size-thumbnail\" alt=\"\" \/><\/a>\n\t\t\t<\/div><\/figure><figure class='gallery-item'>\n\t\t\t<div class='gallery-icon landscape'>\n\t\t\t\t<a data-elementor-open-lightbox=\"yes\" data-elementor-lightbox-slideshow=\"4199e4ed\" data-e-action-hash=\"#elementor-action%3Aaction%3Dlightbox%26settings%3DeyJpZCI6MjYyNCwidXJsIjoiaHR0cHM6XC9cL2FyY3RpY2JvYXRzLmV1XC93cC1jb250ZW50XC91cGxvYWRzXC8yMDIzXC8xMlwvQTE3LTEwLmpwZyIsInNsaWRlc2hvdyI6IjQxOTllNGVkIn0%3D\" href='https:\/\/arcticboats.eu\/wp-content\/uploads\/2023\/12\/A17-10.jpg'><img loading=\"lazy\" decoding=\"async\" width=\"150\" height=\"150\" src=\"https:\/\/arcticboats.eu\/wp-content\/uploads\/2023\/12\/A17-10-150x150.jpg\" class=\"attachment-thumbnail size-thumbnail\" alt=\"\" \/><\/a>\n\t\t\t<\/div><\/figure><figure class='gallery-item'>\n\t\t\t<div class='gallery-icon landscape'>\n\t\t\t\t<a data-elementor-open-lightbox=\"yes\" data-elementor-lightbox-slideshow=\"4199e4ed\" data-e-action-hash=\"#elementor-action%3Aaction%3Dlightbox%26settings%3DeyJpZCI6MjYyNiwidXJsIjoiaHR0cHM6XC9cL2FyY3RpY2JvYXRzLmV1XC93cC1jb250ZW50XC91cGxvYWRzXC8yMDIzXC8xMlwvYTE3LWRldGFpbHdlYjkuanBnIiwic2xpZGVzaG93IjoiNDE5OWU0ZWQifQ%3D%3D\" href='https:\/\/arcticboats.eu\/wp-content\/uploads\/2023\/12\/a17-detailweb9.jpg'><img loading=\"lazy\" decoding=\"async\" width=\"150\" height=\"150\" src=\"https:\/\/arcticboats.eu\/wp-content\/uploads\/2023\/12\/a17-detailweb9-150x150.jpg\" class=\"attachment-thumbnail size-thumbnail\" alt=\"\" \/><\/a>\n\t\t\t<\/div><\/figure><figure class='gallery-item'>\n\t\t\t<div class='gallery-icon landscape'>\n\t\t\t\t<a data-elementor-open-lightbox=\"yes\" data-elementor-lightbox-slideshow=\"4199e4ed\" data-e-action-hash=\"#elementor-action%3Aaction%3Dlightbox%26settings%3DeyJpZCI6MjYyOCwidXJsIjoiaHR0cHM6XC9cL2FyY3RpY2JvYXRzLmV1XC93cC1jb250ZW50XC91cGxvYWRzXC8yMDIzXC8xMlwvQTE3LUVzdG9uaWFuLUNvYXN0LUd1YXJkLmpwZyIsInNsaWRlc2hvdyI6IjQxOTllNGVkIn0%3D\" href='https:\/\/arcticboats.eu\/wp-content\/uploads\/2023\/12\/A17-Estonian-Coast-Guard.jpg'><img loading=\"lazy\" decoding=\"async\" width=\"150\" height=\"150\" src=\"https:\/\/arcticboats.eu\/wp-content\/uploads\/2023\/12\/A17-Estonian-Coast-Guard-150x150.jpg\" class=\"attachment-thumbnail size-thumbnail\" alt=\"\" \/><\/a>\n\t\t\t<\/div><\/figure><figure class='gallery-item'>\n\t\t\t<div class='gallery-icon landscape'>\n\t\t\t\t<a data-elementor-open-lightbox=\"yes\" data-elementor-lightbox-slideshow=\"4199e4ed\" data-e-action-hash=\"#elementor-action%3Aaction%3Dlightbox%26settings%3DeyJpZCI6MjYzMCwidXJsIjoiaHR0cHM6XC9cL2FyY3RpY2JvYXRzLmV1XC93cC1jb250ZW50XC91cGxvYWRzXC8yMDIzXC8xMlwvQTE3LWhpc3MuanBnIiwic2xpZGVzaG93IjoiNDE5OWU0ZWQifQ%3D%3D\" href='https:\/\/arcticboats.eu\/wp-content\/uploads\/2023\/12\/A17-hiss.jpg'><img loading=\"lazy\" decoding=\"async\" width=\"150\" height=\"150\" src=\"https:\/\/arcticboats.eu\/wp-content\/uploads\/2023\/12\/A17-hiss-150x150.jpg\" class=\"attachment-thumbnail size-thumbnail\" alt=\"\" \/><\/a>\n\t\t\t<\/div><\/figure><figure class='gallery-item'>\n\t\t\t<div class='gallery-icon landscape'>\n\t\t\t\t<a data-elementor-open-lightbox=\"yes\" data-elementor-lightbox-slideshow=\"4199e4ed\" data-e-action-hash=\"#elementor-action%3Aaction%3Dlightbox%26settings%3DeyJpZCI6MjYzNCwidXJsIjoiaHR0cHM6XC9cL2FyY3RpY2JvYXRzLmV1XC93cC1jb250ZW50XC91cGxvYWRzXC8yMDIzXC8xMlwvYTE3LXdlYmRldGFpbDEuanBnIiwic2xpZGVzaG93IjoiNDE5OWU0ZWQifQ%3D%3D\" href='https:\/\/arcticboats.eu\/wp-content\/uploads\/2023\/12\/a17-webdetail1.jpg'><img loading=\"lazy\" decoding=\"async\" width=\"150\" height=\"150\" src=\"https:\/\/arcticboats.eu\/wp-content\/uploads\/2023\/12\/a17-webdetail1-150x150.jpg\" class=\"attachment-thumbnail size-thumbnail\" alt=\"\" \/><\/a>\n\t\t\t<\/div><\/figure><figure class='gallery-item'>\n\t\t\t<div class='gallery-icon landscape'>\n\t\t\t\t<a data-elementor-open-lightbox=\"yes\" data-elementor-lightbox-slideshow=\"4199e4ed\" data-e-action-hash=\"#elementor-action%3Aaction%3Dlightbox%26settings%3DeyJpZCI6MjYzNiwidXJsIjoiaHR0cHM6XC9cL2FyY3RpY2JvYXRzLmV1XC93cC1jb250ZW50XC91cGxvYWRzXC8yMDIzXC8xMlwvQTE3LXdlYmRldGFpbDItU2VpbHdpbmRlLTkwMHg2MDAtMi5qcGciLCJzbGlkZXNob3ciOiI0MTk5ZTRlZCJ9\" href='https:\/\/arcticboats.eu\/wp-content\/uploads\/2023\/12\/A17-webdetail2-Seilwinde-900x600-2.jpg'><img loading=\"lazy\" decoding=\"async\" width=\"150\" height=\"150\" src=\"https:\/\/arcticboats.eu\/wp-content\/uploads\/2023\/12\/A17-webdetail2-Seilwinde-900x600-2-150x150.jpg\" class=\"attachment-thumbnail size-thumbnail\" alt=\"\" \/><\/a>\n\t\t\t<\/div><\/figure><figure class='gallery-item'>\n\t\t\t<div class='gallery-icon landscape'>\n\t\t\t\t<a data-elementor-open-lightbox=\"yes\" data-elementor-lightbox-slideshow=\"4199e4ed\" data-e-action-hash=\"#elementor-action%3Aaction%3Dlightbox%26settings%3DeyJpZCI6MjYzOCwidXJsIjoiaHR0cHM6XC9cL2FyY3RpY2JvYXRzLmV1XC93cC1jb250ZW50XC91cGxvYWRzXC8yMDIzXC8xMlwvQTE3LXdlYmRldGFpbDUuanBnIiwic2xpZGVzaG93IjoiNDE5OWU0ZWQifQ%3D%3D\" href='https:\/\/arcticboats.eu\/wp-content\/uploads\/2023\/12\/A17-webdetail5.jpg'><img loading=\"lazy\" decoding=\"async\" width=\"150\" height=\"150\" src=\"https:\/\/arcticboats.eu\/wp-content\/uploads\/2023\/12\/A17-webdetail5-150x150.jpg\" class=\"attachment-thumbnail size-thumbnail\" alt=\"\" \/><\/a>\n\t\t\t<\/div><\/figure><figure class='gallery-item'>\n\t\t\t<div class='gallery-icon landscape'>\n\t\t\t\t<a data-elementor-open-lightbox=\"yes\" data-elementor-lightbox-slideshow=\"4199e4ed\" data-e-action-hash=\"#elementor-action%3Aaction%3Dlightbox%26settings%3DeyJpZCI6MjY0MiwidXJsIjoiaHR0cHM6XC9cL2FyY3RpY2JvYXRzLmV1XC93cC1jb250ZW50XC91cGxvYWRzXC8yMDIzXC8xMlwvRFNDLTEzMDcuanBnIiwic2xpZGVzaG93IjoiNDE5OWU0ZWQifQ%3D%3D\" href='https:\/\/arcticboats.eu\/wp-content\/uploads\/2023\/12\/DSC-1307.jpg'><img loading=\"lazy\" decoding=\"async\" width=\"150\" height=\"150\" src=\"https:\/\/arcticboats.eu\/wp-content\/uploads\/2023\/12\/DSC-1307-150x150.jpg\" class=\"attachment-thumbnail size-thumbnail\" alt=\"\" \/><\/a>\n\t\t\t<\/div><\/figure><figure class='gallery-item'>\n\t\t\t<div class='gallery-icon landscape'>\n\t\t\t\t<a data-elementor-open-lightbox=\"yes\" data-elementor-lightbox-slideshow=\"4199e4ed\" data-e-action-hash=\"#elementor-action%3Aaction%3Dlightbox%26settings%3DeyJpZCI6MjY0MCwidXJsIjoiaHR0cHM6XC9cL2FyY3RpY2JvYXRzLmV1XC93cC1jb250ZW50XC91cGxvYWRzXC8yMDIzXC8xMlwvYXJjdGljLWJvYXRzLWZlYXR1cmVzLW1hdGVyaWFsLmpwZyIsInNsaWRlc2hvdyI6IjQxOTllNGVkIn0%3D\" href='https:\/\/arcticboats.eu\/wp-content\/uploads\/2023\/12\/arctic-boats-features-material.jpg'><img loading=\"lazy\" decoding=\"async\" width=\"150\" height=\"150\" src=\"https:\/\/arcticboats.eu\/wp-content\/uploads\/2023\/12\/arctic-boats-features-material-150x150.jpg\" class=\"attachment-thumbnail size-thumbnail\" alt=\"\" \/><\/a>\n\t\t\t<\/div><\/figure><figure class='gallery-item'>\n\t\t\t<div class='gallery-icon landscape'>\n\t\t\t\t<a data-elementor-open-lightbox=\"yes\" data-elementor-lightbox-slideshow=\"4199e4ed\" data-e-action-hash=\"#elementor-action%3Aaction%3Dlightbox%26settings%3DeyJpZCI6MjY0NCwidXJsIjoiaHR0cHM6XC9cL2FyY3RpY2JvYXRzLmV1XC93cC1jb250ZW50XC91cGxvYWRzXC8yMDIzXC8xMlwvRFNDLTEzMTEuanBnIiwic2xpZGVzaG93IjoiNDE5OWU0ZWQifQ%3D%3D\" href='https:\/\/arcticboats.eu\/wp-content\/uploads\/2023\/12\/DSC-1311.jpg'><img loading=\"lazy\" decoding=\"async\" width=\"150\" height=\"150\" src=\"https:\/\/arcticboats.eu\/wp-content\/uploads\/2023\/12\/DSC-1311-150x150.jpg\" class=\"attachment-thumbnail size-thumbnail\" alt=\"\" \/><\/a>\n\t\t\t<\/div><\/figure>\n\t\t<\/div>\n\t\t<\/div>\n\t\t\t\t\t\t<\/div>\n\t\t\t\t\t<\/div>\n\t\t\t\t<\/div>\n\t\t\t\t<\/div>\n\t\t","protected":false},"excerpt":{"rendered":"<p>ARCTIC 17 SAR Eine neue Bootsreihe f\u00fcr Profis Das A17 ist ein kleines, aber \u00e4u\u00dferst seet\u00fcchtiges Rettungsboot, das als eigenst\u00e4ndiges Such- und Rettungsboot oder als Unterst\u00fctzungseinheit f\u00fcr gr\u00f6\u00dfere SAR-Boote und -Schiffe eingesetzt werden kann. Es bietet Platz f\u00fcr 5 Personen. Das Boot sieht aus wie ein RHIB, ist aber ein RBB, das vollst\u00e4ndig aus HMWPE [&hellip;]<\/p>\n","protected":false},"author":3,"featured_media":0,"parent":3095,"menu_order":0,"comment_status":"closed","ping_status":"closed","template":"","meta":{"_seopress_robots_primary_cat":"","_seopress_titles_title":"Arctic 17 - Arctic Airboats Oy","_seopress_titles_desc":"","_seopress_robots_index":"","footnotes":""},"class_list":["post-3081","page","type-page","status-publish","hentry"],"_links":{"self":[{"href":"https:\/\/arcticboats.eu\/de\/wp-json\/wp\/v2\/pages\/3081","targetHints":{"allow":["GET"]}}],"collection":[{"href":"https:\/\/arcticboats.eu\/de\/wp-json\/wp\/v2\/pages"}],"about":[{"href":"https:\/\/arcticboats.eu\/de\/wp-json\/wp\/v2\/types\/page"}],"author":[{"embeddable":true,"href":"https:\/\/arcticboats.eu\/de\/wp-json\/wp\/v2\/users\/3"}],"replies":[{"embeddable":true,"href":"https:\/\/arcticboats.eu\/de\/wp-json\/wp\/v2\/comments?post=3081"}],"version-history":[{"count":2,"href":"https:\/\/arcticboats.eu\/de\/wp-json\/wp\/v2\/pages\/3081\/revisions"}],"predecessor-version":[{"id":13867,"href":"https:\/\/arcticboats.eu\/de\/wp-json\/wp\/v2\/pages\/3081\/revisions\/13867"}],"up":[{"embeddable":true,"href":"https:\/\/arcticboats.eu\/de\/wp-json\/wp\/v2\/pages\/3095"}],"wp:attachment":[{"href":"https:\/\/arcticboats.eu\/de\/wp-json\/wp\/v2\/media?parent=3081"}],"curies":[{"name":"wp","href":"https:\/\/api.w.org\/{rel}","templated":true}]}}