{"id":3079,"date":"2023-12-06T10:21:16","date_gmt":"2023-12-06T07:21:16","guid":{"rendered":"https:\/\/arcticboats.eu\/arctic-23\/"},"modified":"2025-07-29T11:03:06","modified_gmt":"2025-07-29T08:03:06","slug":"arctic-23","status":"publish","type":"page","link":"https:\/\/arcticboats.eu\/de\/boote\/arctic-23\/","title":{"rendered":"Arctic 23"},"content":{"rendered":"\t\t<div data-elementor-type=\"wp-page\" data-elementor-id=\"3079\" class=\"elementor elementor-3079 elementor-2650\">\n\t\t\t\t<div class=\"elementor-element elementor-element-b644186 e-con-full e-flex e-con e-parent\" data-id=\"b644186\" data-element_type=\"container\" data-e-type=\"container\">\n\t\t\t\t<div class=\"elementor-element elementor-element-be28699 elementor-widget elementor-widget-shortcode\" data-id=\"be28699\" data-element_type=\"widget\" data-e-type=\"widget\" data-widget_type=\"shortcode.default\">\n\t\t\t\t\t\t\t<div class=\"elementor-shortcode\"><\/div>\n\t\t\t\t\t\t<\/div>\n\t\t\t\t<\/div>\n\t\t<div class=\"elementor-element elementor-element-324aced0 e-flex e-con-boxed e-con e-parent\" data-id=\"324aced0\" data-element_type=\"container\" data-e-type=\"container\">\n\t\t\t\t\t<div class=\"e-con-inner\">\n\t\t\t\t<div class=\"elementor-element elementor-element-134e2b5d elementor-widget elementor-widget-heading\" data-id=\"134e2b5d\" data-element_type=\"widget\" data-e-type=\"widget\" data-widget_type=\"heading.default\">\n\t\t\t\t\t<h1 class=\"elementor-heading-title elementor-size-default\">ARCTIC 23<\/h1>\t\t\t\t<\/div>\n\t\t\t\t<div class=\"elementor-element elementor-element-3203906 elementor-widget elementor-widget-heading\" data-id=\"3203906\" data-element_type=\"widget\" data-e-type=\"widget\" data-widget_type=\"heading.default\">\n\t\t\t\t\t<h2 class=\"elementor-heading-title elementor-size-default\">PATROUILLENBOOT<\/h2>\t\t\t\t<\/div>\n\t\t\t\t\t<\/div>\n\t\t\t\t<\/div>\n\t\t<div class=\"elementor-element elementor-element-42f4ae20 e-flex e-con-boxed e-con e-parent\" data-id=\"42f4ae20\" data-element_type=\"container\" data-e-type=\"container\">\n\t\t\t\t\t<div class=\"e-con-inner\">\n\t\t<div class=\"elementor-element elementor-element-5140aa2a e-con-full e-flex e-con e-child\" data-id=\"5140aa2a\" data-element_type=\"container\" data-e-type=\"container\">\n\t\t\t\t<div class=\"elementor-element elementor-element-417453fb elementor-widget elementor-widget-image\" data-id=\"417453fb\" data-element_type=\"widget\" data-e-type=\"widget\" data-widget_type=\"image.default\">\n\t\t\t\t\t\t\t\t\t\t\t\t\t\t\t<img fetchpriority=\"high\" decoding=\"async\" width=\"400\" height=\"308\" src=\"https:\/\/arcticboats.eu\/wp-content\/uploads\/2023\/12\/A23-Estonia-6-400x300-1.jpg\" class=\"attachment-large size-large wp-image-2662\" alt=\"\" srcset=\"https:\/\/arcticboats.eu\/wp-content\/uploads\/2023\/12\/A23-Estonia-6-400x300-1.jpg 400w, https:\/\/arcticboats.eu\/wp-content\/uploads\/2023\/12\/A23-Estonia-6-400x300-1-300x231.jpg 300w\" sizes=\"(max-width: 400px) 100vw, 400px\" \/>\t\t\t\t\t\t\t\t\t\t\t\t\t\t\t<\/div>\n\t\t\t\t<div class=\"elementor-element elementor-element-287ecb4 elementor-widget elementor-widget-image\" data-id=\"287ecb4\" data-element_type=\"widget\" data-e-type=\"widget\" data-widget_type=\"image.default\">\n\t\t\t\t\t\t\t\t\t\t\t\t\t\t\t<img decoding=\"async\" width=\"401\" height=\"267\" src=\"https:\/\/arcticboats.eu\/wp-content\/uploads\/2023\/12\/A23-instrument-panel.jpg\" class=\"attachment-large size-large wp-image-2664\" alt=\"\" srcset=\"https:\/\/arcticboats.eu\/wp-content\/uploads\/2023\/12\/A23-instrument-panel.jpg 401w, https:\/\/arcticboats.eu\/wp-content\/uploads\/2023\/12\/A23-instrument-panel-300x200.jpg 300w\" sizes=\"(max-width: 401px) 100vw, 401px\" \/>\t\t\t\t\t\t\t\t\t\t\t\t\t\t\t<\/div>\n\t\t\t\t<\/div>\n\t\t<div class=\"elementor-element elementor-element-5f4e44bf e-con-full e-flex e-con e-child\" data-id=\"5f4e44bf\" data-element_type=\"container\" data-e-type=\"container\">\n\t\t\t\t<div class=\"elementor-element elementor-element-5ff4af8f elementor-widget elementor-widget-text-editor\" data-id=\"5ff4af8f\" data-element_type=\"widget\" data-e-type=\"widget\" data-widget_type=\"text-editor.default\">\n\t\t\t\t\t\t\t\t\t<p>Die Arctic 23 hat im Vergleich zu ihrer Vorg\u00e4ngerin, einem 22-Fu\u00df-SAR-Boot, einen weiteren Rumpf und eine h\u00f6here Tragf\u00e4higkeit. Dies erlaubt eine gr\u00f6\u00dfere Crew und mehr Ausr\u00fcstung an Bord und daher h\u00f6here Effektivit\u00e4t bei der \u00d6lbergung. <\/p>\n<p>Unsere Boote werden aus Hochmolekularem Polyethylen (HMWPE), einem widerstandsf\u00e4higen und haltbaren Polymer, gebaut. Die Abrieb-Best\u00e4ndigkeit dieses Materials ist \u00fcberragend und eignet sich sowohl f\u00fcr raue Bedingungen als auch f\u00fcr \u00d6lbergungseins\u00e4tze. <\/p>\n<p>Die Seegangeigenschaften unserer Boote \u00e4hneln denjenigen der RHIB-Boote. Dank der D-Fender ist der Rumpf innen ger\u00e4umig. Anders als bei RHIB-Booten verlieren die Pontons der RBB Festrumpfschlauchboote keine Luft und bleiben Formstabil, was das Boot robust und sicher macht. Im Vergleich zu anderen Bootstypen bleiben, dank des geringen Reparatur- und Wartungsbedarfs, die Lebenszykluskosten dieser RBB-Boote niedrig.   <\/p>\t\t\t\t\t\t\t\t<\/div>\n\t\t\t\t<\/div>\n\t\t\t\t\t<\/div>\n\t\t\t\t<\/div>\n\t\t<div class=\"elementor-element elementor-element-2e958a32 e-flex e-con-boxed e-con e-parent\" data-id=\"2e958a32\" data-element_type=\"container\" data-e-type=\"container\">\n\t\t\t\t\t<div class=\"e-con-inner\">\n\t\t\t\t<div class=\"elementor-element elementor-element-ec86c3e elementor-widget elementor-widget-heading\" data-id=\"ec86c3e\" data-element_type=\"widget\" data-e-type=\"widget\" data-widget_type=\"heading.default\">\n\t\t\t\t\t<h2 class=\"elementor-heading-title elementor-size-default\">Ausstattung<\/h2>\t\t\t\t<\/div>\n\t\t\t\t<div class=\"elementor-element elementor-element-5181aea1 elementor-widget elementor-widget-text-editor\" data-id=\"5181aea1\" data-element_type=\"widget\" data-e-type=\"widget\" data-widget_type=\"text-editor.default\">\n\t\t\t\t\t\t\t\t\t<ul>\n<li>H\u00f6henverstellbare, luftgefederte Jockey Sitze<\/li>\n<li>Aktiver Radarreflektor<\/li>\n<li>Searchlight<\/li>\n<li>Arbeitsscheinwerfer<\/li>\n<li>Frontscheinwerfer<\/li>\n<li>Arctic Rettungsnetz<\/li>\n<li>Simrad 12\u2018\u2018-Plotter<\/li>\n<li>Zipwake-Trimmsystem<\/li>\n<\/ul>\t\t\t\t\t\t\t\t<\/div>\n\t\t\t\t\t<\/div>\n\t\t\t\t<\/div>\n\t\t<div class=\"elementor-element elementor-element-5dd5e606 e-flex e-con-boxed e-con e-parent\" data-id=\"5dd5e606\" data-element_type=\"container\" data-e-type=\"container\" data-settings=\"{&quot;background_background&quot;:&quot;classic&quot;}\">\n\t\t\t\t\t<div class=\"e-con-inner\">\n\t\t<div class=\"elementor-element elementor-element-1742f40a e-con-full e-flex e-con e-child\" data-id=\"1742f40a\" data-element_type=\"container\" data-e-type=\"container\">\n\t\t\t\t<div class=\"elementor-element elementor-element-4e40b233 elementor-widget elementor-widget-heading\" data-id=\"4e40b233\" data-element_type=\"widget\" data-e-type=\"widget\" data-widget_type=\"heading.default\">\n\t\t\t\t\t<h2 class=\"elementor-heading-title elementor-size-default\">Technische Daten<\/h2>\t\t\t\t<\/div>\n\t\t\t\t<div class=\"elementor-element elementor-element-1592bcd4 elementor-widget elementor-widget-text-editor\" data-id=\"1592bcd4\" data-element_type=\"widget\" data-e-type=\"widget\" data-widget_type=\"text-editor.default\">\n\t\t\t\t\t\t\t\t\t<ul>\n<li>Gesamtl\u00e4nge (ohne Motoren): 7 m<\/li>\n<li>Breite: 2,50 m<\/li>\n<li>Tiefgang (inkl. Propeller): 0,64 m<\/li>\n<li>Gewicht (ohne Motoren): 900 kg<\/li>\n<li>Crew: 8 Personen<\/li>\n<li>Kraftstoffkapazit\u00e4t: 205 l<\/li>\n<li>Konstruktion: HMWPE<\/li>\n<li>Klassifizierung: C \u2013 k\u00fcstennah<\/li>\n<li>Max. Geschwindigkeit: 35\u201340 kn<\/li>\n<li>Au\u00dfenbordmotoren: 180\u2013250 PS<\/li>\n<li>Kraftstoffverbrauch, Fahrt: 1 l \/ nm (180 PS bei 25 Knoten)<\/li>\n<li>Rumpfform: 23-Grad-V-Rumpf ohne Spray Rails<\/li>\n<\/ul>\t\t\t\t\t\t\t\t<\/div>\n\t\t\t\t<div class=\"elementor-element elementor-element-92f6c1f elementor-widget elementor-widget-text-editor\" data-id=\"92f6c1f\" data-element_type=\"widget\" data-e-type=\"widget\" data-widget_type=\"text-editor.default\">\n\t\t\t\t\t\t\t\t\t<p><em>\u00c4nderungen der Spezifikationen ohne Ank\u00fcndigung jederzeit m\u00f6glich.<\/em><\/p>\t\t\t\t\t\t\t\t<\/div>\n\t\t\t\t<\/div>\n\t\t<div class=\"elementor-element elementor-element-6f30a554 e-con-full e-flex e-con e-child\" data-id=\"6f30a554\" data-element_type=\"container\" data-e-type=\"container\">\n\t\t\t\t<div class=\"elementor-element elementor-element-45d43470 elementor-widget elementor-widget-image\" data-id=\"45d43470\" data-element_type=\"widget\" data-e-type=\"widget\" data-widget_type=\"image.default\">\n\t\t\t\t\t\t\t\t\t\t\t\t\t\t\t<img decoding=\"async\" width=\"400\" height=\"250\" src=\"https:\/\/arcticboats.eu\/wp-content\/uploads\/2023\/12\/A23-3D.png\" class=\"attachment-large size-large wp-image-2666\" alt=\"\" srcset=\"https:\/\/arcticboats.eu\/wp-content\/uploads\/2023\/12\/A23-3D.png 400w, https:\/\/arcticboats.eu\/wp-content\/uploads\/2023\/12\/A23-3D-300x188.png 300w\" sizes=\"(max-width: 400px) 100vw, 400px\" \/>\t\t\t\t\t\t\t\t\t\t\t\t\t\t\t<\/div>\n\t\t\t\t<\/div>\n\t\t\t\t\t<\/div>\n\t\t\t\t<\/div>\n\t\t<div class=\"elementor-element elementor-element-1db05ac e-flex e-con-boxed e-con e-parent\" data-id=\"1db05ac\" data-element_type=\"container\" data-e-type=\"container\">\n\t\t\t\t\t<div class=\"e-con-inner\">\n\t\t\t\t<div class=\"elementor-element elementor-element-5e59692a gallery-spacing-custom elementor-widget elementor-widget-image-gallery\" data-id=\"5e59692a\" data-element_type=\"widget\" data-e-type=\"widget\" data-widget_type=\"image-gallery.default\">\n\t\t\t\t\t\t\t<div class=\"elementor-image-gallery\">\n\t\t\t<div id='gallery-1' class='gallery galleryid-3079 gallery-columns-4 gallery-size-thumbnail'><figure class='gallery-item'>\n\t\t\t<div class='gallery-icon landscape'>\n\t\t\t\t<a data-elementor-open-lightbox=\"yes\" data-elementor-lightbox-slideshow=\"5e59692a\" data-e-action-hash=\"#elementor-action%3Aaction%3Dlightbox%26settings%3DeyJpZCI6MjY2OSwidXJsIjoiaHR0cHM6XC9cL2FyY3RpY2JvYXRzLmV1XC93cC1jb250ZW50XC91cGxvYWRzXC8yMDIzXC8xMlwvSExNYXJpbmUtcG9saXNiYXRhci03My5qcGciLCJzbGlkZXNob3ciOiI1ZTU5NjkyYSJ9\" href='https:\/\/arcticboats.eu\/wp-content\/uploads\/2023\/12\/HLMarine-polisbatar-73.jpg'><img loading=\"lazy\" decoding=\"async\" width=\"150\" height=\"150\" src=\"https:\/\/arcticboats.eu\/wp-content\/uploads\/2023\/12\/HLMarine-polisbatar-73-150x150.jpg\" class=\"attachment-thumbnail size-thumbnail\" alt=\"\" \/><\/a>\n\t\t\t<\/div><\/figure><figure class='gallery-item'>\n\t\t\t<div class='gallery-icon landscape'>\n\t\t\t\t<a data-elementor-open-lightbox=\"yes\" data-elementor-lightbox-slideshow=\"5e59692a\" data-e-action-hash=\"#elementor-action%3Aaction%3Dlightbox%26settings%3DeyJpZCI6MjY3MSwidXJsIjoiaHR0cHM6XC9cL2FyY3RpY2JvYXRzLmV1XC93cC1jb250ZW50XC91cGxvYWRzXC8yMDIzXC8xMlwvSExNYXJpbmUtcG9saXNiYXRhci04MC5qcGciLCJzbGlkZXNob3ciOiI1ZTU5NjkyYSJ9\" href='https:\/\/arcticboats.eu\/wp-content\/uploads\/2023\/12\/HLMarine-polisbatar-80.jpg'><img loading=\"lazy\" decoding=\"async\" width=\"150\" height=\"150\" src=\"https:\/\/arcticboats.eu\/wp-content\/uploads\/2023\/12\/HLMarine-polisbatar-80-150x150.jpg\" class=\"attachment-thumbnail size-thumbnail\" alt=\"\" \/><\/a>\n\t\t\t<\/div><\/figure><figure class='gallery-item'>\n\t\t\t<div class='gallery-icon landscape'>\n\t\t\t\t<a data-elementor-open-lightbox=\"yes\" data-elementor-lightbox-slideshow=\"5e59692a\" data-e-action-hash=\"#elementor-action%3Aaction%3Dlightbox%26settings%3DeyJpZCI6MjY3NSwidXJsIjoiaHR0cHM6XC9cL2FyY3RpY2JvYXRzLmV1XC93cC1jb250ZW50XC91cGxvYWRzXC8yMDIzXC8xMlwvUG9saXNiYXRhci0xOS5qcGciLCJzbGlkZXNob3ciOiI1ZTU5NjkyYSJ9\" href='https:\/\/arcticboats.eu\/wp-content\/uploads\/2023\/12\/Polisbatar-19.jpg'><img loading=\"lazy\" decoding=\"async\" width=\"150\" height=\"150\" src=\"https:\/\/arcticboats.eu\/wp-content\/uploads\/2023\/12\/Polisbatar-19-150x150.jpg\" class=\"attachment-thumbnail size-thumbnail\" alt=\"\" \/><\/a>\n\t\t\t<\/div><\/figure><figure class='gallery-item'>\n\t\t\t<div class='gallery-icon landscape'>\n\t\t\t\t<a data-elementor-open-lightbox=\"yes\" data-elementor-lightbox-slideshow=\"5e59692a\" data-e-action-hash=\"#elementor-action%3Aaction%3Dlightbox%26settings%3DeyJpZCI6MjY2NCwidXJsIjoiaHR0cHM6XC9cL2FyY3RpY2JvYXRzLmV1XC93cC1jb250ZW50XC91cGxvYWRzXC8yMDIzXC8xMlwvQTIzLWluc3RydW1lbnQtcGFuZWwuanBnIiwic2xpZGVzaG93IjoiNWU1OTY5MmEifQ%3D%3D\" href='https:\/\/arcticboats.eu\/wp-content\/uploads\/2023\/12\/A23-instrument-panel.jpg'><img loading=\"lazy\" decoding=\"async\" width=\"150\" height=\"150\" src=\"https:\/\/arcticboats.eu\/wp-content\/uploads\/2023\/12\/A23-instrument-panel-150x150.jpg\" class=\"attachment-thumbnail size-thumbnail\" alt=\"\" \/><\/a>\n\t\t\t<\/div><\/figure><figure class='gallery-item'>\n\t\t\t<div class='gallery-icon landscape'>\n\t\t\t\t<a data-elementor-open-lightbox=\"yes\" data-elementor-lightbox-slideshow=\"5e59692a\" data-e-action-hash=\"#elementor-action%3Aaction%3Dlightbox%26settings%3DeyJpZCI6MjY3NywidXJsIjoiaHR0cHM6XC9cL2FyY3RpY2JvYXRzLmV1XC93cC1jb250ZW50XC91cGxvYWRzXC8yMDIzXC8xMlwvUmFkYXJhbnRlbm4uanBnIiwic2xpZGVzaG93IjoiNWU1OTY5MmEifQ%3D%3D\" href='https:\/\/arcticboats.eu\/wp-content\/uploads\/2023\/12\/Radarantenn.jpg'><img loading=\"lazy\" decoding=\"async\" width=\"150\" height=\"150\" src=\"https:\/\/arcticboats.eu\/wp-content\/uploads\/2023\/12\/Radarantenn-150x150.jpg\" class=\"attachment-thumbnail size-thumbnail\" alt=\"\" \/><\/a>\n\t\t\t<\/div><\/figure><figure class='gallery-item'>\n\t\t\t<div class='gallery-icon landscape'>\n\t\t\t\t<a data-elementor-open-lightbox=\"yes\" data-elementor-lightbox-slideshow=\"5e59692a\" data-e-action-hash=\"#elementor-action%3Aaction%3Dlightbox%26settings%3DeyJpZCI6MjY3MywidXJsIjoiaHR0cHM6XC9cL2FyY3RpY2JvYXRzLmV1XC93cC1jb250ZW50XC91cGxvYWRzXC8yMDIzXC8xMlwvSFAxLTI4NzUuanBnIiwic2xpZGVzaG93IjoiNWU1OTY5MmEifQ%3D%3D\" href='https:\/\/arcticboats.eu\/wp-content\/uploads\/2023\/12\/HP1-2875.jpg'><img loading=\"lazy\" decoding=\"async\" width=\"150\" height=\"150\" src=\"https:\/\/arcticboats.eu\/wp-content\/uploads\/2023\/12\/HP1-2875-150x150.jpg\" class=\"attachment-thumbnail size-thumbnail\" alt=\"\" \/><\/a>\n\t\t\t<\/div><\/figure>\n\t\t<\/div>\n\t\t<\/div>\n\t\t\t\t\t\t<\/div>\n\t\t\t\t\t<\/div>\n\t\t\t\t<\/div>\n\t\t\t\t<\/div>\n\t\t","protected":false},"excerpt":{"rendered":"<p>ARCTIC 23 PATROUILLENBOOT Die Arctic 23 hat im Vergleich zu ihrer Vorg\u00e4ngerin, einem 22-Fu\u00df-SAR-Boot, einen weiteren Rumpf und eine h\u00f6here Tragf\u00e4higkeit. Dies erlaubt eine gr\u00f6\u00dfere Crew und mehr Ausr\u00fcstung an Bord und daher h\u00f6here Effektivit\u00e4t bei der \u00d6lbergung. Unsere Boote werden aus Hochmolekularem Polyethylen (HMWPE), einem widerstandsf\u00e4higen und haltbaren Polymer, gebaut. Die Abrieb-Best\u00e4ndigkeit dieses Materials [&hellip;]<\/p>\n","protected":false},"author":3,"featured_media":0,"parent":3095,"menu_order":0,"comment_status":"closed","ping_status":"closed","template":"","meta":{"_seopress_robots_primary_cat":"","_seopress_titles_title":"Arctic 23 - Arctic Airboats Oy","_seopress_titles_desc":"","_seopress_robots_index":"","footnotes":""},"class_list":["post-3079","page","type-page","status-publish","hentry"],"_links":{"self":[{"href":"https:\/\/arcticboats.eu\/de\/wp-json\/wp\/v2\/pages\/3079","targetHints":{"allow":["GET"]}}],"collection":[{"href":"https:\/\/arcticboats.eu\/de\/wp-json\/wp\/v2\/pages"}],"about":[{"href":"https:\/\/arcticboats.eu\/de\/wp-json\/wp\/v2\/types\/page"}],"author":[{"embeddable":true,"href":"https:\/\/arcticboats.eu\/de\/wp-json\/wp\/v2\/users\/3"}],"replies":[{"embeddable":true,"href":"https:\/\/arcticboats.eu\/de\/wp-json\/wp\/v2\/comments?post=3079"}],"version-history":[{"count":2,"href":"https:\/\/arcticboats.eu\/de\/wp-json\/wp\/v2\/pages\/3079\/revisions"}],"predecessor-version":[{"id":13872,"href":"https:\/\/arcticboats.eu\/de\/wp-json\/wp\/v2\/pages\/3079\/revisions\/13872"}],"up":[{"embeddable":true,"href":"https:\/\/arcticboats.eu\/de\/wp-json\/wp\/v2\/pages\/3095"}],"wp:attachment":[{"href":"https:\/\/arcticboats.eu\/de\/wp-json\/wp\/v2\/media?parent=3079"}],"curies":[{"name":"wp","href":"https:\/\/api.w.org\/{rel}","templated":true}]}}