{"id":3076,"date":"2023-12-06T11:52:49","date_gmt":"2023-12-06T08:52:49","guid":{"rendered":"https:\/\/arcticboats.eu\/arctic-45\/"},"modified":"2025-07-29T11:03:27","modified_gmt":"2025-07-29T08:03:27","slug":"arctic-45","status":"publish","type":"page","link":"https:\/\/arcticboats.eu\/de\/boote\/arctic-45\/","title":{"rendered":"Arctic 45"},"content":{"rendered":"\t\t<div data-elementor-type=\"wp-page\" data-elementor-id=\"3076\" class=\"elementor elementor-3076 elementor-2679\">\n\t\t\t\t<div class=\"elementor-element elementor-element-c1bc0db e-con-full e-flex e-con e-parent\" data-id=\"c1bc0db\" data-element_type=\"container\" data-e-type=\"container\">\n\t\t\t\t<div class=\"elementor-element elementor-element-ac2eb3a elementor-widget elementor-widget-shortcode\" data-id=\"ac2eb3a\" data-element_type=\"widget\" data-e-type=\"widget\" data-widget_type=\"shortcode.default\">\n\t\t\t\t\t\t\t<div class=\"elementor-shortcode\"><\/div>\n\t\t\t\t\t\t<\/div>\n\t\t\t\t<\/div>\n\t\t<div class=\"elementor-element elementor-element-5c9a2529 e-flex e-con-boxed e-con e-parent\" data-id=\"5c9a2529\" data-element_type=\"container\" data-e-type=\"container\">\n\t\t\t\t\t<div class=\"e-con-inner\">\n\t\t\t\t<div class=\"elementor-element elementor-element-2f7127c3 elementor-widget elementor-widget-heading\" data-id=\"2f7127c3\" data-element_type=\"widget\" data-e-type=\"widget\" data-widget_type=\"heading.default\">\n\t\t\t\t\t<h1 class=\"elementor-heading-title elementor-size-default\">Arctic 45<\/h1>\t\t\t\t<\/div>\n\t\t\t\t<div class=\"elementor-element elementor-element-9b397a6 elementor-widget elementor-widget-heading\" data-id=\"9b397a6\" data-element_type=\"widget\" data-e-type=\"widget\" data-widget_type=\"heading.default\">\n\t\t\t\t\t<h2 class=\"elementor-heading-title elementor-size-default\">\u00d6lbergungseins\u00e4tze<\/h2>\t\t\t\t<\/div>\n\t\t\t\t\t<\/div>\n\t\t\t\t<\/div>\n\t\t<div class=\"elementor-element elementor-element-7c1d21f9 e-flex e-con-boxed e-con e-parent\" data-id=\"7c1d21f9\" data-element_type=\"container\" data-e-type=\"container\">\n\t\t\t\t\t<div class=\"e-con-inner\">\n\t\t<div class=\"elementor-element elementor-element-76de11da e-con-full e-flex e-con e-child\" data-id=\"76de11da\" data-element_type=\"container\" data-e-type=\"container\">\n\t\t\t\t<div class=\"elementor-element elementor-element-65e538c3 elementor-widget elementor-widget-image\" data-id=\"65e538c3\" data-element_type=\"widget\" data-e-type=\"widget\" data-widget_type=\"image.default\">\n\t\t\t\t\t\t\t\t\t\t\t\t\t\t\t<img fetchpriority=\"high\" decoding=\"async\" width=\"400\" height=\"276\" src=\"https:\/\/arcticboats.eu\/wp-content\/uploads\/2023\/12\/a45-web4.jpg\" class=\"attachment-large size-large wp-image-2693\" alt=\"\" srcset=\"https:\/\/arcticboats.eu\/wp-content\/uploads\/2023\/12\/a45-web4.jpg 400w, https:\/\/arcticboats.eu\/wp-content\/uploads\/2023\/12\/a45-web4-300x207.jpg 300w\" sizes=\"(max-width: 400px) 100vw, 400px\" \/>\t\t\t\t\t\t\t\t\t\t\t\t\t\t\t<\/div>\n\t\t\t\t<\/div>\n\t\t<div class=\"elementor-element elementor-element-7922c77b e-con-full e-flex e-con e-child\" data-id=\"7922c77b\" data-element_type=\"container\" data-e-type=\"container\">\n\t\t\t\t<div class=\"elementor-element elementor-element-cb7a45a elementor-widget elementor-widget-text-editor\" data-id=\"cb7a45a\" data-element_type=\"widget\" data-e-type=\"widget\" data-widget_type=\"text-editor.default\">\n\t\t\t\t\t\t\t\t\t<p>Das A45 wurde dazu konzipiert, einem \u00d6lbergungsschiff zu assistieren, kann jedoch als schnelles Einsatzboot auch zu vielen anderen Zwecken, zur Seenotrettung oder als Beiboot eines gr\u00f6\u00dferen Schiffes dienen.<\/p>\n<p>Das Boot tr\u00e4gt sechs Personen und ist sehr stabil und sicher. Der Rumpf besteht aus drei wasserdichten Leerzellen, die zudem mit Auftriebsk\u00f6rpern (Airbags) gef\u00fcllt sind. Ein vollbeladenes Boot w\u00fcrde nicht sinken selbst wenn es von einem Gewehr getroffen w\u00fcrde.  <\/p>\n<p>Weil das Boot so leicht ist, kann man es problemlos \u00fcberall zu Wasser lassen. HMW-Polyethylen ist das beste Material f\u00fcr robuste Arbeitsboote, die rauen Bedingungen standhalten m\u00fcssen. Trotz des geringen Gewichtes ist das Boot verwindungssteif und strapazierf\u00e4hig. Der Kiel des Bootes wird von einem PE500-Schutzmantel gesch\u00fctzt. Daher kann es einfach an Land oder im Winter auf Eis gezogen werden.   <\/p>\n<p>Das Boot kann optional mit einem Motorlift f\u00fcr den Au\u00dfenbordmotor versehen werden, damit der Propeller auf gleiches Niveau mit dem Kiel angehoben werden kann. So kann das A45 in sehr flachem Gew\u00e4sser gefahren werden.<\/p>\n<p>Im Bug des Bootes befindet sich eine 70 cm breite Klappe, die ge\u00f6ffnet als Rampe bis zur Wasseroberfl\u00e4che gesenkt werden kann.<\/p>\t\t\t\t\t\t\t\t<\/div>\n\t\t\t\t<\/div>\n\t\t\t\t\t<\/div>\n\t\t\t\t<\/div>\n\t\t<div class=\"elementor-element elementor-element-5404908 e-flex e-con-boxed e-con e-parent\" data-id=\"5404908\" data-element_type=\"container\" data-e-type=\"container\">\n\t\t\t\t\t<div class=\"e-con-inner\">\n\t\t\t\t<div class=\"elementor-element elementor-element-70dec4e3 elementor-widget elementor-widget-heading\" data-id=\"70dec4e3\" data-element_type=\"widget\" data-e-type=\"widget\" data-widget_type=\"heading.default\">\n\t\t\t\t\t<h2 class=\"elementor-heading-title elementor-size-default\">Ausstattung<\/h2>\t\t\t\t<\/div>\n\t\t\t\t<div class=\"elementor-element elementor-element-5ef69806 elementor-widget elementor-widget-text-editor\" data-id=\"5ef69806\" data-element_type=\"widget\" data-e-type=\"widget\" data-widget_type=\"text-editor.default\">\n\t\t\t\t\t\t\t\t\t<ul>\n<li>Manuell bedienbare Bug-Rampe<\/li>\n<li>9\u201d Plotter<\/li>\n<li>3D Sonar<\/li>\n<li>Arbeitsscheinwerfer<\/li>\n<li>Optionaler hydraulischer Motorlift<\/li>\n<\/ul>\t\t\t\t\t\t\t\t<\/div>\n\t\t\t\t\t<\/div>\n\t\t\t\t<\/div>\n\t\t<div class=\"elementor-element elementor-element-48d2165d e-flex e-con-boxed e-con e-parent\" data-id=\"48d2165d\" data-element_type=\"container\" data-e-type=\"container\" data-settings=\"{&quot;background_background&quot;:&quot;classic&quot;}\">\n\t\t\t\t\t<div class=\"e-con-inner\">\n\t\t<div class=\"elementor-element elementor-element-418d7f28 e-con-full e-flex e-con e-child\" data-id=\"418d7f28\" data-element_type=\"container\" data-e-type=\"container\">\n\t\t\t\t<div class=\"elementor-element elementor-element-3718f189 elementor-widget elementor-widget-heading\" data-id=\"3718f189\" data-element_type=\"widget\" data-e-type=\"widget\" data-widget_type=\"heading.default\">\n\t\t\t\t\t<h2 class=\"elementor-heading-title elementor-size-default\">Technische Daten<\/h2>\t\t\t\t<\/div>\n\t\t\t\t<div class=\"elementor-element elementor-element-43dbe868 elementor-widget elementor-widget-text-editor\" data-id=\"43dbe868\" data-element_type=\"widget\" data-e-type=\"widget\" data-widget_type=\"text-editor.default\">\n\t\t\t\t\t\t\t\t\t<ul>\n<li>Gesamtl\u00e4nge: 450 cm, mit Motor: 520 cm<\/li>\n<li>Breite: 216 cm<\/li>\n<li>Gewicht: 550 kg<\/li>\n<li>CE-D: 6 Personen<\/li>\n<li>Motor: 50\u201360 PS 24\u201326 kn<\/li>\n<li>Material: HMWPE<\/li>\n<li>Tiefgang: gelifteter Motor: 40 cm<\/li>\n<\/ul>\t\t\t\t\t\t\t\t<\/div>\n\t\t\t\t<div class=\"elementor-element elementor-element-1f946377 elementor-widget elementor-widget-text-editor\" data-id=\"1f946377\" data-element_type=\"widget\" data-e-type=\"widget\" data-widget_type=\"text-editor.default\">\n\t\t\t\t\t\t\t\t\t<p><em>\u00c4nderungen der Spezifikationen ohne Ank\u00fcndigung jederzeit m\u00f6glich.<\/em><\/p>\t\t\t\t\t\t\t\t<\/div>\n\t\t\t\t<\/div>\n\t\t<div class=\"elementor-element elementor-element-2ae4ab47 e-con-full e-flex e-con e-child\" data-id=\"2ae4ab47\" data-element_type=\"container\" data-e-type=\"container\">\n\t\t\t\t<div class=\"elementor-element elementor-element-8fdb40c elementor-widget elementor-widget-image\" data-id=\"8fdb40c\" data-element_type=\"widget\" data-e-type=\"widget\" data-widget_type=\"image.default\">\n\t\t\t\t\t\t\t\t\t\t\t\t\t\t\t\t<a href=\"https:\/\/arcticboats.eu\/wp-content\/uploads\/2023\/12\/A45-sidew.png\" data-elementor-open-lightbox=\"yes\" data-e-action-hash=\"#elementor-action%3Aaction%3Dlightbox%26settings%3DeyJpZCI6MjY5NywidXJsIjoiaHR0cHM6XC9cL2FyY3RpY2JvYXRzLmV1XC93cC1jb250ZW50XC91cGxvYWRzXC8yMDIzXC8xMlwvQTQ1LXNpZGV3LnBuZyJ9\">\n\t\t\t\t\t\t\t<img decoding=\"async\" width=\"401\" height=\"241\" src=\"https:\/\/arcticboats.eu\/wp-content\/uploads\/2023\/12\/A45-sidew.png\" class=\"attachment-large size-large wp-image-2697\" alt=\"\" srcset=\"https:\/\/arcticboats.eu\/wp-content\/uploads\/2023\/12\/A45-sidew.png 401w, https:\/\/arcticboats.eu\/wp-content\/uploads\/2023\/12\/A45-sidew-300x180.png 300w\" sizes=\"(max-width: 401px) 100vw, 401px\" \/>\t\t\t\t\t\t\t\t<\/a>\n\t\t\t\t\t\t\t\t\t\t\t\t\t\t\t<\/div>\n\t\t\t\t<\/div>\n\t\t\t\t\t<\/div>\n\t\t\t\t<\/div>\n\t\t<div class=\"elementor-element elementor-element-3f46a046 e-flex e-con-boxed e-con e-parent\" data-id=\"3f46a046\" data-element_type=\"container\" data-e-type=\"container\">\n\t\t\t\t\t<div class=\"e-con-inner\">\n\t\t\t\t<div class=\"elementor-element elementor-element-6023585d gallery-spacing-custom elementor-widget elementor-widget-image-gallery\" data-id=\"6023585d\" data-element_type=\"widget\" data-e-type=\"widget\" data-widget_type=\"image-gallery.default\">\n\t\t\t\t\t\t\t<div class=\"elementor-image-gallery\">\n\t\t\t<div id='gallery-1' class='gallery galleryid-3076 gallery-columns-4 gallery-size-thumbnail'><figure class='gallery-item'>\n\t\t\t<div class='gallery-icon landscape'>\n\t\t\t\t<a data-elementor-open-lightbox=\"yes\" data-elementor-lightbox-slideshow=\"6023585d\" data-e-action-hash=\"#elementor-action%3Aaction%3Dlightbox%26settings%3DeyJpZCI6MjcwNCwidXJsIjoiaHR0cHM6XC9cL2FyY3RpY2JvYXRzLmV1XC93cC1jb250ZW50XC91cGxvYWRzXC8yMDIzXC8xMlwvQTQ1LXIuanBnIiwic2xpZGVzaG93IjoiNjAyMzU4NWQifQ%3D%3D\" href='https:\/\/arcticboats.eu\/wp-content\/uploads\/2023\/12\/A45-r.jpg'><img decoding=\"async\" width=\"150\" height=\"150\" src=\"https:\/\/arcticboats.eu\/wp-content\/uploads\/2023\/12\/A45-r-150x150.jpg\" class=\"attachment-thumbnail size-thumbnail\" alt=\"\" \/><\/a>\n\t\t\t<\/div><\/figure><figure class='gallery-item'>\n\t\t\t<div class='gallery-icon landscape'>\n\t\t\t\t<a data-elementor-open-lightbox=\"yes\" data-elementor-lightbox-slideshow=\"6023585d\" data-e-action-hash=\"#elementor-action%3Aaction%3Dlightbox%26settings%3DeyJpZCI6MjcwNiwidXJsIjoiaHR0cHM6XC9cL2FyY3RpY2JvYXRzLmV1XC93cC1jb250ZW50XC91cGxvYWRzXC8yMDIzXC8xMlwvYTQ1LXdlYjIuanBnIiwic2xpZGVzaG93IjoiNjAyMzU4NWQifQ%3D%3D\" href='https:\/\/arcticboats.eu\/wp-content\/uploads\/2023\/12\/a45-web2.jpg'><img loading=\"lazy\" decoding=\"async\" width=\"150\" height=\"150\" src=\"https:\/\/arcticboats.eu\/wp-content\/uploads\/2023\/12\/a45-web2-150x150.jpg\" class=\"attachment-thumbnail size-thumbnail\" alt=\"\" \/><\/a>\n\t\t\t<\/div><\/figure><figure class='gallery-item'>\n\t\t\t<div class='gallery-icon landscape'>\n\t\t\t\t<a data-elementor-open-lightbox=\"yes\" data-elementor-lightbox-slideshow=\"6023585d\" data-e-action-hash=\"#elementor-action%3Aaction%3Dlightbox%26settings%3DeyJpZCI6MjcwMiwidXJsIjoiaHR0cHM6XC9cL2FyY3RpY2JvYXRzLmV1XC93cC1jb250ZW50XC91cGxvYWRzXC8yMDIzXC8xMlwvQTQ1LWtvbnNvbDIuanBnIiwic2xpZGVzaG93IjoiNjAyMzU4NWQifQ%3D%3D\" href='https:\/\/arcticboats.eu\/wp-content\/uploads\/2023\/12\/A45-konsol2.jpg'><img loading=\"lazy\" decoding=\"async\" width=\"150\" height=\"150\" src=\"https:\/\/arcticboats.eu\/wp-content\/uploads\/2023\/12\/A45-konsol2-150x150.jpg\" class=\"attachment-thumbnail size-thumbnail\" alt=\"\" \/><\/a>\n\t\t\t<\/div><\/figure><figure class='gallery-item'>\n\t\t\t<div class='gallery-icon landscape'>\n\t\t\t\t<a data-elementor-open-lightbox=\"yes\" data-elementor-lightbox-slideshow=\"6023585d\" data-e-action-hash=\"#elementor-action%3Aaction%3Dlightbox%26settings%3DeyJpZCI6MjcxMCwidXJsIjoiaHR0cHM6XC9cL2FyY3RpY2JvYXRzLmV1XC93cC1jb250ZW50XC91cGxvYWRzXC8yMDIzXC8xMlwvYTQ1LXdlYjcuanBnIiwic2xpZGVzaG93IjoiNjAyMzU4NWQifQ%3D%3D\" href='https:\/\/arcticboats.eu\/wp-content\/uploads\/2023\/12\/a45-web7.jpg'><img loading=\"lazy\" decoding=\"async\" width=\"150\" height=\"150\" src=\"https:\/\/arcticboats.eu\/wp-content\/uploads\/2023\/12\/a45-web7-150x150.jpg\" class=\"attachment-thumbnail size-thumbnail\" alt=\"\" \/><\/a>\n\t\t\t<\/div><\/figure><figure class='gallery-item'>\n\t\t\t<div class='gallery-icon landscape'>\n\t\t\t\t<a data-elementor-open-lightbox=\"yes\" data-elementor-lightbox-slideshow=\"6023585d\" data-e-action-hash=\"#elementor-action%3Aaction%3Dlightbox%26settings%3DeyJpZCI6MjcxMiwidXJsIjoiaHR0cHM6XC9cL2FyY3RpY2JvYXRzLmV1XC93cC1jb250ZW50XC91cGxvYWRzXC8yMDIzXC8xMlwvQXJjdGljLUphY2stUGxhdGUuanBnIiwic2xpZGVzaG93IjoiNjAyMzU4NWQifQ%3D%3D\" href='https:\/\/arcticboats.eu\/wp-content\/uploads\/2023\/12\/Arctic-Jack-Plate.jpg'><img loading=\"lazy\" decoding=\"async\" width=\"150\" height=\"150\" src=\"https:\/\/arcticboats.eu\/wp-content\/uploads\/2023\/12\/Arctic-Jack-Plate-150x150.jpg\" class=\"attachment-thumbnail size-thumbnail\" alt=\"\" \/><\/a>\n\t\t\t<\/div><\/figure><figure class='gallery-item'>\n\t\t\t<div class='gallery-icon landscape'>\n\t\t\t\t<a data-elementor-open-lightbox=\"yes\" data-elementor-lightbox-slideshow=\"6023585d\" data-e-action-hash=\"#elementor-action%3Aaction%3Dlightbox%26settings%3DeyJpZCI6MjY5NSwidXJsIjoiaHR0cHM6XC9cL2FyY3RpY2JvYXRzLmV1XC93cC1jb250ZW50XC91cGxvYWRzXC8yMDIzXC8xMlwvQTQ1LWtvbnNvbC13ZWIxLmpwZyIsInNsaWRlc2hvdyI6IjYwMjM1ODVkIn0%3D\" href='https:\/\/arcticboats.eu\/wp-content\/uploads\/2023\/12\/A45-konsol-web1.jpg'><img loading=\"lazy\" decoding=\"async\" width=\"150\" height=\"150\" src=\"https:\/\/arcticboats.eu\/wp-content\/uploads\/2023\/12\/A45-konsol-web1-150x150.jpg\" class=\"attachment-thumbnail size-thumbnail\" alt=\"\" \/><\/a>\n\t\t\t<\/div><\/figure><figure class='gallery-item'>\n\t\t\t<div class='gallery-icon landscape'>\n\t\t\t\t<a data-elementor-open-lightbox=\"yes\" data-elementor-lightbox-slideshow=\"6023585d\" data-e-action-hash=\"#elementor-action%3Aaction%3Dlightbox%26settings%3DeyJpZCI6MjcwMCwidXJsIjoiaHR0cHM6XC9cL2FyY3RpY2JvYXRzLmV1XC93cC1jb250ZW50XC91cGxvYWRzXC8yMDIzXC8xMlwvQTQ1LWhpc3MuanBnIiwic2xpZGVzaG93IjoiNjAyMzU4NWQifQ%3D%3D\" href='https:\/\/arcticboats.eu\/wp-content\/uploads\/2023\/12\/A45-hiss.jpg'><img loading=\"lazy\" decoding=\"async\" width=\"150\" height=\"150\" src=\"https:\/\/arcticboats.eu\/wp-content\/uploads\/2023\/12\/A45-hiss-150x150.jpg\" class=\"attachment-thumbnail size-thumbnail\" alt=\"\" \/><\/a>\n\t\t\t<\/div><\/figure>\n\t\t<\/div>\n\t\t<\/div>\n\t\t\t\t\t\t<\/div>\n\t\t\t\t\t<\/div>\n\t\t\t\t<\/div>\n\t\t\t\t<\/div>\n\t\t","protected":false},"excerpt":{"rendered":"<p>Arctic 45 \u00d6lbergungseins\u00e4tze Das A45 wurde dazu konzipiert, einem \u00d6lbergungsschiff zu assistieren, kann jedoch als schnelles Einsatzboot auch zu vielen anderen Zwecken, zur Seenotrettung oder als Beiboot eines gr\u00f6\u00dferen Schiffes dienen. Das Boot tr\u00e4gt sechs Personen und ist sehr stabil und sicher. Der Rumpf besteht aus drei wasserdichten Leerzellen, die zudem mit Auftriebsk\u00f6rpern (Airbags) gef\u00fcllt [&hellip;]<\/p>\n","protected":false},"author":3,"featured_media":0,"parent":3095,"menu_order":0,"comment_status":"closed","ping_status":"closed","template":"","meta":{"_seopress_robots_primary_cat":"","_seopress_titles_title":"Arctic 45 - Arctic Airboats Oy","_seopress_titles_desc":"","_seopress_robots_index":"","footnotes":""},"class_list":["post-3076","page","type-page","status-publish","hentry"],"_links":{"self":[{"href":"https:\/\/arcticboats.eu\/de\/wp-json\/wp\/v2\/pages\/3076","targetHints":{"allow":["GET"]}}],"collection":[{"href":"https:\/\/arcticboats.eu\/de\/wp-json\/wp\/v2\/pages"}],"about":[{"href":"https:\/\/arcticboats.eu\/de\/wp-json\/wp\/v2\/types\/page"}],"author":[{"embeddable":true,"href":"https:\/\/arcticboats.eu\/de\/wp-json\/wp\/v2\/users\/3"}],"replies":[{"embeddable":true,"href":"https:\/\/arcticboats.eu\/de\/wp-json\/wp\/v2\/comments?post=3076"}],"version-history":[{"count":2,"href":"https:\/\/arcticboats.eu\/de\/wp-json\/wp\/v2\/pages\/3076\/revisions"}],"predecessor-version":[{"id":13877,"href":"https:\/\/arcticboats.eu\/de\/wp-json\/wp\/v2\/pages\/3076\/revisions\/13877"}],"up":[{"embeddable":true,"href":"https:\/\/arcticboats.eu\/de\/wp-json\/wp\/v2\/pages\/3095"}],"wp:attachment":[{"href":"https:\/\/arcticboats.eu\/de\/wp-json\/wp\/v2\/media?parent=3076"}],"curies":[{"name":"wp","href":"https:\/\/api.w.org\/{rel}","templated":true}]}}