{"id":3074,"date":"2023-12-06T13:08:59","date_gmt":"2023-12-06T10:08:59","guid":{"rendered":"https:\/\/arcticboats.eu\/arctic-a-28\/"},"modified":"2025-07-29T11:03:49","modified_gmt":"2025-07-29T08:03:49","slug":"arctic-a-28","status":"publish","type":"page","link":"https:\/\/arcticboats.eu\/de\/boote\/arctic-a-28\/","title":{"rendered":"Arctic A 28"},"content":{"rendered":"\t\t<div data-elementor-type=\"wp-page\" data-elementor-id=\"3074\" class=\"elementor elementor-3074 elementor-2714\">\n\t\t\t\t<div class=\"elementor-element elementor-element-7bbcd0c e-con-full e-flex e-con e-parent\" data-id=\"7bbcd0c\" data-element_type=\"container\" data-e-type=\"container\">\n\t\t\t\t<div class=\"elementor-element elementor-element-fa42a26 elementor-widget elementor-widget-shortcode\" data-id=\"fa42a26\" data-element_type=\"widget\" data-e-type=\"widget\" data-widget_type=\"shortcode.default\">\n\t\t\t\t\t\t\t<div class=\"elementor-shortcode\"><\/div>\n\t\t\t\t\t\t<\/div>\n\t\t\t\t<\/div>\n\t\t<div class=\"elementor-element elementor-element-322a09d6 e-flex e-con-boxed e-con e-parent\" data-id=\"322a09d6\" data-element_type=\"container\" data-e-type=\"container\">\n\t\t\t\t\t<div class=\"e-con-inner\">\n\t\t\t\t<div class=\"elementor-element elementor-element-2e27bac8 elementor-widget elementor-widget-heading\" data-id=\"2e27bac8\" data-element_type=\"widget\" data-e-type=\"widget\" data-widget_type=\"heading.default\">\n\t\t\t\t\t<h1 class=\"elementor-heading-title elementor-size-default\">Arctic 28 SAR<\/h1>\t\t\t\t<\/div>\n\t\t\t\t<div class=\"elementor-element elementor-element-deef8f7 elementor-widget elementor-widget-heading\" data-id=\"deef8f7\" data-element_type=\"widget\" data-e-type=\"widget\" data-widget_type=\"heading.default\">\n\t\t\t\t\t<h2 class=\"elementor-heading-title elementor-size-default\">Patrouillenboot<\/h2>\t\t\t\t<\/div>\n\t\t\t\t\t<\/div>\n\t\t\t\t<\/div>\n\t\t<div class=\"elementor-element elementor-element-3e58eba7 e-flex e-con-boxed e-con e-parent\" data-id=\"3e58eba7\" data-element_type=\"container\" data-e-type=\"container\">\n\t\t\t\t\t<div class=\"e-con-inner\">\n\t\t<div class=\"elementor-element elementor-element-483b43b4 e-con-full e-flex e-con e-child\" data-id=\"483b43b4\" data-element_type=\"container\" data-e-type=\"container\">\n\t\t\t\t<div class=\"elementor-element elementor-element-7b076c4d elementor-widget elementor-widget-image\" data-id=\"7b076c4d\" data-element_type=\"widget\" data-e-type=\"widget\" data-widget_type=\"image.default\">\n\t\t\t\t\t\t\t\t\t\t\t\t\t\t\t<img fetchpriority=\"high\" decoding=\"async\" width=\"1920\" height=\"500\" src=\"https:\/\/arcticboats.eu\/wp-content\/uploads\/2023\/12\/HomepageP28.jpg\" class=\"attachment-full size-full wp-image-2724\" alt=\"\" srcset=\"https:\/\/arcticboats.eu\/wp-content\/uploads\/2023\/12\/HomepageP28.jpg 1920w, https:\/\/arcticboats.eu\/wp-content\/uploads\/2023\/12\/HomepageP28-300x78.jpg 300w, https:\/\/arcticboats.eu\/wp-content\/uploads\/2023\/12\/HomepageP28-1024x267.jpg 1024w, https:\/\/arcticboats.eu\/wp-content\/uploads\/2023\/12\/HomepageP28-768x200.jpg 768w, https:\/\/arcticboats.eu\/wp-content\/uploads\/2023\/12\/HomepageP28-1536x400.jpg 1536w\" sizes=\"(max-width: 1920px) 100vw, 1920px\" \/>\t\t\t\t\t\t\t\t\t\t\t\t\t\t\t<\/div>\n\t\t\t\t<\/div>\n\t\t<div class=\"elementor-element elementor-element-242e72cf e-con-full e-flex e-con e-child\" data-id=\"242e72cf\" data-element_type=\"container\" data-e-type=\"container\">\n\t\t\t\t<div class=\"elementor-element elementor-element-2e6712e1 elementor-widget elementor-widget-text-editor\" data-id=\"2e6712e1\" data-element_type=\"widget\" data-e-type=\"widget\" data-widget_type=\"text-editor.default\">\n\t\t\t\t\t\t\t\t\t<p>Die A28 basiert auf einem Mehrzweckrumpf, der f\u00fcr alle Einsatzzwecke angepasst werden kann, von einem Luxus-Beiboot \u00fcber ein Patrouillenboot bis hin zu einem schnellen SAR-Boot.<\/p>\n<p>Unsere Boote werden aus Hochmolekularem Polyethylen (HMWPE), einem widerstandsf\u00e4higen und haltbaren Polymer, gebaut. Die Abriebfestigkeit dieses Materials ist \u00fcberragend und eignet sich sowohl f\u00fcr raue Bedingungen als auch f\u00fcr \u00d6lbergungseins\u00e4tze.  Die Seegangeigenschaften unserer Boote \u00e4hneln denjenigen von RHIB Festrumpfschlauchbooten.<\/p>\n<p>Dank der D-Fender ist der Rumpf innen ger\u00e4umig. Anders als bei RHIB-Booten verlieren die Pontons der RBB-Boote (Rigid Buoyancy Boats) keine Luft und bleiben Formstabil, was das Boot robust und sicher macht. Im Vergleich zu anderen Bootstypen bleiben, dank des geringen Reparatur- und Wartungsbedarfs, die Lebenszykluskosten dieser RBB-Boote niedrig.  <\/p>\n<p>Das Boot besitzt eine Steuerkonsole aus Aluminium, die auf Ihren Bedarf angepasst werden kann. Es besteht Platz f\u00fcr 4 Jockey Sitze und der vordere abschlie\u00dfbare Stauraum bietet viel Platz. <\/p>\t\t\t\t\t\t\t\t<\/div>\n\t\t\t\t<\/div>\n\t\t\t\t\t<\/div>\n\t\t\t\t<\/div>\n\t\t<div class=\"elementor-element elementor-element-11e41abb e-flex e-con-boxed e-con e-parent\" data-id=\"11e41abb\" data-element_type=\"container\" data-e-type=\"container\">\n\t\t\t\t\t<div class=\"e-con-inner\">\n\t\t\t\t<div class=\"elementor-element elementor-element-69a3140d elementor-widget elementor-widget-heading\" data-id=\"69a3140d\" data-element_type=\"widget\" data-e-type=\"widget\" data-widget_type=\"heading.default\">\n\t\t\t\t\t<h2 class=\"elementor-heading-title elementor-size-default\">Ausstattung<\/h2>\t\t\t\t<\/div>\n\t\t\t\t<div class=\"elementor-element elementor-element-390b427c elementor-widget elementor-widget-text-editor\" data-id=\"390b427c\" data-element_type=\"widget\" data-e-type=\"widget\" data-widget_type=\"text-editor.default\">\n\t\t\t\t\t\t\t\t\t<ul>\n<li>Arbeitsscheinwerfer<\/li>\n<li>CO2-Selbstaufrichtungsanlage<\/li>\n<li>Radar<\/li>\n<li>Sonar<\/li>\n<li>Servosteuerung<\/li>\n<li>Luftgefederte Jockey Sitze<\/li>\n<\/ul>\t\t\t\t\t\t\t\t<\/div>\n\t\t\t\t\t<\/div>\n\t\t\t\t<\/div>\n\t\t<div class=\"elementor-element elementor-element-237868f e-flex e-con-boxed e-con e-parent\" data-id=\"237868f\" data-element_type=\"container\" data-e-type=\"container\" data-settings=\"{&quot;background_background&quot;:&quot;classic&quot;}\">\n\t\t\t\t\t<div class=\"e-con-inner\">\n\t\t<div class=\"elementor-element elementor-element-3babbbe1 e-con-full e-flex e-con e-child\" data-id=\"3babbbe1\" data-element_type=\"container\" data-e-type=\"container\">\n\t\t\t\t<div class=\"elementor-element elementor-element-2eb8141f elementor-widget elementor-widget-heading\" data-id=\"2eb8141f\" data-element_type=\"widget\" data-e-type=\"widget\" data-widget_type=\"heading.default\">\n\t\t\t\t\t<h2 class=\"elementor-heading-title elementor-size-default\">Technische Daten<\/h2>\t\t\t\t<\/div>\n\t\t\t\t<div class=\"elementor-element elementor-element-67bc4719 elementor-widget elementor-widget-text-editor\" data-id=\"67bc4719\" data-element_type=\"widget\" data-e-type=\"widget\" data-widget_type=\"text-editor.default\">\n\t\t\t\t\t\t\t\t\t<ul>\n<li>Gesamtl\u00e4nge: 8,9 m (28 ft) <\/li>\n<li>Breite: 2,6 \/ 3,1 m<\/li>\n<li>Tiefgang: 0,64 m<\/li>\n<li>Gewicht (exkl. Motoren): 2500 kg<\/li>\n<li>Tragf\u00e4higkeit: 18 Personen<\/li>\n<li>Tankvolumen: 540 l<\/li>\n<li>Konstruktion: HMWPE<\/li>\n<li>Klassifizierung: B \u2013 OFFSHORE<\/li>\n<li>Max. Geschwindigkeit: 40 kn<\/li>\n<li>Au\u00dfenbordmotoren: 2 x 175 \u2013 200 PS<\/li>\n<\/ul>\t\t\t\t\t\t\t\t<\/div>\n\t\t\t\t<div class=\"elementor-element elementor-element-7fc0bcde elementor-widget elementor-widget-text-editor\" data-id=\"7fc0bcde\" data-element_type=\"widget\" data-e-type=\"widget\" data-widget_type=\"text-editor.default\">\n\t\t\t\t\t\t\t\t\t<p><em>\u00c4nderungen der Spezifikationen ohne Ank\u00fcndigung jederzeit m\u00f6glich.<\/em><\/p>\t\t\t\t\t\t\t\t<\/div>\n\t\t\t\t<\/div>\n\t\t<div class=\"elementor-element elementor-element-7784bdb8 e-con-full e-flex e-con e-child\" data-id=\"7784bdb8\" data-element_type=\"container\" data-e-type=\"container\">\n\t\t\t\t<div class=\"elementor-element elementor-element-573cad3 elementor-widget elementor-widget-image\" data-id=\"573cad3\" data-element_type=\"widget\" data-e-type=\"widget\" data-widget_type=\"image.default\">\n\t\t\t\t\t\t\t\t\t\t\t\t\t\t\t<img decoding=\"async\" width=\"400\" height=\"250\" src=\"https:\/\/arcticboats.eu\/wp-content\/uploads\/2023\/12\/A28-open-web.png\" class=\"attachment-large size-large wp-image-2730\" alt=\"\" srcset=\"https:\/\/arcticboats.eu\/wp-content\/uploads\/2023\/12\/A28-open-web.png 400w, https:\/\/arcticboats.eu\/wp-content\/uploads\/2023\/12\/A28-open-web-300x188.png 300w\" sizes=\"(max-width: 400px) 100vw, 400px\" \/>\t\t\t\t\t\t\t\t\t\t\t\t\t\t\t<\/div>\n\t\t\t\t<\/div>\n\t\t\t\t\t<\/div>\n\t\t\t\t<\/div>\n\t\t<div class=\"elementor-element elementor-element-4588fe21 e-flex e-con-boxed e-con e-parent\" data-id=\"4588fe21\" data-element_type=\"container\" data-e-type=\"container\">\n\t\t\t\t\t<div class=\"e-con-inner\">\n\t\t\t\t<div class=\"elementor-element elementor-element-42db77bd gallery-spacing-custom elementor-widget elementor-widget-image-gallery\" data-id=\"42db77bd\" data-element_type=\"widget\" data-e-type=\"widget\" data-widget_type=\"image-gallery.default\">\n\t\t\t\t\t\t\t<div class=\"elementor-image-gallery\">\n\t\t\t<div id='gallery-1' class='gallery galleryid-3074 gallery-columns-4 gallery-size-thumbnail'><figure class='gallery-item'>\n\t\t\t<div class='gallery-icon landscape'>\n\t\t\t\t<a data-elementor-open-lightbox=\"yes\" data-elementor-lightbox-slideshow=\"42db77bd\" data-e-action-hash=\"#elementor-action%3Aaction%3Dlightbox%26settings%3DeyJpZCI6MjczMywidXJsIjoiaHR0cHM6XC9cL2FyY3RpY2JvYXRzLmV1XC93cC1jb250ZW50XC91cGxvYWRzXC8yMDIzXC8xMlwvQTI4LW9wZW4taW5zdHIuanBnIiwic2xpZGVzaG93IjoiNDJkYjc3YmQifQ%3D%3D\" href='https:\/\/arcticboats.eu\/wp-content\/uploads\/2023\/12\/A28-open-instr.jpg'><img decoding=\"async\" width=\"150\" height=\"150\" src=\"https:\/\/arcticboats.eu\/wp-content\/uploads\/2023\/12\/A28-open-instr-150x150.jpg\" class=\"attachment-thumbnail size-thumbnail\" alt=\"\" \/><\/a>\n\t\t\t<\/div><\/figure><figure class='gallery-item'>\n\t\t\t<div class='gallery-icon landscape'>\n\t\t\t\t<a data-elementor-open-lightbox=\"yes\" data-elementor-lightbox-slideshow=\"42db77bd\" data-e-action-hash=\"#elementor-action%3Aaction%3Dlightbox%26settings%3DeyJpZCI6MjczNywidXJsIjoiaHR0cHM6XC9cL2FyY3RpY2JvYXRzLmV1XC93cC1jb250ZW50XC91cGxvYWRzXC8yMDIzXC8xMlwvQTI4LXdlYjEuanBnIiwic2xpZGVzaG93IjoiNDJkYjc3YmQifQ%3D%3D\" href='https:\/\/arcticboats.eu\/wp-content\/uploads\/2023\/12\/A28-web1.jpg'><img loading=\"lazy\" decoding=\"async\" width=\"150\" height=\"150\" src=\"https:\/\/arcticboats.eu\/wp-content\/uploads\/2023\/12\/A28-web1-150x150.jpg\" class=\"attachment-thumbnail size-thumbnail\" alt=\"\" \/><\/a>\n\t\t\t<\/div><\/figure><figure class='gallery-item'>\n\t\t\t<div class='gallery-icon landscape'>\n\t\t\t\t<a data-elementor-open-lightbox=\"yes\" data-elementor-lightbox-slideshow=\"42db77bd\" data-e-action-hash=\"#elementor-action%3Aaction%3Dlightbox%26settings%3DeyJpZCI6MjczNSwidXJsIjoiaHR0cHM6XC9cL2FyY3RpY2JvYXRzLmV1XC93cC1jb250ZW50XC91cGxvYWRzXC8yMDIzXC8xMlwvQTI4LW9wZW4tc3RvcmUuanBnIiwic2xpZGVzaG93IjoiNDJkYjc3YmQifQ%3D%3D\" href='https:\/\/arcticboats.eu\/wp-content\/uploads\/2023\/12\/A28-open-store.jpg'><img loading=\"lazy\" decoding=\"async\" width=\"150\" height=\"150\" src=\"https:\/\/arcticboats.eu\/wp-content\/uploads\/2023\/12\/A28-open-store-150x150.jpg\" class=\"attachment-thumbnail size-thumbnail\" alt=\"\" \/><\/a>\n\t\t\t<\/div><\/figure><figure class='gallery-item'>\n\t\t\t<div class='gallery-icon landscape'>\n\t\t\t\t<a data-elementor-open-lightbox=\"yes\" data-elementor-lightbox-slideshow=\"42db77bd\" data-e-action-hash=\"#elementor-action%3Aaction%3Dlightbox%26settings%3DeyJpZCI6MjcyOCwidXJsIjoiaHR0cHM6XC9cL2FyY3RpY2JvYXRzLmV1XC93cC1jb250ZW50XC91cGxvYWRzXC8yMDIzXC8xMlwvS09TLmpwZyIsInNsaWRlc2hvdyI6IjQyZGI3N2JkIn0%3D\" href='https:\/\/arcticboats.eu\/wp-content\/uploads\/2023\/12\/KOS.jpg'><img loading=\"lazy\" decoding=\"async\" width=\"150\" height=\"150\" src=\"https:\/\/arcticboats.eu\/wp-content\/uploads\/2023\/12\/KOS-150x150.jpg\" class=\"attachment-thumbnail size-thumbnail\" alt=\"\" \/><\/a>\n\t\t\t<\/div><\/figure><figure class='gallery-item'>\n\t\t\t<div class='gallery-icon landscape'>\n\t\t\t\t<a data-elementor-open-lightbox=\"yes\" data-elementor-lightbox-slideshow=\"42db77bd\" data-e-action-hash=\"#elementor-action%3Aaction%3Dlightbox%26settings%3DeyJpZCI6MjcyNiwidXJsIjoiaHR0cHM6XC9cL2FyY3RpY2JvYXRzLmV1XC93cC1jb250ZW50XC91cGxvYWRzXC8yMDIzXC8xMlwvQTI4LUhlbGxlbmljLVJlc2N1ZS1UZWFtNC5qcGciLCJzbGlkZXNob3ciOiI0MmRiNzdiZCJ9\" href='https:\/\/arcticboats.eu\/wp-content\/uploads\/2023\/12\/A28-Hellenic-Rescue-Team4.jpg'><img loading=\"lazy\" decoding=\"async\" width=\"150\" height=\"150\" src=\"https:\/\/arcticboats.eu\/wp-content\/uploads\/2023\/12\/A28-Hellenic-Rescue-Team4-150x150.jpg\" class=\"attachment-thumbnail size-thumbnail\" alt=\"\" \/><\/a>\n\t\t\t<\/div><\/figure><figure class='gallery-item'>\n\t\t\t<div class='gallery-icon landscape'>\n\t\t\t\t<a data-elementor-open-lightbox=\"yes\" data-elementor-lightbox-slideshow=\"42db77bd\" data-e-action-hash=\"#elementor-action%3Aaction%3Dlightbox%26settings%3DeyJpZCI6MjcxOCwidXJsIjoiaHR0cHM6XC9cL2FyY3RpY2JvYXRzLmV1XC93cC1jb250ZW50XC91cGxvYWRzXC8yMDIzXC8xMlwvQTI4LW9wZW4xLmpwZyIsInNsaWRlc2hvdyI6IjQyZGI3N2JkIn0%3D\" href='https:\/\/arcticboats.eu\/wp-content\/uploads\/2023\/12\/A28-open1.jpg'><img loading=\"lazy\" decoding=\"async\" width=\"150\" height=\"150\" src=\"https:\/\/arcticboats.eu\/wp-content\/uploads\/2023\/12\/A28-open1-150x150.jpg\" class=\"attachment-thumbnail size-thumbnail\" alt=\"\" \/><\/a>\n\t\t\t<\/div><\/figure><figure class='gallery-item'>\n\t\t\t<div class='gallery-icon landscape'>\n\t\t\t\t<a data-elementor-open-lightbox=\"yes\" data-elementor-lightbox-slideshow=\"42db77bd\" data-e-action-hash=\"#elementor-action%3Aaction%3Dlightbox%26settings%3DeyJpZCI6MjcyMCwidXJsIjoiaHR0cHM6XC9cL2FyY3RpY2JvYXRzLmV1XC93cC1jb250ZW50XC91cGxvYWRzXC8yMDIzXC8xMlwvYTI4LXdlYjMuanBnIiwic2xpZGVzaG93IjoiNDJkYjc3YmQifQ%3D%3D\" href='https:\/\/arcticboats.eu\/wp-content\/uploads\/2023\/12\/a28-web3.jpg'><img loading=\"lazy\" decoding=\"async\" width=\"150\" height=\"150\" src=\"https:\/\/arcticboats.eu\/wp-content\/uploads\/2023\/12\/a28-web3-150x150.jpg\" class=\"attachment-thumbnail size-thumbnail\" alt=\"\" \/><\/a>\n\t\t\t<\/div><\/figure>\n\t\t<\/div>\n\t\t<\/div>\n\t\t\t\t\t\t<\/div>\n\t\t\t\t\t<\/div>\n\t\t\t\t<\/div>\n\t\t\t\t<\/div>\n\t\t","protected":false},"excerpt":{"rendered":"<p>Arctic 28 SAR Patrouillenboot Die A28 basiert auf einem Mehrzweckrumpf, der f\u00fcr alle Einsatzzwecke angepasst werden kann, von einem Luxus-Beiboot \u00fcber ein Patrouillenboot bis hin zu einem schnellen SAR-Boot. Unsere Boote werden aus Hochmolekularem Polyethylen (HMWPE), einem widerstandsf\u00e4higen und haltbaren Polymer, gebaut. Die Abriebfestigkeit dieses Materials ist \u00fcberragend und eignet sich sowohl f\u00fcr raue Bedingungen [&hellip;]<\/p>\n","protected":false},"author":3,"featured_media":0,"parent":3095,"menu_order":0,"comment_status":"closed","ping_status":"closed","template":"","meta":{"_seopress_robots_primary_cat":"","_seopress_titles_title":"Arctic A 28 - Arctic Airboats Oy","_seopress_titles_desc":"","_seopress_robots_index":"","footnotes":""},"class_list":["post-3074","page","type-page","status-publish","hentry"],"_links":{"self":[{"href":"https:\/\/arcticboats.eu\/de\/wp-json\/wp\/v2\/pages\/3074","targetHints":{"allow":["GET"]}}],"collection":[{"href":"https:\/\/arcticboats.eu\/de\/wp-json\/wp\/v2\/pages"}],"about":[{"href":"https:\/\/arcticboats.eu\/de\/wp-json\/wp\/v2\/types\/page"}],"author":[{"embeddable":true,"href":"https:\/\/arcticboats.eu\/de\/wp-json\/wp\/v2\/users\/3"}],"replies":[{"embeddable":true,"href":"https:\/\/arcticboats.eu\/de\/wp-json\/wp\/v2\/comments?post=3074"}],"version-history":[{"count":2,"href":"https:\/\/arcticboats.eu\/de\/wp-json\/wp\/v2\/pages\/3074\/revisions"}],"predecessor-version":[{"id":13882,"href":"https:\/\/arcticboats.eu\/de\/wp-json\/wp\/v2\/pages\/3074\/revisions\/13882"}],"up":[{"embeddable":true,"href":"https:\/\/arcticboats.eu\/de\/wp-json\/wp\/v2\/pages\/3095"}],"wp:attachment":[{"href":"https:\/\/arcticboats.eu\/de\/wp-json\/wp\/v2\/media?parent=3074"}],"curies":[{"name":"wp","href":"https:\/\/api.w.org\/{rel}","templated":true}]}}