{"id":3067,"date":"2023-12-06T14:10:25","date_gmt":"2023-12-06T11:10:25","guid":{"rendered":"https:\/\/arcticboats.eu\/arctic-28-cab\/"},"modified":"2026-03-19T12:26:29","modified_gmt":"2026-03-19T09:26:29","slug":"arctic-28-cab","status":"publish","type":"page","link":"https:\/\/arcticboats.eu\/de\/boote\/arctic-28-cab\/","title":{"rendered":"Arctic 28 cab"},"content":{"rendered":"\t\t<div data-elementor-type=\"wp-page\" data-elementor-id=\"3067\" class=\"elementor elementor-3067 elementor-2741\">\n\t\t\t\t<div class=\"elementor-element elementor-element-030feb8 e-con-full e-flex e-con e-parent\" data-id=\"030feb8\" data-element_type=\"container\" data-e-type=\"container\">\n\t\t\t\t<div class=\"elementor-element elementor-element-3ff418b elementor-widget elementor-widget-shortcode\" data-id=\"3ff418b\" data-element_type=\"widget\" data-e-type=\"widget\" data-widget_type=\"shortcode.default\">\n\t\t\t\t\t\t\t<div class=\"elementor-shortcode\"><\/div>\n\t\t\t\t\t\t<\/div>\n\t\t\t\t<\/div>\n\t\t<div class=\"elementor-element elementor-element-2c4a9497 e-flex e-con-boxed e-con e-parent\" data-id=\"2c4a9497\" data-element_type=\"container\" data-e-type=\"container\">\n\t\t\t\t\t<div class=\"e-con-inner\">\n\t\t\t\t<div class=\"elementor-element elementor-element-6a81f6d6 elementor-widget elementor-widget-heading\" data-id=\"6a81f6d6\" data-element_type=\"widget\" data-e-type=\"widget\" data-widget_type=\"heading.default\">\n\t\t\t\t\t<h1 class=\"elementor-heading-title elementor-size-default\">Arctic 28 CAB<\/h1>\t\t\t\t<\/div>\n\t\t\t\t\t<\/div>\n\t\t\t\t<\/div>\n\t\t<div class=\"elementor-element elementor-element-145aa02a e-flex e-con-boxed e-con e-parent\" data-id=\"145aa02a\" data-element_type=\"container\" data-e-type=\"container\">\n\t\t\t\t\t<div class=\"e-con-inner\">\n\t\t<div class=\"elementor-element elementor-element-652b4960 e-con-full e-flex e-con e-child\" data-id=\"652b4960\" data-element_type=\"container\" data-e-type=\"container\">\n\t\t\t\t<div class=\"elementor-element elementor-element-33ec011d elementor-widget elementor-widget-image\" data-id=\"33ec011d\" data-element_type=\"widget\" data-e-type=\"widget\" data-widget_type=\"image.default\">\n\t\t\t\t\t\t\t\t\t\t\t\t\t\t\t<img fetchpriority=\"high\" decoding=\"async\" width=\"800\" height=\"450\" src=\"https:\/\/arcticboats.eu\/wp-content\/uploads\/2023\/10\/a28-dgzrs-rear-view.jpg\" class=\"attachment-large size-large wp-image-2186\" alt=\"\" srcset=\"https:\/\/arcticboats.eu\/wp-content\/uploads\/2023\/10\/a28-dgzrs-rear-view.jpg 800w, https:\/\/arcticboats.eu\/wp-content\/uploads\/2023\/10\/a28-dgzrs-rear-view-300x169.jpg 300w, https:\/\/arcticboats.eu\/wp-content\/uploads\/2023\/10\/a28-dgzrs-rear-view-768x432.jpg 768w\" sizes=\"(max-width: 800px) 100vw, 800px\" \/>\t\t\t\t\t\t\t\t\t\t\t\t\t\t\t<\/div>\n\t\t\t\t<\/div>\n\t\t<div class=\"elementor-element elementor-element-bee59a6 e-con-full e-flex e-con e-child\" data-id=\"bee59a6\" data-element_type=\"container\" data-e-type=\"container\">\n\t\t\t\t<div class=\"elementor-element elementor-element-37bfa071 elementor-widget elementor-widget-text-editor\" data-id=\"37bfa071\" data-element_type=\"widget\" data-e-type=\"widget\" data-widget_type=\"text-editor.default\">\n\t\t\t\t\t\t\t\t\t<p>Das A28 CAB ist eine Version mit Steuerkabine des 28-Fu\u00df- Patrouillenbootes. Es wird von zwei 200 PS starken Viertakt-Au\u00dfenbordmotoren angetrieben. Im Inneren befinden sich 4 Jockey-Sitze oder Steuersitze, und im vorderen Teil gibt es viel Platz f\u00fcr die Aufbewahrung von Ausr\u00fcstung und auch eine Wirbels\u00e4ulenbrett.<\/p><p>Unsere Boote werden aus Hochmolekularem Polyethylen (HMWPE), einem widerstandsf\u00e4higen und haltbaren Polymer, gebaut. Die Abriebfestigkeit dieses Materials ist \u00fcberragend und eignet sich sowohl f\u00fcr raue Bedingungen als auch f\u00fcr \u00d6lbergungseins\u00e4tze. <\/p><p>Die Seegangeigenschaften unserer Boote \u00e4hneln denjenigen der RHIB-Boote. Dank der D-Fender ist der Rumpf innen ger\u00e4umig. Anders als bei RHIB-Booten verlieren die Pontons der RBB-Boote (Rigid Buoyancy Boats) keine Luft und bleiben Formstabil, was das Boot robust und sicher macht. Im Vergleich zu anderen Bootstypen bleiben, dank des geringen Reparatur- und Wartungsbedarfs, die Lebenszykluskosten dieser RBB-Boote niedrig.   <\/p><p>Das A28 CAB hat einen Kentertest mit dem Gewicht der Motoren, gef\u00fcllten Kraftstofftanks und der Rettungsausr\u00fcstung an Bord mit Bravour durchlaufen. Die Henshaw Selbstaufrichtungsanlage richtete das Boot nach dem erzwungenen Kentern in 20 Sekunden nach ihrer Aktivierung wieder auf. <\/p><p>Dar\u00fcber hinaus verblieb eine Luftblase von rund einem halben Meter H\u00f6he in der Kabine als diese unter Wasser war.<\/p><p>Das Boot kann mit einer halboffenen oder mit einer durch eine Hintert\u00fcr geschlossenen Kabine geliefert werden. In beiden F\u00e4llen empfehlen wir jedoch die Benutzung einer Selbstaufrichtungsanlage, um die Sicherheit der Mannschaft zu gew\u00e4hrleisten. <\/p>\t\t\t\t\t\t\t\t<\/div>\n\t\t\t\t<\/div>\n\t\t\t\t\t<\/div>\n\t\t\t\t<\/div>\n\t\t<div class=\"elementor-element elementor-element-47935b70 e-flex e-con-boxed e-con e-parent\" data-id=\"47935b70\" data-element_type=\"container\" data-e-type=\"container\">\n\t\t\t\t\t<div class=\"e-con-inner\">\n\t\t\t\t<div class=\"elementor-element elementor-element-3b567b3f elementor-widget elementor-widget-heading\" data-id=\"3b567b3f\" data-element_type=\"widget\" data-e-type=\"widget\" data-widget_type=\"heading.default\">\n\t\t\t\t\t<h2 class=\"elementor-heading-title elementor-size-default\">Ausstattung<\/h2>\t\t\t\t<\/div>\n\t\t\t\t<div class=\"elementor-element elementor-element-13f85caa elementor-widget elementor-widget-text-editor\" data-id=\"13f85caa\" data-element_type=\"widget\" data-e-type=\"widget\" data-widget_type=\"text-editor.default\">\n\t\t\t\t\t\t\t\t\t<ul>\n<li>Arbeitsscheinwerfer<\/li>\n<li>CO2-Selbstaufrichtungsanlage<\/li>\n<li>Radar<\/li>\n<li>Sonar<\/li>\n<li>Servosteuerung<\/li>\n<li>Luftgefederte Jockey Sitze<\/li>\n<\/ul>\t\t\t\t\t\t\t\t<\/div>\n\t\t\t\t\t<\/div>\n\t\t\t\t<\/div>\n\t\t<div class=\"elementor-element elementor-element-24127432 e-flex e-con-boxed e-con e-parent\" data-id=\"24127432\" data-element_type=\"container\" data-e-type=\"container\" data-settings=\"{&quot;background_background&quot;:&quot;classic&quot;}\">\n\t\t\t\t\t<div class=\"e-con-inner\">\n\t\t<div class=\"elementor-element elementor-element-4a9bcf5e e-con-full e-flex e-con e-child\" data-id=\"4a9bcf5e\" data-element_type=\"container\" data-e-type=\"container\">\n\t\t\t\t<div class=\"elementor-element elementor-element-54da0dbe elementor-widget elementor-widget-heading\" data-id=\"54da0dbe\" data-element_type=\"widget\" data-e-type=\"widget\" data-widget_type=\"heading.default\">\n\t\t\t\t\t<h2 class=\"elementor-heading-title elementor-size-default\">Technische Daten<\/h2>\t\t\t\t<\/div>\n\t\t\t\t<div class=\"elementor-element elementor-element-40fa55a5 elementor-widget elementor-widget-text-editor\" data-id=\"40fa55a5\" data-element_type=\"widget\" data-e-type=\"widget\" data-widget_type=\"text-editor.default\">\n\t\t\t\t\t\t\t\t\t<ul><li>Gesamtl\u00e4nge (ohne Motoren): 8,9 m <\/li><li>Breite: 2,6 \/ 3,1 m<\/li><li>Tiefgang (inkl. Propeller): 0,64 m<\/li><li>Gewicht (inkl. Motoren): 3130 kg<\/li><li>Max. Besatzung: 15\u201318 Personen<\/li><li>Kraftstoffkapazit\u00e4t: 560 l<\/li><li>Konstruktion: HMWPE<\/li><li>Klassifizierung: B \u2013 OFFSHORE<\/li><li>Max. Geschwindigkeit: 40 kn<\/li><li>Au\u00dfenbordmotoren: 2 x 175 \u2013 200 PS<\/li><\/ul>\t\t\t\t\t\t\t\t<\/div>\n\t\t\t\t<div class=\"elementor-element elementor-element-5de27f29 elementor-widget elementor-widget-text-editor\" data-id=\"5de27f29\" data-element_type=\"widget\" data-e-type=\"widget\" data-widget_type=\"text-editor.default\">\n\t\t\t\t\t\t\t\t\t<p><em>\u00c4nderungen der Spezifikationen ohne Ank\u00fcndigung jederzeit m\u00f6glich.<\/em><\/p>\t\t\t\t\t\t\t\t<\/div>\n\t\t\t\t<\/div>\n\t\t<div class=\"elementor-element elementor-element-33405631 e-con-full e-flex e-con e-child\" data-id=\"33405631\" data-element_type=\"container\" data-e-type=\"container\">\n\t\t\t\t<div class=\"elementor-element elementor-element-31de488c elementor-widget elementor-widget-image\" data-id=\"31de488c\" data-element_type=\"widget\" data-e-type=\"widget\" data-widget_type=\"image.default\">\n\t\t\t\t\t\t\t\t\t\t\t\t\t\t\t\t<a href=\"https:\/\/arcticboats.eu\/wp-content\/uploads\/2023\/12\/A28Ci.png\" data-elementor-open-lightbox=\"yes\" data-e-action-hash=\"#elementor-action%3Aaction%3Dlightbox%26settings%3DeyJpZCI6Mjc1MywidXJsIjoiaHR0cHM6XC9cL2FyY3RpY2JvYXRzLmV1XC93cC1jb250ZW50XC91cGxvYWRzXC8yMDIzXC8xMlwvQTI4Q2kucG5nIn0%3D\">\n\t\t\t\t\t\t\t<img decoding=\"async\" width=\"600\" height=\"361\" src=\"https:\/\/arcticboats.eu\/wp-content\/uploads\/2023\/12\/A28Ci.png\" class=\"attachment-large size-large wp-image-2753\" alt=\"\" srcset=\"https:\/\/arcticboats.eu\/wp-content\/uploads\/2023\/12\/A28Ci.png 600w, https:\/\/arcticboats.eu\/wp-content\/uploads\/2023\/12\/A28Ci-300x181.png 300w\" sizes=\"(max-width: 600px) 100vw, 600px\" \/>\t\t\t\t\t\t\t\t<\/a>\n\t\t\t\t\t\t\t\t\t\t\t\t\t\t\t<\/div>\n\t\t\t\t<\/div>\n\t\t\t\t\t<\/div>\n\t\t\t\t<\/div>\n\t\t<div class=\"elementor-element elementor-element-4de4250 e-flex e-con-boxed e-con e-parent\" data-id=\"4de4250\" data-element_type=\"container\" data-e-type=\"container\">\n\t\t\t\t\t<div class=\"e-con-inner\">\n\t\t\t\t<div class=\"elementor-element elementor-element-29543d2 elementor-widget elementor-widget-spacer\" data-id=\"29543d2\" data-element_type=\"widget\" data-e-type=\"widget\" data-widget_type=\"spacer.default\">\n\t\t\t\t\t\t\t<div class=\"elementor-spacer\">\n\t\t\t<div class=\"elementor-spacer-inner\"><\/div>\n\t\t<\/div>\n\t\t\t\t\t\t<\/div>\n\t\t\t\t\t<\/div>\n\t\t\t\t<\/div>\n\t\t<div class=\"elementor-element elementor-element-e9d2521 e-flex e-con-boxed e-con e-parent\" data-id=\"e9d2521\" data-element_type=\"container\" data-e-type=\"container\">\n\t\t\t\t\t<div class=\"e-con-inner\">\n\t\t<div class=\"elementor-element elementor-element-8e99d79 e-con-full e-flex e-con e-child\" data-id=\"8e99d79\" data-element_type=\"container\" data-e-type=\"container\">\n\t\t\t\t<div class=\"elementor-element elementor-element-c24f7f7 elementor-widget elementor-widget-video\" data-id=\"c24f7f7\" data-element_type=\"widget\" data-e-type=\"widget\" data-settings=\"{&quot;video_type&quot;:&quot;hosted&quot;,&quot;controls&quot;:&quot;yes&quot;}\" data-widget_type=\"video.default\">\n\t\t\t\t\t\t\t<div class=\"e-hosted-video elementor-wrapper elementor-open-inline\">\n\t\t\t\t\t<video class=\"elementor-video\" src=\"https:\/\/arcticboats.eu\/wp-content\/uploads\/2026\/03\/Self-Righting-Video-A28-Cab-2018.mp4\" controls=\"\" preload=\"metadata\" controlsList=\"nodownload\"><\/video>\n\t\t\t\t<\/div>\n\t\t\t\t\t\t<\/div>\n\t\t\t\t<\/div>\n\t\t<div class=\"elementor-element elementor-element-b03ea0c e-con-full e-flex e-con e-child\" data-id=\"b03ea0c\" data-element_type=\"container\" data-e-type=\"container\">\n\t\t\t\t<div class=\"elementor-element elementor-element-843e6a5 elementor-widget elementor-widget-text-editor\" data-id=\"843e6a5\" data-element_type=\"widget\" data-e-type=\"widget\" data-widget_type=\"text-editor.default\">\n\t\t\t\t\t\t\t\t\t<h2><b><span data-contrast=\"auto\">Selbstaufrichtung<\/span><\/b><span data-ccp-props=\"{}\"> <\/span><\/h2><p>Das <b>A28 CAB<\/b><span data-contrast=\"auto\"> ist als Selbstaufrichter ausgelegt und gew\u00e4hrleistet maximale Sicherheit unter extremen Bedingungen. Das Boot ist mit einem  <\/span>CO\u2082- Kentersack ausgestattet<span data-contrast=\"auto\">, der sicherstellt, dass es sich selbst nach einer vollst\u00e4ndigen Kenterung automatisch wieder in die aufrechte Position bringt. Diese Funktion bietet h\u00f6chste Sicherheit f\u00fcr die Besatzung sowie f\u00fcr gerettete Personen bei extremen maritimen Eins\u00e4tzen. <\/span><span data-ccp-props=\"{}\"> <\/span><\/p><p><span data-contrast=\"auto\">W\u00e4hrend einige Boote, wie <a href=\"https:\/\/arcticboats.eu\/de\/\">unser 8,4 m Boot<\/a>, ihre Selbstaufrichtung durch einen sorgf\u00e4ltig ausbalancierten Rumpf und Aufbau erreichen, setzt die A28 CAB auf ein integriertes CO\u2082-System zur sofortigen Wiederaufrichtung. Diese Kombination aus innovativem Design und bew\u00e4hrter Technologie stellt eine zuverl\u00e4ssige Leistung bei allen Such- und Rettungseins\u00e4tzen sicher. <\/span><span data-ccp-props=\"{\"335559738\":240,\"335559739\":240}\"> <\/span><\/p>\t\t\t\t\t\t\t\t<\/div>\n\t\t\t\t<\/div>\n\t\t\t\t\t<\/div>\n\t\t\t\t<\/div>\n\t\t<div class=\"elementor-element elementor-element-796e1003 e-flex e-con-boxed e-con e-parent\" data-id=\"796e1003\" data-element_type=\"container\" data-e-type=\"container\">\n\t\t\t\t\t<div class=\"e-con-inner\">\n\t\t\t\t<div class=\"elementor-element elementor-element-2afde9fd gallery-spacing-custom elementor-widget elementor-widget-image-gallery\" data-id=\"2afde9fd\" data-element_type=\"widget\" data-e-type=\"widget\" data-widget_type=\"image-gallery.default\">\n\t\t\t\t\t\t\t<div class=\"elementor-image-gallery\">\n\t\t\t<div id='gallery-1' class='gallery galleryid-3067 gallery-columns-7 gallery-size-thumbnail'><figure class='gallery-item'>\n\t\t\t<div class='gallery-icon landscape'>\n\t\t\t\t<a data-elementor-open-lightbox=\"yes\" data-elementor-lightbox-slideshow=\"2afde9fd\" data-e-action-hash=\"#elementor-action%3Aaction%3Dlightbox%26settings%3DeyJpZCI6Mjc3NCwidXJsIjoiaHR0cHM6XC9cL2FyY3RpY2JvYXRzLmV1XC93cC1jb250ZW50XC91cGxvYWRzXC8yMDIzXC8xMlwvQTI4LUZJTkFMLTI2LmpwZyIsInNsaWRlc2hvdyI6IjJhZmRlOWZkIn0%3D\" href='https:\/\/arcticboats.eu\/wp-content\/uploads\/2023\/12\/A28-FINAL-26.jpg'><img decoding=\"async\" width=\"150\" height=\"150\" src=\"https:\/\/arcticboats.eu\/wp-content\/uploads\/2023\/12\/A28-FINAL-26-150x150.jpg\" class=\"attachment-thumbnail size-thumbnail\" alt=\"\" \/><\/a>\n\t\t\t<\/div><\/figure><figure class='gallery-item'>\n\t\t\t<div class='gallery-icon landscape'>\n\t\t\t\t<a data-elementor-open-lightbox=\"yes\" data-elementor-lightbox-slideshow=\"2afde9fd\" data-e-action-hash=\"#elementor-action%3Aaction%3Dlightbox%26settings%3DeyJpZCI6Mjc3MiwidXJsIjoiaHR0cHM6XC9cL2FyY3RpY2JvYXRzLmV1XC93cC1jb250ZW50XC91cGxvYWRzXC8yMDIzXC8xMlwvQTI4LUZJTkFMLTE4LmpwZyIsInNsaWRlc2hvdyI6IjJhZmRlOWZkIn0%3D\" href='https:\/\/arcticboats.eu\/wp-content\/uploads\/2023\/12\/A28-FINAL-18.jpg'><img loading=\"lazy\" decoding=\"async\" width=\"150\" height=\"150\" src=\"https:\/\/arcticboats.eu\/wp-content\/uploads\/2023\/12\/A28-FINAL-18-150x150.jpg\" class=\"attachment-thumbnail size-thumbnail\" alt=\"\" \/><\/a>\n\t\t\t<\/div><\/figure><figure class='gallery-item'>\n\t\t\t<div class='gallery-icon landscape'>\n\t\t\t\t<a data-elementor-open-lightbox=\"yes\" data-elementor-lightbox-slideshow=\"2afde9fd\" data-e-action-hash=\"#elementor-action%3Aaction%3Dlightbox%26settings%3DeyJpZCI6Mjc3MCwidXJsIjoiaHR0cHM6XC9cL2FyY3RpY2JvYXRzLmV1XC93cC1jb250ZW50XC91cGxvYWRzXC8yMDIzXC8xMlwvQTI4LUNhYi5qcGciLCJzbGlkZXNob3ciOiIyYWZkZTlmZCJ9\" href='https:\/\/arcticboats.eu\/wp-content\/uploads\/2023\/12\/A28-Cab.jpg'><img loading=\"lazy\" decoding=\"async\" width=\"150\" height=\"150\" src=\"https:\/\/arcticboats.eu\/wp-content\/uploads\/2023\/12\/A28-Cab-150x150.jpg\" class=\"attachment-thumbnail size-thumbnail\" alt=\"\" \/><\/a>\n\t\t\t<\/div><\/figure><figure class='gallery-item'>\n\t\t\t<div class='gallery-icon landscape'>\n\t\t\t\t<a data-elementor-open-lightbox=\"yes\" data-elementor-lightbox-slideshow=\"2afde9fd\" data-e-action-hash=\"#elementor-action%3Aaction%3Dlightbox%26settings%3DeyJpZCI6Mjc0OSwidXJsIjoiaHR0cHM6XC9cL2FyY3RpY2JvYXRzLmV1XC93cC1jb250ZW50XC91cGxvYWRzXC8yMDIzXC8xMlwvU0FSLXZlcnNpb24tMi0xNC5qcGciLCJzbGlkZXNob3ciOiIyYWZkZTlmZCJ9\" href='https:\/\/arcticboats.eu\/wp-content\/uploads\/2023\/12\/SAR-version-2-14.jpg'><img loading=\"lazy\" decoding=\"async\" width=\"150\" height=\"150\" src=\"https:\/\/arcticboats.eu\/wp-content\/uploads\/2023\/12\/SAR-version-2-14-150x150.jpg\" class=\"attachment-thumbnail size-thumbnail\" alt=\"\" \/><\/a>\n\t\t\t<\/div><\/figure><figure class='gallery-item'>\n\t\t\t<div class='gallery-icon landscape'>\n\t\t\t\t<a data-elementor-open-lightbox=\"yes\" data-elementor-lightbox-slideshow=\"2afde9fd\" data-e-action-hash=\"#elementor-action%3Aaction%3Dlightbox%26settings%3DeyJpZCI6Mjc1MSwidXJsIjoiaHR0cHM6XC9cL2FyY3RpY2JvYXRzLmV1XC93cC1jb250ZW50XC91cGxvYWRzXC8yMDIzXC8xMlwvU1JCLVNpZGEuanBnIiwic2xpZGVzaG93IjoiMmFmZGU5ZmQifQ%3D%3D\" href='https:\/\/arcticboats.eu\/wp-content\/uploads\/2023\/12\/SRB-Sida.jpg'><img loading=\"lazy\" decoding=\"async\" width=\"150\" height=\"150\" src=\"https:\/\/arcticboats.eu\/wp-content\/uploads\/2023\/12\/SRB-Sida-150x150.jpg\" class=\"attachment-thumbnail size-thumbnail\" alt=\"\" \/><\/a>\n\t\t\t<\/div><\/figure><figure class='gallery-item'>\n\t\t\t<div class='gallery-icon landscape'>\n\t\t\t\t<a data-elementor-open-lightbox=\"yes\" data-elementor-lightbox-slideshow=\"2afde9fd\" data-e-action-hash=\"#elementor-action%3Aaction%3Dlightbox%26settings%3DeyJpZCI6Mjc0NywidXJsIjoiaHR0cHM6XC9cL2FyY3RpY2JvYXRzLmV1XC93cC1jb250ZW50XC91cGxvYWRzXC8yMDIzXC8xMlwvQTI4LUZJTkFMLTguanBnIiwic2xpZGVzaG93IjoiMmFmZGU5ZmQifQ%3D%3D\" href='https:\/\/arcticboats.eu\/wp-content\/uploads\/2023\/12\/A28-FINAL-8.jpg'><img loading=\"lazy\" decoding=\"async\" width=\"150\" height=\"150\" src=\"https:\/\/arcticboats.eu\/wp-content\/uploads\/2023\/12\/A28-FINAL-8-150x150.jpg\" class=\"attachment-thumbnail size-thumbnail\" alt=\"\" \/><\/a>\n\t\t\t<\/div><\/figure><figure class='gallery-item'>\n\t\t\t<div class='gallery-icon landscape'>\n\t\t\t\t<a data-elementor-open-lightbox=\"yes\" data-elementor-lightbox-slideshow=\"2afde9fd\" data-e-action-hash=\"#elementor-action%3Aaction%3Dlightbox%26settings%3DeyJpZCI6Mjc0NSwidXJsIjoiaHR0cHM6XC9cL2FyY3RpY2JvYXRzLmV1XC93cC1jb250ZW50XC91cGxvYWRzXC8yMDIzXC8xMlwvQTI4LWZpbmFsLTUtMi5qcGciLCJzbGlkZXNob3ciOiIyYWZkZTlmZCJ9\" href='https:\/\/arcticboats.eu\/wp-content\/uploads\/2023\/12\/A28-final-5-2.jpg'><img loading=\"lazy\" decoding=\"async\" width=\"150\" height=\"150\" src=\"https:\/\/arcticboats.eu\/wp-content\/uploads\/2023\/12\/A28-final-5-2-150x150.jpg\" class=\"attachment-thumbnail size-thumbnail\" alt=\"\" \/><\/a>\n\t\t\t<\/div><\/figure>\n\t\t<\/div>\n\t\t<\/div>\n\t\t\t\t\t\t<\/div>\n\t\t\t\t\t<\/div>\n\t\t\t\t<\/div>\n\t\t<div class=\"elementor-element elementor-element-936b2ef e-flex e-con-boxed e-con e-parent\" data-id=\"936b2ef\" data-element_type=\"container\" data-e-type=\"container\">\n\t\t\t\t\t<div class=\"e-con-inner\">\n\t\t\t\t<div class=\"elementor-element elementor-element-bc9331a elementor-widget elementor-widget-spacer\" data-id=\"bc9331a\" data-element_type=\"widget\" data-e-type=\"widget\" data-widget_type=\"spacer.default\">\n\t\t\t\t\t\t\t<div class=\"elementor-spacer\">\n\t\t\t<div class=\"elementor-spacer-inner\"><\/div>\n\t\t<\/div>\n\t\t\t\t\t\t<\/div>\n\t\t\t\t\t<\/div>\n\t\t\t\t<\/div>\n\t\t\t\t<\/div>\n\t\t","protected":false},"excerpt":{"rendered":"<p>Arctic 28 CAB Das A28 CAB ist eine Version mit Steuerkabine des 28-Fu\u00df- Patrouillenbootes. Es wird von zwei 200 PS starken Viertakt-Au\u00dfenbordmotoren angetrieben. Im Inneren befinden sich 4 Jockey-Sitze oder Steuersitze, und im vorderen Teil gibt es viel Platz f\u00fcr die Aufbewahrung von Ausr\u00fcstung und auch eine Wirbels\u00e4ulenbrett. Unsere Boote werden aus Hochmolekularem Polyethylen (HMWPE), [&hellip;]<\/p>\n","protected":false},"author":3,"featured_media":0,"parent":3095,"menu_order":0,"comment_status":"closed","ping_status":"closed","template":"","meta":{"_seopress_robots_primary_cat":"","_seopress_titles_title":"Arctic A-28 CAB \u2013 HMWPE-Rettungs- und Einsatzboot mit Kabine \u2013 Arctic Boats Oy","_seopress_titles_desc":"Arctic A-28 CAB HMWPE \u2013 unsinkbares SAR- und Einsatzboot \u2013 stabiles, seet\u00fcchtiges Kabinenboot mit Selbstaufrichtungsf\u00e4higkeit, ideal f\u00fcr Rettungs-, Patrouillen- und Notfalleins\u00e4tze.","_seopress_robots_index":"","footnotes":""},"class_list":["post-3067","page","type-page","status-publish","hentry"],"_links":{"self":[{"href":"https:\/\/arcticboats.eu\/de\/wp-json\/wp\/v2\/pages\/3067","targetHints":{"allow":["GET"]}}],"collection":[{"href":"https:\/\/arcticboats.eu\/de\/wp-json\/wp\/v2\/pages"}],"about":[{"href":"https:\/\/arcticboats.eu\/de\/wp-json\/wp\/v2\/types\/page"}],"author":[{"embeddable":true,"href":"https:\/\/arcticboats.eu\/de\/wp-json\/wp\/v2\/users\/3"}],"replies":[{"embeddable":true,"href":"https:\/\/arcticboats.eu\/de\/wp-json\/wp\/v2\/comments?post=3067"}],"version-history":[{"count":17,"href":"https:\/\/arcticboats.eu\/de\/wp-json\/wp\/v2\/pages\/3067\/revisions"}],"predecessor-version":[{"id":15133,"href":"https:\/\/arcticboats.eu\/de\/wp-json\/wp\/v2\/pages\/3067\/revisions\/15133"}],"up":[{"embeddable":true,"href":"https:\/\/arcticboats.eu\/de\/wp-json\/wp\/v2\/pages\/3095"}],"wp:attachment":[{"href":"https:\/\/arcticboats.eu\/de\/wp-json\/wp\/v2\/media?parent=3067"}],"curies":[{"name":"wp","href":"https:\/\/api.w.org\/{rel}","templated":true}]}}