{"id":3063,"date":"2023-12-06T14:28:39","date_gmt":"2023-12-06T11:28:39","guid":{"rendered":"https:\/\/arcticboats.eu\/arctic-28-responder\/"},"modified":"2025-07-29T12:33:25","modified_gmt":"2025-07-29T09:33:25","slug":"arctic-28-responder","status":"publish","type":"page","link":"https:\/\/arcticboats.eu\/de\/boote\/arctic-28-responder\/","title":{"rendered":"Arctic 28 responder"},"content":{"rendered":"\t\t<div data-elementor-type=\"wp-page\" data-elementor-id=\"3063\" class=\"elementor elementor-3063 elementor-2779\">\n\t\t\t\t<div class=\"elementor-element elementor-element-dfbc76a e-con-full e-flex e-con e-parent\" data-id=\"dfbc76a\" data-element_type=\"container\" data-e-type=\"container\">\n\t\t\t\t<div class=\"elementor-element elementor-element-57e60e8 elementor-widget elementor-widget-shortcode\" data-id=\"57e60e8\" data-element_type=\"widget\" data-e-type=\"widget\" data-widget_type=\"shortcode.default\">\n\t\t\t\t\t\t\t<div class=\"elementor-shortcode\"><\/div>\n\t\t\t\t\t\t<\/div>\n\t\t\t\t<\/div>\n\t\t<div class=\"elementor-element elementor-element-5fb018d4 e-flex e-con-boxed e-con e-parent\" data-id=\"5fb018d4\" data-element_type=\"container\" data-e-type=\"container\">\n\t\t\t\t\t<div class=\"e-con-inner\">\n\t\t\t\t<div class=\"elementor-element elementor-element-d81009 elementor-widget elementor-widget-heading\" data-id=\"d81009\" data-element_type=\"widget\" data-e-type=\"widget\" data-widget_type=\"heading.default\">\n\t\t\t\t\t<h1 class=\"elementor-heading-title elementor-size-default\">Arctic 28 responder<\/h1>\t\t\t\t<\/div>\n\t\t\t\t\t<\/div>\n\t\t\t\t<\/div>\n\t\t<div class=\"elementor-element elementor-element-45d7e0e8 e-flex e-con-boxed e-con e-parent\" data-id=\"45d7e0e8\" data-element_type=\"container\" data-e-type=\"container\">\n\t\t\t\t\t<div class=\"e-con-inner\">\n\t\t<div class=\"elementor-element elementor-element-4c7b56f8 e-con-full e-flex e-con e-child\" data-id=\"4c7b56f8\" data-element_type=\"container\" data-e-type=\"container\">\n\t\t\t\t<div class=\"elementor-element elementor-element-fb836f9 elementor-widget elementor-widget-image\" data-id=\"fb836f9\" data-element_type=\"widget\" data-e-type=\"widget\" data-widget_type=\"image.default\">\n\t\t\t\t\t\t\t\t\t\t\t\t\t\t\t<img fetchpriority=\"high\" decoding=\"async\" width=\"800\" height=\"488\" src=\"https:\/\/arcticboats.eu\/wp-content\/uploads\/2025\/07\/Arctic-Responder-1024x625.jpg\" class=\"attachment-large size-large wp-image-13979\" alt=\"boat on the sea\" srcset=\"https:\/\/arcticboats.eu\/wp-content\/uploads\/2025\/07\/Arctic-Responder-1024x625.jpg 1024w, https:\/\/arcticboats.eu\/wp-content\/uploads\/2025\/07\/Arctic-Responder-300x183.jpg 300w, https:\/\/arcticboats.eu\/wp-content\/uploads\/2025\/07\/Arctic-Responder-768x468.jpg 768w, https:\/\/arcticboats.eu\/wp-content\/uploads\/2025\/07\/Arctic-Responder-1536x937.jpg 1536w, https:\/\/arcticboats.eu\/wp-content\/uploads\/2025\/07\/Arctic-Responder-2048x1249.jpg 2048w\" sizes=\"(max-width: 800px) 100vw, 800px\" \/>\t\t\t\t\t\t\t\t\t\t\t\t\t\t\t<\/div>\n\t\t\t\t<\/div>\n\t\t<div class=\"elementor-element elementor-element-52d98709 e-con-full e-flex e-con e-child\" data-id=\"52d98709\" data-element_type=\"container\" data-e-type=\"container\">\n\t\t\t\t<div class=\"elementor-element elementor-element-3a8c574e elementor-widget elementor-widget-text-editor\" data-id=\"3a8c574e\" data-element_type=\"widget\" data-e-type=\"widget\" data-widget_type=\"text-editor.default\">\n\t\t\t\t\t\t\t\t\t<p>Dieses Boot kann als milit\u00e4risches Patrouillenboot oder f\u00fcr Abenteuertouren unter rauen Bedingungen eingesetzt werden. Die Sicherheit der Besatzung ist unser Hauptanliegen, daher ist das Boot unsinkbar und extrem seet\u00fcchtig.<\/p>\n<p>Unsere Boote werden aus Hochmolekularem Polyethylen (HMWPE), einem widerstandsf\u00e4higen und haltbaren Polymer, gebaut. Die Abriebfestigkeit dieses Materials ist \u00fcberragend und eignet sich sowohl f\u00fcr raue Bedingungen als auch f\u00fcr \u00d6lbergungseins\u00e4tze.  Die Seegangeigenschaften unserer Boote \u00e4hneln denjenigen von RHIB-Booten.<\/p>\n<p>Dank der D-Fender ist der Rumpf innen ger\u00e4umig. Anders als bei RHIB-Booten verlieren die Pontons der RBB-Boote (Rigid Buoyancy Boats) keine Luft und bleiben Formstabil, was das Boot robust und sicher macht. Im Vergleich zu anderen Bootstypen bleiben, dank des geringen Reparatur- und Wartungsbedarfs, die Lebenszykluskosten dieser RBB-Boote niedrig.  <\/p>\n<p>Dieses Boot verf\u00fcgt \u00fcber eine aus glasfaserverst\u00e4rktem Kunststoff (GFK) und Divinycell in Sandwichbauweise gebaute, leichte Steuerkonsole, die Ihren W\u00fcnschen angepasst werden kann. Es besteht Platz f\u00fcr eine Toilette oder sehr viel Stauraum. <\/p>\t\t\t\t\t\t\t\t<\/div>\n\t\t\t\t<\/div>\n\t\t\t\t\t<\/div>\n\t\t\t\t<\/div>\n\t\t<div class=\"elementor-element elementor-element-531298a2 e-flex e-con-boxed e-con e-parent\" data-id=\"531298a2\" data-element_type=\"container\" data-e-type=\"container\">\n\t\t\t\t\t<div class=\"e-con-inner\">\n\t\t\t\t<div class=\"elementor-element elementor-element-110fa2ae elementor-widget elementor-widget-heading\" data-id=\"110fa2ae\" data-element_type=\"widget\" data-e-type=\"widget\" data-widget_type=\"heading.default\">\n\t\t\t\t\t<h2 class=\"elementor-heading-title elementor-size-default\">Ausstattung<\/h2>\t\t\t\t<\/div>\n\t\t\t\t<div class=\"elementor-element elementor-element-2981d251 elementor-widget elementor-widget-text-editor\" data-id=\"2981d251\" data-element_type=\"widget\" data-e-type=\"widget\" data-widget_type=\"text-editor.default\">\n\t\t\t\t\t\t\t\t\t<ul><li>Servosteuerung<\/li><li>Radar<\/li><li>2x Plotter<\/li><li>3D Echolot<\/li><li>AIS<\/li><li>VHF<\/li><li>Toilette<\/li><\/ul>\t\t\t\t\t\t\t\t<\/div>\n\t\t\t\t\t<\/div>\n\t\t\t\t<\/div>\n\t\t<div class=\"elementor-element elementor-element-347cc238 e-flex e-con-boxed e-con e-parent\" data-id=\"347cc238\" data-element_type=\"container\" data-e-type=\"container\" data-settings=\"{&quot;background_background&quot;:&quot;classic&quot;}\">\n\t\t\t\t\t<div class=\"e-con-inner\">\n\t\t<div class=\"elementor-element elementor-element-61328c9d e-con-full e-flex e-con e-child\" data-id=\"61328c9d\" data-element_type=\"container\" data-e-type=\"container\">\n\t\t\t\t<div class=\"elementor-element elementor-element-3e3166a8 elementor-widget elementor-widget-heading\" data-id=\"3e3166a8\" data-element_type=\"widget\" data-e-type=\"widget\" data-widget_type=\"heading.default\">\n\t\t\t\t\t<h2 class=\"elementor-heading-title elementor-size-default\">Technische Daten<\/h2>\t\t\t\t<\/div>\n\t\t\t\t<div class=\"elementor-element elementor-element-8f5841 elementor-widget elementor-widget-text-editor\" data-id=\"8f5841\" data-element_type=\"widget\" data-e-type=\"widget\" data-widget_type=\"text-editor.default\">\n\t\t\t\t\t\t\t\t\t<ul>\n<li>Gesamtl\u00e4nge: 8,9 m (28 ft)<\/li>\n<li>Breite: 2,6 \/ 3,1 m<\/li>\n<li>Tiefgang: 0,64 m<\/li>\n<li>Gewicht: 2500 kg<\/li>\n<li>Besatzung: 18 Personen<\/li>\n<li>Tankvolumen: 560 l<\/li>\n<li>Konstruktion: HMWPE<\/li>\n<li>Klassifizierung: B \u2013 OFFSHORE<\/li>\n<li>Max. Geschwindigkeit: 50 kts<\/li>\n<li>Au\u00dfenbordmotoren: 2 x 175 \u2013 250 PS<\/li>\n<\/ul>\t\t\t\t\t\t\t\t<\/div>\n\t\t\t\t<div class=\"elementor-element elementor-element-41c27f51 elementor-widget elementor-widget-text-editor\" data-id=\"41c27f51\" data-element_type=\"widget\" data-e-type=\"widget\" data-widget_type=\"text-editor.default\">\n\t\t\t\t\t\t\t\t\t<p><em>\u00c4nderungen der Spezifikationen ohne Ank\u00fcndigung jederzeit m\u00f6glich.<\/em><\/p>\t\t\t\t\t\t\t\t<\/div>\n\t\t\t\t<\/div>\n\t\t<div class=\"elementor-element elementor-element-1586c9b8 e-con-full e-flex e-con e-child\" data-id=\"1586c9b8\" data-element_type=\"container\" data-e-type=\"container\">\n\t\t\t\t<div class=\"elementor-element elementor-element-519bb0ff elementor-widget elementor-widget-image\" data-id=\"519bb0ff\" data-element_type=\"widget\" data-e-type=\"widget\" data-widget_type=\"image.default\">\n\t\t\t\t\t\t\t\t\t\t\t\t\t\t\t<img decoding=\"async\" width=\"399\" height=\"270\" src=\"https:\/\/arcticboats.eu\/wp-content\/uploads\/2023\/12\/A28responder-3D-snipped.png\" class=\"attachment-large size-large wp-image-2791\" alt=\"\" srcset=\"https:\/\/arcticboats.eu\/wp-content\/uploads\/2023\/12\/A28responder-3D-snipped.png 399w, https:\/\/arcticboats.eu\/wp-content\/uploads\/2023\/12\/A28responder-3D-snipped-300x203.png 300w\" sizes=\"(max-width: 399px) 100vw, 399px\" \/>\t\t\t\t\t\t\t\t\t\t\t\t\t\t\t<\/div>\n\t\t\t\t<\/div>\n\t\t\t\t\t<\/div>\n\t\t\t\t<\/div>\n\t\t<div class=\"elementor-element elementor-element-14aef11b e-flex e-con-boxed e-con e-parent\" data-id=\"14aef11b\" data-element_type=\"container\" data-e-type=\"container\">\n\t\t\t\t\t<div class=\"e-con-inner\">\n\t\t\t\t<div class=\"elementor-element elementor-element-636f6a77 gallery-spacing-custom elementor-widget elementor-widget-image-gallery\" data-id=\"636f6a77\" data-element_type=\"widget\" data-e-type=\"widget\" data-widget_type=\"image-gallery.default\">\n\t\t\t\t\t\t\t<div class=\"elementor-image-gallery\">\n\t\t\t<div id='gallery-1' class='gallery galleryid-3063 gallery-columns-4 gallery-size-thumbnail'><figure class='gallery-item'>\n\t\t\t<div class='gallery-icon landscape'>\n\t\t\t\t<a data-elementor-open-lightbox=\"yes\" data-elementor-lightbox-slideshow=\"636f6a77\" data-e-action-hash=\"#elementor-action%3Aaction%3Dlightbox%26settings%3DeyJpZCI6MTM5ODUsInVybCI6Imh0dHBzOlwvXC9hcmN0aWNib2F0cy5ldVwvd3AtY29udGVudFwvdXBsb2Fkc1wvMjAyNVwvMDdcL2FyY3RpY2JvYXQxLjE4NC5qcGciLCJzbGlkZXNob3ciOiI2MzZmNmE3NyJ9\" href='https:\/\/arcticboats.eu\/wp-content\/uploads\/2025\/07\/arcticboat1.184.jpg'><img decoding=\"async\" width=\"150\" height=\"150\" src=\"https:\/\/arcticboats.eu\/wp-content\/uploads\/2025\/07\/arcticboat1.184-150x150.jpg\" class=\"attachment-thumbnail size-thumbnail\" alt=\"boat on the sea\" \/><\/a>\n\t\t\t<\/div><\/figure><figure class='gallery-item'>\n\t\t\t<div class='gallery-icon landscape'>\n\t\t\t\t<a data-elementor-open-lightbox=\"yes\" data-elementor-lightbox-slideshow=\"636f6a77\" data-e-action-hash=\"#elementor-action%3Aaction%3Dlightbox%26settings%3DeyJpZCI6MTM5NzksInVybCI6Imh0dHBzOlwvXC9hcmN0aWNib2F0cy5ldVwvd3AtY29udGVudFwvdXBsb2Fkc1wvMjAyNVwvMDdcL0FyY3RpYy1SZXNwb25kZXItc2NhbGVkLmpwZyIsInNsaWRlc2hvdyI6IjYzNmY2YTc3In0%3D\" href='https:\/\/arcticboats.eu\/wp-content\/uploads\/2025\/07\/Arctic-Responder-scaled.jpg'><img loading=\"lazy\" decoding=\"async\" width=\"150\" height=\"150\" src=\"https:\/\/arcticboats.eu\/wp-content\/uploads\/2025\/07\/Arctic-Responder-150x150.jpg\" class=\"attachment-thumbnail size-thumbnail\" alt=\"boat on the sea\" \/><\/a>\n\t\t\t<\/div><\/figure><figure class='gallery-item'>\n\t\t\t<div class='gallery-icon landscape'>\n\t\t\t\t<a data-elementor-open-lightbox=\"yes\" data-elementor-lightbox-slideshow=\"636f6a77\" data-e-action-hash=\"#elementor-action%3Aaction%3Dlightbox%26settings%3DeyJpZCI6Mjc5NSwidXJsIjoiaHR0cHM6XC9cL2FyY3RpY2JvYXRzLmV1XC93cC1jb250ZW50XC91cGxvYWRzXC8yMDIzXC8xMlwvQTI4cmVzcG9uZGVyLXNuaXBwZWQtMi5qcGciLCJzbGlkZXNob3ciOiI2MzZmNmE3NyJ9\" href='https:\/\/arcticboats.eu\/wp-content\/uploads\/2023\/12\/A28responder-snipped-2.jpg'><img loading=\"lazy\" decoding=\"async\" width=\"150\" height=\"150\" src=\"https:\/\/arcticboats.eu\/wp-content\/uploads\/2023\/12\/A28responder-snipped-2-150x150.jpg\" class=\"attachment-thumbnail size-thumbnail\" alt=\"\" \/><\/a>\n\t\t\t<\/div><\/figure><figure class='gallery-item'>\n\t\t\t<div class='gallery-icon landscape'>\n\t\t\t\t<a data-elementor-open-lightbox=\"yes\" data-elementor-lightbox-slideshow=\"636f6a77\" data-e-action-hash=\"#elementor-action%3Aaction%3Dlightbox%26settings%3DeyJpZCI6MTM5ODIsInVybCI6Imh0dHBzOlwvXC9hcmN0aWNib2F0cy5ldVwvd3AtY29udGVudFwvdXBsb2Fkc1wvMjAyNVwvMDdcL0FyY3RpYy1SZXNwb25kZXItMjgtZnQuanBnIiwic2xpZGVzaG93IjoiNjM2ZjZhNzcifQ%3D%3D\" href='https:\/\/arcticboats.eu\/wp-content\/uploads\/2025\/07\/Arctic-Responder-28-ft.jpg'><img loading=\"lazy\" decoding=\"async\" width=\"150\" height=\"150\" src=\"https:\/\/arcticboats.eu\/wp-content\/uploads\/2025\/07\/Arctic-Responder-28-ft-150x150.jpg\" class=\"attachment-thumbnail size-thumbnail\" alt=\"boat on the sea icy rocks in the background\" \/><\/a>\n\t\t\t<\/div><\/figure><figure class='gallery-item'>\n\t\t\t<div class='gallery-icon landscape'>\n\t\t\t\t<a data-elementor-open-lightbox=\"yes\" data-elementor-lightbox-slideshow=\"636f6a77\" data-e-action-hash=\"#elementor-action%3Aaction%3Dlightbox%26settings%3DeyJpZCI6Mjc5MywidXJsIjoiaHR0cHM6XC9cL2FyY3RpY2JvYXRzLmV1XC93cC1jb250ZW50XC91cGxvYWRzXC8yMDIzXC8xMlwvQTI4cmVzcG9uZGVyLTNELXNuaXBwZWQtMi5qcGciLCJzbGlkZXNob3ciOiI2MzZmNmE3NyJ9\" href='https:\/\/arcticboats.eu\/wp-content\/uploads\/2023\/12\/A28responder-3D-snipped-2.jpg'><img loading=\"lazy\" decoding=\"async\" width=\"150\" height=\"150\" src=\"https:\/\/arcticboats.eu\/wp-content\/uploads\/2023\/12\/A28responder-3D-snipped-2-150x150.jpg\" class=\"attachment-thumbnail size-thumbnail\" alt=\"\" \/><\/a>\n\t\t\t<\/div><\/figure>\n\t\t<\/div>\n\t\t<\/div>\n\t\t\t\t\t\t<\/div>\n\t\t\t\t\t<\/div>\n\t\t\t\t<\/div>\n\t\t\t\t<\/div>\n\t\t","protected":false},"excerpt":{"rendered":"<p>Arctic 28 responder Dieses Boot kann als milit\u00e4risches Patrouillenboot oder f\u00fcr Abenteuertouren unter rauen Bedingungen eingesetzt werden. Die Sicherheit der Besatzung ist unser Hauptanliegen, daher ist das Boot unsinkbar und extrem seet\u00fcchtig. Unsere Boote werden aus Hochmolekularem Polyethylen (HMWPE), einem widerstandsf\u00e4higen und haltbaren Polymer, gebaut. Die Abriebfestigkeit dieses Materials ist \u00fcberragend und eignet sich sowohl [&hellip;]<\/p>\n","protected":false},"author":3,"featured_media":0,"parent":3095,"menu_order":0,"comment_status":"closed","ping_status":"closed","template":"","meta":{"_seopress_robots_primary_cat":"","_seopress_titles_title":"Arctic 28 responder - Arctic Airboats Oy","_seopress_titles_desc":"","_seopress_robots_index":"","footnotes":""},"class_list":["post-3063","page","type-page","status-publish","hentry"],"_links":{"self":[{"href":"https:\/\/arcticboats.eu\/de\/wp-json\/wp\/v2\/pages\/3063","targetHints":{"allow":["GET"]}}],"collection":[{"href":"https:\/\/arcticboats.eu\/de\/wp-json\/wp\/v2\/pages"}],"about":[{"href":"https:\/\/arcticboats.eu\/de\/wp-json\/wp\/v2\/types\/page"}],"author":[{"embeddable":true,"href":"https:\/\/arcticboats.eu\/de\/wp-json\/wp\/v2\/users\/3"}],"replies":[{"embeddable":true,"href":"https:\/\/arcticboats.eu\/de\/wp-json\/wp\/v2\/comments?post=3063"}],"version-history":[{"count":2,"href":"https:\/\/arcticboats.eu\/de\/wp-json\/wp\/v2\/pages\/3063\/revisions"}],"predecessor-version":[{"id":13997,"href":"https:\/\/arcticboats.eu\/de\/wp-json\/wp\/v2\/pages\/3063\/revisions\/13997"}],"up":[{"embeddable":true,"href":"https:\/\/arcticboats.eu\/de\/wp-json\/wp\/v2\/pages\/3095"}],"wp:attachment":[{"href":"https:\/\/arcticboats.eu\/de\/wp-json\/wp\/v2\/media?parent=3063"}],"curies":[{"name":"wp","href":"https:\/\/api.w.org\/{rel}","templated":true}]}}