{"id":3059,"date":"2023-12-06T14:46:41","date_gmt":"2023-12-06T11:46:41","guid":{"rendered":"https:\/\/arcticboats.eu\/arctic-jet-boat\/"},"modified":"2025-09-24T14:06:05","modified_gmt":"2025-09-24T11:06:05","slug":"arctic-jet-boat","status":"publish","type":"page","link":"https:\/\/arcticboats.eu\/de\/boote\/arctic-jet-boat\/","title":{"rendered":"Arctic Jet Boat"},"content":{"rendered":"\t\t<div data-elementor-type=\"wp-page\" data-elementor-id=\"3059\" class=\"elementor elementor-3059 elementor-2797\">\n\t\t\t\t<div class=\"elementor-element elementor-element-147b819 e-con-full e-flex e-con e-parent\" data-id=\"147b819\" data-element_type=\"container\" data-e-type=\"container\">\n\t\t\t\t<div class=\"elementor-element elementor-element-516f9ee elementor-widget elementor-widget-shortcode\" data-id=\"516f9ee\" data-element_type=\"widget\" data-e-type=\"widget\" data-widget_type=\"shortcode.default\">\n\t\t\t\t\t\t\t<div class=\"elementor-shortcode\"><\/div>\n\t\t\t\t\t\t<\/div>\n\t\t\t\t<\/div>\n\t\t<div class=\"elementor-element elementor-element-360b7a99 e-flex e-con-boxed e-con e-parent\" data-id=\"360b7a99\" data-element_type=\"container\" data-e-type=\"container\">\n\t\t\t\t\t<div class=\"e-con-inner\">\n\t\t\t\t<div class=\"elementor-element elementor-element-740aaecf elementor-widget elementor-widget-heading\" data-id=\"740aaecf\" data-element_type=\"widget\" data-e-type=\"widget\" data-widget_type=\"heading.default\">\n\t\t\t\t\t<h1 class=\"elementor-heading-title elementor-size-default\">Arctic Jet Boat<\/h1>\t\t\t\t<\/div>\n\t\t\t\t<div class=\"elementor-element elementor-element-469cbec elementor-widget elementor-widget-heading\" data-id=\"469cbec\" data-element_type=\"widget\" data-e-type=\"widget\" data-widget_type=\"heading.default\">\n\t\t\t\t\t<h2 class=\"elementor-heading-title elementor-size-default\">Rettungsboot\n<\/h2>\t\t\t\t<\/div>\n\t\t\t\t\t<\/div>\n\t\t\t\t<\/div>\n\t\t<div class=\"elementor-element elementor-element-72b602f5 e-flex e-con-boxed e-con e-parent\" data-id=\"72b602f5\" data-element_type=\"container\" data-e-type=\"container\">\n\t\t\t\t\t<div class=\"e-con-inner\">\n\t\t<div class=\"elementor-element elementor-element-45d6b965 e-con-full e-flex e-con e-child\" data-id=\"45d6b965\" data-element_type=\"container\" data-e-type=\"container\">\n\t\t\t\t<div class=\"elementor-element elementor-element-2452a52f elementor-widget elementor-widget-image\" data-id=\"2452a52f\" data-element_type=\"widget\" data-e-type=\"widget\" data-widget_type=\"image.default\">\n\t\t\t\t\t\t\t\t\t\t\t\t\t\t\t<img fetchpriority=\"high\" decoding=\"async\" width=\"601\" height=\"340\" src=\"https:\/\/arcticboats.eu\/wp-content\/uploads\/2023\/12\/JetBoat-Facebook.jpg\" class=\"attachment-large size-large wp-image-2805\" alt=\"\" srcset=\"https:\/\/arcticboats.eu\/wp-content\/uploads\/2023\/12\/JetBoat-Facebook.jpg 601w, https:\/\/arcticboats.eu\/wp-content\/uploads\/2023\/12\/JetBoat-Facebook-300x170.jpg 300w\" sizes=\"(max-width: 601px) 100vw, 601px\" \/>\t\t\t\t\t\t\t\t\t\t\t\t\t\t\t<\/div>\n\t\t\t\t<\/div>\n\t\t<div class=\"elementor-element elementor-element-1fd85157 e-con-full e-flex e-con e-child\" data-id=\"1fd85157\" data-element_type=\"container\" data-e-type=\"container\">\n\t\t\t\t<div class=\"elementor-element elementor-element-7ecf7947 elementor-widget elementor-widget-text-editor\" data-id=\"7ecf7947\" data-element_type=\"widget\" data-e-type=\"widget\" data-widget_type=\"text-editor.default\">\n\t\t\t\t\t\t\t\t\t<p>Wie sieht das perfekte Rettungsboot aus?<br><strong>Sicher | Stabil | Seetauglich | Schnell | Berechenbar | Jet Antrieb, sicher f\u00fcr Opfer im Wasser | Ger\u00e4umig | Vielseitig, mehrzwecktauglich | Sto\u00dfresistent, widerstandsf\u00e4hig | Servicefreundlich | G\u00fcnstig in der Anschaffung<\/strong><\/p>\n<p>Bereits der erste Test mit dem Arctic Jet Boat war ein voller Erfolg und es bewies \u00fcberraschend gute Stabilit\u00e4t. Sogar bei Geschwindigkeiten \u00fcber 40 Knoten f\u00fchlte sich das Boot sicher und berechenbar an. Das Test-PWC hatte 220 PS.<\/p>\n<p>Der Rumpf des Jet Boots ist aus Hochmolekularem Polyethylen (HMWPE) geschwei\u00dft und basiert auf dem des seetauglichen A17 Rettungsboots. Das An- und Abdocken des PWC geht schnell und leicht: einfach entriegeln und zur\u00fccksto\u00dfen.<\/p>\n<p>Der Gesamtpreis dieser Combo ist g\u00fcnstiger als ein herk\u00f6mmliches Boot, und man erh\u00e4lt die Leistung eines deutlich gr\u00f6\u00dferen Bootes. Der Jet-Antrieb erm\u00f6glicht enges, aber dennoch sicheres und einfaches Man\u00f6vrieren um ein Opfer herum.<\/p>\n<p>Ein fantastisches Ger\u00e4t! Bis zu 7 Personen Besatzung. Erweitern Sie die Rettungsm\u00f6glichkeiten Ihres PWCs um ein Vielfaches!<\/p>\t\t\t\t\t\t\t\t<\/div>\n\t\t\t\t<\/div>\n\t\t\t\t\t<\/div>\n\t\t\t\t<\/div>\n\t\t<div class=\"elementor-element elementor-element-2986ef4f e-flex e-con-boxed e-con e-parent\" data-id=\"2986ef4f\" data-element_type=\"container\" data-e-type=\"container\">\n\t\t\t\t\t<div class=\"e-con-inner\">\n\t\t\t\t<div class=\"elementor-element elementor-element-874ee5e elementor-widget elementor-widget-heading\" data-id=\"874ee5e\" data-element_type=\"widget\" data-e-type=\"widget\" data-widget_type=\"heading.default\">\n\t\t\t\t\t<h2 class=\"elementor-heading-title elementor-size-default\">Ausstattung<\/h2>\t\t\t\t<\/div>\n\t\t\t\t<div class=\"elementor-element elementor-element-7b211598 elementor-widget elementor-widget-text-editor\" data-id=\"7b211598\" data-element_type=\"widget\" data-e-type=\"widget\" data-widget_type=\"text-editor.default\">\n\t\t\t\t\t\t\t\t\t<ul>\n<li>Targa-Rahmen mit Fahrbeleuchtung<\/li>\n<li>Arbeitsscheinwerfer<\/li>\n<li>Plotter<\/li>\n<\/ul>\t\t\t\t\t\t\t\t<\/div>\n\t\t\t\t\t<\/div>\n\t\t\t\t<\/div>\n\t\t<div class=\"elementor-element elementor-element-1b84223f e-flex e-con-boxed e-con e-parent\" data-id=\"1b84223f\" data-element_type=\"container\" data-e-type=\"container\" data-settings=\"{&quot;background_background&quot;:&quot;classic&quot;}\">\n\t\t\t\t\t<div class=\"e-con-inner\">\n\t\t<div class=\"elementor-element elementor-element-4654f17c e-con-full e-flex e-con e-child\" data-id=\"4654f17c\" data-element_type=\"container\" data-e-type=\"container\">\n\t\t\t\t<div class=\"elementor-element elementor-element-2042906 elementor-widget elementor-widget-heading\" data-id=\"2042906\" data-element_type=\"widget\" data-e-type=\"widget\" data-widget_type=\"heading.default\">\n\t\t\t\t\t<h2 class=\"elementor-heading-title elementor-size-default\">Technische Daten<\/h2>\t\t\t\t<\/div>\n\t\t\t\t<div class=\"elementor-element elementor-element-2d07add9 elementor-widget elementor-widget-text-editor\" data-id=\"2d07add9\" data-element_type=\"widget\" data-e-type=\"widget\" data-widget_type=\"text-editor.default\">\n\t\t\t\t\t\t\t\t\t<ul>\n<li>Gesamtl\u00e4nge: 5,2 m<\/li>\n<li>Breite 2,1 m<\/li>\n<li>Tiefgang: 0,30 m<\/li>\n<li>Gewicht: 380 kg, ohne PWC<\/li>\n<li>Geschwindigkeit bei 300 PS: 50 kn<\/li>\n<\/ul>\t\t\t\t\t\t\t\t<\/div>\n\t\t\t\t<div class=\"elementor-element elementor-element-35ba1a74 elementor-widget elementor-widget-text-editor\" data-id=\"35ba1a74\" data-element_type=\"widget\" data-e-type=\"widget\" data-widget_type=\"text-editor.default\">\n\t\t\t\t\t\t\t\t\t<p><em>\u00c4nderungen der Spezifikationen ohne Ank\u00fcndigung jederzeit m\u00f6glich.<\/em><\/p>\t\t\t\t\t\t\t\t<\/div>\n\t\t\t\t<\/div>\n\t\t<div class=\"elementor-element elementor-element-161ac9e9 e-con-full e-flex e-con e-child\" data-id=\"161ac9e9\" data-element_type=\"container\" data-e-type=\"container\">\n\t\t\t\t<div class=\"elementor-element elementor-element-1b053130 elementor-widget elementor-widget-image\" data-id=\"1b053130\" data-element_type=\"widget\" data-e-type=\"widget\" data-widget_type=\"image.default\">\n\t\t\t\t\t\t\t\t\t\t\t\t\t\t\t<img decoding=\"async\" width=\"800\" height=\"209\" src=\"https:\/\/arcticboats.eu\/wp-content\/uploads\/2023\/12\/Jetboat-test-run-Oct20-1024x267.jpg\" class=\"attachment-large size-large wp-image-2801\" alt=\"\" srcset=\"https:\/\/arcticboats.eu\/wp-content\/uploads\/2023\/12\/Jetboat-test-run-Oct20-1024x267.jpg 1024w, https:\/\/arcticboats.eu\/wp-content\/uploads\/2023\/12\/Jetboat-test-run-Oct20-300x78.jpg 300w, https:\/\/arcticboats.eu\/wp-content\/uploads\/2023\/12\/Jetboat-test-run-Oct20-768x200.jpg 768w, https:\/\/arcticboats.eu\/wp-content\/uploads\/2023\/12\/Jetboat-test-run-Oct20-1536x400.jpg 1536w, https:\/\/arcticboats.eu\/wp-content\/uploads\/2023\/12\/Jetboat-test-run-Oct20.jpg 1920w\" sizes=\"(max-width: 800px) 100vw, 800px\" \/>\t\t\t\t\t\t\t\t\t\t\t\t\t\t\t<\/div>\n\t\t\t\t<\/div>\n\t\t\t\t\t<\/div>\n\t\t\t\t<\/div>\n\t\t<div class=\"elementor-element elementor-element-4a7566d6 e-flex e-con-boxed e-con e-parent\" data-id=\"4a7566d6\" data-element_type=\"container\" data-e-type=\"container\">\n\t\t\t\t\t<div class=\"e-con-inner\">\n\t\t\t\t<div class=\"elementor-element elementor-element-7c599fde gallery-spacing-custom elementor-widget elementor-widget-image-gallery\" data-id=\"7c599fde\" data-element_type=\"widget\" data-e-type=\"widget\" data-widget_type=\"image-gallery.default\">\n\t\t\t\t\t\t\t<div class=\"elementor-image-gallery\">\n\t\t\t<div id='gallery-1' class='gallery galleryid-3059 gallery-columns-4 gallery-size-thumbnail'><figure class='gallery-item'>\n\t\t\t<div class='gallery-icon landscape'>\n\t\t\t\t<a data-elementor-open-lightbox=\"yes\" data-elementor-lightbox-slideshow=\"7c599fde\" data-e-action-hash=\"#elementor-action%3Aaction%3Dlightbox%26settings%3DeyJpZCI6MjgwNSwidXJsIjoiaHR0cHM6XC9cL2FyY3RpY2JvYXRzLmV1XC93cC1jb250ZW50XC91cGxvYWRzXC8yMDIzXC8xMlwvSmV0Qm9hdC1GYWNlYm9vay5qcGciLCJzbGlkZXNob3ciOiI3YzU5OWZkZSJ9\" href='https:\/\/arcticboats.eu\/wp-content\/uploads\/2023\/12\/JetBoat-Facebook.jpg'><img decoding=\"async\" width=\"150\" height=\"150\" src=\"https:\/\/arcticboats.eu\/wp-content\/uploads\/2023\/12\/JetBoat-Facebook-150x150.jpg\" class=\"attachment-thumbnail size-thumbnail\" alt=\"\" \/><\/a>\n\t\t\t<\/div><\/figure><figure class='gallery-item'>\n\t\t\t<div class='gallery-icon landscape'>\n\t\t\t\t<a data-elementor-open-lightbox=\"yes\" data-elementor-lightbox-slideshow=\"7c599fde\" data-e-action-hash=\"#elementor-action%3Aaction%3Dlightbox%26settings%3DeyJpZCI6MjgxNSwidXJsIjoiaHR0cHM6XC9cL2FyY3RpY2JvYXRzLmV1XC93cC1jb250ZW50XC91cGxvYWRzXC8yMDIzXC8xMlwvSmV0Ym9hdC1yYW5uYXNzYS5qcGciLCJzbGlkZXNob3ciOiI3YzU5OWZkZSJ9\" href='https:\/\/arcticboats.eu\/wp-content\/uploads\/2023\/12\/Jetboat-rannassa.jpg'><img loading=\"lazy\" decoding=\"async\" width=\"150\" height=\"150\" src=\"https:\/\/arcticboats.eu\/wp-content\/uploads\/2023\/12\/Jetboat-rannassa-150x150.jpg\" class=\"attachment-thumbnail size-thumbnail\" alt=\"\" \/><\/a>\n\t\t\t<\/div><\/figure><figure class='gallery-item'>\n\t\t\t<div class='gallery-icon landscape'>\n\t\t\t\t<a data-elementor-open-lightbox=\"yes\" data-elementor-lightbox-slideshow=\"7c599fde\" data-e-action-hash=\"#elementor-action%3Aaction%3Dlightbox%26settings%3DeyJpZCI6MjgwOSwidXJsIjoiaHR0cHM6XC9cL2FyY3RpY2JvYXRzLmV1XC93cC1jb250ZW50XC91cGxvYWRzXC8yMDIzXC8xMlwvSEVOLTY1MzAuanBnIiwic2xpZGVzaG93IjoiN2M1OTlmZGUifQ%3D%3D\" href='https:\/\/arcticboats.eu\/wp-content\/uploads\/2023\/12\/HEN-6530.jpg'><img loading=\"lazy\" decoding=\"async\" width=\"150\" height=\"150\" src=\"https:\/\/arcticboats.eu\/wp-content\/uploads\/2023\/12\/HEN-6530-150x150.jpg\" class=\"attachment-thumbnail size-thumbnail\" alt=\"\" \/><\/a>\n\t\t\t<\/div><\/figure><figure class='gallery-item'>\n\t\t\t<div class='gallery-icon landscape'>\n\t\t\t\t<a data-elementor-open-lightbox=\"yes\" data-elementor-lightbox-slideshow=\"7c599fde\" data-e-action-hash=\"#elementor-action%3Aaction%3Dlightbox%26settings%3DeyJpZCI6MjgxMywidXJsIjoiaHR0cHM6XC9cL2FyY3RpY2JvYXRzLmV1XC93cC1jb250ZW50XC91cGxvYWRzXC8yMDIzXC8xMlwvSmV0Ym9hdC1pbi13YXZlLmpwZyIsInNsaWRlc2hvdyI6IjdjNTk5ZmRlIn0%3D\" href='https:\/\/arcticboats.eu\/wp-content\/uploads\/2023\/12\/Jetboat-in-wave.jpg'><img loading=\"lazy\" decoding=\"async\" width=\"150\" height=\"150\" src=\"https:\/\/arcticboats.eu\/wp-content\/uploads\/2023\/12\/Jetboat-in-wave-150x150.jpg\" class=\"attachment-thumbnail size-thumbnail\" alt=\"\" \/><\/a>\n\t\t\t<\/div><\/figure><figure class='gallery-item'>\n\t\t\t<div class='gallery-icon landscape'>\n\t\t\t\t<a data-elementor-open-lightbox=\"yes\" data-elementor-lightbox-slideshow=\"7c599fde\" data-e-action-hash=\"#elementor-action%3Aaction%3Dlightbox%26settings%3DeyJpZCI6MjgwMSwidXJsIjoiaHR0cHM6XC9cL2FyY3RpY2JvYXRzLmV1XC93cC1jb250ZW50XC91cGxvYWRzXC8yMDIzXC8xMlwvSmV0Ym9hdC10ZXN0LXJ1bi1PY3QyMC5qcGciLCJzbGlkZXNob3ciOiI3YzU5OWZkZSJ9\" href='https:\/\/arcticboats.eu\/wp-content\/uploads\/2023\/12\/Jetboat-test-run-Oct20.jpg'><img loading=\"lazy\" decoding=\"async\" width=\"150\" height=\"150\" src=\"https:\/\/arcticboats.eu\/wp-content\/uploads\/2023\/12\/Jetboat-test-run-Oct20-150x150.jpg\" class=\"attachment-thumbnail size-thumbnail\" alt=\"\" \/><\/a>\n\t\t\t<\/div><\/figure><figure class='gallery-item'>\n\t\t\t<div class='gallery-icon landscape'>\n\t\t\t\t<a data-elementor-open-lightbox=\"yes\" data-elementor-lightbox-slideshow=\"7c599fde\" data-e-action-hash=\"#elementor-action%3Aaction%3Dlightbox%26settings%3DeyJpZCI6MjgwNywidXJsIjoiaHR0cHM6XC9cL2FyY3RpY2JvYXRzLmV1XC93cC1jb250ZW50XC91cGxvYWRzXC8yMDIzXC8xMlwvSEVOLTY1MDYuanBnIiwic2xpZGVzaG93IjoiN2M1OTlmZGUifQ%3D%3D\" href='https:\/\/arcticboats.eu\/wp-content\/uploads\/2023\/12\/HEN-6506.jpg'><img loading=\"lazy\" decoding=\"async\" width=\"150\" height=\"150\" src=\"https:\/\/arcticboats.eu\/wp-content\/uploads\/2023\/12\/HEN-6506-150x150.jpg\" class=\"attachment-thumbnail size-thumbnail\" alt=\"\" \/><\/a>\n\t\t\t<\/div><\/figure>\n\t\t<\/div>\n\t\t<\/div>\n\t\t\t\t\t\t<\/div>\n\t\t\t\t\t<\/div>\n\t\t\t\t<\/div>\n\t\t\t\t<\/div>\n\t\t","protected":false},"excerpt":{"rendered":"<p>Arctic Jet Boat Rettungsboot Wie sieht das perfekte Rettungsboot aus?Sicher | Stabil | Seetauglich | Schnell | Berechenbar | Jet Antrieb, sicher f\u00fcr Opfer im Wasser | Ger\u00e4umig | Vielseitig, mehrzwecktauglich | Sto\u00dfresistent, widerstandsf\u00e4hig | Servicefreundlich | G\u00fcnstig in der Anschaffung Bereits der erste Test mit dem Arctic Jet Boat war ein voller Erfolg und [&hellip;]<\/p>\n","protected":false},"author":3,"featured_media":0,"parent":3095,"menu_order":0,"comment_status":"closed","ping_status":"closed","template":"","meta":{"_seopress_robots_primary_cat":"","_seopress_titles_title":"Arctic Jet Boat - Arctic Airboats Oy","_seopress_titles_desc":"","_seopress_robots_index":"","footnotes":""},"class_list":["post-3059","page","type-page","status-publish","hentry"],"_links":{"self":[{"href":"https:\/\/arcticboats.eu\/de\/wp-json\/wp\/v2\/pages\/3059","targetHints":{"allow":["GET"]}}],"collection":[{"href":"https:\/\/arcticboats.eu\/de\/wp-json\/wp\/v2\/pages"}],"about":[{"href":"https:\/\/arcticboats.eu\/de\/wp-json\/wp\/v2\/types\/page"}],"author":[{"embeddable":true,"href":"https:\/\/arcticboats.eu\/de\/wp-json\/wp\/v2\/users\/3"}],"replies":[{"embeddable":true,"href":"https:\/\/arcticboats.eu\/de\/wp-json\/wp\/v2\/comments?post=3059"}],"version-history":[{"count":3,"href":"https:\/\/arcticboats.eu\/de\/wp-json\/wp\/v2\/pages\/3059\/revisions"}],"predecessor-version":[{"id":14598,"href":"https:\/\/arcticboats.eu\/de\/wp-json\/wp\/v2\/pages\/3059\/revisions\/14598"}],"up":[{"embeddable":true,"href":"https:\/\/arcticboats.eu\/de\/wp-json\/wp\/v2\/pages\/3095"}],"wp:attachment":[{"href":"https:\/\/arcticboats.eu\/de\/wp-json\/wp\/v2\/media?parent=3059"}],"curies":[{"name":"wp","href":"https:\/\/api.w.org\/{rel}","templated":true}]}}