{"id":3053,"date":"2023-12-07T07:59:08","date_gmt":"2023-12-07T04:59:08","guid":{"rendered":"https:\/\/arcticboats.eu\/arctic-mini-jetboat\/"},"modified":"2025-07-29T11:05:34","modified_gmt":"2025-07-29T08:05:34","slug":"arctic-mini-jetboat","status":"publish","type":"page","link":"https:\/\/arcticboats.eu\/de\/boote\/arctic-mini-jetboat\/","title":{"rendered":"Arctic Mini Jetboat"},"content":{"rendered":"\t\t<div data-elementor-type=\"wp-page\" data-elementor-id=\"3053\" class=\"elementor elementor-3053 elementor-2819\">\n\t\t\t\t<div class=\"elementor-element elementor-element-f78afcd e-con-full e-flex e-con e-parent\" data-id=\"f78afcd\" data-element_type=\"container\" data-e-type=\"container\">\n\t\t\t\t<div class=\"elementor-element elementor-element-e608ee2 elementor-widget elementor-widget-shortcode\" data-id=\"e608ee2\" data-element_type=\"widget\" data-e-type=\"widget\" data-widget_type=\"shortcode.default\">\n\t\t\t\t\t\t\t<div class=\"elementor-shortcode\"><\/div>\n\t\t\t\t\t\t<\/div>\n\t\t\t\t<\/div>\n\t\t<div class=\"elementor-element elementor-element-2d7fd050 e-flex e-con-boxed e-con e-parent\" data-id=\"2d7fd050\" data-element_type=\"container\" data-e-type=\"container\">\n\t\t\t\t\t<div class=\"e-con-inner\">\n\t\t\t\t<div class=\"elementor-element elementor-element-3cc2872a elementor-widget elementor-widget-heading\" data-id=\"3cc2872a\" data-element_type=\"widget\" data-e-type=\"widget\" data-widget_type=\"heading.default\">\n\t\t\t\t\t<h1 class=\"elementor-heading-title elementor-size-default\">Arctic Mini Jetboat<\/h1>\t\t\t\t<\/div>\n\t\t\t\t<div class=\"elementor-element elementor-element-cd00c76 elementor-widget elementor-widget-heading\" data-id=\"cd00c76\" data-element_type=\"widget\" data-e-type=\"widget\" data-widget_type=\"heading.default\">\n\t\t\t\t\t<h2 class=\"elementor-heading-title elementor-size-default\">Rettungsboot<\/h2>\t\t\t\t<\/div>\n\t\t\t\t\t<\/div>\n\t\t\t\t<\/div>\n\t\t<div class=\"elementor-element elementor-element-7deb8de3 e-flex e-con-boxed e-con e-parent\" data-id=\"7deb8de3\" data-element_type=\"container\" data-e-type=\"container\">\n\t\t\t\t\t<div class=\"e-con-inner\">\n\t\t<div class=\"elementor-element elementor-element-55430742 e-con-full e-flex e-con e-child\" data-id=\"55430742\" data-element_type=\"container\" data-e-type=\"container\">\n\t\t\t\t<div class=\"elementor-element elementor-element-6a56ecde elementor-widget elementor-widget-image\" data-id=\"6a56ecde\" data-element_type=\"widget\" data-e-type=\"widget\" data-widget_type=\"image.default\">\n\t\t\t\t\t\t\t\t\t\t\t\t\t\t\t<img fetchpriority=\"high\" decoding=\"async\" width=\"600\" height=\"338\" src=\"https:\/\/arcticboats.eu\/wp-content\/uploads\/2023\/12\/IMG-6327.jpg\" class=\"attachment-large size-large wp-image-2831\" alt=\"\" srcset=\"https:\/\/arcticboats.eu\/wp-content\/uploads\/2023\/12\/IMG-6327.jpg 600w, https:\/\/arcticboats.eu\/wp-content\/uploads\/2023\/12\/IMG-6327-300x169.jpg 300w\" sizes=\"(max-width: 600px) 100vw, 600px\" \/>\t\t\t\t\t\t\t\t\t\t\t\t\t\t\t<\/div>\n\t\t\t\t<\/div>\n\t\t<div class=\"elementor-element elementor-element-46570ce9 e-con-full e-flex e-con e-child\" data-id=\"46570ce9\" data-element_type=\"container\" data-e-type=\"container\">\n\t\t\t\t<div class=\"elementor-element elementor-element-54c00462 elementor-widget elementor-widget-text-editor\" data-id=\"54c00462\" data-element_type=\"widget\" data-e-type=\"widget\" data-widget_type=\"text-editor.default\">\n\t\t\t\t\t\t\t\t\t<p>Erweitern Sie die M\u00f6glichkeiten eines PWC enorm mit einem andockbaren U-f\u00f6rmigen Bootsrumpf, der Platz f\u00fcr 5 Personen bietet.<\/p>\n<p>Die Stabilit\u00e4t des Jetboats ist unglaublich gut. Fast unm\u00f6glich zu kentern.<\/p>\n<p>Mit dem PWC-Jetantrieb ist die Kombination sehr vielseitig, l\u00e4sst sich m\u00fchelos wenden und in Rettungssituationen leicht an einem Ort halten.<\/p>\n<p>Das Boot besteht aus hochmolekularem Polyethylen und ist wesentlich stabiler und widerstandsf\u00e4higer als ein Bootsrumpf aus GFK. Das Jetboat ist unsinkbar und daher f\u00fcr die Besatzung sehr sicher.<\/p>\n<p>Das PWC kann durch L\u00f6sen der Verriegelung und R\u00fcckw\u00e4rtsfahren aus dem Boot ausgedockt werden.<\/p>\t\t\t\t\t\t\t\t<\/div>\n\t\t\t\t<\/div>\n\t\t\t\t\t<\/div>\n\t\t\t\t<\/div>\n\t\t<div class=\"elementor-element elementor-element-22f6a224 e-flex e-con-boxed e-con e-parent\" data-id=\"22f6a224\" data-element_type=\"container\" data-e-type=\"container\">\n\t\t\t\t\t<div class=\"e-con-inner\">\n\t\t\t\t<div class=\"elementor-element elementor-element-1a3f9db elementor-widget elementor-widget-heading\" data-id=\"1a3f9db\" data-element_type=\"widget\" data-e-type=\"widget\" data-widget_type=\"heading.default\">\n\t\t\t\t\t<h2 class=\"elementor-heading-title elementor-size-default\">Ausstattung<\/h2>\t\t\t\t<\/div>\n\t\t\t\t<div class=\"elementor-element elementor-element-39621e2e elementor-widget elementor-widget-text-editor\" data-id=\"39621e2e\" data-element_type=\"widget\" data-e-type=\"widget\" data-widget_type=\"text-editor.default\">\n\t\t\t\t\t\t\t\t\t<ul>\n<li>Targa-Rahmen mit Beleuchtung<\/li>\n<li>Batterie im Boot, aufgeladen durch das PWC<\/li>\n<li>Feuerl\u00f6scher<\/li>\n<li>Kartenplotter auf PWC<\/li>\n<li>\u00d6sen zum Befestigen eines Hebegurts<\/li>\n<\/ul>\t\t\t\t\t\t\t\t<\/div>\n\t\t\t\t\t<\/div>\n\t\t\t\t<\/div>\n\t\t<div class=\"elementor-element elementor-element-74dee8bf e-flex e-con-boxed e-con e-parent\" data-id=\"74dee8bf\" data-element_type=\"container\" data-e-type=\"container\" data-settings=\"{&quot;background_background&quot;:&quot;classic&quot;}\">\n\t\t\t\t\t<div class=\"e-con-inner\">\n\t\t<div class=\"elementor-element elementor-element-4d15f983 e-con-full e-flex e-con e-child\" data-id=\"4d15f983\" data-element_type=\"container\" data-e-type=\"container\">\n\t\t\t\t<div class=\"elementor-element elementor-element-7b98506e elementor-widget elementor-widget-heading\" data-id=\"7b98506e\" data-element_type=\"widget\" data-e-type=\"widget\" data-widget_type=\"heading.default\">\n\t\t\t\t\t<h2 class=\"elementor-heading-title elementor-size-default\">Technische Daten<\/h2>\t\t\t\t<\/div>\n\t\t\t\t<div class=\"elementor-element elementor-element-3369788a elementor-widget elementor-widget-text-editor\" data-id=\"3369788a\" data-element_type=\"widget\" data-e-type=\"widget\" data-widget_type=\"text-editor.default\">\n\t\t\t\t\t\t\t\t\t<ul>\n<li>Gesamtl\u00e4nge: 4,40 m<\/li>\n<li>Breite: 1,98 m<\/li>\n<li>Tiefgang: so wie das PWC<\/li>\n<li>CE-C: 5 Personen<\/li>\n<li>Gewicht: 150 kg, ohne PWC<\/li>\n<li>Kraftstoff: 70 Liter<\/li>\n<li>Geschwindigkeit mit 230 PS Sea Doo: 50 kn<\/li>\n<li>Stauraum: 90 L im PWC, 100 L im Boot<\/li>\n<\/ul>\t\t\t\t\t\t\t\t<\/div>\n\t\t\t\t<div class=\"elementor-element elementor-element-56f445d2 elementor-widget elementor-widget-text-editor\" data-id=\"56f445d2\" data-element_type=\"widget\" data-e-type=\"widget\" data-widget_type=\"text-editor.default\">\n\t\t\t\t\t\t\t\t\t<p><em>\u00c4nderungen der Spezifikationen ohne Ank\u00fcndigung jederzeit m\u00f6glich.<\/em><\/p>\t\t\t\t\t\t\t\t<\/div>\n\t\t\t\t<\/div>\n\t\t<div class=\"elementor-element elementor-element-2fb99c51 e-con-full e-flex e-con e-child\" data-id=\"2fb99c51\" data-element_type=\"container\" data-e-type=\"container\">\n\t\t\t\t<div class=\"elementor-element elementor-element-74a06349 elementor-widget elementor-widget-image\" data-id=\"74a06349\" data-element_type=\"widget\" data-e-type=\"widget\" data-widget_type=\"image.default\">\n\t\t\t\t\t\t\t\t\t\t\t\t\t\t\t\t<a href=\"https:\/\/arcticboats.eu\/wp-content\/uploads\/2023\/12\/MinJetBoat-Measures.png\" data-elementor-open-lightbox=\"yes\" data-e-action-hash=\"#elementor-action%3Aaction%3Dlightbox%26settings%3DeyJpZCI6MjgzMywidXJsIjoiaHR0cHM6XC9cL2FyY3RpY2JvYXRzLmV1XC93cC1jb250ZW50XC91cGxvYWRzXC8yMDIzXC8xMlwvTWluSmV0Qm9hdC1NZWFzdXJlcy1lMTc1ODcxMTMzNjI3Mi5wbmcifQ%3D%3D\">\n\t\t\t\t\t\t\t<img decoding=\"async\" width=\"200\" height=\"289\" src=\"https:\/\/arcticboats.eu\/wp-content\/uploads\/2023\/12\/MinJetBoat-Measures-e1758711336272.png\" class=\"attachment-large size-large wp-image-2833\" alt=\"\" \/>\t\t\t\t\t\t\t\t<\/a>\n\t\t\t\t\t\t\t\t\t\t\t\t\t\t\t<\/div>\n\t\t\t\t<\/div>\n\t\t\t\t\t<\/div>\n\t\t\t\t<\/div>\n\t\t<div class=\"elementor-element elementor-element-14f5f6b5 e-flex e-con-boxed e-con e-parent\" data-id=\"14f5f6b5\" data-element_type=\"container\" data-e-type=\"container\">\n\t\t\t\t\t<div class=\"e-con-inner\">\n\t\t\t\t<div class=\"elementor-element elementor-element-7aa73ff gallery-spacing-custom elementor-widget elementor-widget-image-gallery\" data-id=\"7aa73ff\" data-element_type=\"widget\" data-e-type=\"widget\" data-widget_type=\"image-gallery.default\">\n\t\t\t\t\t\t\t<div class=\"elementor-image-gallery\">\n\t\t\t<div id='gallery-1' class='gallery galleryid-3053 gallery-columns-4 gallery-size-thumbnail'><figure class='gallery-item'>\n\t\t\t<div class='gallery-icon landscape'>\n\t\t\t\t<a data-elementor-open-lightbox=\"yes\" data-elementor-lightbox-slideshow=\"7aa73ff\" data-e-action-hash=\"#elementor-action%3Aaction%3Dlightbox%26settings%3DeyJpZCI6Mjg0MSwidXJsIjoiaHR0cHM6XC9cL2FyY3RpY2JvYXRzLmV1XC93cC1jb250ZW50XC91cGxvYWRzXC8yMDIzXC8xMlwvSU1HLTYzMjktMi5qcGciLCJzbGlkZXNob3ciOiI3YWE3M2ZmIn0%3D\" href='https:\/\/arcticboats.eu\/wp-content\/uploads\/2023\/12\/IMG-6329-2.jpg'><img decoding=\"async\" width=\"150\" height=\"150\" src=\"https:\/\/arcticboats.eu\/wp-content\/uploads\/2023\/12\/IMG-6329-2-150x150.jpg\" class=\"attachment-thumbnail size-thumbnail\" alt=\"\" \/><\/a>\n\t\t\t<\/div><\/figure><figure class='gallery-item'>\n\t\t\t<div class='gallery-icon landscape'>\n\t\t\t\t<a data-elementor-open-lightbox=\"yes\" data-elementor-lightbox-slideshow=\"7aa73ff\" data-e-action-hash=\"#elementor-action%3Aaction%3Dlightbox%26settings%3DeyJpZCI6Mjg0MywidXJsIjoiaHR0cHM6XC9cL2FyY3RpY2JvYXRzLmV1XC93cC1jb250ZW50XC91cGxvYWRzXC8yMDIzXC8xMlwvTWluaUpldGJvYXQtMTUtMi5qcGciLCJzbGlkZXNob3ciOiI3YWE3M2ZmIn0%3D\" href='https:\/\/arcticboats.eu\/wp-content\/uploads\/2023\/12\/MiniJetboat-15-2.jpg'><img loading=\"lazy\" decoding=\"async\" width=\"150\" height=\"150\" src=\"https:\/\/arcticboats.eu\/wp-content\/uploads\/2023\/12\/MiniJetboat-15-2-150x150.jpg\" class=\"attachment-thumbnail size-thumbnail\" alt=\"\" \/><\/a>\n\t\t\t<\/div><\/figure><figure class='gallery-item'>\n\t\t\t<div class='gallery-icon landscape'>\n\t\t\t\t<a data-elementor-open-lightbox=\"yes\" data-elementor-lightbox-slideshow=\"7aa73ff\" data-e-action-hash=\"#elementor-action%3Aaction%3Dlightbox%26settings%3DeyJpZCI6MjgzNSwidXJsIjoiaHR0cHM6XC9cL2FyY3RpY2JvYXRzLmV1XC93cC1jb250ZW50XC91cGxvYWRzXC8yMDIzXC8xMlwvMjAyMi0wNS0wNi0yLmpwZyIsInNsaWRlc2hvdyI6IjdhYTczZmYifQ%3D%3D\" href='https:\/\/arcticboats.eu\/wp-content\/uploads\/2023\/12\/2022-05-06-2.jpg'><img loading=\"lazy\" decoding=\"async\" width=\"150\" height=\"150\" src=\"https:\/\/arcticboats.eu\/wp-content\/uploads\/2023\/12\/2022-05-06-2-150x150.jpg\" class=\"attachment-thumbnail size-thumbnail\" alt=\"\" \/><\/a>\n\t\t\t<\/div><\/figure><figure class='gallery-item'>\n\t\t\t<div class='gallery-icon landscape'>\n\t\t\t\t<a data-elementor-open-lightbox=\"yes\" data-elementor-lightbox-slideshow=\"7aa73ff\" data-e-action-hash=\"#elementor-action%3Aaction%3Dlightbox%26settings%3DeyJpZCI6MjgzNywidXJsIjoiaHR0cHM6XC9cL2FyY3RpY2JvYXRzLmV1XC93cC1jb250ZW50XC91cGxvYWRzXC8yMDIzXC8xMlwvSU1HLTYzMTgtMi5qcGciLCJzbGlkZXNob3ciOiI3YWE3M2ZmIn0%3D\" href='https:\/\/arcticboats.eu\/wp-content\/uploads\/2023\/12\/IMG-6318-2.jpg'><img loading=\"lazy\" decoding=\"async\" width=\"150\" height=\"150\" src=\"https:\/\/arcticboats.eu\/wp-content\/uploads\/2023\/12\/IMG-6318-2-150x150.jpg\" class=\"attachment-thumbnail size-thumbnail\" alt=\"\" \/><\/a>\n\t\t\t<\/div><\/figure><figure class='gallery-item'>\n\t\t\t<div class='gallery-icon landscape'>\n\t\t\t\t<a data-elementor-open-lightbox=\"yes\" data-elementor-lightbox-slideshow=\"7aa73ff\" data-e-action-hash=\"#elementor-action%3Aaction%3Dlightbox%26settings%3DeyJpZCI6MjgzOSwidXJsIjoiaHR0cHM6XC9cL2FyY3RpY2JvYXRzLmV1XC93cC1jb250ZW50XC91cGxvYWRzXC8yMDIzXC8xMlwvSU1HLTYzMjctMi5qcGciLCJzbGlkZXNob3ciOiI3YWE3M2ZmIn0%3D\" href='https:\/\/arcticboats.eu\/wp-content\/uploads\/2023\/12\/IMG-6327-2.jpg'><img loading=\"lazy\" decoding=\"async\" width=\"150\" height=\"150\" src=\"https:\/\/arcticboats.eu\/wp-content\/uploads\/2023\/12\/IMG-6327-2-150x150.jpg\" class=\"attachment-thumbnail size-thumbnail\" alt=\"\" \/><\/a>\n\t\t\t<\/div><\/figure>\n\t\t<\/div>\n\t\t<\/div>\n\t\t\t\t\t\t<\/div>\n\t\t\t\t\t<\/div>\n\t\t\t\t<\/div>\n\t\t\t\t<\/div>\n\t\t","protected":false},"excerpt":{"rendered":"<p>Arctic Mini Jetboat Rettungsboot Erweitern Sie die M\u00f6glichkeiten eines PWC enorm mit einem andockbaren U-f\u00f6rmigen Bootsrumpf, der Platz f\u00fcr 5 Personen bietet. Die Stabilit\u00e4t des Jetboats ist unglaublich gut. Fast unm\u00f6glich zu kentern. Mit dem PWC-Jetantrieb ist die Kombination sehr vielseitig, l\u00e4sst sich m\u00fchelos wenden und in Rettungssituationen leicht an einem Ort halten. Das Boot [&hellip;]<\/p>\n","protected":false},"author":3,"featured_media":0,"parent":3095,"menu_order":0,"comment_status":"closed","ping_status":"closed","template":"","meta":{"_seopress_robots_primary_cat":"","_seopress_titles_title":"Arctic Mini Jetboat - Arctic Airboats Oy","_seopress_titles_desc":"","_seopress_robots_index":"","footnotes":""},"class_list":["post-3053","page","type-page","status-publish","hentry"],"_links":{"self":[{"href":"https:\/\/arcticboats.eu\/de\/wp-json\/wp\/v2\/pages\/3053","targetHints":{"allow":["GET"]}}],"collection":[{"href":"https:\/\/arcticboats.eu\/de\/wp-json\/wp\/v2\/pages"}],"about":[{"href":"https:\/\/arcticboats.eu\/de\/wp-json\/wp\/v2\/types\/page"}],"author":[{"embeddable":true,"href":"https:\/\/arcticboats.eu\/de\/wp-json\/wp\/v2\/users\/3"}],"replies":[{"embeddable":true,"href":"https:\/\/arcticboats.eu\/de\/wp-json\/wp\/v2\/comments?post=3053"}],"version-history":[{"count":2,"href":"https:\/\/arcticboats.eu\/de\/wp-json\/wp\/v2\/pages\/3053\/revisions"}],"predecessor-version":[{"id":13902,"href":"https:\/\/arcticboats.eu\/de\/wp-json\/wp\/v2\/pages\/3053\/revisions\/13902"}],"up":[{"embeddable":true,"href":"https:\/\/arcticboats.eu\/de\/wp-json\/wp\/v2\/pages\/3095"}],"wp:attachment":[{"href":"https:\/\/arcticboats.eu\/de\/wp-json\/wp\/v2\/media?parent=3053"}],"curies":[{"name":"wp","href":"https:\/\/api.w.org\/{rel}","templated":true}]}}